{"id":1312,"date":"2023-11-23T15:21:28","date_gmt":"2023-11-23T14:21:28","guid":{"rendered":"https:\/\/jouetentunisie.tn\/?post_type=product&#038;p=1312"},"modified":"2023-11-23T15:21:36","modified_gmt":"2023-11-23T14:21:36","slug":"tableau-unicorn-dolu","status":"publish","type":"product","link":"https:\/\/jouetentunisie.tn\/index.php\/produit\/tableau-unicorn-dolu\/","title":{"rendered":"Tableau Unicorn Dolu"},"content":{"rendered":"<h2>Tableau Unicorn Dolu<\/h2>\n<p>Tableau a pied Unicorn avec accessoires a dessin et coloriage de la marque DOLU. Age 3ans et plus. Contient une face m\u00e9tallique pour \u00e9criture avec marqueur!\u00a0Dimensions 47x56x107cm. De plus, la marque Dolu est un fabriquant qui produit plusieurs <a href=\"https:\/\/www.tipirate-store.tn\/categorie-produit\/jeux-educatifs\/\">Jouets \u00e9ducatifs<\/a>. Tableau de dessin Jumbo avec support-papiers \u00e0 dessin permettant aux enfants de l\u2019utiliser pour toutes les formes d\u2019art de leur choix. <span style=\"font-size: 16px;\">Livr\u00e9 avec une gomme et un marqueur, pliable pour un stockage et une portabilit\u00e9 faciles. <\/span>Cet ensemble de jeu robuste artistique, encourage les enfants \u00e0 d\u00e9velopper leur imagination et la cr\u00e9ativit\u00e9.<\/p>\n<p>Il permet \u00e9galement de d\u00e9velopper la motricit\u00e9 fine par le biais du dessin, de l\u2019\u00e9criture et de la coloration. Il favorise le d\u00e9veloppement et la cr\u00e9ativit\u00e9 de votre petit enfant, et leur un outil leur permettant d&rsquo;explorer leur cr\u00e9ativit\u00e9. <span class=\"a-list-item\">Le chevalet Unicorn de Dolu est livr\u00e9 avec une face m\u00e9tallique blanche effa\u00e7able et deux clips de maintien id\u00e9als pour peindre des images, la prise de notes, ou laisser des messages. Il permet \u00e9galement donc d&rsquo;accrocher des lettres et des chiffres magn\u00e9tiques non fournis. Le tableau \u00e0 pieds avec accessoires de marque DOLU est le cadeau id\u00e9al! <\/span>Contenu : 1 x chevalet \u00e0 2 tableaux, 1 x marqueur, 1 x gomme, 1 marqueur, 8 crayons gras, 10 feuilles de coloriage et 1 feuille d\u2019autocollants<\/p>\n<p><span style=\"font-size: 16px; font-style: normal; font-weight: 400;\">Achetez et commandez en ligne ou d\u00e9couvrez ce jouet dans notre magasin \u00e0 Tunis, Tunisie.<\/span><span style=\"font-size: 16px; font-style: normal; font-weight: 400;\">\u00a0<\/span><\/p>\n<p>Pour plus d&rsquo;informations visiter le site officiel <a href=\"https:\/\/www.dolu.com.tr\/en\/\">Dolu<\/a><\/p>\n","protected":false},"excerpt":{"rendered":"<p>Tableau a pied Unicorn avec accessoires a dessin et coloriage de la marque DOLU. Age 3ans et plus. Contient une face m\u00e9tallique pour \u00e9criture avec marqueur!\u00a0Dimensions 47x56x107cm. De plus, la marque Dolu est un fabriquant qui produit plusieurs Jouets \u00e9ducatifs. Tableau de dessin Jumbo avec support-papiers \u00e0 dessin permettant aux enfants de l\u2019utiliser pour toutes les formes d\u2019art de leur choix. Livr\u00e9 avec une gomme et un marqueur, pliable pour un stockage et une portabilit\u00e9 faciles. Cet ensemble de jeu robuste artistique, encourage les enfants \u00e0 d\u00e9velopper leur imagination et la cr\u00e9ativit\u00e9.<\/p>\n<p>Il permet \u00e9galement de d\u00e9velopper la motricit\u00e9 fine par le biais du dessin, de l\u2019\u00e9criture et de la coloration. Il favorise le d\u00e9veloppement et la cr\u00e9ativit\u00e9 de votre petit enfant, et leur un outil leur permettant d&rsquo;explorer leur cr\u00e9ativit\u00e9. Le chevalet Unicorn de Dolu est livr\u00e9 avec une face m\u00e9tallique blanche effa\u00e7able et deux clips de maintien id\u00e9als pour peindre des images, la prise de notes, ou laisser des messages. Il permet \u00e9galement donc d&rsquo;accrocher des lettres et des chiffres magn\u00e9tiques non fournis. Le tableau \u00e0 pieds avec accessoires de marque DOLU est le cadeau id\u00e9al! Contenu : 1 x chevalet \u00e0 2 tableaux, 1 x marqueur, 1 x gomme, 1 marqueur, 8 crayons gras, 10 feuilles de coloriage et 1 feuille d\u2019autocollants<\/p>\n","protected":false},"featured_media":1342,"comment_status":"open","ping_status":"closed","template":"","meta":{"site-sidebar-layout":"default","site-content-layout":"default","ast-site-content-layout":"","site-content-style":"","site-sidebar-style":"","ast-global-header-display":"","ast-banner-title-visibility":"","ast-main-header-display":"","ast-hfb-above-header-display":"","ast-hfb-below-header-display":"","ast-hfb-mobile-header-display":"","site-post-title":"","ast-breadcrumbs-content":"","ast-featured-img":"","footer-sml-layout":"","theme-transparent-header-meta":"default","adv-header-id-meta":"","stick-header-meta":"default","header-above-stick-meta":"","header-main-stick-meta":"","header-below-stick-meta":"","astra-migrate-meta-layouts":"","ast-page-background-enabled":"default","ast-page-background-meta":{"desktop":{"background-color":"","background-image":"","background-repeat":"repeat","background-position":"center center","background-size":"auto","background-attachment":"scroll","background-type":"","background-media":"","overlay-type":"","overlay-color":"","overlay-gradient":""},"tablet":{"background-color":"","background-image":"","background-repeat":"repeat","background-position":"center center","background-size":"auto","background-attachment":"scroll","background-type":"","background-media":"","overlay-type":"","overlay-color":"","overlay-gradient":""},"mobile":{"background-color":"","background-image":"","background-repeat":"repeat","background-position":"center center","background-size":"auto","background-attachment":"scroll","background-type":"","background-media":"","overlay-type":"","overlay-color":"","overlay-gradient":""}},"ast-content-background-meta":{"desktop":{"background-color":"var(--ast-global-color-5)","background-image":"","background-repeat":"repeat","background-position":"center center","background-size":"auto","background-attachment":"scroll","background-type":"","background-media":"","overlay-type":"","overlay-color":"","overlay-gradient":""},"tablet":{"background-color":"var(--ast-global-color-5)","background-image":"","background-repeat":"repeat","background-position":"center center","background-size":"auto","background-attachment":"scroll","background-type":"","background-media":"","overlay-type":"","overlay-color":"","overlay-gradient":""},"mobile":{"background-color":"var(--ast-global-color-5)","background-image":"","background-repeat":"repeat","background-position":"center center","background-size":"auto","background-attachment":"scroll","background-type":"","background-media":"","overlay-type":"","overlay-color":"","overlay-gradient":""}}},"product_cat":[27,28],"product_tag":[29,30,31,32,33],"class_list":["post-1312","product","type-product","status-publish","has-post-thumbnail","hentry","product_cat-dolu","product_cat-jeux-educatifs","product_tag-dolu","product_tag-educatif","product_tag-jouet","product_tag-tableau","product_tag-unicorn","product_shipping_class-articles-tres-volumineux","desktop-align-left","tablet-align-left","mobile-align-left"],"_links":{"self":[{"href":"https:\/\/jouetentunisie.tn\/index.php\/wp-json\/wp\/v2\/product\/1312","targetHints":{"allow":["GET"]}}],"collection":[{"href":"https:\/\/jouetentunisie.tn\/index.php\/wp-json\/wp\/v2\/product"}],"about":[{"href":"https:\/\/jouetentunisie.tn\/index.php\/wp-json\/wp\/v2\/types\/product"}],"replies":[{"embeddable":true,"href":"https:\/\/jouetentunisie.tn\/index.php\/wp-json\/wp\/v2\/comments?post=1312"}],"wp:featuredmedia":[{"embeddable":true,"href":"https:\/\/jouetentunisie.tn\/index.php\/wp-json\/wp\/v2\/media\/1342"}],"wp:attachment":[{"href":"https:\/\/jouetentunisie.tn\/index.php\/wp-json\/wp\/v2\/media?parent=1312"}],"wp:term":[{"taxonomy":"product_cat","embeddable":true,"href":"https:\/\/jouetentunisie.tn\/index.php\/wp-json\/wp\/v2\/product_cat?post=1312"},{"taxonomy":"product_tag","embeddable":true,"href":"https:\/\/jouetentunisie.tn\/index.php\/wp-json\/wp\/v2\/product_tag?post=1312"}],"curies":[{"name":"wp","href":"https:\/\/api.w.org\/{rel}","templated":true}]}}