{"id":1313,"date":"2023-11-23T15:21:28","date_gmt":"2023-11-23T14:21:28","guid":{"rendered":"https:\/\/jouetentunisie.tn\/?post_type=product&#038;p=1313"},"modified":"2023-11-23T15:21:36","modified_gmt":"2023-11-23T14:21:36","slug":"quad-hot-wheels-dolu","status":"publish","type":"product","link":"https:\/\/jouetentunisie.tn\/index.php\/produit\/quad-hot-wheels-dolu\/","title":{"rendered":"Quad Hot Wheels Dolu"},"content":{"rendered":"<h2>Quad Hot Wheels marque DOLU<\/h2>\n<p>Quad \u00e0 p\u00e9dales, Hot Wheels, marque Dolu. \u00a0Les jouets Hot Wheels de Dolu font partie de la gamme de jouets de <a href=\"https:\/\/www.tipirate-store.tn\/categorie-produit\/porteurs-et-voitures-a-pedales\/\">porteurs et voitures \u00e0 p\u00e9dales<\/a> offrent une exp\u00e9rience riche en action! et assurent avec la marque DOLU une tr\u00e8s haute Qualit\u00e9. Assise tr\u00e8s confortable et p\u00e9dales souples pour avancer m\u00eame pour les plus jeunes. M\u00e9canisme ATV et facile d&rsquo;utilisation. pour enfants dont l&rsquo;\u00e2ge est de 3 ans et plus. Syst\u00e8me ATV afin qu&rsquo;il puisse p\u00e9daler ais\u00e9ment! Avec de jolis auto collants! Solidit\u00e9 du quad garanti par la marque DOLU avec conformit\u00e9 aux normes internationales de s\u00e9curit\u00e9! Le jouet r\u00eav\u00e9 des enfants. Parmi tous les\u00a0jouets d&rsquo;imitation, la\u00a0voiture \u00e0 p\u00e9dale est probablement celle qui transportera l&rsquo;imagination de votre enfant le plus loin ! Elle fait r\u00eaver, elle permet tout pour l&rsquo;enfant, il se sent comme un grand au volant de sa voiture, au guidon de sa moto ou m\u00eame se croire pilote avec un porteur avion!<\/p>\n<p>Dimensions 57cmx85,5cmx48cm.<\/p>\n<p><span style=\"font-size: 16px; font-style: normal; font-weight: 400;\">Achetez et commandez en ligne ou d\u00e9couvrez ce jouet dans notre magasin \u00e0 Tunis, Tunisie.<\/span><span style=\"font-size: 16px; font-style: normal; font-weight: 400;\">\u00a0<\/span><\/p>\n<p>Pour plus d&rsquo;informations visiter le site officiel <a href=\"https:\/\/www.dolu.com.tr\/en\/\">DOLU<\/a><\/p>\n","protected":false},"excerpt":{"rendered":"<p>Quad \u00e0 p\u00e9dales Hot Wheels, marque Dolu. \u00a0Les jouets Hot Wheels de Dolu font partie de la gamme de jouets de porteurs et voitures \u00e0 p\u00e9dales offrent une exp\u00e9rience riche en action! et assurent avec la marque DOLU une tr\u00e8s haute Qualit\u00e9. Assise tr\u00e8s confortable et p\u00e9dales souples pour avancer m\u00eame pour les plus jeunes. M\u00e9canisme ATV et facile d&rsquo;utilisation. pour enfants dont l&rsquo;\u00e2ge est de 3 ans et plus.<\/p>\n<p>Dimensions 57cmx85,5cmx48cm.<\/p>\n","protected":false},"featured_media":1344,"comment_status":"open","ping_status":"closed","template":"","meta":{"site-sidebar-layout":"default","site-content-layout":"default","ast-site-content-layout":"","site-content-style":"","site-sidebar-style":"","ast-global-header-display":"","ast-banner-title-visibility":"","ast-main-header-display":"","ast-hfb-above-header-display":"","ast-hfb-below-header-display":"","ast-hfb-mobile-header-display":"","site-post-title":"","ast-breadcrumbs-content":"","ast-featured-img":"","footer-sml-layout":"","theme-transparent-header-meta":"default","adv-header-id-meta":"","stick-header-meta":"default","header-above-stick-meta":"","header-main-stick-meta":"","header-below-stick-meta":"","astra-migrate-meta-layouts":"","ast-page-background-enabled":"default","ast-page-background-meta":{"desktop":{"background-color":"","background-image":"","background-repeat":"repeat","background-position":"center center","background-size":"auto","background-attachment":"scroll","background-type":"","background-media":"","overlay-type":"","overlay-color":"","overlay-gradient":""},"tablet":{"background-color":"","background-image":"","background-repeat":"repeat","background-position":"center center","background-size":"auto","background-attachment":"scroll","background-type":"","background-media":"","overlay-type":"","overlay-color":"","overlay-gradient":""},"mobile":{"background-color":"","background-image":"","background-repeat":"repeat","background-position":"center center","background-size":"auto","background-attachment":"scroll","background-type":"","background-media":"","overlay-type":"","overlay-color":"","overlay-gradient":""}},"ast-content-background-meta":{"desktop":{"background-color":"var(--ast-global-color-5)","background-image":"","background-repeat":"repeat","background-position":"center center","background-size":"auto","background-attachment":"scroll","background-type":"","background-media":"","overlay-type":"","overlay-color":"","overlay-gradient":""},"tablet":{"background-color":"var(--ast-global-color-5)","background-image":"","background-repeat":"repeat","background-position":"center center","background-size":"auto","background-attachment":"scroll","background-type":"","background-media":"","overlay-type":"","overlay-color":"","overlay-gradient":""},"mobile":{"background-color":"var(--ast-global-color-5)","background-image":"","background-repeat":"repeat","background-position":"center center","background-size":"auto","background-attachment":"scroll","background-type":"","background-media":"","overlay-type":"","overlay-color":"","overlay-gradient":""}}},"product_cat":[27,35],"product_tag":[29,31],"class_list":["post-1313","product","type-product","status-publish","has-post-thumbnail","hentry","product_cat-dolu","product_cat-porteurs-et-voitures-a-pedales","product_tag-dolu","product_tag-jouet","product_shipping_class-articles-tres-volumineux","desktop-align-left","tablet-align-left","mobile-align-left"],"_links":{"self":[{"href":"https:\/\/jouetentunisie.tn\/index.php\/wp-json\/wp\/v2\/product\/1313","targetHints":{"allow":["GET"]}}],"collection":[{"href":"https:\/\/jouetentunisie.tn\/index.php\/wp-json\/wp\/v2\/product"}],"about":[{"href":"https:\/\/jouetentunisie.tn\/index.php\/wp-json\/wp\/v2\/types\/product"}],"replies":[{"embeddable":true,"href":"https:\/\/jouetentunisie.tn\/index.php\/wp-json\/wp\/v2\/comments?post=1313"}],"wp:featuredmedia":[{"embeddable":true,"href":"https:\/\/jouetentunisie.tn\/index.php\/wp-json\/wp\/v2\/media\/1344"}],"wp:attachment":[{"href":"https:\/\/jouetentunisie.tn\/index.php\/wp-json\/wp\/v2\/media?parent=1313"}],"wp:term":[{"taxonomy":"product_cat","embeddable":true,"href":"https:\/\/jouetentunisie.tn\/index.php\/wp-json\/wp\/v2\/product_cat?post=1313"},{"taxonomy":"product_tag","embeddable":true,"href":"https:\/\/jouetentunisie.tn\/index.php\/wp-json\/wp\/v2\/product_tag?post=1313"}],"curies":[{"name":"wp","href":"https:\/\/api.w.org\/{rel}","templated":true}]}}