{"id":1318,"date":"2023-11-23T15:21:30","date_gmt":"2023-11-23T14:21:30","guid":{"rendered":"https:\/\/jouetentunisie.tn\/?post_type=product&#038;p=1318"},"modified":"2023-11-23T15:21:39","modified_gmt":"2023-11-23T14:21:39","slug":"jeu-de-formes-champignon-dolu","status":"publish","type":"product","link":"https:\/\/jouetentunisie.tn\/index.php\/produit\/jeu-de-formes-champignon-dolu\/","title":{"rendered":"jeu de formes Champignon\u00a0Dolu"},"content":{"rendered":"<h2>Jeu de formes Champignon Dolu<\/h2>\n<p>Maisonnette Champignon et Jeu de formes avec 5pcs de type de formes diff\u00e9rentes de la marque DOLU. Aussi commun\u00e9ment appel\u00e9s jeux d&rsquo;encastrement. Age 12 mois et plus.\u00a0 <span style=\"font-size: 16px;\">De plus, la marque Dolu est un fabriquant qui produit plusieurs types de <\/span><a style=\"font-size: 16px; background-color: #ffffff;\" href=\"https:\/\/www.tipirate-store.tn\/categorie-produit\/jeux-educatifs\/\">jeux \u00e9ducatifs<\/a><span style=\"font-size: 16px;\">. <\/span>D\u00e8s son plus jeune \u00e2ge, les jeux d&rsquo;encastrement participent activement \u00e0 l&rsquo;\u00e9veil et au d\u00e9veloppement de l&rsquo;enfant. Jouer avec les jeux de formes est une activit\u00e9 essentielle dans le d\u00e9veloppement de votre enfant. Ces jeux lui permettent de travailler sur la reconnaissance des formes, la logique, sa coordination \u0153il-main, son autonomie motrice.<\/p>\n<p>Ces jeux s&rsquo;accompagnent aussi des reconnaissances de couleurs en m\u00eame temps que l&rsquo;apprentissage des formes et la notion contenu contenant! Le Jeu formes Dolu est un cadeau id\u00e9al pour votre enfant! Avec ce jouet \u00e9ducatif, l&rsquo;enfant d\u00e9veloppera ses comp\u00e9tences de rep\u00e9rage spatial, de motricit\u00e9 fine et d&rsquo;observation. Ces jeux de forme d\u00e9veloppent L\u2019habilet\u00e9 manuelle, La coordination entre l\u2019\u0153il et la main et \u00a0La prise d\u2019initiatives. Ce jouet occupera votre enfant pendant longtemps et lui apportera un large sourire.<\/p>\n<p><span style=\"font-size: 16px; font-style: normal; font-weight: 400;\">Achetez et commandez en ligne ou d\u00e9couvrez ce jouet dans notre magasin \u00e0 Tunis, Tunisie.<\/span><span style=\"font-size: 16px; font-style: normal; font-weight: 400;\">\u00a0<\/span><\/p>\n<p>Pour plus d&rsquo;informations visiter le site officiel <a href=\"https:\/\/www.dolu.com.tr\/en\/\">Dolu<\/a><\/p>\n","protected":false},"excerpt":{"rendered":"<p>Maisonnette Champignon et Jeu de formes avec 5pcs de type de formes diff\u00e9rentes de la marque DOLU. Aussi commun\u00e9ment appel\u00e9s jeux d&rsquo;encastrement. Age 12 mois et plus.\u00a0 De plus, la marque Dolu est un fabriquant qui produit plusieurs types de jeux \u00e9ducatifs. D\u00e8s son plus jeune \u00e2ge, les jeux d&rsquo;encastrement participent activement \u00e0 l&rsquo;\u00e9veil et au d\u00e9veloppement de l&rsquo;enfant. Jouer avec les jeux de formes est une activit\u00e9 essentielle dans le d\u00e9veloppement de votre enfant. Ces jeux lui permettent de travailler sur la reconnaissance des formes, la logique, sa coordination \u0153il-main, son autonomie motrice. Ces jeux s&rsquo;accompagnent aussi des reconnaissances de couleurs en m\u00eame temps que l&rsquo;apprentissage des formes et la notion contenu contenant! Le Jeu formes Dolu est un cadeau id\u00e9al pour votre enfant! Avec ce jouet \u00e9ducatif, l&rsquo;enfant d\u00e9veloppera ses comp\u00e9tences de rep\u00e9rage spatial, de motricit\u00e9 fine et d&rsquo;observation.<\/p>\n","protected":false},"featured_media":1352,"comment_status":"open","ping_status":"closed","template":"","meta":{"site-sidebar-layout":"default","site-content-layout":"default","ast-site-content-layout":"","site-content-style":"","site-sidebar-style":"","ast-global-header-display":"","ast-banner-title-visibility":"","ast-main-header-display":"","ast-hfb-above-header-display":"","ast-hfb-below-header-display":"","ast-hfb-mobile-header-display":"","site-post-title":"","ast-breadcrumbs-content":"","ast-featured-img":"","footer-sml-layout":"","theme-transparent-header-meta":"default","adv-header-id-meta":"","stick-header-meta":"default","header-above-stick-meta":"","header-main-stick-meta":"","header-below-stick-meta":"","astra-migrate-meta-layouts":"","ast-page-background-enabled":"default","ast-page-background-meta":{"desktop":{"background-color":"","background-image":"","background-repeat":"repeat","background-position":"center center","background-size":"auto","background-attachment":"scroll","background-type":"","background-media":"","overlay-type":"","overlay-color":"","overlay-gradient":""},"tablet":{"background-color":"","background-image":"","background-repeat":"repeat","background-position":"center center","background-size":"auto","background-attachment":"scroll","background-type":"","background-media":"","overlay-type":"","overlay-color":"","overlay-gradient":""},"mobile":{"background-color":"","background-image":"","background-repeat":"repeat","background-position":"center center","background-size":"auto","background-attachment":"scroll","background-type":"","background-media":"","overlay-type":"","overlay-color":"","overlay-gradient":""}},"ast-content-background-meta":{"desktop":{"background-color":"var(--ast-global-color-5)","background-image":"","background-repeat":"repeat","background-position":"center center","background-size":"auto","background-attachment":"scroll","background-type":"","background-media":"","overlay-type":"","overlay-color":"","overlay-gradient":""},"tablet":{"background-color":"var(--ast-global-color-5)","background-image":"","background-repeat":"repeat","background-position":"center center","background-size":"auto","background-attachment":"scroll","background-type":"","background-media":"","overlay-type":"","overlay-color":"","overlay-gradient":""},"mobile":{"background-color":"var(--ast-global-color-5)","background-image":"","background-repeat":"repeat","background-position":"center center","background-size":"auto","background-attachment":"scroll","background-type":"","background-media":"","overlay-type":"","overlay-color":"","overlay-gradient":""}}},"product_cat":[27,37],"product_tag":[29,31],"class_list":["post-1318","product","type-product","status-publish","has-post-thumbnail","hentry","product_cat-dolu","product_cat-jouets-1er-age","product_tag-dolu","product_tag-jouet","desktop-align-left","tablet-align-left","mobile-align-left"],"_links":{"self":[{"href":"https:\/\/jouetentunisie.tn\/index.php\/wp-json\/wp\/v2\/product\/1318","targetHints":{"allow":["GET"]}}],"collection":[{"href":"https:\/\/jouetentunisie.tn\/index.php\/wp-json\/wp\/v2\/product"}],"about":[{"href":"https:\/\/jouetentunisie.tn\/index.php\/wp-json\/wp\/v2\/types\/product"}],"replies":[{"embeddable":true,"href":"https:\/\/jouetentunisie.tn\/index.php\/wp-json\/wp\/v2\/comments?post=1318"}],"wp:featuredmedia":[{"embeddable":true,"href":"https:\/\/jouetentunisie.tn\/index.php\/wp-json\/wp\/v2\/media\/1352"}],"wp:attachment":[{"href":"https:\/\/jouetentunisie.tn\/index.php\/wp-json\/wp\/v2\/media?parent=1318"}],"wp:term":[{"taxonomy":"product_cat","embeddable":true,"href":"https:\/\/jouetentunisie.tn\/index.php\/wp-json\/wp\/v2\/product_cat?post=1318"},{"taxonomy":"product_tag","embeddable":true,"href":"https:\/\/jouetentunisie.tn\/index.php\/wp-json\/wp\/v2\/product_tag?post=1318"}],"curies":[{"name":"wp","href":"https:\/\/api.w.org\/{rel}","templated":true}]}}