{"id":1324,"date":"2023-11-23T15:21:31","date_gmt":"2023-11-23T14:21:31","guid":{"rendered":"https:\/\/jouetentunisie.tn\/?post_type=product&#038;p=1324"},"modified":"2023-11-23T15:21:43","modified_gmt":"2023-11-23T14:21:43","slug":"tracteur-benne-vert-dolu","status":"publish","type":"product","link":"https:\/\/jouetentunisie.tn\/index.php\/produit\/tracteur-benne-vert-dolu\/","title":{"rendered":"Tracteur benne vert Dolu"},"content":{"rendered":"<ol>\n<li>Tracteur \u00e0 p\u00e9dales avec benne vert Dolu<\/li>\n<\/ol>\n<p>Tracteur a p\u00e9dales et benne couleur verte de la marque DOLU. A partir de 3ans. Assemblage Facile avec vid\u00e9o disponible. <span style=\"font-size: 16px;\">De plus, la marque Dolu est un fabriquant qui produit plusieurs types de <\/span><a style=\"font-size: 16px; background-color: #ffffff;\" href=\"https:\/\/www.tipirate-store.tn\/categorie-produit\/porteurs-et-voitures-a-pedales\/\">porteurs<\/a><span style=\"font-size: 16px;\">. Ces tracteurs \u00e0 p\u00e9dales sont tr\u00e8s appr\u00e9ciables car ils permettent aux enfants de s&rsquo;amuser en plein air. De plus avec la mobilit\u00e9 qu&rsquo;ils apportent, les enfants ne s&rsquo;en lassent pas. Le\u00a0tracteur\u00a0\u00e0\u00a0p\u00e9dales\u00a0est un jouet d&rsquo;imitation qui stimule le d\u00e9veloppement psychomoteur de l&rsquo;enfant. Grace \u00e0 la benne l&rsquo;enfant s&rsquo;amuse et peut placer des jouets ou autres sur la benne pour transporter. Il peut m\u00eame conduire son ami \u00e0 l&rsquo;arri\u00e8re! En effet, jouer avec le tracteur \u00e0 benne vert de Dolu permet \u00e0 votre enfant de s\u2019amuser tout en d\u00e9veloppant son \u00e9quilibre et son ind\u00e9pendance. L\u2019effort physique ainsi d\u00e9ploy\u00e9 lui permet de d\u00e9velopper sa force et sa coordination motrice.<\/span><\/p>\n<p>&nbsp;<\/p>\n<p><span style=\"font-size: 16px; font-style: normal; font-weight: 400;\">Achetez et commandez en ligne ou d\u00e9couvrez ce jouet dans notre magasin \u00e0 Tunis, Tunisie.<\/span><span style=\"font-size: 16px; font-style: normal; font-weight: 400;\">\u00a0<\/span><\/p>\n<p>Pour plus d&rsquo;informations visiter le site officiel <a href=\"https:\/\/www.dolu.com.tr\/en\/\">Dolu<\/a><\/p>\n<p>OOu le site de notre fournisseur <a href=\"https:\/\/www.pharma-kid.tn\">pharmakid<\/a><\/p>\n","protected":false},"excerpt":{"rendered":"<p>Tracteur a p\u00e9dales et benne couleur verte de la marque DOLU. A partir de 3ans. Assemblage Facile avec vid\u00e9o disponible. De plus, la marque Dolu est un fabriquant qui produit plusieurs types de porteurs. Ces tracteurs \u00e0 p\u00e9dales sont tr\u00e8s appr\u00e9ciables car ils permettent aux enfants de s&rsquo;amuser en plein air. De plus avec la mobilit\u00e9 qu&rsquo;ils apportent, les enfants ne s&rsquo;en lassent pas. Le\u00a0tracteur\u00a0\u00e0\u00a0p\u00e9dales\u00a0est un jouet d&rsquo;imitation qui stimule le d\u00e9veloppement psychomoteur de l&rsquo;enfant. Grace \u00e0 la benne l&rsquo;enfant s&rsquo;amuse et peut placer des jouets ou autres sur la benne pour transporter. Il peut m\u00eame conduire son ami \u00e0 l&rsquo;arri\u00e8re! En effet, jouer avec le tracteur \u00e0 benne vert de Dolu permet \u00e0 votre enfant de s\u2019amuser tout en d\u00e9veloppant son \u00e9quilibre et son ind\u00e9pendance. L\u2019effort physique ainsi d\u00e9ploy\u00e9 lui permet de d\u00e9velopper sa force et sa coordination motrice.<\/p>\n","protected":false},"featured_media":1360,"comment_status":"open","ping_status":"closed","template":"","meta":{"site-sidebar-layout":"default","site-content-layout":"default","ast-site-content-layout":"default","site-content-style":"default","site-sidebar-style":"default","ast-global-header-display":"","ast-banner-title-visibility":"","ast-main-header-display":"","ast-hfb-above-header-display":"","ast-hfb-below-header-display":"","ast-hfb-mobile-header-display":"","site-post-title":"","ast-breadcrumbs-content":"","ast-featured-img":"","footer-sml-layout":"","theme-transparent-header-meta":"default","adv-header-id-meta":"","stick-header-meta":"default","header-above-stick-meta":"","header-main-stick-meta":"","header-below-stick-meta":"","astra-migrate-meta-layouts":"set","ast-page-background-enabled":"default","ast-page-background-meta":{"desktop":{"background-color":"","background-image":"","background-repeat":"repeat","background-position":"center center","background-size":"auto","background-attachment":"scroll","background-type":"","background-media":"","overlay-type":"","overlay-color":"","overlay-gradient":""},"tablet":{"background-color":"","background-image":"","background-repeat":"repeat","background-position":"center center","background-size":"auto","background-attachment":"scroll","background-type":"","background-media":"","overlay-type":"","overlay-color":"","overlay-gradient":""},"mobile":{"background-color":"","background-image":"","background-repeat":"repeat","background-position":"center center","background-size":"auto","background-attachment":"scroll","background-type":"","background-media":"","overlay-type":"","overlay-color":"","overlay-gradient":""}},"ast-content-background-meta":{"desktop":{"background-color":"var(--ast-global-color-5)","background-image":"","background-repeat":"repeat","background-position":"center center","background-size":"auto","background-attachment":"scroll","background-type":"","background-media":"","overlay-type":"","overlay-color":"","overlay-gradient":""},"tablet":{"background-color":"var(--ast-global-color-5)","background-image":"","background-repeat":"repeat","background-position":"center center","background-size":"auto","background-attachment":"scroll","background-type":"","background-media":"","overlay-type":"","overlay-color":"","overlay-gradient":""},"mobile":{"background-color":"var(--ast-global-color-5)","background-image":"","background-repeat":"repeat","background-position":"center center","background-size":"auto","background-attachment":"scroll","background-type":"","background-media":"","overlay-type":"","overlay-color":"","overlay-gradient":""}}},"product_cat":[27,35],"product_tag":[29,31,41],"class_list":["post-1324","product","type-product","status-publish","has-post-thumbnail","hentry","product_cat-dolu","product_cat-porteurs-et-voitures-a-pedales","product_tag-dolu","product_tag-jouet","product_tag-pedales","product_shipping_class-articles-tres-volumineux","desktop-align-left","tablet-align-left","mobile-align-left"],"_links":{"self":[{"href":"https:\/\/jouetentunisie.tn\/index.php\/wp-json\/wp\/v2\/product\/1324","targetHints":{"allow":["GET"]}}],"collection":[{"href":"https:\/\/jouetentunisie.tn\/index.php\/wp-json\/wp\/v2\/product"}],"about":[{"href":"https:\/\/jouetentunisie.tn\/index.php\/wp-json\/wp\/v2\/types\/product"}],"replies":[{"embeddable":true,"href":"https:\/\/jouetentunisie.tn\/index.php\/wp-json\/wp\/v2\/comments?post=1324"}],"wp:featuredmedia":[{"embeddable":true,"href":"https:\/\/jouetentunisie.tn\/index.php\/wp-json\/wp\/v2\/media\/1360"}],"wp:attachment":[{"href":"https:\/\/jouetentunisie.tn\/index.php\/wp-json\/wp\/v2\/media?parent=1324"}],"wp:term":[{"taxonomy":"product_cat","embeddable":true,"href":"https:\/\/jouetentunisie.tn\/index.php\/wp-json\/wp\/v2\/product_cat?post=1324"},{"taxonomy":"product_tag","embeddable":true,"href":"https:\/\/jouetentunisie.tn\/index.php\/wp-json\/wp\/v2\/product_tag?post=1324"}],"curies":[{"name":"wp","href":"https:\/\/api.w.org\/{rel}","templated":true}]}}