{"id":1326,"date":"2023-11-23T15:21:31","date_gmt":"2023-11-23T14:21:31","guid":{"rendered":"https:\/\/jouetentunisie.tn\/?post_type=product&#038;p=1326"},"modified":"2023-11-23T15:21:44","modified_gmt":"2023-11-23T14:21:44","slug":"voiture-a-pedales-dolu","status":"publish","type":"product","link":"https:\/\/jouetentunisie.tn\/index.php\/produit\/voiture-a-pedales-dolu\/","title":{"rendered":"Voiture \u00e0 p\u00e9dales Dolu"},"content":{"rendered":"<h2>Voiture \u00e0 p\u00e9dales Dolu<\/h2>\n<p>Voiture \u00e0 p\u00e9dales rouge avec Klaxon de la marque Dolu. Elle s &lsquo;utilise aussi en mode pousse pousse d\u00e8s le plus jeune \u00e2ge, \u00e0 partir de 2ans. Puis \u00e0 partir de 3 ans l&rsquo;enfant arrivera \u00e0 p\u00e9daler. <span style=\"font-size: 16px;\">De plus, la marque Dolu est un fabriquant qui produit plusieurs types de <\/span><a style=\"font-size: 16px; background-color: #ffffff;\" href=\"https:\/\/www.tipirate-store.tn\/categorie-produit\/porteurs-et-voitures-a-pedales\/\">porteurs<\/a><span style=\"font-size: 16px;\">. <\/span>Le mod\u00e8le intelligent \u00e0 quatre roues avec p\u00e9dales\u00a0compl\u00e9tera facilement le d\u00e9veloppement et la coordination du corps de votre enfant, et le soutiendra \u00e9galement dans sa conduite. Jouet parfait pour \u00e9loigner vos\u00a0enfants de l&rsquo;ennui. Le jouet r\u00eav\u00e9 des enfants. Parmi tous les\u00a0jouets d&rsquo;imitation, la\u00a0voiture \u00e0 p\u00e9dale est probablement celle qui transportera l&rsquo;imagination de votre enfant le plus loin ! Elle fait r\u00eaver, elle permet tout pour l&rsquo;enfant, il se sent comme un grand au volant de sa voiture, au guidon de sa moto ou m\u00eame se croire pilote avec un porteur avion!<\/p>\n<p><span style=\"font-size: 16px; font-style: normal; font-weight: 400;\">Achetez et commandez en ligne ou d\u00e9couvrez ce jouet dans notre magasin \u00e0 Tunis, Tunisie.<\/span><span style=\"font-size: 16px; font-style: normal; font-weight: 400;\">\u00a0<\/span><\/p>\n<p>Pour plus d&rsquo;informations visiter le site officiel <a href=\"https:\/\/www.dolu.com.tr\/en\/\">Dolu<\/a><\/p>\n","protected":false},"excerpt":{"rendered":"<p>Voiture \u00e0 p\u00e9dales rouge avec Klaxon de la marque Dolu. Elle s &lsquo;utilise aussi en mode pousse pousse d\u00e8s le plus jeune \u00e2ge, \u00e0 partir de 2ans. Puis \u00e0 partir de 3 ans l&rsquo;enfant arrivera \u00e0 p\u00e9daler. De plus, la marque Dolu est un fabriquant qui produit plusieurs types de porteurs. Le mod\u00e8le intelligent \u00e0 quatre roues avec p\u00e9dales\u00a0compl\u00e9tera facilement le d\u00e9veloppement et la coordination du corps de votre enfant, et le soutiendra \u00e9galement dans sa conduite. Jouet parfait pour \u00e9loigner vos\u00a0enfants de l&rsquo;ennui. Le jouet r\u00eav\u00e9 des enfants. Parmi tous les\u00a0jouets d&rsquo;imitation, la\u00a0voiture \u00e0 p\u00e9dale est probablement celle qui transportera l&rsquo;imagination de votre enfant le plus loin ! Elle fait r\u00eaver, elle permet tout pour l&rsquo;enfant, il se sent comme un grand au volant de sa voiture, au guidon de sa moto ou m\u00eame se croire pilote avec un porteur avion!<\/p>\n","protected":false},"featured_media":1364,"comment_status":"open","ping_status":"closed","template":"","meta":{"site-sidebar-layout":"default","site-content-layout":"default","ast-site-content-layout":"default","site-content-style":"default","site-sidebar-style":"default","ast-global-header-display":"","ast-banner-title-visibility":"","ast-main-header-display":"","ast-hfb-above-header-display":"","ast-hfb-below-header-display":"","ast-hfb-mobile-header-display":"","site-post-title":"","ast-breadcrumbs-content":"","ast-featured-img":"","footer-sml-layout":"","theme-transparent-header-meta":"default","adv-header-id-meta":"","stick-header-meta":"default","header-above-stick-meta":"","header-main-stick-meta":"","header-below-stick-meta":"","astra-migrate-meta-layouts":"set","ast-page-background-enabled":"default","ast-page-background-meta":{"desktop":{"background-color":"","background-image":"","background-repeat":"repeat","background-position":"center center","background-size":"auto","background-attachment":"scroll","background-type":"","background-media":"","overlay-type":"","overlay-color":"","overlay-gradient":""},"tablet":{"background-color":"","background-image":"","background-repeat":"repeat","background-position":"center center","background-size":"auto","background-attachment":"scroll","background-type":"","background-media":"","overlay-type":"","overlay-color":"","overlay-gradient":""},"mobile":{"background-color":"","background-image":"","background-repeat":"repeat","background-position":"center center","background-size":"auto","background-attachment":"scroll","background-type":"","background-media":"","overlay-type":"","overlay-color":"","overlay-gradient":""}},"ast-content-background-meta":{"desktop":{"background-color":"var(--ast-global-color-5)","background-image":"","background-repeat":"repeat","background-position":"center center","background-size":"auto","background-attachment":"scroll","background-type":"","background-media":"","overlay-type":"","overlay-color":"","overlay-gradient":""},"tablet":{"background-color":"var(--ast-global-color-5)","background-image":"","background-repeat":"repeat","background-position":"center center","background-size":"auto","background-attachment":"scroll","background-type":"","background-media":"","overlay-type":"","overlay-color":"","overlay-gradient":""},"mobile":{"background-color":"var(--ast-global-color-5)","background-image":"","background-repeat":"repeat","background-position":"center center","background-size":"auto","background-attachment":"scroll","background-type":"","background-media":"","overlay-type":"","overlay-color":"","overlay-gradient":""}}},"product_cat":[27,35,40],"product_tag":[29,31,41],"class_list":["post-1326","product","type-product","status-publish","has-post-thumbnail","hentry","product_cat-dolu","product_cat-porteurs-et-voitures-a-pedales","product_cat-promo","product_tag-dolu","product_tag-jouet","product_tag-pedales","product_shipping_class-articles-tres-volumineux","desktop-align-left","tablet-align-left","mobile-align-left"],"_links":{"self":[{"href":"https:\/\/jouetentunisie.tn\/index.php\/wp-json\/wp\/v2\/product\/1326","targetHints":{"allow":["GET"]}}],"collection":[{"href":"https:\/\/jouetentunisie.tn\/index.php\/wp-json\/wp\/v2\/product"}],"about":[{"href":"https:\/\/jouetentunisie.tn\/index.php\/wp-json\/wp\/v2\/types\/product"}],"replies":[{"embeddable":true,"href":"https:\/\/jouetentunisie.tn\/index.php\/wp-json\/wp\/v2\/comments?post=1326"}],"wp:featuredmedia":[{"embeddable":true,"href":"https:\/\/jouetentunisie.tn\/index.php\/wp-json\/wp\/v2\/media\/1364"}],"wp:attachment":[{"href":"https:\/\/jouetentunisie.tn\/index.php\/wp-json\/wp\/v2\/media?parent=1326"}],"wp:term":[{"taxonomy":"product_cat","embeddable":true,"href":"https:\/\/jouetentunisie.tn\/index.php\/wp-json\/wp\/v2\/product_cat?post=1326"},{"taxonomy":"product_tag","embeddable":true,"href":"https:\/\/jouetentunisie.tn\/index.php\/wp-json\/wp\/v2\/product_tag?post=1326"}],"curies":[{"name":"wp","href":"https:\/\/api.w.org\/{rel}","templated":true}]}}