{"id":1327,"date":"2023-11-23T15:21:32","date_gmt":"2023-11-23T14:21:32","guid":{"rendered":"https:\/\/jouetentunisie.tn\/?post_type=product&#038;p=1327"},"modified":"2023-11-23T15:21:45","modified_gmt":"2023-11-23T14:21:45","slug":"porteur-dolu","status":"publish","type":"product","link":"https:\/\/jouetentunisie.tn\/index.php\/produit\/porteur-dolu\/","title":{"rendered":"Porteur Dolu"},"content":{"rendered":"<h2>Porteur Dolu<\/h2>\n<p>Porteur pousse pousse a partir de 18mois couleur rouge et bleu de la marque DOLU. Assemblage facile. Dimensions 50 x 38 x 64,5 cm. <span style=\"font-size: 16px;\">Assemblage simple et rapide. Fonction pousse pousse avec les pieds pour avancer et fonction d&rsquo;aide \u00e0 se tenir debout sans risque. De plus, la marque Dolu est un fabriquant qui produit plusieurs types de <\/span><a style=\"font-size: 16px; background-color: #ffffff;\" href=\"https:\/\/www.tipirate-store.tn\/categorie-produit\/porteurs-et-voitures-a-pedales\/\">porteurs<\/a><span style=\"font-size: 16px;\">. <\/span><span style=\"font-size: 16px;\">Porteur \u00e9volutif, qui s&rsquo;adapte \u00e0 votre enfant ! <\/span><span style=\"font-size: 16px;\">L<\/span><span style=\"font-size: 16px;\">es plus petits vont adorer pousser et avancer en toute tranquillit\u00e9 ! Un adorable porteur engin de construction au design tr\u00e8s color\u00e9 qui plaira comme jouet ! Celui-ci poss\u00e8de plusieurs fonctions sp\u00e9cifiques \u00e0 la croissance de b\u00e9b\u00e9 et d\u00e9veloppera sa motricit\u00e9. Un jouet qui joins bonheur et utilit\u00e9!<\/span><\/p>\n<p>L&rsquo;assise est tr\u00e8s confortable et suffisamment en hauteur pour permettre \u00e0 l&rsquo;enfant de pousser. Suffisamment l\u00e9ger pour commencer \u00e0 partir de 18mois.\u00a0 Ce porteur styl\u00e9 attirera les regards sur l&rsquo;enfant ce qu&rsquo;il appr\u00e9ciera! Une fois bien mis en confiance, b\u00e9b\u00e9 avance sans aide et d\u00e9veloppe son \u00e9quilibre et sa coordination. Ce jouet porteur et un cadeau parfait et sera tr\u00e8s utile aux parents! Il permettra de rendre heureux votre enfants d\u00e8s 12 mois! Le Porteur de la Marque Dolu pr\u00e9sente toutes les normes de qualit\u00e9 et de s\u00e9curit\u00e9 pour votre enfant. Dans la m\u00eame cat\u00e9gorie, <a href=\"https:\/\/www.tipirate-store.tn\/produit\/porteur-unicorn-dolu\/\">porteur unicorn<\/a> et <a href=\"https:\/\/www.tipirate-store.tn\/produit\/grand-porteur-dolu\/\">grand porteur rouge<\/a> et <a href=\"https:\/\/www.tipirate-store.tn\/produit\/grand-porteur-unicorn-dolu\/\">grand porteur Unicorn<\/a>!<\/p>\n<p><span style=\"font-size: 16px; font-style: normal; font-weight: 400;\">Achetez et commandez en ligne ou d\u00e9couvrez ce jouet dans notre magasin \u00e0 Tunis, Tunisie.<\/span><span style=\"font-size: 16px; font-style: normal; font-weight: 400;\">\u00a0<\/span><\/p>\n<p>Pour plus d&rsquo;informations visiter le site officiel <a href=\"https:\/\/www.dolu.com.tr\/en\/\">Dolu<\/a><\/p>\n","protected":false},"excerpt":{"rendered":"<p>Porteur pousse pousse a partir de 18mois couleur rouge et bleu de la marque DOLU. Assemblage facile. Dimensions 50 x 38 x 64,5 cm. Assemblage simple et rapide. Fonction pousse pousse avec les pieds pour avancer et fonction d&rsquo;aide \u00e0 se tenir debout sans risque. De plus, la marque Dolu est un fabriquant qui produit plusieurs types de porteurs. Porteur \u00e9volutif, qui s&rsquo;adapte \u00e0 votre enfant ! Les plus petits vont adorer pousser et avancer en toute tranquillit\u00e9 ! Un adorable porteur engin de construction au design tr\u00e8s color\u00e9 qui plaira comme jouet ! Celui-ci poss\u00e8de plusieurs fonctions sp\u00e9cifiques \u00e0 la croissance de b\u00e9b\u00e9 et d\u00e9veloppera sa motricit\u00e9. Un jouet qui joins bonheur et utilit\u00e9!<\/p>\n","protected":false},"featured_media":1367,"comment_status":"open","ping_status":"closed","template":"","meta":{"site-sidebar-layout":"default","site-content-layout":"default","ast-site-content-layout":"","site-content-style":"","site-sidebar-style":"","ast-global-header-display":"","ast-banner-title-visibility":"","ast-main-header-display":"","ast-hfb-above-header-display":"","ast-hfb-below-header-display":"","ast-hfb-mobile-header-display":"","site-post-title":"","ast-breadcrumbs-content":"","ast-featured-img":"","footer-sml-layout":"","theme-transparent-header-meta":"default","adv-header-id-meta":"","stick-header-meta":"default","header-above-stick-meta":"","header-main-stick-meta":"","header-below-stick-meta":"","astra-migrate-meta-layouts":"","ast-page-background-enabled":"default","ast-page-background-meta":{"desktop":{"background-color":"","background-image":"","background-repeat":"repeat","background-position":"center center","background-size":"auto","background-attachment":"scroll","background-type":"","background-media":"","overlay-type":"","overlay-color":"","overlay-gradient":""},"tablet":{"background-color":"","background-image":"","background-repeat":"repeat","background-position":"center center","background-size":"auto","background-attachment":"scroll","background-type":"","background-media":"","overlay-type":"","overlay-color":"","overlay-gradient":""},"mobile":{"background-color":"","background-image":"","background-repeat":"repeat","background-position":"center center","background-size":"auto","background-attachment":"scroll","background-type":"","background-media":"","overlay-type":"","overlay-color":"","overlay-gradient":""}},"ast-content-background-meta":{"desktop":{"background-color":"var(--ast-global-color-5)","background-image":"","background-repeat":"repeat","background-position":"center center","background-size":"auto","background-attachment":"scroll","background-type":"","background-media":"","overlay-type":"","overlay-color":"","overlay-gradient":""},"tablet":{"background-color":"var(--ast-global-color-5)","background-image":"","background-repeat":"repeat","background-position":"center center","background-size":"auto","background-attachment":"scroll","background-type":"","background-media":"","overlay-type":"","overlay-color":"","overlay-gradient":""},"mobile":{"background-color":"var(--ast-global-color-5)","background-image":"","background-repeat":"repeat","background-position":"center center","background-size":"auto","background-attachment":"scroll","background-type":"","background-media":"","overlay-type":"","overlay-color":"","overlay-gradient":""}}},"product_cat":[27,37,35],"product_tag":[29,31,42],"class_list":["post-1327","product","type-product","status-publish","has-post-thumbnail","hentry","product_cat-dolu","product_cat-jouets-1er-age","product_cat-porteurs-et-voitures-a-pedales","product_tag-dolu","product_tag-jouet","product_tag-porteur","desktop-align-left","tablet-align-left","mobile-align-left"],"_links":{"self":[{"href":"https:\/\/jouetentunisie.tn\/index.php\/wp-json\/wp\/v2\/product\/1327","targetHints":{"allow":["GET"]}}],"collection":[{"href":"https:\/\/jouetentunisie.tn\/index.php\/wp-json\/wp\/v2\/product"}],"about":[{"href":"https:\/\/jouetentunisie.tn\/index.php\/wp-json\/wp\/v2\/types\/product"}],"replies":[{"embeddable":true,"href":"https:\/\/jouetentunisie.tn\/index.php\/wp-json\/wp\/v2\/comments?post=1327"}],"wp:featuredmedia":[{"embeddable":true,"href":"https:\/\/jouetentunisie.tn\/index.php\/wp-json\/wp\/v2\/media\/1367"}],"wp:attachment":[{"href":"https:\/\/jouetentunisie.tn\/index.php\/wp-json\/wp\/v2\/media?parent=1327"}],"wp:term":[{"taxonomy":"product_cat","embeddable":true,"href":"https:\/\/jouetentunisie.tn\/index.php\/wp-json\/wp\/v2\/product_cat?post=1327"},{"taxonomy":"product_tag","embeddable":true,"href":"https:\/\/jouetentunisie.tn\/index.php\/wp-json\/wp\/v2\/product_tag?post=1327"}],"curies":[{"name":"wp","href":"https:\/\/api.w.org\/{rel}","templated":true}]}}