{"id":1330,"date":"2023-11-23T15:21:32","date_gmt":"2023-11-23T14:21:32","guid":{"rendered":"https:\/\/jouetentunisie.tn\/?post_type=product&#038;p=1330"},"modified":"2023-11-23T15:21:47","modified_gmt":"2023-11-23T14:21:47","slug":"thermometre-sans-contact-reer","status":"publish","type":"product","link":"https:\/\/jouetentunisie.tn\/index.php\/produit\/thermometre-sans-contact-reer\/","title":{"rendered":"Thermom\u00e8tre sans contact REER"},"content":{"rendered":"<h2>Thermom\u00e8tre sans contact REER<\/h2>\n<p>Thermom\u00e8tre infrarouge \u00e0 distance 3 en 1. Avec 3 modes de mesure de la temp\u00e9rature, corporelle par le front sans contact sur le front puis temp\u00e9rature des objets et temp\u00e9rature ambiante. <span class=\"a-list-item\">Thermom\u00e8tre sans contact qui mesure la temp\u00e9rature du corps, la temp\u00e9rature de surface et la temp\u00e9rature ambiante. Avec <\/span><span class=\"a-list-item\">Un grand \u00e9cran LCD \u00e9clair\u00e9 avec <\/span><span style=\"font-size: 16px;\">Alarme fi\u00e8vre visuelle \u00e0 trois niveaux: vert &lt; 37.5\u00b0c, orange 37.5-37.9\u00b0c, rouge &gt; 37.9\u00b0c. Avec \u00e9galement une alarme de fi\u00e8vre <\/span>acoustique pour les temp\u00e9ratures sup\u00e9rieur \u00e0 37\u00b0c. Fourni avec piles et donc fonctionnel d\u00e9s l&rsquo;achat. <span data-contrast=\"auto\">Le fabriquant REER est le sp\u00e9cialiste des articles pour le confort et la <a style=\"font-size: 16px; background-color: #ffffff;\" href=\"https:\/\/www.tipirate-store.tn\/categorie-produit\/securite-et-confort-bebe\/\">s\u00e9curit\u00e9 de b\u00e9b\u00e9 et maman<\/a>.\u00a0 S\u00fbr, hygi\u00e9nique il permet la mesure sans inconfort physique de la temp\u00e9rature. Le thermom\u00e8tre sans contact de REER garde les 25 derni\u00e8res valeurs mesur\u00e9es et peuvent ainsi \u00eatre surveill\u00e9s en permanence. Parfait pour mesurer la temp\u00e9rature du bain, du lait ou des repas! <\/span><span data-contrast=\"auto\">Ce thermom\u00e8tre sans contact est adapt\u00e9 \u00e0 tous les \u00e2ges. <span style=\"font-size: 16px;\">Trouvez dans la m\u00eame cat\u00e9gorie le <a href=\"https:\/\/www.tipirate-store.tn\/produit\/thermometre-infrarouge-3en1-reer\/\">thermom\u00e8tre 3en1<\/a> \u00a0ou le <a href=\"https:\/\/www.tipirate-store.tn\/produit\/ecoute-bebe-babyphone-motorola\/\">babyphone de Motorolla<\/a>\u00a0 ou le <a href=\"https:\/\/www.tipirate-store.tn\/produit\/thermometre-bain-framboise-reer\/\">thermom\u00e8tre de bain oval framboise<\/a>!<\/span><\/span><\/p>\n<p><span style=\"font-size: 16px;\">NB: <\/span><span style=\"font-size: 16px;\">Le r\u00e9sultat de la mesure peut diff\u00e9rer de 1 \u00e0 2 \u00b0C par rapport \u00e0 la mesure rectale. Ceci est normal car la mesure rectale est la mesure la plus pr\u00e9cise.<\/span><\/p>\n<p><span style=\"font-size: 16px; font-style: normal; font-weight: 400;\">Achetez et commandez en ligne ou d\u00e9couvrez cet article de b\u00e9b\u00e9 dans notre magasin de jouets et articles b\u00e9b\u00e9 \u00e0 Tunis, Tunisie.<\/span><span style=\"font-size: 16px; font-style: normal; font-weight: 400;\">\u00a0<\/span><\/p>\n<p>Pour plus d&rsquo;informations visiter le site officiel <a href=\"https:\/\/www.reer.de\/en\">REER<\/a><\/p>\n<ol>\n<li>Ou visiter le site de notre fournisseur <a href=\"https:\/\/www.pharma-kid.tn\">pharmakid<\/a><\/li>\n<\/ol>\n","protected":false},"excerpt":{"rendered":"<p>Thermom\u00e8tre infrarouge \u00e0 distance 3 en 1. Avec 3 modes de mesure de la temp\u00e9rature, corporelle par le front sans contact sur le front puis temp\u00e9rature des objets et temp\u00e9rature ambiante. Thermom\u00e8tre sans contact qui mesure la temp\u00e9rature du corps, la temp\u00e9rature de surface et la temp\u00e9rature ambiante. Avec Un grand \u00e9cran LCD \u00e9clair\u00e9 avec Alarme fi\u00e8vre visuelle \u00e0 trois niveaux: vert &lt; 37.5\u00b0c, orange 37.5-37.9\u00b0c, rouge &gt; 37.9\u00b0c. Avec \u00e9galement une alarme de fi\u00e8vre acoustique pour les temp\u00e9ratures sup\u00e9rieur \u00e0 37\u00b0c. Fourni avec piles et donc fonctionnel d\u00e9s l&rsquo;achat. Le fabriquant REER est le sp\u00e9cialiste des articles pour le confort et la s\u00e9curit\u00e9 de b\u00e9b\u00e9 et maman.\u00a0 S\u00fbr, hygi\u00e9nique il permet la mesure sans inconfort physique de la temp\u00e9rature. Le thermom\u00e8tre sans contact de REER garde les 25 derni\u00e8res valeurs mesur\u00e9es et peuvent ainsi \u00eatre surveill\u00e9s en permanence. Parfait pour mesurer la temp\u00e9rature du bain, du lait ou des repas! Ce thermom\u00e8tre sans contact est adapt\u00e9 \u00e0 tous les \u00e2ges.<\/p>\n","protected":false},"featured_media":1371,"comment_status":"open","ping_status":"closed","template":"","meta":{"site-sidebar-layout":"default","site-content-layout":"default","ast-site-content-layout":"","site-content-style":"","site-sidebar-style":"","ast-global-header-display":"","ast-banner-title-visibility":"","ast-main-header-display":"","ast-hfb-above-header-display":"","ast-hfb-below-header-display":"","ast-hfb-mobile-header-display":"","site-post-title":"","ast-breadcrumbs-content":"","ast-featured-img":"","footer-sml-layout":"","theme-transparent-header-meta":"default","adv-header-id-meta":"","stick-header-meta":"default","header-above-stick-meta":"","header-main-stick-meta":"","header-below-stick-meta":"","astra-migrate-meta-layouts":"","ast-page-background-enabled":"default","ast-page-background-meta":{"desktop":{"background-color":"","background-image":"","background-repeat":"repeat","background-position":"center center","background-size":"auto","background-attachment":"scroll","background-type":"","background-media":"","overlay-type":"","overlay-color":"","overlay-gradient":""},"tablet":{"background-color":"","background-image":"","background-repeat":"repeat","background-position":"center center","background-size":"auto","background-attachment":"scroll","background-type":"","background-media":"","overlay-type":"","overlay-color":"","overlay-gradient":""},"mobile":{"background-color":"","background-image":"","background-repeat":"repeat","background-position":"center center","background-size":"auto","background-attachment":"scroll","background-type":"","background-media":"","overlay-type":"","overlay-color":"","overlay-gradient":""}},"ast-content-background-meta":{"desktop":{"background-color":"var(--ast-global-color-5)","background-image":"","background-repeat":"repeat","background-position":"center center","background-size":"auto","background-attachment":"scroll","background-type":"","background-media":"","overlay-type":"","overlay-color":"","overlay-gradient":""},"tablet":{"background-color":"var(--ast-global-color-5)","background-image":"","background-repeat":"repeat","background-position":"center center","background-size":"auto","background-attachment":"scroll","background-type":"","background-media":"","overlay-type":"","overlay-color":"","overlay-gradient":""},"mobile":{"background-color":"var(--ast-global-color-5)","background-image":"","background-repeat":"repeat","background-position":"center center","background-size":"auto","background-attachment":"scroll","background-type":"","background-media":"","overlay-type":"","overlay-color":"","overlay-gradient":""}}},"product_cat":[40,44,45],"product_tag":[46,47,48],"class_list":["post-1330","product","type-product","status-publish","has-post-thumbnail","hentry","product_cat-promo","product_cat-reer","product_cat-thermometres","product_tag-digital","product_tag-reer","product_tag-thermometre","desktop-align-left","tablet-align-left","mobile-align-left"],"_links":{"self":[{"href":"https:\/\/jouetentunisie.tn\/index.php\/wp-json\/wp\/v2\/product\/1330","targetHints":{"allow":["GET"]}}],"collection":[{"href":"https:\/\/jouetentunisie.tn\/index.php\/wp-json\/wp\/v2\/product"}],"about":[{"href":"https:\/\/jouetentunisie.tn\/index.php\/wp-json\/wp\/v2\/types\/product"}],"replies":[{"embeddable":true,"href":"https:\/\/jouetentunisie.tn\/index.php\/wp-json\/wp\/v2\/comments?post=1330"}],"wp:featuredmedia":[{"embeddable":true,"href":"https:\/\/jouetentunisie.tn\/index.php\/wp-json\/wp\/v2\/media\/1371"}],"wp:attachment":[{"href":"https:\/\/jouetentunisie.tn\/index.php\/wp-json\/wp\/v2\/media?parent=1330"}],"wp:term":[{"taxonomy":"product_cat","embeddable":true,"href":"https:\/\/jouetentunisie.tn\/index.php\/wp-json\/wp\/v2\/product_cat?post=1330"},{"taxonomy":"product_tag","embeddable":true,"href":"https:\/\/jouetentunisie.tn\/index.php\/wp-json\/wp\/v2\/product_tag?post=1330"}],"curies":[{"name":"wp","href":"https:\/\/api.w.org\/{rel}","templated":true}]}}