{"id":1331,"date":"2023-11-23T15:21:33","date_gmt":"2023-11-23T14:21:33","guid":{"rendered":"https:\/\/jouetentunisie.tn\/?post_type=product&#038;p=1331"},"modified":"2023-11-23T15:21:47","modified_gmt":"2023-11-23T14:21:47","slug":"grand-porteur-unicorn-dolu","status":"publish","type":"product","link":"https:\/\/jouetentunisie.tn\/index.php\/produit\/grand-porteur-unicorn-dolu\/","title":{"rendered":"Grand Porteur Unicorn Dolu"},"content":{"rendered":"<h2>Grand Porteur Unicorn Dolu avec Klaxon musical.<\/h2>\n<p>Grand Porteur 2 en 1 couleur rose Unicorn de la marque DOLU. De 12mois \u00e0 5 ans. Assemblage simple et rapide. 2 modes d&rsquo;utilisation en fonction de l&rsquo;\u00e2ge. Fonction pousse pousse avec les pieds pour avancer et fonction d&rsquo;aide \u00e0 se tenir debout sans risque. De plus, la marque Dolu est un fabriquant qui produit plusieurs types de <a href=\"https:\/\/www.tipirate-store.tn\/categorie-produit\/porteurs-et-voitures-a-pedales\/\">porteurs<\/a>. <span style=\"font-size: 16px;\">Porteur \u00e9volutif, qui s&rsquo;adapte \u00e0 votre enfant ! <\/span><span style=\"font-size: 16px;\">Klaxon musicale et cl\u00e9 de jeu \u00e0 l&rsquo;avant! L<\/span>es plus petits vont adorer pousser et avancer en toute tranquillit\u00e9 ! Un adorable porteur 2 en 1 au design tr\u00e8s color\u00e9 ! Celui-ci poss\u00e8de plusieurs fonctions sp\u00e9cifiques \u00e0 la croissance de b\u00e9b\u00e9 et d\u00e9veloppera sa motricit\u00e9. Un jouet qui joins bonheur et utilit\u00e9!<\/p>\n<p>L&rsquo;assise est tr\u00e8s confortable et suffisamment en hauteur pour permettre \u00e0 l&rsquo;enfant de pousser. Le Klaxon musicale activable au simple toucher attirera les regards sur l&rsquo;enfant ce qu&rsquo;il appr\u00e9ciera! Une fois bien mis en confiance, b\u00e9b\u00e9 avance sans aide et d\u00e9veloppe son \u00e9quilibre et sa coordination. Ce jouet porteur et un cadeau parfait lors des naissances, et sera tr\u00e8s utile aux parents! Il permettra de rendre heureux votre enfants d\u00e8s 12 mois! Le Grand Porteur 2 en 1 unicorn de la Marque Dolu pr\u00e9sente toutes les normes de qualit\u00e9 et de s\u00e9curit\u00e9 pour votre enfant<\/p>\n<p><span style=\"font-size: 16px; font-style: normal; font-weight: 400;\">Achetez et commandez en ligne ou d\u00e9couvrez ce jouet dans notre magasin \u00e0 Tunis, Tunisie.<\/span><span style=\"font-size: 16px; font-style: normal; font-weight: 400;\">\u00a0<\/span><\/p>\n<p>Pour plus d&rsquo;informations visiter le site officiel <a href=\"https:\/\/www.dolu.com.tr\/en\/\">Dolu<\/a><\/p>\n","protected":false},"excerpt":{"rendered":"<p>Grand Porteur 2 en 1 couleur rose Unicorn de la marque DOLU. De 12mois \u00e0 5 ans. Assemblage simple et rapide. 2 modes d&rsquo;utilisation en fonction de l&rsquo;\u00e2ge. Fonction pousse pousse avec les pieds pour avancer et fonction d&rsquo;aide \u00e0 se tenir debout sans risque. De plus, la marque Dolu est un fabriquant qui produit plusieurs types de porteurs. Porteur \u00e9volutif, qui s&rsquo;adapte \u00e0 votre enfant ! Klaxon musicale et cl\u00e9 de jeu \u00e0 l&rsquo;avant! Les plus petits vont adorer pousser et avancer en toute tranquillit\u00e9 ! Un adorable porteur 2 en 1 au design tr\u00e8s color\u00e9 ! Celui-ci poss\u00e8de plusieurs fonctions sp\u00e9cifiques \u00e0 la croissance de b\u00e9b\u00e9 et d\u00e9veloppera sa motricit\u00e9. Un jouet qui joins bonheur et utilit\u00e9!<\/p>\n<p>L&rsquo;assise est tr\u00e8s confortable et suffisamment en hauteur pour permettre \u00e0 l&rsquo;enfant de pousser. Le Klaxon musicale activable au simple toucher attirera les regards sur l&rsquo;enfant ce qu&rsquo;il appr\u00e9ciera! Une fois bien mis en confiance, b\u00e9b\u00e9 avance sans aide et d\u00e9veloppe son \u00e9quilibre et sa coordination. Ce jouet porteur et un cadeau parfait lors des naissances, et sera tr\u00e8s utile aux parents! Il permettra de rendre heureux votre enfants d\u00e8s 12 mois! Le Grand Porteur 2 en 1 unicorn de la Marque Dolu pr\u00e9sente toutes les normes de qualit\u00e9 et de s\u00e9curit\u00e9 pour votre enfant<\/p>\n","protected":false},"featured_media":1374,"comment_status":"open","ping_status":"closed","template":"","meta":{"site-sidebar-layout":"default","site-content-layout":"default","ast-site-content-layout":"","site-content-style":"","site-sidebar-style":"","ast-global-header-display":"","ast-banner-title-visibility":"","ast-main-header-display":"","ast-hfb-above-header-display":"","ast-hfb-below-header-display":"","ast-hfb-mobile-header-display":"","site-post-title":"","ast-breadcrumbs-content":"","ast-featured-img":"","footer-sml-layout":"","theme-transparent-header-meta":"default","adv-header-id-meta":"","stick-header-meta":"default","header-above-stick-meta":"","header-main-stick-meta":"","header-below-stick-meta":"","astra-migrate-meta-layouts":"","ast-page-background-enabled":"default","ast-page-background-meta":{"desktop":{"background-color":"","background-image":"","background-repeat":"repeat","background-position":"center center","background-size":"auto","background-attachment":"scroll","background-type":"","background-media":"","overlay-type":"","overlay-color":"","overlay-gradient":""},"tablet":{"background-color":"","background-image":"","background-repeat":"repeat","background-position":"center center","background-size":"auto","background-attachment":"scroll","background-type":"","background-media":"","overlay-type":"","overlay-color":"","overlay-gradient":""},"mobile":{"background-color":"","background-image":"","background-repeat":"repeat","background-position":"center center","background-size":"auto","background-attachment":"scroll","background-type":"","background-media":"","overlay-type":"","overlay-color":"","overlay-gradient":""}},"ast-content-background-meta":{"desktop":{"background-color":"var(--ast-global-color-5)","background-image":"","background-repeat":"repeat","background-position":"center center","background-size":"auto","background-attachment":"scroll","background-type":"","background-media":"","overlay-type":"","overlay-color":"","overlay-gradient":""},"tablet":{"background-color":"var(--ast-global-color-5)","background-image":"","background-repeat":"repeat","background-position":"center center","background-size":"auto","background-attachment":"scroll","background-type":"","background-media":"","overlay-type":"","overlay-color":"","overlay-gradient":""},"mobile":{"background-color":"var(--ast-global-color-5)","background-image":"","background-repeat":"repeat","background-position":"center center","background-size":"auto","background-attachment":"scroll","background-type":"","background-media":"","overlay-type":"","overlay-color":"","overlay-gradient":""}}},"product_cat":[27,35],"product_tag":[29,31,42,33,43],"class_list":["post-1331","product","type-product","status-publish","has-post-thumbnail","hentry","product_cat-dolu","product_cat-porteurs-et-voitures-a-pedales","product_tag-dolu","product_tag-jouet","product_tag-porteur","product_tag-unicorn","product_tag-voiture","desktop-align-left","tablet-align-left","mobile-align-left"],"_links":{"self":[{"href":"https:\/\/jouetentunisie.tn\/index.php\/wp-json\/wp\/v2\/product\/1331","targetHints":{"allow":["GET"]}}],"collection":[{"href":"https:\/\/jouetentunisie.tn\/index.php\/wp-json\/wp\/v2\/product"}],"about":[{"href":"https:\/\/jouetentunisie.tn\/index.php\/wp-json\/wp\/v2\/types\/product"}],"replies":[{"embeddable":true,"href":"https:\/\/jouetentunisie.tn\/index.php\/wp-json\/wp\/v2\/comments?post=1331"}],"wp:featuredmedia":[{"embeddable":true,"href":"https:\/\/jouetentunisie.tn\/index.php\/wp-json\/wp\/v2\/media\/1374"}],"wp:attachment":[{"href":"https:\/\/jouetentunisie.tn\/index.php\/wp-json\/wp\/v2\/media?parent=1331"}],"wp:term":[{"taxonomy":"product_cat","embeddable":true,"href":"https:\/\/jouetentunisie.tn\/index.php\/wp-json\/wp\/v2\/product_cat?post=1331"},{"taxonomy":"product_tag","embeddable":true,"href":"https:\/\/jouetentunisie.tn\/index.php\/wp-json\/wp\/v2\/product_tag?post=1331"}],"curies":[{"name":"wp","href":"https:\/\/api.w.org\/{rel}","templated":true}]}}