{"id":1334,"date":"2023-11-23T15:21:33","date_gmt":"2023-11-23T14:21:33","guid":{"rendered":"https:\/\/jouetentunisie.tn\/?post_type=product&#038;p=1334"},"modified":"2023-11-23T15:21:49","modified_gmt":"2023-11-23T14:21:49","slug":"2-bols-bleus-reer","status":"publish","type":"product","link":"https:\/\/jouetentunisie.tn\/index.php\/produit\/2-bols-bleus-reer\/","title":{"rendered":"2 bols bleus REER"},"content":{"rendered":"<p>Coffret avec 2 bols bleus de la marque allemande REER. Fait de produits naturels. Se met au micro-onde et lave vaisselle et en plus incassable lors des chutes! <span style=\"font-size: 16px;\">Le fabriquant REER est sp\u00e9cialiste des articles pour le confort et la <a style=\"font-size: 16px; background-color: #ffffff;\" href=\"https:\/\/www.tipirate-store.tn\/categorie-produit\/securite-et-confort-bebe\/\">s\u00e9curit\u00e9 de b\u00e9b\u00e9 et maman<\/a>. En outre, <span class=\"a-list-item\" style=\"font-size: 16px;\">REER est une marque dans le domaine de la s\u00e9curit\u00e9 des enfants avec plus de 90 ans d&rsquo;exp\u00e9rience. <\/span><\/span>Apprendre \u00e0 boire ou \u00e0 manger dans un bol est un moment unique pour b\u00e9b\u00e9 que ce soit le petit d\u00e9jeuner, le d\u00e9jeuner ou le d\u00eener. En outre, \u00e0 chaque repas boire ou manger est un moment de pratique pour les b\u00e9b\u00e9s.<\/p>\n<p>Nos bols de la s\u00e9rie Growing permettent l&rsquo;apprentissage de mani\u00e8re autonome. Leur taille et leur poids r\u00e9pondent de mani\u00e8re optimale \u00e0 la motricit\u00e9 et \u00e0 la force des jeunes enfants. En outre, gr\u00e2ce \u00e0 une production \u00e9conome en ressources, nos produits sont de qualit\u00e9 particuli\u00e8rement durables. A base de produits naturels et conformes aux normes internationales! En outre, ce coffret avec 2 bols bleus de la marque allemande REER est Fait de produits naturels. Ils sont fabriqu\u00e9es \u00e0 80% de mati\u00e8res premi\u00e8res renouvelables telles que le sucre et le bois d&rsquo;Allemagne! Ces bols sont des outils indispensable pour la nouvelle maman et son b\u00e9b\u00e9!<\/p>\n<p><span style=\"font-size: 16px; font-style: normal; font-weight: 400;\">Achetez et commandez en ligne ou d\u00e9couvrez cet article de b\u00e9b\u00e9 dans notre magasin de jouets et articles b\u00e9b\u00e9 \u00e0 Tunis, Tunisie.<\/span><span style=\"font-size: 16px; font-style: normal; font-weight: 400;\">\u00a0<\/span><\/p>\n<p>Pour plus d&rsquo;informations visiter le site officiel <a href=\"https:\/\/www.reer.de\/en\">REER<\/a><\/p>\n","protected":false},"excerpt":{"rendered":"<p>Coffret avec 2 bols bleus de la marque allemande REER. Fait de produits naturels. Se met au micro-onde et lave vaisselle et en plus incassable lors des chutes! Le fabriquant REER est sp\u00e9cialiste des articles pour le confort et la s\u00e9curit\u00e9 de b\u00e9b\u00e9 et maman. En outre, REER est une marque dans le domaine de la s\u00e9curit\u00e9 des enfants avec plus de 90 ans d&rsquo;exp\u00e9rience. Apprendre \u00e0 boire ou \u00e0 manger dans un bol est un moment unique pour b\u00e9b\u00e9 que ce soit le petit d\u00e9jeuner, le d\u00e9jeuner ou le d\u00eener. En outre, \u00e0 chaque repas boire ou manger est un moment de pratique pour les b\u00e9b\u00e9s.<\/p>\n<p>Nos bols de la s\u00e9rie Growing permettent l&rsquo;apprentissage de mani\u00e8re autonome. Leur taille et leur poids r\u00e9pondent de mani\u00e8re optimale \u00e0 la motricit\u00e9 et \u00e0 la force des jeunes enfants. En outre, gr\u00e2ce \u00e0 une production \u00e9conome en ressources, nos produits sont de qualit\u00e9 particuli\u00e8rement durables. A base de produits naturels et conformes aux normes internationales! En outre, ce coffret avec 2 bols bleus de la marque allemande REER est Fait de produits naturels. Ils sont fabriqu\u00e9es \u00e0 80% de mati\u00e8res premi\u00e8res renouvelables telles que le sucre et le bois d&rsquo;Allemagne! Ces bols sont des outils indispensable pour la nouvelle maman et son b\u00e9b\u00e9!<\/p>\n","protected":false},"featured_media":1378,"comment_status":"open","ping_status":"closed","template":"","meta":{"site-sidebar-layout":"default","site-content-layout":"default","ast-site-content-layout":"","site-content-style":"","site-sidebar-style":"","ast-global-header-display":"","ast-banner-title-visibility":"","ast-main-header-display":"","ast-hfb-above-header-display":"","ast-hfb-below-header-display":"","ast-hfb-mobile-header-display":"","site-post-title":"","ast-breadcrumbs-content":"","ast-featured-img":"","footer-sml-layout":"","theme-transparent-header-meta":"default","adv-header-id-meta":"","stick-header-meta":"default","header-above-stick-meta":"","header-main-stick-meta":"","header-below-stick-meta":"","astra-migrate-meta-layouts":"","ast-page-background-enabled":"default","ast-page-background-meta":{"desktop":{"background-color":"","background-image":"","background-repeat":"repeat","background-position":"center center","background-size":"auto","background-attachment":"scroll","background-type":"","background-media":"","overlay-type":"","overlay-color":"","overlay-gradient":""},"tablet":{"background-color":"","background-image":"","background-repeat":"repeat","background-position":"center center","background-size":"auto","background-attachment":"scroll","background-type":"","background-media":"","overlay-type":"","overlay-color":"","overlay-gradient":""},"mobile":{"background-color":"","background-image":"","background-repeat":"repeat","background-position":"center center","background-size":"auto","background-attachment":"scroll","background-type":"","background-media":"","overlay-type":"","overlay-color":"","overlay-gradient":""}},"ast-content-background-meta":{"desktop":{"background-color":"var(--ast-global-color-5)","background-image":"","background-repeat":"repeat","background-position":"center center","background-size":"auto","background-attachment":"scroll","background-type":"","background-media":"","overlay-type":"","overlay-color":"","overlay-gradient":""},"tablet":{"background-color":"var(--ast-global-color-5)","background-image":"","background-repeat":"repeat","background-position":"center center","background-size":"auto","background-attachment":"scroll","background-type":"","background-media":"","overlay-type":"","overlay-color":"","overlay-gradient":""},"mobile":{"background-color":"var(--ast-global-color-5)","background-image":"","background-repeat":"repeat","background-position":"center center","background-size":"auto","background-attachment":"scroll","background-type":"","background-media":"","overlay-type":"","overlay-color":"","overlay-gradient":""}}},"product_cat":[49,44],"product_tag":[47,50],"class_list":["post-1334","product","type-product","status-publish","has-post-thumbnail","hentry","product_cat-pour-le-repas","product_cat-reer","product_tag-reer","product_tag-repas-bebe","desktop-align-left","tablet-align-left","mobile-align-left"],"_links":{"self":[{"href":"https:\/\/jouetentunisie.tn\/index.php\/wp-json\/wp\/v2\/product\/1334","targetHints":{"allow":["GET"]}}],"collection":[{"href":"https:\/\/jouetentunisie.tn\/index.php\/wp-json\/wp\/v2\/product"}],"about":[{"href":"https:\/\/jouetentunisie.tn\/index.php\/wp-json\/wp\/v2\/types\/product"}],"replies":[{"embeddable":true,"href":"https:\/\/jouetentunisie.tn\/index.php\/wp-json\/wp\/v2\/comments?post=1334"}],"wp:featuredmedia":[{"embeddable":true,"href":"https:\/\/jouetentunisie.tn\/index.php\/wp-json\/wp\/v2\/media\/1378"}],"wp:attachment":[{"href":"https:\/\/jouetentunisie.tn\/index.php\/wp-json\/wp\/v2\/media?parent=1334"}],"wp:term":[{"taxonomy":"product_cat","embeddable":true,"href":"https:\/\/jouetentunisie.tn\/index.php\/wp-json\/wp\/v2\/product_cat?post=1334"},{"taxonomy":"product_tag","embeddable":true,"href":"https:\/\/jouetentunisie.tn\/index.php\/wp-json\/wp\/v2\/product_tag?post=1334"}],"curies":[{"name":"wp","href":"https:\/\/api.w.org\/{rel}","templated":true}]}}