{"id":1340,"date":"2023-11-23T15:21:35","date_gmt":"2023-11-23T14:21:35","guid":{"rendered":"https:\/\/jouetentunisie.tn\/?post_type=product&#038;p=1340"},"modified":"2023-11-23T15:21:51","modified_gmt":"2023-11-23T14:21:51","slug":"3-cuilleres-magiques-reer","status":"publish","type":"product","link":"https:\/\/jouetentunisie.tn\/index.php\/produit\/3-cuilleres-magiques-reer\/","title":{"rendered":"3 Cuill\u00e8res magiques REER"},"content":{"rendered":"<h2>3 Cuill\u00e8res magiques REER<\/h2>\n<p>3 Cuill\u00e8res magiques de la marque allemande REER!\u00a0 Changement de couleur pour indiquer que la temp\u00e9rature du repas est chaude. Contient 3 pcs de couleurs diff\u00e9rentes. <span style=\"font-size: 16px;\">Le fabriquant REER est sp\u00e9cialiste des articles pour le confort et la <a style=\"font-size: 16px; background-color: #ffffff;\" href=\"https:\/\/www.tipirate-store.tn\/categorie-produit\/securite-et-confort-bebe\/\">s\u00e9curit\u00e9 de b\u00e9b\u00e9 et maman<\/a>. REER produit aussi d&rsquo;autres articles <a href=\"https:\/\/www.tipirate-store.tn\/categorie-produit\/pour-le-repas\/\">pour le repas<\/a>.<\/span><span style=\"font-size: 16px;\"> En outre, <span class=\"a-list-item\" style=\"font-size: 16px;\">REER est une marque dans le domaine de la s\u00e9curit\u00e9 des enfants avec plus de 90 ans d&rsquo;exp\u00e9rience. <\/span><\/span> La plupart du temps, \u00e0 partir de 5 ou 6 mois, le b\u00e9b\u00e9 n&rsquo;est plus rassasi\u00e9 par le seul lait maternel et son int\u00e9r\u00eat pour les aliments solides augmente. C&rsquo;est le bon moment pour lui donner sa premi\u00e8re bouillie.<\/p>\n<p>Mais comme pour beaucoup d&rsquo;autres choses, il faut d&rsquo;abord apprendre \u00e0 manger \u00e0 la cuill\u00e8re. Les 3 cuill\u00e8res Magiques de REER ont une forme particuli\u00e8rement adapt\u00e9e aux enfants. La partie de la cuill\u00e8re est \u00e9troite et convient m\u00eame \u00e0 la plus petite bouche de b\u00e9b\u00e9. La profondeur de la cuill\u00e8re permet de l&rsquo;introduire facilement dans la bouche tout en \u00e9tant suffisamment grande pour une portion id\u00e9ale de nourriture.<\/p>\n<p><span style=\"font-size: 16px; font-style: normal; font-weight: 400;\">Achetez et commandez en ligne ou d\u00e9couvrez cet article de b\u00e9b\u00e9 dans notre magasin de jouets et articles b\u00e9b\u00e9 \u00e0 Tunis, Tunisie.<\/span><span style=\"font-size: 16px; font-style: normal; font-weight: 400;\">\u00a0<\/span><\/p>\n<p>Pour plus d&rsquo;informations visiter le site officiel <a href=\"https:\/\/www.reer.de\/en\">REER<\/a><\/p>\n","protected":false},"excerpt":{"rendered":"<p>3 Cuill\u00e8res magiques de la marque allemande REER!\u00a0 Changement de couleur pour indiquer que la temp\u00e9rature du repas est chaude. Contient 3 pcs de couleurs diff\u00e9rentes. Le fabriquant REER est sp\u00e9cialiste des articles pour le confort et la s\u00e9curit\u00e9 de b\u00e9b\u00e9 et maman. En outre, REER est une marque dans le domaine de la s\u00e9curit\u00e9 des enfants avec plus de 90 ans d&rsquo;exp\u00e9rience. La plupart du temps, \u00e0 partir de 5 ou 6 mois, le b\u00e9b\u00e9 n&rsquo;est plus rassasi\u00e9 par le seul lait maternel et son int\u00e9r\u00eat pour les aliments solides augmente. C&rsquo;est le bon moment pour lui donner sa premi\u00e8re bouillie. Mais comme pour beaucoup d&rsquo;autres choses, il faut d&rsquo;abord apprendre \u00e0 manger \u00e0 la cuill\u00e8re. Les 3 cuill\u00e8res Magiques de REER ont une forme particuli\u00e8rement adapt\u00e9e aux enfants. La partie de la cuill\u00e8re est \u00e9troite et convient m\u00eame \u00e0 la plus petite bouche de b\u00e9b\u00e9. La profondeur de la cuill\u00e8re permet de l&rsquo;introduire facilement dans la bouche tout en \u00e9tant suffisamment grande pour une portion id\u00e9ale de nourriture.<\/p>\n","protected":false},"featured_media":1384,"comment_status":"open","ping_status":"closed","template":"","meta":{"site-sidebar-layout":"default","site-content-layout":"default","ast-site-content-layout":"","site-content-style":"","site-sidebar-style":"","ast-global-header-display":"","ast-banner-title-visibility":"","ast-main-header-display":"","ast-hfb-above-header-display":"","ast-hfb-below-header-display":"","ast-hfb-mobile-header-display":"","site-post-title":"","ast-breadcrumbs-content":"","ast-featured-img":"","footer-sml-layout":"","theme-transparent-header-meta":"default","adv-header-id-meta":"","stick-header-meta":"default","header-above-stick-meta":"","header-main-stick-meta":"","header-below-stick-meta":"","astra-migrate-meta-layouts":"","ast-page-background-enabled":"default","ast-page-background-meta":{"desktop":{"background-color":"","background-image":"","background-repeat":"repeat","background-position":"center center","background-size":"auto","background-attachment":"scroll","background-type":"","background-media":"","overlay-type":"","overlay-color":"","overlay-gradient":""},"tablet":{"background-color":"","background-image":"","background-repeat":"repeat","background-position":"center center","background-size":"auto","background-attachment":"scroll","background-type":"","background-media":"","overlay-type":"","overlay-color":"","overlay-gradient":""},"mobile":{"background-color":"","background-image":"","background-repeat":"repeat","background-position":"center center","background-size":"auto","background-attachment":"scroll","background-type":"","background-media":"","overlay-type":"","overlay-color":"","overlay-gradient":""}},"ast-content-background-meta":{"desktop":{"background-color":"var(--ast-global-color-5)","background-image":"","background-repeat":"repeat","background-position":"center center","background-size":"auto","background-attachment":"scroll","background-type":"","background-media":"","overlay-type":"","overlay-color":"","overlay-gradient":""},"tablet":{"background-color":"var(--ast-global-color-5)","background-image":"","background-repeat":"repeat","background-position":"center center","background-size":"auto","background-attachment":"scroll","background-type":"","background-media":"","overlay-type":"","overlay-color":"","overlay-gradient":""},"mobile":{"background-color":"var(--ast-global-color-5)","background-image":"","background-repeat":"repeat","background-position":"center center","background-size":"auto","background-attachment":"scroll","background-type":"","background-media":"","overlay-type":"","overlay-color":"","overlay-gradient":""}}},"product_cat":[49,44],"product_tag":[47,50],"class_list":["post-1340","product","type-product","status-publish","has-post-thumbnail","hentry","product_cat-pour-le-repas","product_cat-reer","product_tag-reer","product_tag-repas-bebe","desktop-align-left","tablet-align-left","mobile-align-left"],"_links":{"self":[{"href":"https:\/\/jouetentunisie.tn\/index.php\/wp-json\/wp\/v2\/product\/1340","targetHints":{"allow":["GET"]}}],"collection":[{"href":"https:\/\/jouetentunisie.tn\/index.php\/wp-json\/wp\/v2\/product"}],"about":[{"href":"https:\/\/jouetentunisie.tn\/index.php\/wp-json\/wp\/v2\/types\/product"}],"replies":[{"embeddable":true,"href":"https:\/\/jouetentunisie.tn\/index.php\/wp-json\/wp\/v2\/comments?post=1340"}],"wp:featuredmedia":[{"embeddable":true,"href":"https:\/\/jouetentunisie.tn\/index.php\/wp-json\/wp\/v2\/media\/1384"}],"wp:attachment":[{"href":"https:\/\/jouetentunisie.tn\/index.php\/wp-json\/wp\/v2\/media?parent=1340"}],"wp:term":[{"taxonomy":"product_cat","embeddable":true,"href":"https:\/\/jouetentunisie.tn\/index.php\/wp-json\/wp\/v2\/product_cat?post=1340"},{"taxonomy":"product_tag","embeddable":true,"href":"https:\/\/jouetentunisie.tn\/index.php\/wp-json\/wp\/v2\/product_tag?post=1340"}],"curies":[{"name":"wp","href":"https:\/\/api.w.org\/{rel}","templated":true}]}}