{"id":1387,"date":"2023-11-23T15:21:54","date_gmt":"2023-11-23T14:21:54","guid":{"rendered":"https:\/\/jouetentunisie.tn\/?post_type=product&#038;p=1387"},"modified":"2023-11-23T15:22:01","modified_gmt":"2023-11-23T14:22:01","slug":"thermometre-bain-framboise-reer","status":"publish","type":"product","link":"https:\/\/jouetentunisie.tn\/index.php\/produit\/thermometre-bain-framboise-reer\/","title":{"rendered":"Thermom\u00e8tre bain framboise REER"},"content":{"rendered":"<p>Thermom\u00e8tre de bain couleur framboise de la marque allemande REER. Donne la temp\u00e9rature du bain avec pr\u00e9cision du bain et et la temp\u00e9rature ambiante aussi. <span style=\"font-size: 16px;\">Le fabriquant REER est sp\u00e9cialiste des articles pour le confort et la <a style=\"font-size: 16px; background-color: #ffffff;\" href=\"https:\/\/www.tipirate-store.tn\/categorie-produit\/securite-et-confort-bebe\/\">s\u00e9curit\u00e9 de b\u00e9b\u00e9 et maman<\/a>. En outre, <span class=\"a-list-item\" style=\"font-size: 16px;\">REER est une marque dans le domaine de la s\u00e9curit\u00e9 des enfants avec plus de 90 ans d&rsquo;exp\u00e9rience. Soin incontournable de l&rsquo;hygi\u00e8ne, le\u00a0bain est un moment tr\u00e8s important pour l&rsquo;enfant, qui rythme ses journ\u00e9es tout en lui apportant plaisir et d\u00e9tente. C&rsquo;est \u00e9galement un instant unique d&rsquo;\u00e9change, de complicit\u00e9 et de jeu. <\/span><\/span><\/p>\n<p><span style=\"font-size: 16px;\"><span class=\"a-list-item\" style=\"font-size: 16px;\">Un thermom\u00e8tre de bain permet de s&rsquo;assurer que l&rsquo;eau est \u00e0 la bonne temp\u00e9rature avant d&rsquo;y baigner votre petit(e). Il est par ailleurs conseill\u00e9 de ne pas laisser b\u00e9b\u00e9 trop longtemps dans le bain pour qu&rsquo;il ne prenne pas froid. Le thermom\u00e8tre pourra alors vous permettre de suivre l&rsquo;\u00e9volution de la temp\u00e9rature du bain! Thermom\u00e8tre de bain couleur framboise de la marque allemande REER est indispensable pour la nouvelle maman et son b\u00e9b\u00e9<\/span><\/span><\/p>\n<p><span style=\"font-size: 16px; font-style: normal; font-weight: 400;\">Achetez et commandez en ligne ou d\u00e9couvrez cet article de b\u00e9b\u00e9 dans notre magasin de jouets et articles b\u00e9b\u00e9 \u00e0 Tunis, Tunisie.<\/span><span style=\"font-size: 16px; font-style: normal; font-weight: 400;\">\u00a0<\/span><\/p>\n<p>Pour plus d&rsquo;informations visiter le site officiel <a href=\"https:\/\/www.reer.de\/en\">REER<\/a><\/p>\n","protected":false},"excerpt":{"rendered":"<p>Thermom\u00e8tre de bain couleur framboise de la marque allemande REER. Donne la temp\u00e9rature du bain avec pr\u00e9cision du bain et et la temp\u00e9rature ambiante aussi. Le fabriquant REER est sp\u00e9cialiste des articles pour le confort et la s\u00e9curit\u00e9 de b\u00e9b\u00e9 et maman. En outre, REER est une marque dans le domaine de la s\u00e9curit\u00e9 des enfants avec plus de 90 ans d&rsquo;exp\u00e9rience. Soin incontournable de l&rsquo;hygi\u00e8ne, le\u00a0bain est un moment tr\u00e8s important pour l&rsquo;enfant, qui rythme ses journ\u00e9es tout en lui apportant plaisir et d\u00e9tente. C&rsquo;est \u00e9galement un instant unique d&rsquo;\u00e9change, de complicit\u00e9 et de jeu.<\/p>\n<p>Un thermom\u00e8tre de bain permet de s&rsquo;assurer que l&rsquo;eau est \u00e0 la bonne temp\u00e9rature avant d&rsquo;y baigner votre petit(e). Il est par ailleurs conseill\u00e9 de ne pas laisser b\u00e9b\u00e9 trop longtemps dans le bain pour qu&rsquo;il ne prenne pas froid.<\/p>\n","protected":false},"featured_media":1417,"comment_status":"open","ping_status":"closed","template":"","meta":{"site-sidebar-layout":"default","site-content-layout":"default","ast-site-content-layout":"","site-content-style":"","site-sidebar-style":"","ast-global-header-display":"","ast-banner-title-visibility":"","ast-main-header-display":"","ast-hfb-above-header-display":"","ast-hfb-below-header-display":"","ast-hfb-mobile-header-display":"","site-post-title":"","ast-breadcrumbs-content":"","ast-featured-img":"","footer-sml-layout":"","theme-transparent-header-meta":"default","adv-header-id-meta":"","stick-header-meta":"default","header-above-stick-meta":"","header-main-stick-meta":"","header-below-stick-meta":"","astra-migrate-meta-layouts":"","ast-page-background-enabled":"default","ast-page-background-meta":{"desktop":{"background-color":"","background-image":"","background-repeat":"repeat","background-position":"center center","background-size":"auto","background-attachment":"scroll","background-type":"","background-media":"","overlay-type":"","overlay-color":"","overlay-gradient":""},"tablet":{"background-color":"","background-image":"","background-repeat":"repeat","background-position":"center center","background-size":"auto","background-attachment":"scroll","background-type":"","background-media":"","overlay-type":"","overlay-color":"","overlay-gradient":""},"mobile":{"background-color":"","background-image":"","background-repeat":"repeat","background-position":"center center","background-size":"auto","background-attachment":"scroll","background-type":"","background-media":"","overlay-type":"","overlay-color":"","overlay-gradient":""}},"ast-content-background-meta":{"desktop":{"background-color":"var(--ast-global-color-5)","background-image":"","background-repeat":"repeat","background-position":"center center","background-size":"auto","background-attachment":"scroll","background-type":"","background-media":"","overlay-type":"","overlay-color":"","overlay-gradient":""},"tablet":{"background-color":"var(--ast-global-color-5)","background-image":"","background-repeat":"repeat","background-position":"center center","background-size":"auto","background-attachment":"scroll","background-type":"","background-media":"","overlay-type":"","overlay-color":"","overlay-gradient":""},"mobile":{"background-color":"var(--ast-global-color-5)","background-image":"","background-repeat":"repeat","background-position":"center center","background-size":"auto","background-attachment":"scroll","background-type":"","background-media":"","overlay-type":"","overlay-color":"","overlay-gradient":""}}},"product_cat":[44,45],"product_tag":[47,48],"class_list":["post-1387","product","type-product","status-publish","has-post-thumbnail","hentry","product_cat-reer","product_cat-thermometres","product_tag-reer","product_tag-thermometre","desktop-align-left","tablet-align-left","mobile-align-left"],"_links":{"self":[{"href":"https:\/\/jouetentunisie.tn\/index.php\/wp-json\/wp\/v2\/product\/1387","targetHints":{"allow":["GET"]}}],"collection":[{"href":"https:\/\/jouetentunisie.tn\/index.php\/wp-json\/wp\/v2\/product"}],"about":[{"href":"https:\/\/jouetentunisie.tn\/index.php\/wp-json\/wp\/v2\/types\/product"}],"replies":[{"embeddable":true,"href":"https:\/\/jouetentunisie.tn\/index.php\/wp-json\/wp\/v2\/comments?post=1387"}],"wp:featuredmedia":[{"embeddable":true,"href":"https:\/\/jouetentunisie.tn\/index.php\/wp-json\/wp\/v2\/media\/1417"}],"wp:attachment":[{"href":"https:\/\/jouetentunisie.tn\/index.php\/wp-json\/wp\/v2\/media?parent=1387"}],"wp:term":[{"taxonomy":"product_cat","embeddable":true,"href":"https:\/\/jouetentunisie.tn\/index.php\/wp-json\/wp\/v2\/product_cat?post=1387"},{"taxonomy":"product_tag","embeddable":true,"href":"https:\/\/jouetentunisie.tn\/index.php\/wp-json\/wp\/v2\/product_tag?post=1387"}],"curies":[{"name":"wp","href":"https:\/\/api.w.org\/{rel}","templated":true}]}}