{"id":1389,"date":"2023-11-23T15:21:54","date_gmt":"2023-11-23T14:21:54","guid":{"rendered":"https:\/\/jouetentunisie.tn\/?post_type=product&#038;p=1389"},"modified":"2023-11-23T15:22:02","modified_gmt":"2023-11-23T14:22:02","slug":"bavoir-silicone-bleue-reer","status":"publish","type":"product","link":"https:\/\/jouetentunisie.tn\/index.php\/produit\/bavoir-silicone-bleue-reer\/","title":{"rendered":"Bavoir silicone bleue REER"},"content":{"rendered":"<p>Bavoir en silicone bleue de la marque allemande REER. Ces bavoirs en silicone Ne tachent pas et Se lave facilement. <span style=\"font-size: 16px;\">Le fabriquant REER est sp\u00e9cialiste des articles pour le confort et la <a style=\"font-size: 16px; background-color: #ffffff;\" href=\"https:\/\/www.tipirate-store.tn\/categorie-produit\/securite-et-confort-bebe\/\">s\u00e9curit\u00e9 de b\u00e9b\u00e9 et maman<\/a>. En outre, <span class=\"a-list-item\" style=\"font-size: 16px;\">REER est une marque dans le domaine de la s\u00e9curit\u00e9 des enfants avec plus de 90 ans d&rsquo;exp\u00e9rience. <\/span><\/span>Les bavoirs en silicone bleu de REER\u00a0 prot\u00e8gent de mani\u00e8re fiable les v\u00eatements et l&rsquo;environnement des taches et des miettes disgracieuses , des bouillies, des fruits, des p\u00e2tisseries et des jus color\u00e9s. Avec un bac de r\u00e9cup\u00e9ration pratique et ind\u00e9formable pour recueillir les r\u00e9sidus alimentaires.<\/p>\n<p>Sa <span style=\"font-size: 16px;\">taille est r\u00e9glable sur 4 niveaux pour grandir avec l&rsquo;enfant (port\u00e9e 25 &#8211; 30 cm). Elle est <\/span><span style=\"font-size: 16px;\">facile \u00e0 nettoyer et passe m\u00eame au lave-vaisselle. <\/span><span class=\"a-list-item\">La marque REER propose aussi d&rsquo;autres articles compl\u00e9mentaire pour le repas de b\u00e9b\u00e9 et le confort de maman. La bavoir en silicone bleue de REER offre une imperm\u00e9abilit\u00e9 totale afin de prot\u00e9ger les v\u00eatements de votre b\u00e9b\u00e9 et de les garder secs. La poche ventrale permet \u00e9galement de r\u00e9cup\u00e9rer les aliments qui peuvent tomber. La bavoir en silicone bleue de REER est conseill\u00e9 pour les b\u00e9b\u00e9s qui apprennent \u00e0 manger avec une cuill\u00e8re.<\/span><\/p>\n<p><span style=\"font-size: 16px; font-style: normal; font-weight: 400;\">Achetez et commandez en ligne ou d\u00e9couvrez cet article de b\u00e9b\u00e9 dans notre magasin de jouets et articles b\u00e9b\u00e9 \u00e0 Tunis, Tunisie.<\/span><span style=\"font-size: 16px; font-style: normal; font-weight: 400;\">\u00a0<\/span><\/p>\n<p>Pour plus d&rsquo;informations visiter le site officiel <a href=\"https:\/\/www.reer.de\/en\">REER<\/a><\/p>\n","protected":false},"excerpt":{"rendered":"<p>Bavoir en silicone bleue de la marque allemande REER. Ces bavoirs en silicone Ne tachent pas et Se lave facilement. Le fabriquant REER est sp\u00e9cialiste des articles pour le confort et la s\u00e9curit\u00e9 de b\u00e9b\u00e9 et maman. En outre, REER est une marque dans le domaine de la s\u00e9curit\u00e9 des enfants avec plus de 90 ans d&rsquo;exp\u00e9rience. Les bavoirs en silicone bleu de REER\u00a0 prot\u00e8gent de mani\u00e8re fiable les v\u00eatements et l&rsquo;environnement des taches et des miettes disgracieuses , des bouillies, des fruits, des p\u00e2tisseries et des jus color\u00e9s. Avec un bac de r\u00e9cup\u00e9ration pratique et ind\u00e9formable pour recueillir les r\u00e9sidus alimentaires.<\/p>\n","protected":false},"featured_media":1421,"comment_status":"open","ping_status":"closed","template":"","meta":{"site-sidebar-layout":"default","site-content-layout":"default","ast-site-content-layout":"","site-content-style":"","site-sidebar-style":"","ast-global-header-display":"","ast-banner-title-visibility":"","ast-main-header-display":"","ast-hfb-above-header-display":"","ast-hfb-below-header-display":"","ast-hfb-mobile-header-display":"","site-post-title":"","ast-breadcrumbs-content":"","ast-featured-img":"","footer-sml-layout":"","theme-transparent-header-meta":"default","adv-header-id-meta":"","stick-header-meta":"default","header-above-stick-meta":"","header-main-stick-meta":"","header-below-stick-meta":"","astra-migrate-meta-layouts":"","ast-page-background-enabled":"default","ast-page-background-meta":{"desktop":{"background-color":"","background-image":"","background-repeat":"repeat","background-position":"center center","background-size":"auto","background-attachment":"scroll","background-type":"","background-media":"","overlay-type":"","overlay-color":"","overlay-gradient":""},"tablet":{"background-color":"","background-image":"","background-repeat":"repeat","background-position":"center center","background-size":"auto","background-attachment":"scroll","background-type":"","background-media":"","overlay-type":"","overlay-color":"","overlay-gradient":""},"mobile":{"background-color":"","background-image":"","background-repeat":"repeat","background-position":"center center","background-size":"auto","background-attachment":"scroll","background-type":"","background-media":"","overlay-type":"","overlay-color":"","overlay-gradient":""}},"ast-content-background-meta":{"desktop":{"background-color":"var(--ast-global-color-5)","background-image":"","background-repeat":"repeat","background-position":"center center","background-size":"auto","background-attachment":"scroll","background-type":"","background-media":"","overlay-type":"","overlay-color":"","overlay-gradient":""},"tablet":{"background-color":"var(--ast-global-color-5)","background-image":"","background-repeat":"repeat","background-position":"center center","background-size":"auto","background-attachment":"scroll","background-type":"","background-media":"","overlay-type":"","overlay-color":"","overlay-gradient":""},"mobile":{"background-color":"var(--ast-global-color-5)","background-image":"","background-repeat":"repeat","background-position":"center center","background-size":"auto","background-attachment":"scroll","background-type":"","background-media":"","overlay-type":"","overlay-color":"","overlay-gradient":""}}},"product_cat":[49,40,44],"product_tag":[47,50],"class_list":["post-1389","product","type-product","status-publish","has-post-thumbnail","hentry","product_cat-pour-le-repas","product_cat-promo","product_cat-reer","product_tag-reer","product_tag-repas-bebe","desktop-align-left","tablet-align-left","mobile-align-left"],"_links":{"self":[{"href":"https:\/\/jouetentunisie.tn\/index.php\/wp-json\/wp\/v2\/product\/1389","targetHints":{"allow":["GET"]}}],"collection":[{"href":"https:\/\/jouetentunisie.tn\/index.php\/wp-json\/wp\/v2\/product"}],"about":[{"href":"https:\/\/jouetentunisie.tn\/index.php\/wp-json\/wp\/v2\/types\/product"}],"replies":[{"embeddable":true,"href":"https:\/\/jouetentunisie.tn\/index.php\/wp-json\/wp\/v2\/comments?post=1389"}],"wp:featuredmedia":[{"embeddable":true,"href":"https:\/\/jouetentunisie.tn\/index.php\/wp-json\/wp\/v2\/media\/1421"}],"wp:attachment":[{"href":"https:\/\/jouetentunisie.tn\/index.php\/wp-json\/wp\/v2\/media?parent=1389"}],"wp:term":[{"taxonomy":"product_cat","embeddable":true,"href":"https:\/\/jouetentunisie.tn\/index.php\/wp-json\/wp\/v2\/product_cat?post=1389"},{"taxonomy":"product_tag","embeddable":true,"href":"https:\/\/jouetentunisie.tn\/index.php\/wp-json\/wp\/v2\/product_tag?post=1389"}],"curies":[{"name":"wp","href":"https:\/\/api.w.org\/{rel}","templated":true}]}}