{"id":1390,"date":"2023-11-23T15:21:55","date_gmt":"2023-11-23T14:21:55","guid":{"rendered":"https:\/\/jouetentunisie.tn\/?post_type=product&#038;p=1390"},"modified":"2023-11-23T15:22:03","modified_gmt":"2023-11-23T14:22:03","slug":"protege-prises-reer","status":"publish","type":"product","link":"https:\/\/jouetentunisie.tn\/index.php\/produit\/protege-prises-reer\/","title":{"rendered":"Prot\u00e8ge prises REER"},"content":{"rendered":"<p>Prot\u00e8ge ou cache prises contenance 6pcs <span style=\"font-size: 16px; font-style: normal; font-weight: 400;\">de la marque Allemande REER<\/span><span style=\"font-size: 16px;\">. Avec outils pour placer et enlever les caches prises.<\/span> M\u00e9thode de Fixation simple ! Pratique pour <span class=\"a-list-item\">prot\u00e9ger contre les chocs \u00e9l\u00e9ctriques. Design simple et m<\/span><span style=\"font-size: 16px;\">ontage facile avec retenue s\u00fbre. Fait de m<\/span><span style=\"font-size: 16px;\">at\u00e9riau souple et conformes aux normes internationales! Le fabriquant REER est sp\u00e9cialiste des articles pour le confort et la <a style=\"font-size: 16px; background-color: #ffffff;\" href=\"https:\/\/www.tipirate-store.tn\/categorie-produit\/securite-et-confort-bebe\/\">s\u00e9curit\u00e9 de b\u00e9b\u00e9 et maman<\/a>.\u00a0<\/span>En outre, <span class=\"a-list-item\" style=\"font-size: 16px;\">REER est une marque dans le domaine de la s\u00e9curit\u00e9 des enfants avec plus de 90 ans d&rsquo;exp\u00e9rience. <\/span><\/p>\n<p><span class=\"a-list-item\" style=\"font-size: 16px;\">Les Prot\u00e8ge ou cache prises de <span class=\"a-list-item\">REER sont un outil indispensable pour toutes les nouvelles maman et leur b\u00e9b\u00e9 afin de s&rsquo;assurer de leur confort et s\u00e9curit\u00e9 et les prot\u00e9ger des accidents! Gr\u00e2ce \u00e0 l&rsquo;outil d&rsquo;enl\u00e8vement simple, les retirer des prises ult\u00e9rieurement est simple et ne laisse aucune trace \u00e9galement! Solidit\u00e9 et qualit\u00e9 assur\u00e9e par la marque REER; produit fabriqu\u00e9 en Allemagne! Les prot\u00e8ge ou cache prises de la marque Allemande REER avec leur couleur blanche les rend discrets et non d\u00e9tectables dans le salon!<\/span><\/span><\/p>\n<p><span style=\"font-size: 16px; font-style: normal; font-weight: 400;\">Achetez et commandez en ligne ou d\u00e9couvrez cet article de b\u00e9b\u00e9 dans notre magasin de jouets et articles b\u00e9b\u00e9 \u00e0 Tunis, Tunisie.<\/span><span style=\"font-size: 16px; font-style: normal; font-weight: 400;\">\u00a0<\/span><\/p>\n<p>Pour plus d&rsquo;informations visiter le site officiel <a href=\"https:\/\/www.reer.de\/en\">REER<\/a><\/p>\n","protected":false},"excerpt":{"rendered":"<p>Prot\u00e8ge ou cache prises contenance 6pcs de la marque Allemande REER. Avec outils pour placer et enlever les caches prises. M\u00e9thode de Fixation simple ! Pratique pour prot\u00e9ger contre les chocs \u00e9l\u00e9ctriques. Design simple et montage facile avec retenue s\u00fbre. Fait de mat\u00e9riau souple et conformes aux normes internationales! Le fabriquant REER est sp\u00e9cialiste des articles pour le confort et la s\u00e9curit\u00e9 de b\u00e9b\u00e9 et maman.\u00a0En outre, REER est une marque dans le domaine de la s\u00e9curit\u00e9 des enfants avec plus de 90 ans d&rsquo;exp\u00e9rience.<\/p>\n<p>Les Prot\u00e8ge ou cache prises de REER sont un outil indispensable pour toutes les nouvelles maman et leur b\u00e9b\u00e9 afin de s&rsquo;assurer de leur confort et s\u00e9curit\u00e9 et les prot\u00e9ger des accidents! Gr\u00e2ce \u00e0 l&rsquo;outil d&rsquo;enl\u00e8vement simple, les retirer des prises ult\u00e9rieurement est simple et ne laisse aucune trace \u00e9galement! Solidit\u00e9 et qualit\u00e9 assur\u00e9e par la marque REER; produit fabriqu\u00e9 en Allemagne! Les prot\u00e8ge ou cache prises de la marque Allemande REER avec leur couleur blanche les rend discrets et non d\u00e9tectables dans le salon!<\/p>\n","protected":false},"featured_media":1422,"comment_status":"open","ping_status":"closed","template":"","meta":{"site-sidebar-layout":"default","site-content-layout":"default","ast-site-content-layout":"","site-content-style":"","site-sidebar-style":"","ast-global-header-display":"","ast-banner-title-visibility":"","ast-main-header-display":"","ast-hfb-above-header-display":"","ast-hfb-below-header-display":"","ast-hfb-mobile-header-display":"","site-post-title":"","ast-breadcrumbs-content":"","ast-featured-img":"","footer-sml-layout":"","theme-transparent-header-meta":"default","adv-header-id-meta":"","stick-header-meta":"default","header-above-stick-meta":"","header-main-stick-meta":"","header-below-stick-meta":"","astra-migrate-meta-layouts":"","ast-page-background-enabled":"default","ast-page-background-meta":{"desktop":{"background-color":"","background-image":"","background-repeat":"repeat","background-position":"center center","background-size":"auto","background-attachment":"scroll","background-type":"","background-media":"","overlay-type":"","overlay-color":"","overlay-gradient":""},"tablet":{"background-color":"","background-image":"","background-repeat":"repeat","background-position":"center center","background-size":"auto","background-attachment":"scroll","background-type":"","background-media":"","overlay-type":"","overlay-color":"","overlay-gradient":""},"mobile":{"background-color":"","background-image":"","background-repeat":"repeat","background-position":"center center","background-size":"auto","background-attachment":"scroll","background-type":"","background-media":"","overlay-type":"","overlay-color":"","overlay-gradient":""}},"ast-content-background-meta":{"desktop":{"background-color":"var(--ast-global-color-5)","background-image":"","background-repeat":"repeat","background-position":"center center","background-size":"auto","background-attachment":"scroll","background-type":"","background-media":"","overlay-type":"","overlay-color":"","overlay-gradient":""},"tablet":{"background-color":"var(--ast-global-color-5)","background-image":"","background-repeat":"repeat","background-position":"center center","background-size":"auto","background-attachment":"scroll","background-type":"","background-media":"","overlay-type":"","overlay-color":"","overlay-gradient":""},"mobile":{"background-color":"var(--ast-global-color-5)","background-image":"","background-repeat":"repeat","background-position":"center center","background-size":"auto","background-attachment":"scroll","background-type":"","background-media":"","overlay-type":"","overlay-color":"","overlay-gradient":""}}},"product_cat":[44,51],"product_tag":[47,52,53],"class_list":["post-1390","product","type-product","status-publish","has-post-thumbnail","hentry","product_cat-reer","product_cat-securite-et-confort-bebe","product_tag-reer","product_tag-securite","product_tag-securite-bebe","desktop-align-left","tablet-align-left","mobile-align-left"],"_links":{"self":[{"href":"https:\/\/jouetentunisie.tn\/index.php\/wp-json\/wp\/v2\/product\/1390","targetHints":{"allow":["GET"]}}],"collection":[{"href":"https:\/\/jouetentunisie.tn\/index.php\/wp-json\/wp\/v2\/product"}],"about":[{"href":"https:\/\/jouetentunisie.tn\/index.php\/wp-json\/wp\/v2\/types\/product"}],"replies":[{"embeddable":true,"href":"https:\/\/jouetentunisie.tn\/index.php\/wp-json\/wp\/v2\/comments?post=1390"}],"wp:featuredmedia":[{"embeddable":true,"href":"https:\/\/jouetentunisie.tn\/index.php\/wp-json\/wp\/v2\/media\/1422"}],"wp:attachment":[{"href":"https:\/\/jouetentunisie.tn\/index.php\/wp-json\/wp\/v2\/media?parent=1390"}],"wp:term":[{"taxonomy":"product_cat","embeddable":true,"href":"https:\/\/jouetentunisie.tn\/index.php\/wp-json\/wp\/v2\/product_cat?post=1390"},{"taxonomy":"product_tag","embeddable":true,"href":"https:\/\/jouetentunisie.tn\/index.php\/wp-json\/wp\/v2\/product_tag?post=1390"}],"curies":[{"name":"wp","href":"https:\/\/api.w.org\/{rel}","templated":true}]}}