{"id":1391,"date":"2023-11-23T15:21:55","date_gmt":"2023-11-23T14:21:55","guid":{"rendered":"https:\/\/jouetentunisie.tn\/?post_type=product&#038;p=1391"},"modified":"2023-11-23T15:22:03","modified_gmt":"2023-11-23T14:22:03","slug":"chauffe-biberon-foodball-reer","status":"publish","type":"product","link":"https:\/\/jouetentunisie.tn\/index.php\/produit\/chauffe-biberon-foodball-reer\/","title":{"rendered":"Chauffe Biberon Foodball REER"},"content":{"rendered":"<p>Chauffe Biberon Foodball de la marque REER avec container pour r\u00e9chauffer les pot b\u00e9b\u00e9s. Fabriqu\u00e9 par la marque Allemande REER avec garanti de s\u00e9curit\u00e9 et d&rsquo;efficacit\u00e9. En outre, REER propose aussi plusieurs autres <a href=\"https:\/\/www.tipirate-store.tn\/categorie-produit\/chauffe-biberons-et-sterilisateurs\/\">chauffes biberons et st\u00e9rilisateurs<\/a>. <span style=\"font-size: 16px;\">Le fabriquant REER est sp\u00e9cialiste des articles pour le confort et la s\u00e9curit\u00e9 de b\u00e9b\u00e9 et maman.<\/span> Chauffage en quelques minutes et r\u00e9glage de la temp\u00e9rature facile. Avec le chauffe biberon FoodBall de REER vous pr\u00e9parerez de d\u00e9licieux repas pour b\u00e9b\u00e9 ! En outre, Les vitamines et les prot\u00e9ines sensibles \u00e0 la chaleur du micro-onde sont parfaitement stables<span style=\"font-size: 16px;\"> avec les chauffe biberons, les aliments restent ainsi sains! <span class=\"a-list-item\">Dans la m\u00eame cat\u00e9gorie le <a href=\"https:\/\/www.tipirate-store.tn\/produit\/chauffe-biberon-simplyhot-reer\/\">simply Hot<\/a> et le <a href=\"https:\/\/www.tipirate-store.tn\/produit\/chauffe-biberon-foodball-reer\/\">foodball<\/a> <\/span>ainsi que le st\u00e9rilisateur <a href=\"https:\/\/www.tipirate-store.tn\/produit\/sterilisateur-biberons-vapomax-reer\/\">Vapomax<\/a> et <a href=\"https:\/\/www.tipirate-store.tn\/produit\/sterilisateur-biberons-vapomat-reer\/\">vapomat<\/a>!<\/span><\/p>\n<p><span style=\"font-size: 16px;\">En outres, Les oligo-\u00e9l\u00e9ments essentiels sont parfaitement conserv\u00e9s dans les repas de b\u00e9b\u00e9. Effectuer un chauffage parfait \u00e0 une temp\u00e9rature ad\u00e9quate des repas de b\u00e9b\u00e9. Id\u00e9ale pour chauffer des biberons et des petits pots. Utilisation rapide et facile. R\u00e9cipient pratique pour le chauffage des repas. Avec la fonction maintient de la temp\u00e9rature des repas une fois chauff\u00e9s. <\/span><span class=\"a-list-item\" style=\"font-size: 16px;\">En outre, l<\/span><span class=\"a-list-item\" style=\"font-size: 16px;\">e Chauffe biberon Foodball de REER est un outil indispensable pour les nouvelles mamans. Il leur permettra de gagner beaucoup de temps et de tranquillit\u00e9!<\/span><\/p>\n<p><span style=\"font-size: 16px; font-style: normal; font-weight: 400;\">Achetez et commandez en ligne ou d\u00e9couvrez cet article de b\u00e9b\u00e9 dans notre magasin de jouets et articles b\u00e9b\u00e9 \u00e0 Tunis, Tunisie.<\/span><span style=\"font-size: 16px; font-style: normal; font-weight: 400;\">\u00a0<\/span><br \/>\nPour plus d&rsquo;information visiter le site officiel <a href=\"https:\/\/www.reer.de\/\">REER<\/a><\/p>\n","protected":false},"excerpt":{"rendered":"<p>Chauffe Biberon Foodball de la marque REER avec container pour r\u00e9chauffer les pot b\u00e9b\u00e9s. Fabriqu\u00e9 par la marque Allemande REER garanti de s\u00e9curit\u00e9 et d&rsquo;efficacit\u00e9 et fait partie de la gamme de chauffes biberons et st\u00e9rilisateurs. Chauffage en quelques minutes et r\u00e9glage temp\u00e9rature facile. Avec le chauffe-biberon FoodBall de REER vous pr\u00e9parerez de d\u00e9licieux repas pour b\u00e9b\u00e9 ! Les vitamines et les prot\u00e9ines sont tr\u00e8s sensibles \u00e0 la chaleur et risquent d&rsquo;\u00eatre \u00e9limin\u00e9es en cas de lait trop chauff\u00e9. Des oligo-\u00e9l\u00e9ments essentiels risquent ainsi de manquer dans les repas de b\u00e9b\u00e9. Faites alors attention \u00e0 un chauffage parfait et \u00e0 une temp\u00e9rature ad\u00e9quate des repas de b\u00e9b\u00e9 gr\u00e2ce au chiffe biberon REER. Id\u00e9ale pour chauffer des biberons et des petits pots, Utilisation facile. R\u00e9cipient pratique pour le chauffage des repas. Fonction maintient de la temp\u00e9rature des repas une fois chauff\u00e9s.<\/p>\n","protected":false},"featured_media":1424,"comment_status":"open","ping_status":"closed","template":"","meta":{"site-sidebar-layout":"default","site-content-layout":"default","ast-site-content-layout":"","site-content-style":"","site-sidebar-style":"","ast-global-header-display":"","ast-banner-title-visibility":"","ast-main-header-display":"","ast-hfb-above-header-display":"","ast-hfb-below-header-display":"","ast-hfb-mobile-header-display":"","site-post-title":"","ast-breadcrumbs-content":"","ast-featured-img":"","footer-sml-layout":"","theme-transparent-header-meta":"default","adv-header-id-meta":"","stick-header-meta":"default","header-above-stick-meta":"","header-main-stick-meta":"","header-below-stick-meta":"","astra-migrate-meta-layouts":"","ast-page-background-enabled":"default","ast-page-background-meta":{"desktop":{"background-color":"","background-image":"","background-repeat":"repeat","background-position":"center center","background-size":"auto","background-attachment":"scroll","background-type":"","background-media":"","overlay-type":"","overlay-color":"","overlay-gradient":""},"tablet":{"background-color":"","background-image":"","background-repeat":"repeat","background-position":"center center","background-size":"auto","background-attachment":"scroll","background-type":"","background-media":"","overlay-type":"","overlay-color":"","overlay-gradient":""},"mobile":{"background-color":"","background-image":"","background-repeat":"repeat","background-position":"center center","background-size":"auto","background-attachment":"scroll","background-type":"","background-media":"","overlay-type":"","overlay-color":"","overlay-gradient":""}},"ast-content-background-meta":{"desktop":{"background-color":"var(--ast-global-color-5)","background-image":"","background-repeat":"repeat","background-position":"center center","background-size":"auto","background-attachment":"scroll","background-type":"","background-media":"","overlay-type":"","overlay-color":"","overlay-gradient":""},"tablet":{"background-color":"var(--ast-global-color-5)","background-image":"","background-repeat":"repeat","background-position":"center center","background-size":"auto","background-attachment":"scroll","background-type":"","background-media":"","overlay-type":"","overlay-color":"","overlay-gradient":""},"mobile":{"background-color":"var(--ast-global-color-5)","background-image":"","background-repeat":"repeat","background-position":"center center","background-size":"auto","background-attachment":"scroll","background-type":"","background-media":"","overlay-type":"","overlay-color":"","overlay-gradient":""}}},"product_cat":[54,44],"product_tag":[47,50],"class_list":["post-1391","product","type-product","status-publish","has-post-thumbnail","hentry","product_cat-chauffe-biberons-et-sterilisateurs","product_cat-reer","product_tag-reer","product_tag-repas-bebe","desktop-align-left","tablet-align-left","mobile-align-left"],"_links":{"self":[{"href":"https:\/\/jouetentunisie.tn\/index.php\/wp-json\/wp\/v2\/product\/1391","targetHints":{"allow":["GET"]}}],"collection":[{"href":"https:\/\/jouetentunisie.tn\/index.php\/wp-json\/wp\/v2\/product"}],"about":[{"href":"https:\/\/jouetentunisie.tn\/index.php\/wp-json\/wp\/v2\/types\/product"}],"replies":[{"embeddable":true,"href":"https:\/\/jouetentunisie.tn\/index.php\/wp-json\/wp\/v2\/comments?post=1391"}],"wp:featuredmedia":[{"embeddable":true,"href":"https:\/\/jouetentunisie.tn\/index.php\/wp-json\/wp\/v2\/media\/1424"}],"wp:attachment":[{"href":"https:\/\/jouetentunisie.tn\/index.php\/wp-json\/wp\/v2\/media?parent=1391"}],"wp:term":[{"taxonomy":"product_cat","embeddable":true,"href":"https:\/\/jouetentunisie.tn\/index.php\/wp-json\/wp\/v2\/product_cat?post=1391"},{"taxonomy":"product_tag","embeddable":true,"href":"https:\/\/jouetentunisie.tn\/index.php\/wp-json\/wp\/v2\/product_tag?post=1391"}],"curies":[{"name":"wp","href":"https:\/\/api.w.org\/{rel}","templated":true}]}}