{"id":1393,"date":"2023-11-23T15:21:55","date_gmt":"2023-11-23T14:21:55","guid":{"rendered":"https:\/\/jouetentunisie.tn\/?post_type=product&#038;p=1393"},"modified":"2023-11-23T15:22:05","modified_gmt":"2023-11-23T14:22:05","slug":"chauffe-biberon-simplyhot-reer","status":"publish","type":"product","link":"https:\/\/jouetentunisie.tn\/index.php\/produit\/chauffe-biberon-simplyhot-reer\/","title":{"rendered":"Chauffe biberon SimplyHot REER"},"content":{"rendered":"<h2>Chauffe biberon SimplyHot REER<\/h2>\n<p>Chauffe biberon SimplyHot de la marque Allemande REER. Permet le Chauffage en 3-4min des biberons et aliments b\u00e9b\u00e9s avec temp\u00e9rature r\u00e9glable. Permet de conserver la valeur nutritive des aliments contrairement au chauffage par micro-ondes!\u00a0 <span style=\"font-size: 16px;\">Le fabriquant REER est sp\u00e9cialiste des articles pour le confort et la <a style=\"font-size: 16px; background-color: #ffffff;\" href=\"https:\/\/www.tipirate-store.tn\/categorie-produit\/securite-et-confort-bebe\/\">s\u00e9curit\u00e9 de b\u00e9b\u00e9 et maman<\/a>.\u00a0<\/span>En outre, <span class=\"a-list-item\" style=\"font-size: 16px;\">REER est une marque dans le domaine de la s\u00e9curit\u00e9 des enfants avec plus de 90 ans d&rsquo;exp\u00e9rience. Ce chuaffe biberon permet un C<\/span><span class=\"a-list-item\">hauffage doux et uniforme des aliments pour b\u00e9b\u00e9s dans un bain-marie. <\/span><\/p>\n<p><span class=\"a-list-item\">Ce chauffe biberon contient une<\/span><span class=\"a-list-item\"> fonction de maintien au chaud, et un arr\u00eat contr\u00f4l\u00e9 par thermostat. De plus dispose d&rsquo;une <\/span><span class=\"a-list-item\">lumi\u00e8re de contr\u00f4le optique, facile et pratique ceci permet un contr\u00f4le du thermostat en continu! De plus,\u00a0 Le Chauffe biberon SimplyHot REER est un outil indispensable pour les nouvelles mamans et leur permettra de gagner beaucoup de temps et de tranquillit\u00e9! La marque REER propose aussi d&rsquo;autres chauffe biberons et des st\u00e9rilisateurs pour b\u00e9b\u00e9 et maman. Convient au biberons avec diam\u00e8tres de 70cm.<\/span><\/p>\n<p>&nbsp;<\/p>\n<p><span style=\"font-size: 16px; font-style: normal; font-weight: 400;\">Achetez et commandez en ligne ou d\u00e9couvrez cet article de b\u00e9b\u00e9 dans notre magasin de jouets et articles b\u00e9b\u00e9 \u00e0 Tunis, Tunisie.<\/span><span style=\"font-size: 16px; font-style: normal; font-weight: 400;\">\u00a0<\/span><\/p>\n<p>Pour plus d&rsquo;informations visiter le site officiel <a href=\"https:\/\/www.reer.de\/en\">REER<\/a><\/p>\n","protected":false},"excerpt":{"rendered":"<p>Chauffe biberon Simply Hot RE3310. Chauffage en 3-4min avec temp\u00e9rature r\u00e9glable.<\/p>\n","protected":false},"featured_media":1428,"comment_status":"open","ping_status":"closed","template":"","meta":{"site-sidebar-layout":"default","site-content-layout":"default","ast-site-content-layout":"","site-content-style":"","site-sidebar-style":"","ast-global-header-display":"","ast-banner-title-visibility":"","ast-main-header-display":"","ast-hfb-above-header-display":"","ast-hfb-below-header-display":"","ast-hfb-mobile-header-display":"","site-post-title":"","ast-breadcrumbs-content":"","ast-featured-img":"","footer-sml-layout":"","theme-transparent-header-meta":"default","adv-header-id-meta":"","stick-header-meta":"default","header-above-stick-meta":"","header-main-stick-meta":"","header-below-stick-meta":"","astra-migrate-meta-layouts":"","ast-page-background-enabled":"default","ast-page-background-meta":{"desktop":{"background-color":"","background-image":"","background-repeat":"repeat","background-position":"center center","background-size":"auto","background-attachment":"scroll","background-type":"","background-media":"","overlay-type":"","overlay-color":"","overlay-gradient":""},"tablet":{"background-color":"","background-image":"","background-repeat":"repeat","background-position":"center center","background-size":"auto","background-attachment":"scroll","background-type":"","background-media":"","overlay-type":"","overlay-color":"","overlay-gradient":""},"mobile":{"background-color":"","background-image":"","background-repeat":"repeat","background-position":"center center","background-size":"auto","background-attachment":"scroll","background-type":"","background-media":"","overlay-type":"","overlay-color":"","overlay-gradient":""}},"ast-content-background-meta":{"desktop":{"background-color":"var(--ast-global-color-5)","background-image":"","background-repeat":"repeat","background-position":"center center","background-size":"auto","background-attachment":"scroll","background-type":"","background-media":"","overlay-type":"","overlay-color":"","overlay-gradient":""},"tablet":{"background-color":"var(--ast-global-color-5)","background-image":"","background-repeat":"repeat","background-position":"center center","background-size":"auto","background-attachment":"scroll","background-type":"","background-media":"","overlay-type":"","overlay-color":"","overlay-gradient":""},"mobile":{"background-color":"var(--ast-global-color-5)","background-image":"","background-repeat":"repeat","background-position":"center center","background-size":"auto","background-attachment":"scroll","background-type":"","background-media":"","overlay-type":"","overlay-color":"","overlay-gradient":""}}},"product_cat":[54,44],"product_tag":[47,50],"class_list":["post-1393","product","type-product","status-publish","has-post-thumbnail","hentry","product_cat-chauffe-biberons-et-sterilisateurs","product_cat-reer","product_tag-reer","product_tag-repas-bebe","desktop-align-left","tablet-align-left","mobile-align-left"],"_links":{"self":[{"href":"https:\/\/jouetentunisie.tn\/index.php\/wp-json\/wp\/v2\/product\/1393","targetHints":{"allow":["GET"]}}],"collection":[{"href":"https:\/\/jouetentunisie.tn\/index.php\/wp-json\/wp\/v2\/product"}],"about":[{"href":"https:\/\/jouetentunisie.tn\/index.php\/wp-json\/wp\/v2\/types\/product"}],"replies":[{"embeddable":true,"href":"https:\/\/jouetentunisie.tn\/index.php\/wp-json\/wp\/v2\/comments?post=1393"}],"wp:featuredmedia":[{"embeddable":true,"href":"https:\/\/jouetentunisie.tn\/index.php\/wp-json\/wp\/v2\/media\/1428"}],"wp:attachment":[{"href":"https:\/\/jouetentunisie.tn\/index.php\/wp-json\/wp\/v2\/media?parent=1393"}],"wp:term":[{"taxonomy":"product_cat","embeddable":true,"href":"https:\/\/jouetentunisie.tn\/index.php\/wp-json\/wp\/v2\/product_cat?post=1393"},{"taxonomy":"product_tag","embeddable":true,"href":"https:\/\/jouetentunisie.tn\/index.php\/wp-json\/wp\/v2\/product_tag?post=1393"}],"curies":[{"name":"wp","href":"https:\/\/api.w.org\/{rel}","templated":true}]}}