{"id":1395,"date":"2023-11-23T15:21:56","date_gmt":"2023-11-23T14:21:56","guid":{"rendered":"https:\/\/jouetentunisie.tn\/?post_type=product&#038;p=1395"},"modified":"2023-11-23T15:22:08","modified_gmt":"2023-11-23T14:22:08","slug":"veilleuse-led-sensible-reer","status":"publish","type":"product","link":"https:\/\/jouetentunisie.tn\/index.php\/produit\/veilleuse-led-sensible-reer\/","title":{"rendered":"Veilleuse LED sensible REER"},"content":{"rendered":"<h2>Veilleuse LED sensible REER<\/h2>\n<p>Veilleuse LED sensible \u00e0 la lumi\u00e8re s&rsquo;allume et s&rsquo;\u00e9teint toute seule de la marque Allemande REER. Grande durabilit\u00e9. Fonctionne sur alimentation du secteur prise. <span style=\"font-size: 16px;\">Le fabriquant REER est sp\u00e9cialiste des articles pour le confort et la <a style=\"font-size: 16px; background-color: #ffffff;\" href=\"https:\/\/www.tipirate-store.tn\/categorie-produit\/securite-et-confort-bebe\/\">s\u00e9curit\u00e9 de b\u00e9b\u00e9 et maman<\/a>. En outre, <span class=\"a-list-item\" style=\"font-size: 16px;\">REER est une marque dans le domaine de la s\u00e9curit\u00e9 des enfants avec plus de 90 ans d&rsquo;exp\u00e9rience. <\/span><\/span>Emet une lumi\u00e8re blanche tr\u00e8s douce pour l&rsquo;enfant qui s&rsquo;allume et s&rsquo;\u00e9teint en fonction de la luminosit\u00e9 de la chambre! Cette lampe est \u00e9galement \u00e9conomique et consomme tr\u00e8s peu d&rsquo;\u00e9nergie!<\/p>\n<p>La veilleuse est certainement un des \u00e9l\u00e9ments indispensables pour la chambre des enfants. Lorsque la nuit tombe, elle peut \u00eatre source de craintes et de peurs pour votre enfant, et ce quel que soit son \u00e2ge. La veilleuse LED favorise le sommeil de vos enfants tout en les rassurant lors des petits r\u00e9veils nocturnes. La veilleuse LED sensible de REER \u00e9claire de fa\u00e7on douce et r\u00e9confortante la chambre de votre enfant. C&rsquo;est un outil indispensable pour les nouvelles maman et b\u00e9b\u00e9 et sera un cadeau de naissance id\u00e9al \u00e9galement!<\/p>\n<p><span style=\"font-size: 16px; font-style: normal; font-weight: 400;\">Achetez et commandez en ligne ou d\u00e9couvrez cet article de b\u00e9b\u00e9 dans notre magasin de jouets et articles b\u00e9b\u00e9 \u00e0 Tunis, Tunisie.<\/span><span style=\"font-size: 16px; font-style: normal; font-weight: 400;\">\u00a0<\/span><\/p>\n<p>Pour plus d&rsquo;informations visiter le site officiel <a href=\"https:\/\/www.reer.de\/en\">REER<\/a><\/p>\n","protected":false},"excerpt":{"rendered":"<p>Veilleuse LED sensible \u00e0 la lumi\u00e8re s&rsquo;allume et s&rsquo;\u00e9teint toute seule de la marque Allemande REER. Grande durabilit\u00e9. Fonctionne sur alimentation du secteur prise. Le fabriquant REER est sp\u00e9cialiste des articles pour le confort et la s\u00e9curit\u00e9 de b\u00e9b\u00e9 et maman. En outre, REER est une marque dans le domaine de la s\u00e9curit\u00e9 des enfants avec plus de 90 ans d&rsquo;exp\u00e9rience. Emet une lumi\u00e8re blanche tr\u00e8s douce pour l&rsquo;enfant qui s&rsquo;allume et s&rsquo;\u00e9teint en fonction de la luminosit\u00e9 de la chambre! Cette lampe est \u00e9galement \u00e9conomique et consomme tr\u00e8s peu d&rsquo;\u00e9nergie!<\/p>\n<p>La veilleuse est certainement un des \u00e9l\u00e9ments indispensables pour la chambre des enfants. Lorsque la nuit tombe, elle peut \u00eatre source de craintes et de peurs pour votre enfant, et ce quel que soit son \u00e2ge. La veilleuse LED favorise le sommeil de vos enfants tout en les rassurant lors des petits r\u00e9veils nocturnes. La veilleuse LED sensible de REER \u00e9claire de fa\u00e7on douce et r\u00e9confortante la chambre de votre enfant. C&rsquo;est un outil indispensable pour les nouvelles maman et b\u00e9b\u00e9 et sera un cadeau de naissance id\u00e9al \u00e9galement!<\/p>\n","protected":false},"featured_media":1432,"comment_status":"open","ping_status":"closed","template":"","meta":{"site-sidebar-layout":"default","site-content-layout":"default","ast-site-content-layout":"","site-content-style":"","site-sidebar-style":"","ast-global-header-display":"","ast-banner-title-visibility":"","ast-main-header-display":"","ast-hfb-above-header-display":"","ast-hfb-below-header-display":"","ast-hfb-mobile-header-display":"","site-post-title":"","ast-breadcrumbs-content":"","ast-featured-img":"","footer-sml-layout":"","theme-transparent-header-meta":"default","adv-header-id-meta":"","stick-header-meta":"default","header-above-stick-meta":"","header-main-stick-meta":"","header-below-stick-meta":"","astra-migrate-meta-layouts":"","ast-page-background-enabled":"default","ast-page-background-meta":{"desktop":{"background-color":"","background-image":"","background-repeat":"repeat","background-position":"center center","background-size":"auto","background-attachment":"scroll","background-type":"","background-media":"","overlay-type":"","overlay-color":"","overlay-gradient":""},"tablet":{"background-color":"","background-image":"","background-repeat":"repeat","background-position":"center center","background-size":"auto","background-attachment":"scroll","background-type":"","background-media":"","overlay-type":"","overlay-color":"","overlay-gradient":""},"mobile":{"background-color":"","background-image":"","background-repeat":"repeat","background-position":"center center","background-size":"auto","background-attachment":"scroll","background-type":"","background-media":"","overlay-type":"","overlay-color":"","overlay-gradient":""}},"ast-content-background-meta":{"desktop":{"background-color":"var(--ast-global-color-5)","background-image":"","background-repeat":"repeat","background-position":"center center","background-size":"auto","background-attachment":"scroll","background-type":"","background-media":"","overlay-type":"","overlay-color":"","overlay-gradient":""},"tablet":{"background-color":"var(--ast-global-color-5)","background-image":"","background-repeat":"repeat","background-position":"center center","background-size":"auto","background-attachment":"scroll","background-type":"","background-media":"","overlay-type":"","overlay-color":"","overlay-gradient":""},"mobile":{"background-color":"var(--ast-global-color-5)","background-image":"","background-repeat":"repeat","background-position":"center center","background-size":"auto","background-attachment":"scroll","background-type":"","background-media":"","overlay-type":"","overlay-color":"","overlay-gradient":""}}},"product_cat":[40,44,51],"product_tag":[47,52,53],"class_list":["post-1395","product","type-product","status-publish","has-post-thumbnail","hentry","product_cat-promo","product_cat-reer","product_cat-securite-et-confort-bebe","product_tag-reer","product_tag-securite","product_tag-securite-bebe","desktop-align-left","tablet-align-left","mobile-align-left"],"_links":{"self":[{"href":"https:\/\/jouetentunisie.tn\/index.php\/wp-json\/wp\/v2\/product\/1395","targetHints":{"allow":["GET"]}}],"collection":[{"href":"https:\/\/jouetentunisie.tn\/index.php\/wp-json\/wp\/v2\/product"}],"about":[{"href":"https:\/\/jouetentunisie.tn\/index.php\/wp-json\/wp\/v2\/types\/product"}],"replies":[{"embeddable":true,"href":"https:\/\/jouetentunisie.tn\/index.php\/wp-json\/wp\/v2\/comments?post=1395"}],"wp:featuredmedia":[{"embeddable":true,"href":"https:\/\/jouetentunisie.tn\/index.php\/wp-json\/wp\/v2\/media\/1432"}],"wp:attachment":[{"href":"https:\/\/jouetentunisie.tn\/index.php\/wp-json\/wp\/v2\/media?parent=1395"}],"wp:term":[{"taxonomy":"product_cat","embeddable":true,"href":"https:\/\/jouetentunisie.tn\/index.php\/wp-json\/wp\/v2\/product_cat?post=1395"},{"taxonomy":"product_tag","embeddable":true,"href":"https:\/\/jouetentunisie.tn\/index.php\/wp-json\/wp\/v2\/product_tag?post=1395"}],"curies":[{"name":"wp","href":"https:\/\/api.w.org\/{rel}","templated":true}]}}