{"id":1396,"date":"2023-11-23T15:21:56","date_gmt":"2023-11-23T14:21:56","guid":{"rendered":"https:\/\/jouetentunisie.tn\/?post_type=product&#038;p=1396"},"modified":"2023-11-23T15:22:09","modified_gmt":"2023-11-23T14:22:09","slug":"lumiere-led-accrochable-reer","status":"publish","type":"product","link":"https:\/\/jouetentunisie.tn\/index.php\/produit\/lumiere-led-accrochable-reer\/","title":{"rendered":"Lumi\u00e8re LED accrochable REER"},"content":{"rendered":"<p>Lumi\u00e8re LED pour maman et moi, avec projection et intensit\u00e9 r\u00e9glable\u00a0 accrochable de la marque Allemande REER. Peut se fixer facilement sur tout support \u00e9galement sur v\u00eatements! <span style=\"font-size: 16px;\">Le fabriquant REER est sp\u00e9cialiste des articles pour le confort et la <a style=\"font-size: 16px; background-color: #ffffff;\" href=\"https:\/\/www.tipirate-store.tn\/categorie-produit\/securite-et-confort-bebe\/\">s\u00e9curit\u00e9 de b\u00e9b\u00e9 et maman<\/a>. En outre, <span class=\"a-list-item\" style=\"font-size: 16px;\">REER est une marque dans le domaine de la s\u00e9curit\u00e9 des enfants avec plus de 90 ans d&rsquo;exp\u00e9rience. Lumi\u00e8re LED Douce avec intensit\u00e9 r\u00e9glable. Id\u00e9ale pour le r\u00e9veil la nuit sans d\u00e9ranger ceux qui dorment. De Couleur Blanche, avec angle lumineux r\u00e9glable de mani\u00e8re flexible. Id\u00e9ale pour l&rsquo;allaitement durant la nuit, \u00e9galement adapt\u00e9 comme lampe de chevet. Avec une grande pince de maintien pour une fixation sur v\u00eatements ou pour mettre sur une table ou ailleurs. La Lumi\u00e8re LED accrochable REER est \u00e9galement un outil indispensable pour les nouvelles mamans! Avec toute la garantie de qualit\u00e9 et s\u00e9curit\u00e9 pour la maman et le b\u00e9b\u00e9 de REER! La\u00a0lampe\u00a0de style offre une belle atmosph\u00e8re de somnolence. Les\u00a0LED jaunes assurent une lumi\u00e8re douce et peuvent \u00eatre chang\u00e9es entre deux niveaux de luminosit\u00e9!<\/span><\/span><\/p>\n<p>&nbsp;<\/p>\n<p><span style=\"font-size: 16px; font-style: normal; font-weight: 400;\">Achetez et commandez en ligne ou d\u00e9couvrez cet article de b\u00e9b\u00e9 dans notre magasin de jouets et articles b\u00e9b\u00e9 \u00e0 Tunis, Tunisie.<\/span><span style=\"font-size: 16px; font-style: normal; font-weight: 400;\">\u00a0<\/span><\/p>\n<p>Pour plus d&rsquo;informations visiter le site officiel <a href=\"https:\/\/www.reer.de\/en\">REER<\/a><\/p>\n","protected":false},"excerpt":{"rendered":"<p>Lumi\u00e8re LED pour maman et moi, avec projection et intensit\u00e9 r\u00e9glable\u00a0 accrochable de la marque Allemande REER. Peut se fixer facilement sur tout support \u00e9galement sur v\u00eatements! Le fabriquant REER est sp\u00e9cialiste des articles pour le confort et la s\u00e9curit\u00e9 de b\u00e9b\u00e9 et maman. En outre, REER est une marque dans le domaine de la s\u00e9curit\u00e9 des enfants avec plus de 90 ans d&rsquo;exp\u00e9rience. Lumi\u00e8re LED Douce avec intensit\u00e9 r\u00e9glable. Id\u00e9ale pour le r\u00e9veil la nuit sans d\u00e9ranger ceux qui dorment. De Couleur Blanche, avec angle lumineux r\u00e9glable de mani\u00e8re flexible. Id\u00e9ale pour l&rsquo;allaitement durant la nuit, \u00e9galement adapt\u00e9 comme lampe de chevet. Avec une grande pince de maintien pour une fixation sur v\u00eatements ou pour mettre sur une table ou ailleurs. La Lumi\u00e8re LED accrochable REER est \u00e9galement un outil indispensable pour les nouvelles mamans! Avec toute la garantie de qualit\u00e9 et s\u00e9curit\u00e9 pour la maman et le b\u00e9b\u00e9 de REER! La\u00a0lampe\u00a0de style offre une belle atmosph\u00e8re de somnolence. Les\u00a0LED jaunes assurent une lumi\u00e8re douce et peuvent \u00eatre chang\u00e9es entre deux niveaux de luminosit\u00e9!<\/p>\n","protected":false},"featured_media":1434,"comment_status":"open","ping_status":"closed","template":"","meta":{"site-sidebar-layout":"default","site-content-layout":"default","ast-site-content-layout":"","site-content-style":"","site-sidebar-style":"","ast-global-header-display":"","ast-banner-title-visibility":"","ast-main-header-display":"","ast-hfb-above-header-display":"","ast-hfb-below-header-display":"","ast-hfb-mobile-header-display":"","site-post-title":"","ast-breadcrumbs-content":"","ast-featured-img":"","footer-sml-layout":"","theme-transparent-header-meta":"default","adv-header-id-meta":"","stick-header-meta":"default","header-above-stick-meta":"","header-main-stick-meta":"","header-below-stick-meta":"","astra-migrate-meta-layouts":"","ast-page-background-enabled":"default","ast-page-background-meta":{"desktop":{"background-color":"","background-image":"","background-repeat":"repeat","background-position":"center center","background-size":"auto","background-attachment":"scroll","background-type":"","background-media":"","overlay-type":"","overlay-color":"","overlay-gradient":""},"tablet":{"background-color":"","background-image":"","background-repeat":"repeat","background-position":"center center","background-size":"auto","background-attachment":"scroll","background-type":"","background-media":"","overlay-type":"","overlay-color":"","overlay-gradient":""},"mobile":{"background-color":"","background-image":"","background-repeat":"repeat","background-position":"center center","background-size":"auto","background-attachment":"scroll","background-type":"","background-media":"","overlay-type":"","overlay-color":"","overlay-gradient":""}},"ast-content-background-meta":{"desktop":{"background-color":"var(--ast-global-color-5)","background-image":"","background-repeat":"repeat","background-position":"center center","background-size":"auto","background-attachment":"scroll","background-type":"","background-media":"","overlay-type":"","overlay-color":"","overlay-gradient":""},"tablet":{"background-color":"var(--ast-global-color-5)","background-image":"","background-repeat":"repeat","background-position":"center center","background-size":"auto","background-attachment":"scroll","background-type":"","background-media":"","overlay-type":"","overlay-color":"","overlay-gradient":""},"mobile":{"background-color":"var(--ast-global-color-5)","background-image":"","background-repeat":"repeat","background-position":"center center","background-size":"auto","background-attachment":"scroll","background-type":"","background-media":"","overlay-type":"","overlay-color":"","overlay-gradient":""}}},"product_cat":[44,51],"product_tag":[52,53],"class_list":["post-1396","product","type-product","status-publish","has-post-thumbnail","hentry","product_cat-reer","product_cat-securite-et-confort-bebe","product_tag-securite","product_tag-securite-bebe","desktop-align-left","tablet-align-left","mobile-align-left"],"_links":{"self":[{"href":"https:\/\/jouetentunisie.tn\/index.php\/wp-json\/wp\/v2\/product\/1396","targetHints":{"allow":["GET"]}}],"collection":[{"href":"https:\/\/jouetentunisie.tn\/index.php\/wp-json\/wp\/v2\/product"}],"about":[{"href":"https:\/\/jouetentunisie.tn\/index.php\/wp-json\/wp\/v2\/types\/product"}],"replies":[{"embeddable":true,"href":"https:\/\/jouetentunisie.tn\/index.php\/wp-json\/wp\/v2\/comments?post=1396"}],"wp:featuredmedia":[{"embeddable":true,"href":"https:\/\/jouetentunisie.tn\/index.php\/wp-json\/wp\/v2\/media\/1434"}],"wp:attachment":[{"href":"https:\/\/jouetentunisie.tn\/index.php\/wp-json\/wp\/v2\/media?parent=1396"}],"wp:term":[{"taxonomy":"product_cat","embeddable":true,"href":"https:\/\/jouetentunisie.tn\/index.php\/wp-json\/wp\/v2\/product_cat?post=1396"},{"taxonomy":"product_tag","embeddable":true,"href":"https:\/\/jouetentunisie.tn\/index.php\/wp-json\/wp\/v2\/product_tag?post=1396"}],"curies":[{"name":"wp","href":"https:\/\/api.w.org\/{rel}","templated":true}]}}