{"id":1400,"date":"2023-11-23T15:21:57","date_gmt":"2023-11-23T14:21:57","guid":{"rendered":"https:\/\/jouetentunisie.tn\/?post_type=product&#038;p=1400"},"modified":"2023-11-23T15:22:12","modified_gmt":"2023-11-23T14:22:12","slug":"porteur-4en1-fisher-price","status":"publish","type":"product","link":"https:\/\/jouetentunisie.tn\/index.php\/produit\/porteur-4en1-fisher-price\/","title":{"rendered":"Porteur 4en1 Fisher Price"},"content":{"rendered":"<h2>Porteur 4en1 Fisher Price<\/h2>\n<p>Porteur 4en1 Fisher Price de 12mois \u00e0 5ans de la Marque Dolu. Assemblage facile. Utilisable en 4 modes en fonction de l&rsquo;\u00e2ge. De plus, la marque Dolu est un fabriquant qui produit plusieurs types de\u00a0 <a href=\"https:\/\/www.tipirate-store.tn\/categorie-produit\/porteurs-et-voitures-a-pedales\/\">porteurs<\/a>. <span style=\"font-size: 16px;\">Porteur \u00e9volutif, qui s&rsquo;adapte \u00e0 votre enfant ! <\/span><span style=\"font-size: 16px;\">Klaxon musicale et cl\u00e9 de jeu \u00e0 l&rsquo;avant. ! <\/span>La canne parentale permet d&rsquo;aider les plus petits et de les pousser en toute tranquillit\u00e9 ! Un adorable porteur 4 en 1 au design tr\u00e8s color\u00e9 ! Celui-ci poss\u00e8de plusieurs fonctions sp\u00e9cifiques \u00e0 la croissance de b\u00e9b\u00e9. Dans la m\u00eame cat\u00e9gorie le <a href=\"https:\/\/www.tipirate-store.tn\/produit\/porteur-4en1-dolu\/\">porteur 4en1<\/a> et <a href=\"https:\/\/www.tipirate-store.tn\/produit\/porteur-4en1-unicorn-dolu\/\">porteur unicorn<\/a>!<\/p>\n<p>Il y a une canne parentale pour l&rsquo;aider \u00e0 avancer, un arceau pour bien le cramponner lorsqu&rsquo;il est assis et une bascule qu&rsquo;il active avec ses pieds. Une fois bien mis en confiance, b\u00e9b\u00e9 avance sans aide et d\u00e9veloppe son \u00e9quilibre et sa coordination. Ce jouet porteur et un cadeau parfait lors des naissances, et sera tr\u00e8s utile aux parents! Il permettra de rendre heureux votre enfants d\u00e8s 12 mois! Le Porteur 4en1 Fisher Price de la Marque Dolu pr\u00e9sente toutes les normes de qualit\u00e9 et de s\u00e9curit\u00e9 pour votre enfant<\/p>\n<p><span style=\"font-size: 16px; font-style: normal; font-weight: 400;\">Achetez et commandez en ligne ou d\u00e9couvrez ce jouet dans notre magasin \u00e0 Tunis, Tunisie.<\/span><span style=\"font-size: 16px; font-style: normal; font-weight: 400;\">\u00a0<\/span><\/p>\n<p>Pour plus d&rsquo;informations visiter le site officiel <a href=\"https:\/\/www.dolu.com.tr\/en\/\">Dolu<\/a><\/p>\n","protected":false},"excerpt":{"rendered":"<p>Porteur 4en1 Fisher Price de 12mois \u00e0 5ans de la Marque Dolu. Assemblage facile. Utilisable en 4 modes en fonction de l&rsquo;\u00e2ge. De plus, la marque Dolu est un fabriquant qui produit plusieurs types de\u00a0 porteurs. Porteur \u00e9volutif, qui s&rsquo;adapte \u00e0 votre enfant ! Klaxon musicale et cl\u00e9 de jeu \u00e0 l&rsquo;avant. ! La canne parentale permet d&rsquo;aider les plus petits et de les pousser en toute tranquillit\u00e9 ! Un adorable porteur 4 en 1 au design tr\u00e8s color\u00e9 ! Celui-ci poss\u00e8de plusieurs fonctions sp\u00e9cifiques \u00e0 la croissance de b\u00e9b\u00e9.<\/p>\n<p>Il y a une canne parentale pour l&rsquo;aider \u00e0 avancer, un arceau pour bien le cramponner lorsqu&rsquo;il est assis et une bascule qu&rsquo;il active avec ses pieds. Une fois bien mis en confiance, b\u00e9b\u00e9 avance sans aide et d\u00e9veloppe son \u00e9quilibre et sa coordination. Ce jouet porteur et un cadeau parfait lors des naissances, et sera tr\u00e8s utile aux parents! Il permettra de rendre heureux votre enfants d\u00e8s 12 mois! Le Porteur 4en1 Fisher Price de la Marque Dolu pr\u00e9sente toutes les noemes de qualit\u00e9 et de s\u00e9curit\u00e9 pour votre enfant<\/p>\n","protected":false},"featured_media":1442,"comment_status":"open","ping_status":"closed","template":"","meta":{"site-sidebar-layout":"default","site-content-layout":"default","ast-site-content-layout":"","site-content-style":"","site-sidebar-style":"","ast-global-header-display":"","ast-banner-title-visibility":"","ast-main-header-display":"","ast-hfb-above-header-display":"","ast-hfb-below-header-display":"","ast-hfb-mobile-header-display":"","site-post-title":"","ast-breadcrumbs-content":"","ast-featured-img":"","footer-sml-layout":"","theme-transparent-header-meta":"default","adv-header-id-meta":"","stick-header-meta":"default","header-above-stick-meta":"","header-main-stick-meta":"","header-below-stick-meta":"","astra-migrate-meta-layouts":"","ast-page-background-enabled":"default","ast-page-background-meta":{"desktop":{"background-color":"","background-image":"","background-repeat":"repeat","background-position":"center center","background-size":"auto","background-attachment":"scroll","background-type":"","background-media":"","overlay-type":"","overlay-color":"","overlay-gradient":""},"tablet":{"background-color":"","background-image":"","background-repeat":"repeat","background-position":"center center","background-size":"auto","background-attachment":"scroll","background-type":"","background-media":"","overlay-type":"","overlay-color":"","overlay-gradient":""},"mobile":{"background-color":"","background-image":"","background-repeat":"repeat","background-position":"center center","background-size":"auto","background-attachment":"scroll","background-type":"","background-media":"","overlay-type":"","overlay-color":"","overlay-gradient":""}},"ast-content-background-meta":{"desktop":{"background-color":"var(--ast-global-color-5)","background-image":"","background-repeat":"repeat","background-position":"center center","background-size":"auto","background-attachment":"scroll","background-type":"","background-media":"","overlay-type":"","overlay-color":"","overlay-gradient":""},"tablet":{"background-color":"var(--ast-global-color-5)","background-image":"","background-repeat":"repeat","background-position":"center center","background-size":"auto","background-attachment":"scroll","background-type":"","background-media":"","overlay-type":"","overlay-color":"","overlay-gradient":""},"mobile":{"background-color":"var(--ast-global-color-5)","background-image":"","background-repeat":"repeat","background-position":"center center","background-size":"auto","background-attachment":"scroll","background-type":"","background-media":"","overlay-type":"","overlay-color":"","overlay-gradient":""}}},"product_cat":[27,37,35],"product_tag":[29,42],"class_list":["post-1400","product","type-product","status-publish","has-post-thumbnail","hentry","product_cat-dolu","product_cat-jouets-1er-age","product_cat-porteurs-et-voitures-a-pedales","product_tag-dolu","product_tag-porteur","product_shipping_class-articles-tres-volumineux","desktop-align-left","tablet-align-left","mobile-align-left"],"_links":{"self":[{"href":"https:\/\/jouetentunisie.tn\/index.php\/wp-json\/wp\/v2\/product\/1400","targetHints":{"allow":["GET"]}}],"collection":[{"href":"https:\/\/jouetentunisie.tn\/index.php\/wp-json\/wp\/v2\/product"}],"about":[{"href":"https:\/\/jouetentunisie.tn\/index.php\/wp-json\/wp\/v2\/types\/product"}],"replies":[{"embeddable":true,"href":"https:\/\/jouetentunisie.tn\/index.php\/wp-json\/wp\/v2\/comments?post=1400"}],"wp:featuredmedia":[{"embeddable":true,"href":"https:\/\/jouetentunisie.tn\/index.php\/wp-json\/wp\/v2\/media\/1442"}],"wp:attachment":[{"href":"https:\/\/jouetentunisie.tn\/index.php\/wp-json\/wp\/v2\/media?parent=1400"}],"wp:term":[{"taxonomy":"product_cat","embeddable":true,"href":"https:\/\/jouetentunisie.tn\/index.php\/wp-json\/wp\/v2\/product_cat?post=1400"},{"taxonomy":"product_tag","embeddable":true,"href":"https:\/\/jouetentunisie.tn\/index.php\/wp-json\/wp\/v2\/product_tag?post=1400"}],"curies":[{"name":"wp","href":"https:\/\/api.w.org\/{rel}","templated":true}]}}