{"id":1402,"date":"2023-11-23T15:21:57","date_gmt":"2023-11-23T14:21:57","guid":{"rendered":"https:\/\/jouetentunisie.tn\/?post_type=product&#038;p=1402"},"modified":"2023-11-23T15:22:13","modified_gmt":"2023-11-23T14:22:13","slug":"set-de-the-dolu","status":"publish","type":"product","link":"https:\/\/jouetentunisie.tn\/index.php\/produit\/set-de-the-dolu\/","title":{"rendered":"Set de Th\u00e9 Dolu"},"content":{"rendered":"<p>Set de Th\u00e9 Fisher Price contient 35pcs de la marque DOLU. A partir de 3ans. Ce service \u00e0 th\u00e9 est parfait pour accompagner les dinettes ou les cuisines pour enfants. Il permet de jouer en d\u00e9veloppant l&rsquo;imagination des plus petits ! Il est fabriqu\u00e9 en plastique de haute qualit\u00e9 et r\u00e9pondant \u00e0 toutes les normes de s\u00e9curit\u00e9 internationales. En outre, La marque Dolu est un fabriquant qui produit plusieurs <a href=\"https:\/\/www.tipirate-store.tn\/categorie-produit\/jeux-de-role-filles\/\">jeu de r\u00f4le filles<\/a>. Vous prendrez bien une tasse de th\u00e9 ou une tisane accompagn\u00e9e d&rsquo;un biscuit napp\u00e9 ? Ce set de service \u00e0 th\u00e9 met l&rsquo;eau \u00e0 la bouche !<\/p>\n<p>De quoi faire un gouter chic et raffin\u00e9 en duo ! Ce jeu d&rsquo;imitation pour les enfants \u00e0 partir de 2 ans est tout \u00e0 fait original. En outre, Il se compose d\u2019une th\u00e9i\u00e8re, d\u2019un sucrier assorti, de tasses faites pour recevoir les jolis sachets de th\u00e9 en feutrine, de petites cuill\u00e8res d&rsquo;un plateau magnifiquement d\u00e9cor\u00e9! Cet adorable Set de Th\u00e9 Fisher Price de Dolu en plastique a \u00e9t\u00e9 imagin\u00e9 et con\u00e7u pour les enfants, afin de les encourager \u00e0 jouer ensemble et d&rsquo;aider \u00e0 d\u00e9velopper leur imagination et leur cr\u00e9ativit\u00e9.<\/p>\n<p><span style=\"font-size: 16px; font-style: normal; font-weight: 400;\">Achetez et commandez en ligne ou d\u00e9couvrez ce jouet dans notre magasin \u00e0 Tunis, Tunisie.<\/span><span style=\"font-size: 16px; font-style: normal; font-weight: 400;\">\u00a0<\/span><\/p>\n<p>Pour plus d&rsquo;informations visiter le site officiel <a href=\"https:\/\/www.dolu.com.tr\/en\/\">Dolu<\/a><\/p>\n<p>&nbsp;<\/p>\n","protected":false},"excerpt":{"rendered":"<p>Set de Th\u00e9 Fisher Price contient 35pcs de la marque DOLU. A partir de 3ans. Ce service \u00e0 th\u00e9 est parfait pour accompagner les dinettes ou les cuisines pour enfants. Il permet de jouer en d\u00e9veloppant l&rsquo;imagination des plus petits ! Il est fabriqu\u00e9 en plastique de haute qualit\u00e9 et r\u00e9pondant \u00e0 toutes les normes de s\u00e9curit\u00e9 internationales. En outre, La marque Dolu est un fabriquant qui produit plusieurs jeu de r\u00f4le filles. Vous prendrez bien une tasse de th\u00e9 ou une tisane accompagn\u00e9e d&rsquo;un biscuit napp\u00e9 ? Ce set de service \u00e0 th\u00e9 met l&rsquo;eau \u00e0 la bouche !<\/p>\n<p>De quoi faire un gouter chic et raffin\u00e9 en duo ! Ce jeu d&rsquo;imitation pour les enfants \u00e0 partir de 2 ans est tout \u00e0 fait original. En outre, Il se compose d\u2019une th\u00e9i\u00e8re, d\u2019un sucrier assorti, de tasses faites pour recevoir les jolis sachets de th\u00e9 en feutrine, de petites cuill\u00e8res d&rsquo;un plateau magnifiquement d\u00e9cor\u00e9! Cet adorable Set de Th\u00e9 Fisher Price de Dolu en plastique a \u00e9t\u00e9 imagin\u00e9 et con\u00e7u pour les enfants, afin de les encourager \u00e0 jouer ensemble et d&rsquo;aider \u00e0 d\u00e9velopper leur imagination et leur cr\u00e9ativit\u00e9.<\/p>\n","protected":false},"featured_media":1446,"comment_status":"open","ping_status":"closed","template":"","meta":{"site-sidebar-layout":"default","site-content-layout":"default","ast-site-content-layout":"","site-content-style":"","site-sidebar-style":"","ast-global-header-display":"","ast-banner-title-visibility":"","ast-main-header-display":"","ast-hfb-above-header-display":"","ast-hfb-below-header-display":"","ast-hfb-mobile-header-display":"","site-post-title":"","ast-breadcrumbs-content":"","ast-featured-img":"","footer-sml-layout":"","theme-transparent-header-meta":"default","adv-header-id-meta":"","stick-header-meta":"default","header-above-stick-meta":"","header-main-stick-meta":"","header-below-stick-meta":"","astra-migrate-meta-layouts":"","ast-page-background-enabled":"default","ast-page-background-meta":{"desktop":{"background-color":"","background-image":"","background-repeat":"repeat","background-position":"center center","background-size":"auto","background-attachment":"scroll","background-type":"","background-media":"","overlay-type":"","overlay-color":"","overlay-gradient":""},"tablet":{"background-color":"","background-image":"","background-repeat":"repeat","background-position":"center center","background-size":"auto","background-attachment":"scroll","background-type":"","background-media":"","overlay-type":"","overlay-color":"","overlay-gradient":""},"mobile":{"background-color":"","background-image":"","background-repeat":"repeat","background-position":"center center","background-size":"auto","background-attachment":"scroll","background-type":"","background-media":"","overlay-type":"","overlay-color":"","overlay-gradient":""}},"ast-content-background-meta":{"desktop":{"background-color":"var(--ast-global-color-5)","background-image":"","background-repeat":"repeat","background-position":"center center","background-size":"auto","background-attachment":"scroll","background-type":"","background-media":"","overlay-type":"","overlay-color":"","overlay-gradient":""},"tablet":{"background-color":"var(--ast-global-color-5)","background-image":"","background-repeat":"repeat","background-position":"center center","background-size":"auto","background-attachment":"scroll","background-type":"","background-media":"","overlay-type":"","overlay-color":"","overlay-gradient":""},"mobile":{"background-color":"var(--ast-global-color-5)","background-image":"","background-repeat":"repeat","background-position":"center center","background-size":"auto","background-attachment":"scroll","background-type":"","background-media":"","overlay-type":"","overlay-color":"","overlay-gradient":""}}},"product_cat":[27,56,40],"product_tag":[57,29,31],"class_list":["post-1402","product","type-product","status-publish","has-post-thumbnail","hentry","product_cat-dolu","product_cat-jeux-de-role-filles","product_cat-promo","product_tag-cuisine","product_tag-dolu","product_tag-jouet","desktop-align-left","tablet-align-left","mobile-align-left"],"_links":{"self":[{"href":"https:\/\/jouetentunisie.tn\/index.php\/wp-json\/wp\/v2\/product\/1402","targetHints":{"allow":["GET"]}}],"collection":[{"href":"https:\/\/jouetentunisie.tn\/index.php\/wp-json\/wp\/v2\/product"}],"about":[{"href":"https:\/\/jouetentunisie.tn\/index.php\/wp-json\/wp\/v2\/types\/product"}],"replies":[{"embeddable":true,"href":"https:\/\/jouetentunisie.tn\/index.php\/wp-json\/wp\/v2\/comments?post=1402"}],"wp:featuredmedia":[{"embeddable":true,"href":"https:\/\/jouetentunisie.tn\/index.php\/wp-json\/wp\/v2\/media\/1446"}],"wp:attachment":[{"href":"https:\/\/jouetentunisie.tn\/index.php\/wp-json\/wp\/v2\/media?parent=1402"}],"wp:term":[{"taxonomy":"product_cat","embeddable":true,"href":"https:\/\/jouetentunisie.tn\/index.php\/wp-json\/wp\/v2\/product_cat?post=1402"},{"taxonomy":"product_tag","embeddable":true,"href":"https:\/\/jouetentunisie.tn\/index.php\/wp-json\/wp\/v2\/product_tag?post=1402"}],"curies":[{"name":"wp","href":"https:\/\/api.w.org\/{rel}","templated":true}]}}