{"id":1403,"date":"2023-11-23T15:21:57","date_gmt":"2023-11-23T14:21:57","guid":{"rendered":"https:\/\/jouetentunisie.tn\/?post_type=product&#038;p=1403"},"modified":"2023-11-23T15:22:14","modified_gmt":"2023-11-23T14:22:14","slug":"chariot-achat-dolu","status":"publish","type":"product","link":"https:\/\/jouetentunisie.tn\/index.php\/produit\/chariot-achat-dolu\/","title":{"rendered":"Chariot achat Dolu"},"content":{"rendered":"<p>Chariot d&rsquo;achat \u00e0 roues de la marque Dolu. Dimensions 48 X 30 X 40cm. Assemblage simple et rapide. A partir de 2ans. A partir de 2 ans. La marque Dolu est un fabriquant qui produit plusieurs <a href=\"https:\/\/www.tipirate-store.tn\/categorie-produit\/jeux-de-role-garcons\/\">jeux de r\u00f4le gar\u00e7ons<\/a>. \u00a0Il a des avantages pour l&rsquo;imagination et le d\u00e9veloppement du corps des enfants. Les filles vont adorer ce jouet et surtout ce chariot qu&rsquo;elles peuvent transporter partout! Ce Chariot peut parfaitement ranger d&rsquo;autres accessoires de jouets. Les enfants vont adorer pouvoir pousser ce chariot pour faire semblant de faire leurs courses et profiter de jeux de r\u00f4le amusants. En outre, il peut encourager l&rsquo;interaction parent-enfant et d\u00e9velopper la coordination \u0153il-main et l&rsquo;imagination.\u00a0 Ce jouet en tant que cadeau ravira tous les enfants et leur procurera bonheur immense garanti! de part sa structure peut aider les plus jeunes <span style=\"font-size: 16px; font-style: normal; font-weight: 400;\">\u00e0 la marche et \u00e0 se tenir debout!<\/span><\/p>\n<p>Avec ce Chariot d&rsquo;achat \u00e0 roues de la marque DOLU, les enfants vont adorer jouer ensemble faire semblant de faire leur courses et bien plus!\u00a0 Amusement garanti! Ce jouet est fait de plastique de haute qualit\u00e9 et est un jouet r\u00e9pondant \u00e0 toutes les nomes internationales!<\/p>\n<p><span style=\"font-size: 16px; font-style: normal; font-weight: 400;\">Achetez et commandez en ligne ou d\u00e9couvrez ce jouet dans notre magasin \u00e0 Tunis, Tunisie.<\/span><span style=\"font-size: 16px; font-style: normal; font-weight: 400;\">\u00a0<\/span><\/p>\n<p>Pour plus d&rsquo;informations visiter le site officiel <a href=\"https:\/\/www.dolu.com.tr\/en\/\">Dolu<\/a><\/p>\n","protected":false},"excerpt":{"rendered":"<p>Chariot d&rsquo;achat \u00e0 roues de la marque Dolu. Dimensions 48 X 30 X 40cm. Assemblage simple et rapide. A partir de 2ans. A partir de 2 ans. La marque Dolu est un fabriquant qui produit plusieurs jeux de r\u00f4le gar\u00e7ons. \u00a0Il a des avantages pour l&rsquo;imagination et le d\u00e9veloppement du corps des enfants. Les filles vont adorer ce jouet et surtout ce chariot qu&rsquo;elles peuvent transporter partout! Ce Chariot peut parfaitement ranger d&rsquo;autres accessoires de jouets. Les enfants vont adorer pouvoir pousser ce chariot pour faire semblant de faire leurs courses et profiter de jeux de r\u00f4le amusants. En outre, il peut encourager l&rsquo;interaction parent-enfant et d\u00e9velopper la coordination \u0153il-main et l&rsquo;imagination.\u00a0 Ce jouet en tant que cadeau ravira tous les enfants et leur procurera bonheur immense garanti! de part sa structure peut aider les plus jeunes \u00e0 la marche et \u00e0 se tenir debout!<\/p>\n<p>Avec ce Chariot d&rsquo;achat \u00e0 roues de la marque DOLU, les enfants vont adorer jouer ensemble faire semblant de faire leur courses et bien plus!\u00a0 Amusement garanti! Ce jouet est fait de plastique de haute qualit\u00e9 et est un jouet r\u00e9pondant \u00e0 toutes les nomes internationales!<\/p>\n","protected":false},"featured_media":1448,"comment_status":"open","ping_status":"closed","template":"","meta":{"site-sidebar-layout":"default","site-content-layout":"default","ast-site-content-layout":"","site-content-style":"","site-sidebar-style":"","ast-global-header-display":"","ast-banner-title-visibility":"","ast-main-header-display":"","ast-hfb-above-header-display":"","ast-hfb-below-header-display":"","ast-hfb-mobile-header-display":"","site-post-title":"","ast-breadcrumbs-content":"","ast-featured-img":"","footer-sml-layout":"","theme-transparent-header-meta":"default","adv-header-id-meta":"","stick-header-meta":"default","header-above-stick-meta":"","header-main-stick-meta":"","header-below-stick-meta":"","astra-migrate-meta-layouts":"","ast-page-background-enabled":"default","ast-page-background-meta":{"desktop":{"background-color":"","background-image":"","background-repeat":"repeat","background-position":"center center","background-size":"auto","background-attachment":"scroll","background-type":"","background-media":"","overlay-type":"","overlay-color":"","overlay-gradient":""},"tablet":{"background-color":"","background-image":"","background-repeat":"repeat","background-position":"center center","background-size":"auto","background-attachment":"scroll","background-type":"","background-media":"","overlay-type":"","overlay-color":"","overlay-gradient":""},"mobile":{"background-color":"","background-image":"","background-repeat":"repeat","background-position":"center center","background-size":"auto","background-attachment":"scroll","background-type":"","background-media":"","overlay-type":"","overlay-color":"","overlay-gradient":""}},"ast-content-background-meta":{"desktop":{"background-color":"var(--ast-global-color-5)","background-image":"","background-repeat":"repeat","background-position":"center center","background-size":"auto","background-attachment":"scroll","background-type":"","background-media":"","overlay-type":"","overlay-color":"","overlay-gradient":""},"tablet":{"background-color":"var(--ast-global-color-5)","background-image":"","background-repeat":"repeat","background-position":"center center","background-size":"auto","background-attachment":"scroll","background-type":"","background-media":"","overlay-type":"","overlay-color":"","overlay-gradient":""},"mobile":{"background-color":"var(--ast-global-color-5)","background-image":"","background-repeat":"repeat","background-position":"center center","background-size":"auto","background-attachment":"scroll","background-type":"","background-media":"","overlay-type":"","overlay-color":"","overlay-gradient":""}}},"product_cat":[27,58],"product_tag":[29,31],"class_list":["post-1403","product","type-product","status-publish","has-post-thumbnail","hentry","product_cat-dolu","product_cat-jeux-de-role-garcons","product_tag-dolu","product_tag-jouet","desktop-align-left","tablet-align-left","mobile-align-left"],"_links":{"self":[{"href":"https:\/\/jouetentunisie.tn\/index.php\/wp-json\/wp\/v2\/product\/1403","targetHints":{"allow":["GET"]}}],"collection":[{"href":"https:\/\/jouetentunisie.tn\/index.php\/wp-json\/wp\/v2\/product"}],"about":[{"href":"https:\/\/jouetentunisie.tn\/index.php\/wp-json\/wp\/v2\/types\/product"}],"replies":[{"embeddable":true,"href":"https:\/\/jouetentunisie.tn\/index.php\/wp-json\/wp\/v2\/comments?post=1403"}],"wp:featuredmedia":[{"embeddable":true,"href":"https:\/\/jouetentunisie.tn\/index.php\/wp-json\/wp\/v2\/media\/1448"}],"wp:attachment":[{"href":"https:\/\/jouetentunisie.tn\/index.php\/wp-json\/wp\/v2\/media?parent=1403"}],"wp:term":[{"taxonomy":"product_cat","embeddable":true,"href":"https:\/\/jouetentunisie.tn\/index.php\/wp-json\/wp\/v2\/product_cat?post=1403"},{"taxonomy":"product_tag","embeddable":true,"href":"https:\/\/jouetentunisie.tn\/index.php\/wp-json\/wp\/v2\/product_tag?post=1403"}],"curies":[{"name":"wp","href":"https:\/\/api.w.org\/{rel}","templated":true}]}}