{"id":1404,"date":"2023-11-23T15:21:58","date_gmt":"2023-11-23T14:21:58","guid":{"rendered":"https:\/\/jouetentunisie.tn\/?post_type=product&#038;p=1404"},"modified":"2023-11-23T15:22:15","modified_gmt":"2023-11-23T14:22:15","slug":"anneau-bain-bleue-dolu","status":"publish","type":"product","link":"https:\/\/jouetentunisie.tn\/index.php\/produit\/anneau-bain-bleue-dolu\/","title":{"rendered":"Anneau bain bleue Dolu"},"content":{"rendered":"<p>Anneau de bain de couleur bleue de la marque DOLU avec ventouses pour stabilisation. <span style=\"font-size: 16px;\">La marque Dolu produit aussi d&rsquo;autres articles pour la <a href=\"https:\/\/www.tipirate-store.tn\/categorie-produit\/securite-et-confort-bebe\/\">s\u00e9curit\u00e9 et confort de b\u00e9b\u00e9 et maman<\/a>. L&rsquo;anneau de bain ou si\u00e8ge de bain maintient votre enfant assis dans le bain ainsi Le si\u00e8ge de bain n&rsquo;est utilis\u00e9 que lorsque votre enfant se tient en position assise. L&rsquo;anneau de bain s&rsquo;installe au fond de la baignoire gr\u00e2ce \u00e0 un syst\u00e8me de ventouse, elles \u00e9vitent \u00e0 votre enfant de glisser dans l&rsquo;eau.\u00a0<\/span>Le bain est g\u00e9n\u00e9ralement un rendez tr\u00e8s attendu par votre enfant. Ce dernier peut se permettre de s\u2019amuser avec de l\u2019eau ou ses jouets pour son \u00e9veil le temps d\u2019un bain. Dans la m\u00eame cat\u00e9gorie l&rsquo;<a href=\"https:\/\/www.tipirate-store.tn\/produit\/anneau-bain-rose-dolu\/\">anneau de bain rose<\/a>! les pots de toilettes <a href=\"https:\/\/www.tipirate-store.tn\/produit\/pot-toilette-bleu-dolu\/\">bleus<\/a> et <a href=\"https:\/\/www.tipirate-store.tn\/produit\/pot-toilette-rose-dolu\/\">rose<\/a> aussi!<\/p>\n<p>Commencer par fixer l\u2019Anneau de bain couleur bleue de Dolu sur la baignoire \u00e0 l\u2019aide des ventouses ou des clapets tout en suivant les instructions mentionn\u00e9es dans le livret d\u2019utilisation. Lorsque le si\u00e8ge \u00e0 bain est bien fix\u00e9, place \u00e0 l\u2019installation de votre bout de chou dans son si\u00e8ge. Ensuite, veiller \u00e0 bien caler B\u00e9b\u00e9 de telle fa\u00e7on qu\u2019il ne puisse pas glisser durant son bain. Apr\u00e8s le bain, langer le b\u00e9b\u00e9 avant de proc\u00e9der au nettoyage facile et rapide de l\u2019anneau.<\/p>\n<p><span style=\"font-size: 16px; font-style: normal; font-weight: 400;\">Achetez et commandez en ligne ou d\u00e9couvrez ce jouet dans notre magasin \u00e0 Tunis, Tunisie.<\/span><span style=\"font-size: 16px; font-style: normal; font-weight: 400;\">\u00a0<\/span><\/p>\n<p>Pour plus d&rsquo;informations visiter le site officiel <a href=\"https:\/\/www.dolu.com.tr\/en\/\">Dolu<\/a><\/p>\n","protected":false},"excerpt":{"rendered":"<p>Anneau de bain de couleur bleue de la marque DOLU avec ventouses pour stabilisation. La marque Dolu produit aussi d&rsquo;autres articles pour la s\u00e9curit\u00e9 et confort de b\u00e9b\u00e9 et maman. L&rsquo;anneau de bain ou si\u00e8ge de bain maintient votre enfant assis dans le bain ainsi Le si\u00e8ge de bain n&rsquo;est utilis\u00e9 que lorsque votre enfant se tient en position assise. L&rsquo;anneau de bain s&rsquo;installe au fond de la baignoire gr\u00e2ce \u00e0 un syst\u00e8me de ventouse, elles \u00e9vitent \u00e0 votre enfant de glisser dans l&rsquo;eau.\u00a0Le bain est g\u00e9n\u00e9ralement un rendez tr\u00e8s attendu par votre enfant. Ce dernier peut se permettre de s\u2019amuser avec de l\u2019eau ou ses jouets pour son \u00e9veil le temps d\u2019un bain.<\/p>\n<p>Commencer par fixer l\u2019Anneau de bain couleur bleue de Dolu sur la baignoire \u00e0 l\u2019aide des ventouses ou des clapets tout en suivant les instructions mentionn\u00e9es dans le livret d\u2019utilisation. Lorsque le si\u00e8ge \u00e0 bain est bien fix\u00e9, place \u00e0 l\u2019installation de votre bout de chou dans son si\u00e8ge. Ensuite, veiller \u00e0 bien caler B\u00e9b\u00e9 de telle fa\u00e7on qu\u2019il ne puisse pas glisser durant son bain. Apr\u00e8s le bain, langer le b\u00e9b\u00e9 avant de proc\u00e9der au nettoyage facile et rapide de l\u2019anneau.<\/p>\n","protected":false},"featured_media":1450,"comment_status":"open","ping_status":"closed","template":"","meta":{"site-sidebar-layout":"default","site-content-layout":"default","ast-site-content-layout":"","site-content-style":"","site-sidebar-style":"","ast-global-header-display":"","ast-banner-title-visibility":"","ast-main-header-display":"","ast-hfb-above-header-display":"","ast-hfb-below-header-display":"","ast-hfb-mobile-header-display":"","site-post-title":"","ast-breadcrumbs-content":"","ast-featured-img":"","footer-sml-layout":"","theme-transparent-header-meta":"default","adv-header-id-meta":"","stick-header-meta":"default","header-above-stick-meta":"","header-main-stick-meta":"","header-below-stick-meta":"","astra-migrate-meta-layouts":"","ast-page-background-enabled":"default","ast-page-background-meta":{"desktop":{"background-color":"","background-image":"","background-repeat":"repeat","background-position":"center center","background-size":"auto","background-attachment":"scroll","background-type":"","background-media":"","overlay-type":"","overlay-color":"","overlay-gradient":""},"tablet":{"background-color":"","background-image":"","background-repeat":"repeat","background-position":"center center","background-size":"auto","background-attachment":"scroll","background-type":"","background-media":"","overlay-type":"","overlay-color":"","overlay-gradient":""},"mobile":{"background-color":"","background-image":"","background-repeat":"repeat","background-position":"center center","background-size":"auto","background-attachment":"scroll","background-type":"","background-media":"","overlay-type":"","overlay-color":"","overlay-gradient":""}},"ast-content-background-meta":{"desktop":{"background-color":"var(--ast-global-color-5)","background-image":"","background-repeat":"repeat","background-position":"center center","background-size":"auto","background-attachment":"scroll","background-type":"","background-media":"","overlay-type":"","overlay-color":"","overlay-gradient":""},"tablet":{"background-color":"var(--ast-global-color-5)","background-image":"","background-repeat":"repeat","background-position":"center center","background-size":"auto","background-attachment":"scroll","background-type":"","background-media":"","overlay-type":"","overlay-color":"","overlay-gradient":""},"mobile":{"background-color":"var(--ast-global-color-5)","background-image":"","background-repeat":"repeat","background-position":"center center","background-size":"auto","background-attachment":"scroll","background-type":"","background-media":"","overlay-type":"","overlay-color":"","overlay-gradient":""}}},"product_cat":[27,51],"product_tag":[59,29],"class_list":["post-1404","product","type-product","status-publish","has-post-thumbnail","hentry","product_cat-dolu","product_cat-securite-et-confort-bebe","product_tag-bain-bebe","product_tag-dolu","desktop-align-left","tablet-align-left","mobile-align-left"],"_links":{"self":[{"href":"https:\/\/jouetentunisie.tn\/index.php\/wp-json\/wp\/v2\/product\/1404","targetHints":{"allow":["GET"]}}],"collection":[{"href":"https:\/\/jouetentunisie.tn\/index.php\/wp-json\/wp\/v2\/product"}],"about":[{"href":"https:\/\/jouetentunisie.tn\/index.php\/wp-json\/wp\/v2\/types\/product"}],"replies":[{"embeddable":true,"href":"https:\/\/jouetentunisie.tn\/index.php\/wp-json\/wp\/v2\/comments?post=1404"}],"wp:featuredmedia":[{"embeddable":true,"href":"https:\/\/jouetentunisie.tn\/index.php\/wp-json\/wp\/v2\/media\/1450"}],"wp:attachment":[{"href":"https:\/\/jouetentunisie.tn\/index.php\/wp-json\/wp\/v2\/media?parent=1404"}],"wp:term":[{"taxonomy":"product_cat","embeddable":true,"href":"https:\/\/jouetentunisie.tn\/index.php\/wp-json\/wp\/v2\/product_cat?post=1404"},{"taxonomy":"product_tag","embeddable":true,"href":"https:\/\/jouetentunisie.tn\/index.php\/wp-json\/wp\/v2\/product_tag?post=1404"}],"curies":[{"name":"wp","href":"https:\/\/api.w.org\/{rel}","templated":true}]}}