{"id":1407,"date":"2023-11-23T15:21:58","date_gmt":"2023-11-23T14:21:58","guid":{"rendered":"https:\/\/jouetentunisie.tn\/?post_type=product&#038;p=1407"},"modified":"2023-11-23T15:22:17","modified_gmt":"2023-11-23T14:22:17","slug":"grande-table-activites-dolu","status":"publish","type":"product","link":"https:\/\/jouetentunisie.tn\/index.php\/produit\/grande-table-activites-dolu\/","title":{"rendered":"Grande Table Activit\u00e9s Dolu"},"content":{"rendered":"<p>Table d&rsquo;activit\u00e9s de jeu et de travail 3 en 1 de la marque DOLU. Dimensions Hauteur 77cm \u00b7 Diam\u00e8tre 98cm<i>. <\/i>Ideal pour le dessin a plusieurs, jouer avec la pate \u00e0 modeler ou l&rsquo;\u00e9t\u00e9 avec de l&rsquo;eau. La marque Dolu produit aussi d&rsquo;autres articles de type <a href=\"https:\/\/www.tipirate-store.tn\/categorie-produit\/jeux-educatifs\/\">jeux \u00e9ducatifs<\/a>. Une activit\u00e9 comme le dessin peut \u00eatre un vecteur tr\u00e8s int\u00e9ressant pour d\u00e9velopper la motricit\u00e9 du jeune enfant. Lorsque spatialement, on pense les choses diff\u00e9remment, on peut alors cr\u00e9er une activit\u00e9 ou l&rsquo;enfant va pouvoir s&rsquo;organiser dans l&rsquo;espace par rapport \u00e0 du mobilier. Les\u00a0activit\u00e9s\u00a0de\u00a0dessin, de loisirs cr\u00e9atifs\u00a0et de coloriage sont les\u00a0activit\u00e9s\u00a0pr\u00e9f\u00e9r\u00e9es des\u00a0enfants dans les classes de maternelles.<\/p>\n<p>La Table d&rsquo;activit\u00e9s de jeu et de travail 3 en 1 de la marque DOLU est l&rsquo;outil id\u00e9ale pour l&rsquo;\u00e9panouissement des enfants. Ils pourront ainsi travailler, dessiner et jouer cote \u00e0 cote tout en s&rsquo;amusant et avec suffisamment d&rsquo;espace. Notre table d&rsquo;activit\u00e9s multifonctionnelle est en plus durable et a une capacit\u00e9 de charge de pr\u00e9s de 150 kg, cr\u00e9ant un environnement de jeu s\u00fbr pour les enfants. En outre, l&rsquo;absence de coins et sa\u00a0 arrondie les emp\u00eachent de se blesser accidentellement. Table de jeu \u00e0 forme ronde et donc sans risque et tout \u00e0 fait s\u00fbre pour les enfants!<\/p>\n<p><span style=\"font-size: 16px; font-style: normal; font-weight: 400;\">Achetez et commandez en ligne ou d\u00e9couvrez ce jouet dans notre magasin \u00e0 Tunis, Tunisie.<\/span><span style=\"font-size: 16px; font-style: normal; font-weight: 400;\">\u00a0<\/span><\/p>\n<p>Pour plus d&rsquo;informations visiter le site officiel <a href=\"https:\/\/www.dolu.com.tr\/en\/\">Dolu<\/a><\/p>\n","protected":false},"excerpt":{"rendered":"<p>Table d&rsquo;activit\u00e9s de jeu et de travail 3 en 1 de la marque DOLU. Ideal pour le dessin a plusieurs, jouer avec la pate \u00e0 modeler ou l&rsquo;\u00e9t\u00e9 avec de l&rsquo;eau. La marque Dolu produit aussi d&rsquo;autres articles de type jeux \u00e9ducatifs. Une activit\u00e9 comme le dessin peut \u00eatre un vecteur tr\u00e8s int\u00e9ressant pour d\u00e9velopper la motricit\u00e9 du jeune enfant. Lorsque spatialement, on pense les choses diff\u00e9remment, on peut alors cr\u00e9er une activit\u00e9 ou l&rsquo;enfant va pouvoir s&rsquo;organiser dans l&rsquo;espace par rapport \u00e0 du mobilier. Les\u00a0activit\u00e9s\u00a0de\u00a0dessin, de loisirs cr\u00e9atifs\u00a0et de coloriage sont les\u00a0activit\u00e9s\u00a0pr\u00e9f\u00e9r\u00e9es des\u00a0enfants dans les classes de maternelles.<\/p>\n<p>La Table d&rsquo;activit\u00e9s de jeu et de travail 3 en 1 de la marque DOLU est l&rsquo;outil id\u00e9ale pour l&rsquo;\u00e9panouissement des enfants. Ils pourront ainsi travailler, dessiner et jouer cote \u00e0 cote tout en s&rsquo;amusant et avec suffisamment d&rsquo;espace. Notre table d&rsquo;activit\u00e9s multifonctionnelle est en plus durable et a une capacit\u00e9 de charge de pr\u00e9s de 150 kg, cr\u00e9ant un environnement de jeu s\u00fbr pour les enfants. En outre, l&rsquo;absence de coins et sa\u00a0 arrondie les emp\u00eachent de se blesser accidentellement. Table de jeu \u00e0 forme ronde et donc sans risque et tout \u00e0 fait s\u00fbre pour les enfants!<\/p>\n","protected":false},"featured_media":1453,"comment_status":"open","ping_status":"closed","template":"","meta":{"site-sidebar-layout":"default","site-content-layout":"default","ast-site-content-layout":"","site-content-style":"","site-sidebar-style":"","ast-global-header-display":"","ast-banner-title-visibility":"","ast-main-header-display":"","ast-hfb-above-header-display":"","ast-hfb-below-header-display":"","ast-hfb-mobile-header-display":"","site-post-title":"","ast-breadcrumbs-content":"","ast-featured-img":"","footer-sml-layout":"","theme-transparent-header-meta":"default","adv-header-id-meta":"","stick-header-meta":"default","header-above-stick-meta":"","header-main-stick-meta":"","header-below-stick-meta":"","astra-migrate-meta-layouts":"","ast-page-background-enabled":"default","ast-page-background-meta":{"desktop":{"background-color":"","background-image":"","background-repeat":"repeat","background-position":"center center","background-size":"auto","background-attachment":"scroll","background-type":"","background-media":"","overlay-type":"","overlay-color":"","overlay-gradient":""},"tablet":{"background-color":"","background-image":"","background-repeat":"repeat","background-position":"center center","background-size":"auto","background-attachment":"scroll","background-type":"","background-media":"","overlay-type":"","overlay-color":"","overlay-gradient":""},"mobile":{"background-color":"","background-image":"","background-repeat":"repeat","background-position":"center center","background-size":"auto","background-attachment":"scroll","background-type":"","background-media":"","overlay-type":"","overlay-color":"","overlay-gradient":""}},"ast-content-background-meta":{"desktop":{"background-color":"var(--ast-global-color-5)","background-image":"","background-repeat":"repeat","background-position":"center center","background-size":"auto","background-attachment":"scroll","background-type":"","background-media":"","overlay-type":"","overlay-color":"","overlay-gradient":""},"tablet":{"background-color":"var(--ast-global-color-5)","background-image":"","background-repeat":"repeat","background-position":"center center","background-size":"auto","background-attachment":"scroll","background-type":"","background-media":"","overlay-type":"","overlay-color":"","overlay-gradient":""},"mobile":{"background-color":"var(--ast-global-color-5)","background-image":"","background-repeat":"repeat","background-position":"center center","background-size":"auto","background-attachment":"scroll","background-type":"","background-media":"","overlay-type":"","overlay-color":"","overlay-gradient":""}}},"product_cat":[27,28],"product_tag":[29,30,31],"class_list":["post-1407","product","type-product","status-publish","has-post-thumbnail","hentry","product_cat-dolu","product_cat-jeux-educatifs","product_tag-dolu","product_tag-educatif","product_tag-jouet","product_shipping_class-articles-tres-volumineux","desktop-align-left","tablet-align-left","mobile-align-left"],"_links":{"self":[{"href":"https:\/\/jouetentunisie.tn\/index.php\/wp-json\/wp\/v2\/product\/1407","targetHints":{"allow":["GET"]}}],"collection":[{"href":"https:\/\/jouetentunisie.tn\/index.php\/wp-json\/wp\/v2\/product"}],"about":[{"href":"https:\/\/jouetentunisie.tn\/index.php\/wp-json\/wp\/v2\/types\/product"}],"replies":[{"embeddable":true,"href":"https:\/\/jouetentunisie.tn\/index.php\/wp-json\/wp\/v2\/comments?post=1407"}],"wp:featuredmedia":[{"embeddable":true,"href":"https:\/\/jouetentunisie.tn\/index.php\/wp-json\/wp\/v2\/media\/1453"}],"wp:attachment":[{"href":"https:\/\/jouetentunisie.tn\/index.php\/wp-json\/wp\/v2\/media?parent=1407"}],"wp:term":[{"taxonomy":"product_cat","embeddable":true,"href":"https:\/\/jouetentunisie.tn\/index.php\/wp-json\/wp\/v2\/product_cat?post=1407"},{"taxonomy":"product_tag","embeddable":true,"href":"https:\/\/jouetentunisie.tn\/index.php\/wp-json\/wp\/v2\/product_tag?post=1407"}],"curies":[{"name":"wp","href":"https:\/\/api.w.org\/{rel}","templated":true}]}}