{"id":1410,"date":"2023-11-23T15:21:59","date_gmt":"2023-11-23T14:21:59","guid":{"rendered":"https:\/\/jouetentunisie.tn\/?post_type=product&#038;p=1410"},"modified":"2023-11-23T15:22:19","modified_gmt":"2023-11-23T14:22:19","slug":"toboggan-option-eau-dolu","status":"publish","type":"product","link":"https:\/\/jouetentunisie.tn\/index.php\/produit\/toboggan-option-eau-dolu\/","title":{"rendered":"Toboggan option eau Dolu"},"content":{"rendered":"<h2>Toboggan 4 marches avec option eau de la marque Dolu<\/h2>\n<p>Toboggan 4 marches avec option eau de la marque Dolu. A partir de 2 ans. Longueur: 165.5 CM \u00b7 Hauteur: 104 CM. Les avantages du toboggan pour b\u00e9b\u00e9 sont nombreux :\u00a0Il permet aux tout-petits d&rsquo;user de leur capacit\u00e9 motrice tout en s&rsquo;amusant. Il est l\u00e9ger et peut donc se d\u00e9placer facilement \u00e0 l&rsquo;ext\u00e9rieur comme \u00e0 l&rsquo;int\u00e9rieur de la maison. Sur un\u00a0toboggan, l&rsquo;enfant grimpe, s&rsquo;assoit et glisse\u2026 en gardant son \u00e9quilibre et ma\u00eetrise sa r\u00e9ception en bas ! Tout un programme pour un enfant ! Autant de mouvements qui font travailler sa coordination et son \u00e9quilibre. La marque Dolu produit aussi plusieurs autres toboggans et articles pour les <a href=\"https:\/\/www.tipirate-store.tn\/categorie-produit\/toboggans-et-exterieur\/\">jeux \u00e0 l&rsquo;ext\u00e9rieur<\/a>. Dans la m\u00eame cat\u00e9gorie <a href=\"https:\/\/www.tipirate-store.tn\/produit\/mon-1er-toboggan-dolu\/\">mon 1er toboggan Dolu<\/a> le <a href=\"https:\/\/www.tipirate-store.tn\/produit\/toboggan-unicorn-pliable-dolu\/\">toboggan unicorn<\/a> et le <a href=\"https:\/\/www.tipirate-store.tn\/produit\/toboggan-junior-dolu\/\">toboggan junior<\/a><\/p>\n<p>Sur le Toboggan option eau de Dolu, en mettant son corps en mouvement, l\u2019enfant prend des risques, et encore plus sur un toboggan ! Il doit monter \u00e0 l\u2019\u00e9chelle, donc prendre de la hauteur, puis se l\u00e2cher pour se laisser glisser. C\u2019est un moment qu\u2019il ne peut pas vraiment ma\u00eetriser, et enfin il arrive en bas tout fier de lui ! <span class=\"s1\">Le toboggan est un petit parcours \u00e0 lui tout seul : il y a un d\u00e9but (l\u2019enfant\u00a0<\/span><span class=\"s1\">monte \u00e0 l\u2019\u00e9chelle), un milieu (l\u2019enfant s\u2019assoit) et une fin avec l\u2019arriv\u00e9e ! De plus, il \u00e9prouve dans son corps les notions de vitesse et de lenteur. Cette activit\u00e9 lui permet de se structurer dans le temps.<\/span><\/p>\n<p><span style=\"font-size: 16px; font-style: normal; font-weight: 400;\">Achetez et commandez en ligne ou d\u00e9couvrez ce jouet dans notre magasin \u00e0 Tunis, Tunisie.<\/span><span style=\"font-size: 16px; font-style: normal; font-weight: 400;\">\u00a0<\/span><\/p>\n<p>Pour plus d&rsquo;informations visiter le site officiel <a href=\"https:\/\/www.dolu.com.tr\/en\/\">Dolu<\/a><\/p>\n","protected":false},"excerpt":{"rendered":"<p>Toboggan 4 marches avec option eau de la marque Dolu. A partir de 2 ans. Longueur: 165.5 CM \u00b7 Hauteur: 104 CM. Les avantages du toboggan pour b\u00e9b\u00e9 sont nombreux :\u00a0Il permet aux tout-petits d&rsquo;user de leur capacit\u00e9 motrice tout en s&rsquo;amusant. Il est l\u00e9ger et peut donc se d\u00e9placer facilement \u00e0 l&rsquo;ext\u00e9rieur comme \u00e0 l&rsquo;int\u00e9rieur de la maison. Sur un\u00a0toboggan, l&rsquo;enfant grimpe, s&rsquo;assoit et glisse\u2026 en gardant son \u00e9quilibre et ma\u00eetrise sa r\u00e9ception en bas ! Tout un programme pour un enfant ! Autant de mouvements qui font travailler sa coordination et son \u00e9quilibre. La marque Dolu produit aussi plusieurs autres toboggans et articles pour les jeux \u00e0 l&rsquo;ext\u00e9rieur. Sur le Toboggan option eau Dolu, en mettant son corps en mouvement, l\u2019enfant prend des risques, et encore plus sur un toboggan ! Il doit monter \u00e0 l\u2019\u00e9chelle, donc prendre de la hauteur, puis se l\u00e2cher pour se laisser glisser. C\u2019est un moment qu\u2019il ne peut pas vraiment ma\u00eetriser, et enfin il arrive en bas tout fier de lui !<\/p>\n","protected":false},"featured_media":1460,"comment_status":"open","ping_status":"closed","template":"","meta":{"site-sidebar-layout":"default","site-content-layout":"default","ast-site-content-layout":"","site-content-style":"","site-sidebar-style":"","ast-global-header-display":"","ast-banner-title-visibility":"","ast-main-header-display":"","ast-hfb-above-header-display":"","ast-hfb-below-header-display":"","ast-hfb-mobile-header-display":"","site-post-title":"","ast-breadcrumbs-content":"","ast-featured-img":"","footer-sml-layout":"","theme-transparent-header-meta":"default","adv-header-id-meta":"","stick-header-meta":"default","header-above-stick-meta":"","header-main-stick-meta":"","header-below-stick-meta":"","astra-migrate-meta-layouts":"","ast-page-background-enabled":"default","ast-page-background-meta":{"desktop":{"background-color":"","background-image":"","background-repeat":"repeat","background-position":"center center","background-size":"auto","background-attachment":"scroll","background-type":"","background-media":"","overlay-type":"","overlay-color":"","overlay-gradient":""},"tablet":{"background-color":"","background-image":"","background-repeat":"repeat","background-position":"center center","background-size":"auto","background-attachment":"scroll","background-type":"","background-media":"","overlay-type":"","overlay-color":"","overlay-gradient":""},"mobile":{"background-color":"","background-image":"","background-repeat":"repeat","background-position":"center center","background-size":"auto","background-attachment":"scroll","background-type":"","background-media":"","overlay-type":"","overlay-color":"","overlay-gradient":""}},"ast-content-background-meta":{"desktop":{"background-color":"var(--ast-global-color-5)","background-image":"","background-repeat":"repeat","background-position":"center center","background-size":"auto","background-attachment":"scroll","background-type":"","background-media":"","overlay-type":"","overlay-color":"","overlay-gradient":""},"tablet":{"background-color":"var(--ast-global-color-5)","background-image":"","background-repeat":"repeat","background-position":"center center","background-size":"auto","background-attachment":"scroll","background-type":"","background-media":"","overlay-type":"","overlay-color":"","overlay-gradient":""},"mobile":{"background-color":"var(--ast-global-color-5)","background-image":"","background-repeat":"repeat","background-position":"center center","background-size":"auto","background-attachment":"scroll","background-type":"","background-media":"","overlay-type":"","overlay-color":"","overlay-gradient":""}}},"product_cat":[27,62],"product_tag":[29,31,63],"class_list":["post-1410","product","type-product","status-publish","has-post-thumbnail","hentry","product_cat-dolu","product_cat-toboggans-et-exterieur","product_tag-dolu","product_tag-jouet","product_tag-toboggans","product_shipping_class-articles-tres-volumineux","desktop-align-left","tablet-align-left","mobile-align-left"],"_links":{"self":[{"href":"https:\/\/jouetentunisie.tn\/index.php\/wp-json\/wp\/v2\/product\/1410","targetHints":{"allow":["GET"]}}],"collection":[{"href":"https:\/\/jouetentunisie.tn\/index.php\/wp-json\/wp\/v2\/product"}],"about":[{"href":"https:\/\/jouetentunisie.tn\/index.php\/wp-json\/wp\/v2\/types\/product"}],"replies":[{"embeddable":true,"href":"https:\/\/jouetentunisie.tn\/index.php\/wp-json\/wp\/v2\/comments?post=1410"}],"wp:featuredmedia":[{"embeddable":true,"href":"https:\/\/jouetentunisie.tn\/index.php\/wp-json\/wp\/v2\/media\/1460"}],"wp:attachment":[{"href":"https:\/\/jouetentunisie.tn\/index.php\/wp-json\/wp\/v2\/media?parent=1410"}],"wp:term":[{"taxonomy":"product_cat","embeddable":true,"href":"https:\/\/jouetentunisie.tn\/index.php\/wp-json\/wp\/v2\/product_cat?post=1410"},{"taxonomy":"product_tag","embeddable":true,"href":"https:\/\/jouetentunisie.tn\/index.php\/wp-json\/wp\/v2\/product_tag?post=1410"}],"curies":[{"name":"wp","href":"https:\/\/api.w.org\/{rel}","templated":true}]}}