{"id":1412,"date":"2023-11-23T15:21:59","date_gmt":"2023-11-23T14:21:59","guid":{"rendered":"https:\/\/jouetentunisie.tn\/?post_type=product&#038;p=1412"},"modified":"2023-11-23T15:22:27","modified_gmt":"2023-11-23T14:22:27","slug":"tricycle-unicorn-dolu","status":"publish","type":"product","link":"https:\/\/jouetentunisie.tn\/index.php\/produit\/tricycle-unicorn-dolu\/","title":{"rendered":"Tricycle Unicorn Dolu"},"content":{"rendered":"<p>Tricycle Unicorn avec panier avant et arri\u00e8re de la marque DOLU. A partir de 3 ans. Couleur rose avec auto-collants et panier avant et arri\u00e8re. La marque Dolu produit aussi d&rsquo;autres articles pour les <a href=\"https:\/\/www.tipirate-store.tn\/categorie-produit\/toboggans-et-exterieur\/\">jeu \u00e0 l&rsquo;exterieur<\/a>. L&rsquo;utilisation d&rsquo;un tricycle permet aux plus jeunes de prendre confiance en eux et les encourage \u00e0 aller \u00e0 la d\u00e9couverte du monde qui les entoure. Favorisant la prise d&rsquo;initiative et d\u00e9veloppant l&rsquo;\u00e9quilibre, le tricycle est \u00e9galement un v\u00e9ritable tremplin vers l&rsquo;apprentissage du v\u00e9lo. Ce v\u00e9lo avec contr\u00f4le parental permet aussi d&#8217;emmener l&rsquo;enfant en promenade avec les parents en le poussant \u00e0 partir de 2 ans sans que l&rsquo;enfant sache encore p\u00e9daler! Le m\u00e9canisme roues libres emp\u00eache les roues de tourner pendant que les parents poussent! Pour un enfant, le tricycle n\u2019est pas seulement un jouet. C\u2019est \u00e9galement un v\u00e9ritable instrument d\u2019apprentissage. Une petite balade \u00e0 roulette permet \u00e0 votre enfant de d\u00e9couvrir et d\u2019appr\u00e9hender son environnement avec plus de facilit\u00e9 et de s\u00e9curit\u00e9. Avec le beau temps c&rsquo;est le moment du Tricycle Unicorn de Dolu et les filles vont adorer! Dans la m\u00eame cat\u00e9gorie le <a href=\"https:\/\/www.tipirate-store.tn\/produit\/tricycle-dolu\/\">tricycle Dolu<\/a> et le <a href=\"https:\/\/www.tipirate-store.tn\/produit\/tricycle-unicorn-mascot-dolu\/\">tricycle Mascot Unicorn<\/a><\/p>\n<p>Les avantages du tricycle pour votre bout de chou concernent surtout son d\u00e9veloppement psychomoteur. Ces avantages sont g\u00e9n\u00e9ralement \u00e9valu\u00e9s en fonction de l\u2019\u00e2ge et de la taille de votre enfant. Souvent, des enfants du m\u00eame \u00e2ge ont des aptitudes et des capacit\u00e9s diff\u00e9rentes. M\u00eame si chaque enfant poss\u00e8de son propre rythme, le tricycle permet de lui apprendre le sens de l\u2019orientation et de la coordination. En effet, le syst\u00e8me de p\u00e9dalage facilite la synchronisation des mouvements du corps et des capacit\u00e9s motrices de votre enfant.<\/p>\n<p><span style=\"font-size: 16px; font-style: normal; font-weight: 400;\">Achetez et commandez en ligne ou d\u00e9couvrez ce jouet dans notre magasin \u00e0 Tunis, Tunisie.<\/span><span style=\"font-size: 16px; font-style: normal; font-weight: 400;\">\u00a0<\/span><\/p>\n<p>Pour plus d&rsquo;informations visiter le site officiel <a href=\"https:\/\/www.dolu.com.tr\/en\/\">Dolu<\/a><\/p>\n","protected":false},"excerpt":{"rendered":"<p>Tricycle Unicorn avec panier avant et arri\u00e8re de la marque DOLU. A partir de 3 ans. Couleur rose avec auto-collants et panier avant et arri\u00e8re. La marque Dolu produit aussi d&rsquo;autres articles pour les jeu \u00e0 l&rsquo;exterieur. L&rsquo;utilisation d&rsquo;un tricycle permet aux plus jeunes de prendre confiance en eux et les encourage \u00e0 aller \u00e0 la d\u00e9couverte du monde qui les entoure. Favorisant la prise d&rsquo;initiative et d\u00e9veloppant l&rsquo;\u00e9quilibre, le tricycle est \u00e9galement un v\u00e9ritable tremplin vers l&rsquo;apprentissage du v\u00e9lo. Ce v\u00e9lo avec contr\u00f4le parental permet aussi d&#8217;emmener l&rsquo;enfant en promenade avec les parents en le poussant \u00e0 partir de 2 ans sans que l&rsquo;enfant sache encore p\u00e9daler! Le m\u00e9canisme roues libres emp\u00eache les roues de tourner pendant que les parents poussent! Pour un enfant, le tricycle n\u2019est pas seulement un jouet. C\u2019est \u00e9galement un v\u00e9ritable instrument d\u2019apprentissage. Une petite balade \u00e0 roulette permet \u00e0 votre enfant de d\u00e9couvrir et d\u2019appr\u00e9hender son environnement avec plus de facilit\u00e9 et de s\u00e9curit\u00e9. Avec le beau temps c&rsquo;est le moment du Tricycle Unicorn de Dolu et les filles vont adorer!<\/p>\n<p>Les avantages du tricycle pour votre bout de chou concernent surtout son d\u00e9veloppement psychomoteur. Ces avantages sont g\u00e9n\u00e9ralement \u00e9valu\u00e9s en fonction de l\u2019\u00e2ge et de la taille de votre enfant.<\/p>\n","protected":false},"featured_media":1489,"comment_status":"open","ping_status":"closed","template":"","meta":{"site-sidebar-layout":"default","site-content-layout":"default","ast-site-content-layout":"","site-content-style":"","site-sidebar-style":"","ast-global-header-display":"","ast-banner-title-visibility":"","ast-main-header-display":"","ast-hfb-above-header-display":"","ast-hfb-below-header-display":"","ast-hfb-mobile-header-display":"","site-post-title":"","ast-breadcrumbs-content":"","ast-featured-img":"","footer-sml-layout":"","theme-transparent-header-meta":"default","adv-header-id-meta":"","stick-header-meta":"default","header-above-stick-meta":"","header-main-stick-meta":"","header-below-stick-meta":"","astra-migrate-meta-layouts":"","ast-page-background-enabled":"default","ast-page-background-meta":{"desktop":{"background-color":"","background-image":"","background-repeat":"repeat","background-position":"center center","background-size":"auto","background-attachment":"scroll","background-type":"","background-media":"","overlay-type":"","overlay-color":"","overlay-gradient":""},"tablet":{"background-color":"","background-image":"","background-repeat":"repeat","background-position":"center center","background-size":"auto","background-attachment":"scroll","background-type":"","background-media":"","overlay-type":"","overlay-color":"","overlay-gradient":""},"mobile":{"background-color":"","background-image":"","background-repeat":"repeat","background-position":"center center","background-size":"auto","background-attachment":"scroll","background-type":"","background-media":"","overlay-type":"","overlay-color":"","overlay-gradient":""}},"ast-content-background-meta":{"desktop":{"background-color":"var(--ast-global-color-5)","background-image":"","background-repeat":"repeat","background-position":"center center","background-size":"auto","background-attachment":"scroll","background-type":"","background-media":"","overlay-type":"","overlay-color":"","overlay-gradient":""},"tablet":{"background-color":"var(--ast-global-color-5)","background-image":"","background-repeat":"repeat","background-position":"center center","background-size":"auto","background-attachment":"scroll","background-type":"","background-media":"","overlay-type":"","overlay-color":"","overlay-gradient":""},"mobile":{"background-color":"var(--ast-global-color-5)","background-image":"","background-repeat":"repeat","background-position":"center center","background-size":"auto","background-attachment":"scroll","background-type":"","background-media":"","overlay-type":"","overlay-color":"","overlay-gradient":""}}},"product_cat":[27,35],"product_tag":[29,31,41,61,33],"class_list":["post-1412","product","type-product","status-publish","has-post-thumbnail","hentry","product_cat-dolu","product_cat-porteurs-et-voitures-a-pedales","product_tag-dolu","product_tag-jouet","product_tag-pedales","product_tag-tricycle","product_tag-unicorn","desktop-align-left","tablet-align-left","mobile-align-left"],"_links":{"self":[{"href":"https:\/\/jouetentunisie.tn\/index.php\/wp-json\/wp\/v2\/product\/1412","targetHints":{"allow":["GET"]}}],"collection":[{"href":"https:\/\/jouetentunisie.tn\/index.php\/wp-json\/wp\/v2\/product"}],"about":[{"href":"https:\/\/jouetentunisie.tn\/index.php\/wp-json\/wp\/v2\/types\/product"}],"replies":[{"embeddable":true,"href":"https:\/\/jouetentunisie.tn\/index.php\/wp-json\/wp\/v2\/comments?post=1412"}],"wp:featuredmedia":[{"embeddable":true,"href":"https:\/\/jouetentunisie.tn\/index.php\/wp-json\/wp\/v2\/media\/1489"}],"wp:attachment":[{"href":"https:\/\/jouetentunisie.tn\/index.php\/wp-json\/wp\/v2\/media?parent=1412"}],"wp:term":[{"taxonomy":"product_cat","embeddable":true,"href":"https:\/\/jouetentunisie.tn\/index.php\/wp-json\/wp\/v2\/product_cat?post=1412"},{"taxonomy":"product_tag","embeddable":true,"href":"https:\/\/jouetentunisie.tn\/index.php\/wp-json\/wp\/v2\/product_tag?post=1412"}],"curies":[{"name":"wp","href":"https:\/\/api.w.org\/{rel}","templated":true}]}}