{"id":1414,"date":"2023-11-23T15:22:00","date_gmt":"2023-11-23T14:22:00","guid":{"rendered":"https:\/\/jouetentunisie.tn\/?post_type=product&#038;p=1414"},"modified":"2023-11-23T15:22:28","modified_gmt":"2023-11-23T14:22:28","slug":"balancelle-caterpillar-dolu","status":"publish","type":"product","link":"https:\/\/jouetentunisie.tn\/index.php\/produit\/balancelle-caterpillar-dolu\/","title":{"rendered":"Balancelle caterpillar Dolu"},"content":{"rendered":"<p>Balancelle rose Caterpillar de la marque DOLU. Peut se fixer au sol pour meilleure stabilit\u00e9. <span class=\"a-list-item\">Dimensions: 78 x 38 x 35 cm.\u00a0<\/span>Age \u00e0 partir de 2 ans et plus. Une balancelle pour enfant est id\u00e9ale pour profiter tranquillement des beaux jours dans son jardin. Elle permet aux petits de se balancer, de jouer et de se d\u00e9tendre. Ce produit fait partie de la cat\u00e9gorie des jeux en ext\u00e9rieurs et La marque Dolu produit aussi plusieurs autres articles pour les <a href=\"https:\/\/www.tipirate-store.tn\/categorie-produit\/toboggans-et-exterieur\/\">jeux \u00e0 l&rsquo;ext\u00e9rieur<\/a>. Afin de se balancer, votre enfant tiendra par ses mains les antennes de ce Caterpillar et poussera avec ces pieds pour se balancer. Elle s\u2019int\u00e8gre et se transporte facilement lors de vos d\u00e9placements et permet le d\u00e9veloppement de la motricit\u00e9 de vos enfants. La balancelle fait sans doute partie des jeux pr\u00e9f\u00e9r\u00e9s des enfants et m\u00eame de nombreuses grandes personnes. La Balancelle rose Caterpillar de la marque DOLU fera le bonheur des enfants et leur permettra de profiter de l&rsquo;ext\u00e9rieur en toute s\u00e9curit\u00e9. Faite de mat\u00e9riel de plastique de tr\u00e8s haute qualit\u00e9 le rendant <span class=\"a-list-item\">fiable et <\/span><span class=\"a-list-item\">durable.<\/span><\/p>\n<p><span style=\"font-size: 16px; font-style: normal; font-weight: 400;\">Achetez et commandez en ligne ou d\u00e9couvrez ce jouet dans notre magasin \u00e0 Tunis, Tunisie.<\/span><span style=\"font-size: 16px; font-style: normal; font-weight: 400;\">\u00a0<\/span><\/p>\n<p>Pour plus d&rsquo;informations visiter le site officiel <a href=\"https:\/\/www.dolu.com.tr\/en\/\">Dolu<\/a><\/p>\n","protected":false},"excerpt":{"rendered":"<p>Balancelle rose Caterpillar de la marque DOLU. Peut se fixer au sol pour meilleure stabilit\u00e9. Dimensions: 78 x 38 x 35 cm.\u00a0Age \u00e0 partir de 2 ans et plus. Une balancelle pour enfant est id\u00e9ale pour profiter tranquillement des beaux jours dans son jardin. Elle permet aux petits de se balancer, de jouer et de se d\u00e9tendre. Ce produit fait partie de la cat\u00e9gorie des jeux en ext\u00e9rieurs et La marque Dolu produit aussi plusieurs autres articles pour les jeux \u00e0 l&rsquo;ext\u00e9rieur. Afin de se balancer, votre enfant tiendra par ses mains les antennes de ce Caterpillar et poussera avec ces pieds pour se balancer. Elle s\u2019int\u00e8gre et se transporte facilement lors de vos d\u00e9placements et permet le d\u00e9veloppement de la motricit\u00e9 de vos enfants. La balancelle fait sans doute partie des jeux pr\u00e9f\u00e9r\u00e9s des enfants et m\u00eame de nombreuses grandes personnes. La Balancelle rose Caterpillar de la marque DOLU fera le bonheur des enfants et leur permettra de profiter de l&rsquo;ext\u00e9rieur en toute s\u00e9curit\u00e9. Faite de mat\u00e9riel de plastique de tr\u00e8s haute qualit\u00e9 le rendant fiable et durable.<\/p>\n","protected":false},"featured_media":1491,"comment_status":"open","ping_status":"closed","template":"","meta":{"site-sidebar-layout":"default","site-content-layout":"default","ast-site-content-layout":"","site-content-style":"","site-sidebar-style":"","ast-global-header-display":"","ast-banner-title-visibility":"","ast-main-header-display":"","ast-hfb-above-header-display":"","ast-hfb-below-header-display":"","ast-hfb-mobile-header-display":"","site-post-title":"","ast-breadcrumbs-content":"","ast-featured-img":"","footer-sml-layout":"","theme-transparent-header-meta":"default","adv-header-id-meta":"","stick-header-meta":"default","header-above-stick-meta":"","header-main-stick-meta":"","header-below-stick-meta":"","astra-migrate-meta-layouts":"","ast-page-background-enabled":"default","ast-page-background-meta":{"desktop":{"background-color":"","background-image":"","background-repeat":"repeat","background-position":"center center","background-size":"auto","background-attachment":"scroll","background-type":"","background-media":"","overlay-type":"","overlay-color":"","overlay-gradient":""},"tablet":{"background-color":"","background-image":"","background-repeat":"repeat","background-position":"center center","background-size":"auto","background-attachment":"scroll","background-type":"","background-media":"","overlay-type":"","overlay-color":"","overlay-gradient":""},"mobile":{"background-color":"","background-image":"","background-repeat":"repeat","background-position":"center center","background-size":"auto","background-attachment":"scroll","background-type":"","background-media":"","overlay-type":"","overlay-color":"","overlay-gradient":""}},"ast-content-background-meta":{"desktop":{"background-color":"var(--ast-global-color-5)","background-image":"","background-repeat":"repeat","background-position":"center center","background-size":"auto","background-attachment":"scroll","background-type":"","background-media":"","overlay-type":"","overlay-color":"","overlay-gradient":""},"tablet":{"background-color":"var(--ast-global-color-5)","background-image":"","background-repeat":"repeat","background-position":"center center","background-size":"auto","background-attachment":"scroll","background-type":"","background-media":"","overlay-type":"","overlay-color":"","overlay-gradient":""},"mobile":{"background-color":"var(--ast-global-color-5)","background-image":"","background-repeat":"repeat","background-position":"center center","background-size":"auto","background-attachment":"scroll","background-type":"","background-media":"","overlay-type":"","overlay-color":"","overlay-gradient":""}}},"product_cat":[27,62],"product_tag":[29,31],"class_list":["post-1414","product","type-product","status-publish","has-post-thumbnail","hentry","product_cat-dolu","product_cat-toboggans-et-exterieur","product_tag-dolu","product_tag-jouet","desktop-align-left","tablet-align-left","mobile-align-left"],"_links":{"self":[{"href":"https:\/\/jouetentunisie.tn\/index.php\/wp-json\/wp\/v2\/product\/1414","targetHints":{"allow":["GET"]}}],"collection":[{"href":"https:\/\/jouetentunisie.tn\/index.php\/wp-json\/wp\/v2\/product"}],"about":[{"href":"https:\/\/jouetentunisie.tn\/index.php\/wp-json\/wp\/v2\/types\/product"}],"replies":[{"embeddable":true,"href":"https:\/\/jouetentunisie.tn\/index.php\/wp-json\/wp\/v2\/comments?post=1414"}],"wp:featuredmedia":[{"embeddable":true,"href":"https:\/\/jouetentunisie.tn\/index.php\/wp-json\/wp\/v2\/media\/1491"}],"wp:attachment":[{"href":"https:\/\/jouetentunisie.tn\/index.php\/wp-json\/wp\/v2\/media?parent=1414"}],"wp:term":[{"taxonomy":"product_cat","embeddable":true,"href":"https:\/\/jouetentunisie.tn\/index.php\/wp-json\/wp\/v2\/product_cat?post=1414"},{"taxonomy":"product_tag","embeddable":true,"href":"https:\/\/jouetentunisie.tn\/index.php\/wp-json\/wp\/v2\/product_tag?post=1414"}],"curies":[{"name":"wp","href":"https:\/\/api.w.org\/{rel}","templated":true}]}}