{"id":1415,"date":"2023-11-23T15:22:00","date_gmt":"2023-11-23T14:22:00","guid":{"rendered":"https:\/\/jouetentunisie.tn\/?post_type=product&#038;p=1415"},"modified":"2023-11-23T15:22:28","modified_gmt":"2023-11-23T14:22:28","slug":"maisonnette-exterieur-dolu","status":"publish","type":"product","link":"https:\/\/jouetentunisie.tn\/index.php\/produit\/maisonnette-exterieur-dolu\/","title":{"rendered":"Maisonnette Ext\u00e9rieur Dolu"},"content":{"rendered":"<h2>Maisonnette Ext\u00e9rieur Dolu<\/h2>\n<p>Maisonnette d&rsquo;ext\u00e9rieur couleur rouge et bleue de la marque DOLU. Id\u00e9ale pour jouer \u00e0 l&rsquo;ext\u00e9rieur. Dimensions 106cm x 100cm x 100cm. La marque Dolu produit aussi d&rsquo;autres articles pour le <a href=\"https:\/\/www.tipirate-store.tn\/categorie-produit\/toboggans-et-exterieur\/\">jeu \u00e0 l&rsquo;ext\u00e9rieur<\/a>. La marque Dolu propose plusieurs mod\u00e8les de maison d&rsquo;ext\u00e9rieur. Id\u00e9ale pour jouer \u00e0 l&rsquo;ext\u00e9rieur. Dimensions 106cm x 100cm x 100cm. A partir de 2 ans.\u00a0 Jeux d&rsquo;ext\u00e9rieur, jeux de r\u00f4le ou de mim\u00e9tisme, la cabane permet aux enfants de se cr\u00e9er des aventures, des histoires et de jouer des personnages dans un univers qui leur est enti\u00e8rement d\u00e9di\u00e9. Ils d\u00e9veloppent ainsi leur cr\u00e9ativit\u00e9 et leur imagination de fa\u00e7on tr\u00e8s ludique. Elle s\u2019int\u00e8gre et se monte facilement et permet de cr\u00e9er un lieu propice au d\u00e9veloppement de l\u2019imagination de vos enfants. Dans la cat\u00e9gorie des jeux d&rsquo;ext\u00e9rieur <a href=\"https:\/\/www.tipirate-store.tn\/produit\/mon-1er-toboggan-dolu\/\">mon 1er toboggan Dolu<\/a> le <a href=\"https:\/\/www.tipirate-store.tn\/produit\/toboggan-unicorn-pliable-dolu\/\">toboggan unicorn<\/a> et le <a href=\"https:\/\/www.tipirate-store.tn\/produit\/toboggan-option-eau-dolu\/\">toboggan \u00e0 eau<\/a> ou la <a href=\"https:\/\/www.tipirate-store.tn\/produit\/grande-maisonnette-unicorn-dolu\/\">maison Unicorn<\/a>!<\/p>\n<p>La grande maisonnette d&rsquo;ext\u00e9rieur de Dolu est un jouet qui fera ravir tous les enfant et leur procurera beaucoup de joie! C\u2019est un jeu d\u2019ext\u00e9rieur ludique et amusant permettant le jeu en communaut\u00e9 et favorisant donc le d\u00e9veloppement de comportements tels que le partage et le relationnel. Cette est le cadeau id\u00e9ale des enfants pour pouvoir jouer \u00e0 l&rsquo;exterieur. Il existe aussi une sortie pour les petits animaux domestique tels les chats! Ne n\u00e9cessite pas d&rsquo;entretien et est facilement nettoyable.<\/p>\n<p><span style=\"font-size: 16px; font-style: normal; font-weight: 400;\">Achetez et commandez en ligne ou d\u00e9couvrez ce jouet dans notre magasin \u00e0 Tunis, Tunisie.<\/span><span style=\"font-size: 16px; font-style: normal; font-weight: 400;\">\u00a0<\/span><\/p>\n<p>Pour plus d&rsquo;informations visiter le site officiel <a href=\"https:\/\/www.dolu.com.tr\/en\/\">Dolu<\/a><\/p>\n","protected":false},"excerpt":{"rendered":"<p>Maisonnette d&rsquo;ext\u00e9rieur couleur rouge et bleue de la marque DOLU. Id\u00e9ale pour jouer \u00e0 l&rsquo;ext\u00e9rieur. Dimensions 106cm x 100cm x 100cm. La marque Dolu produit aussi d&rsquo;autres articles pour le jeu \u00e0 l&rsquo;ext\u00e9rieur. La marque Dolu propose plusieurs mod\u00e8les de maison d&rsquo;ext\u00e9rieur. Id\u00e9ale pour jouer \u00e0 l&rsquo;ext\u00e9rieur. Dimensions 106cm x 100cm x 100cm. A partir de 2 ans.\u00a0 Jeux d&rsquo;ext\u00e9rieur, jeux de r\u00f4le ou de mim\u00e9tisme, la cabane permet aux enfants de se cr\u00e9er des aventures, des histoires et de jouer des personnages dans un univers qui leur est enti\u00e8rement d\u00e9di\u00e9. Ils d\u00e9veloppent ainsi leur cr\u00e9ativit\u00e9 et leur imagination de fa\u00e7on tr\u00e8s ludique. Elle s\u2019int\u00e8gre et se monte facilement et permet de cr\u00e9er un lieu propice au d\u00e9veloppement de l\u2019imagination de vos enfants.<\/p>\n<p>La grande maisonnette d&rsquo;ext\u00e9rieur de Dolu est un jouet qui fera ravir tous les enfant et leur procurera beaucoup de joie! C\u2019est un jeu d\u2019ext\u00e9rieur ludique et amusant permettant le jeu en communaut\u00e9 et favorisant donc le d\u00e9veloppement de comportements tels que le partage et le relationnel. Cette est le cadeau id\u00e9ale des enfants pour pouvoir jouer \u00e0 l&rsquo;exterieur. Il existe aussi une sortie pour les petits animaux domestique tels les chats! Ne n\u00e9cessite pas d&rsquo;entretien et est facilement nettoyable.<\/p>\n","protected":false},"featured_media":1492,"comment_status":"open","ping_status":"closed","template":"","meta":{"site-sidebar-layout":"default","site-content-layout":"default","ast-site-content-layout":"","site-content-style":"","site-sidebar-style":"","ast-global-header-display":"","ast-banner-title-visibility":"","ast-main-header-display":"","ast-hfb-above-header-display":"","ast-hfb-below-header-display":"","ast-hfb-mobile-header-display":"","site-post-title":"","ast-breadcrumbs-content":"","ast-featured-img":"","footer-sml-layout":"","theme-transparent-header-meta":"default","adv-header-id-meta":"","stick-header-meta":"default","header-above-stick-meta":"","header-main-stick-meta":"","header-below-stick-meta":"","astra-migrate-meta-layouts":"","ast-page-background-enabled":"default","ast-page-background-meta":{"desktop":{"background-color":"","background-image":"","background-repeat":"repeat","background-position":"center center","background-size":"auto","background-attachment":"scroll","background-type":"","background-media":"","overlay-type":"","overlay-color":"","overlay-gradient":""},"tablet":{"background-color":"","background-image":"","background-repeat":"repeat","background-position":"center center","background-size":"auto","background-attachment":"scroll","background-type":"","background-media":"","overlay-type":"","overlay-color":"","overlay-gradient":""},"mobile":{"background-color":"","background-image":"","background-repeat":"repeat","background-position":"center center","background-size":"auto","background-attachment":"scroll","background-type":"","background-media":"","overlay-type":"","overlay-color":"","overlay-gradient":""}},"ast-content-background-meta":{"desktop":{"background-color":"var(--ast-global-color-5)","background-image":"","background-repeat":"repeat","background-position":"center center","background-size":"auto","background-attachment":"scroll","background-type":"","background-media":"","overlay-type":"","overlay-color":"","overlay-gradient":""},"tablet":{"background-color":"var(--ast-global-color-5)","background-image":"","background-repeat":"repeat","background-position":"center center","background-size":"auto","background-attachment":"scroll","background-type":"","background-media":"","overlay-type":"","overlay-color":"","overlay-gradient":""},"mobile":{"background-color":"var(--ast-global-color-5)","background-image":"","background-repeat":"repeat","background-position":"center center","background-size":"auto","background-attachment":"scroll","background-type":"","background-media":"","overlay-type":"","overlay-color":"","overlay-gradient":""}}},"product_cat":[27,62],"product_tag":[29,31],"class_list":["post-1415","product","type-product","status-publish","has-post-thumbnail","hentry","product_cat-dolu","product_cat-toboggans-et-exterieur","product_tag-dolu","product_tag-jouet","product_shipping_class-articles-tres-volumineux","desktop-align-left","tablet-align-left","mobile-align-left"],"_links":{"self":[{"href":"https:\/\/jouetentunisie.tn\/index.php\/wp-json\/wp\/v2\/product\/1415","targetHints":{"allow":["GET"]}}],"collection":[{"href":"https:\/\/jouetentunisie.tn\/index.php\/wp-json\/wp\/v2\/product"}],"about":[{"href":"https:\/\/jouetentunisie.tn\/index.php\/wp-json\/wp\/v2\/types\/product"}],"replies":[{"embeddable":true,"href":"https:\/\/jouetentunisie.tn\/index.php\/wp-json\/wp\/v2\/comments?post=1415"}],"wp:featuredmedia":[{"embeddable":true,"href":"https:\/\/jouetentunisie.tn\/index.php\/wp-json\/wp\/v2\/media\/1492"}],"wp:attachment":[{"href":"https:\/\/jouetentunisie.tn\/index.php\/wp-json\/wp\/v2\/media?parent=1415"}],"wp:term":[{"taxonomy":"product_cat","embeddable":true,"href":"https:\/\/jouetentunisie.tn\/index.php\/wp-json\/wp\/v2\/product_cat?post=1415"},{"taxonomy":"product_tag","embeddable":true,"href":"https:\/\/jouetentunisie.tn\/index.php\/wp-json\/wp\/v2\/product_tag?post=1415"}],"curies":[{"name":"wp","href":"https:\/\/api.w.org\/{rel}","templated":true}]}}