{"id":1416,"date":"2023-11-23T15:22:00","date_gmt":"2023-11-23T14:22:00","guid":{"rendered":"https:\/\/jouetentunisie.tn\/?post_type=product&#038;p=1416"},"modified":"2023-11-23T15:22:29","modified_gmt":"2023-11-23T14:22:29","slug":"jeu-construction-150pcs-dolu","status":"publish","type":"product","link":"https:\/\/jouetentunisie.tn\/index.php\/produit\/jeu-construction-150pcs-dolu\/","title":{"rendered":"Jeu construction 150pcs Dolu"},"content":{"rendered":"<h2>Jeu de construction 150pcs Lego Block color\u00e9es de la marque DOLU<\/h2>\n<p>Jeu de construction 150pcs Lego Block color\u00e9es de la marque DOLU. A partir de 18mois. Le fabriquant DOLU produit aussi une large gamme de <a href=\"https:\/\/www.tipirate-store.tn\/categorie-produit\/jeux-de-construction\/\">jeux de construction<\/a> originaux. A partir de 18 mois. Le jeu de construction permet \u00e0 l&rsquo;enfant de fixer son attention sur une seule et m\u00eame chose et d&rsquo;utiliser ses comp\u00e9tences pour atteindre son objectif ! En jouant \u00e0 un jeu de construction, l&rsquo;enfant s&rsquo;amuse \u00e0 cr\u00e9er et maintenir l&rsquo;\u00e9quilibre, \u00e0 imaginer un nouvel univers, \u00e0 s&rsquo;inventer une histoire. Tr\u00e8s simple en apparence, le jeu de construction est en r\u00e9alit\u00e9 tr\u00e8s complet. Il mobilise diff\u00e9rentes comp\u00e9tences chez l\u2019enfant et lui permet de nombreux apprentissages, tant moteurs qu\u2019intellectuels. Le Jeu de construction avec 150pcs de la marque DOLU est le jouet id\u00e9al pour votre enfant!<\/p>\n<p>A partir du moment o\u00f9 l\u2019enfant va acqu\u00e9rir une certaine capacit\u00e9 de pr\u00e9hension, il va pouvoir prendre plaisir \u00e0 jouer aux jeux de construction. Et cela va entrainer un certain nombre d\u2019apprentissages : l\u2019habilet\u00e9 manuelle, La coordination entre l\u2019\u0153il et la main et la la prise d\u2019initiatives. Dans un jeu de construction, l\u2019enfant est libre de faire ce qu\u2019il veut. Il se laisse aussi guider par le hasard mais assez vite, un projet \u00e9merge. Il place trois cubes les uns \u00e0 c\u00f4t\u00e9 des autres et d\u00e9cide d\u2019en empiler un quatri\u00e8me&#8230; L\u2019enfant prend alors des d\u00e9cisions en pla\u00e7ant les \u00e9l\u00e9ments tel qu\u2019il l\u2019entend.<\/p>\n<p>En outre, Achetez et commandez en ligne ou d\u00e9couvrez ce jouet dans notre magasin \u00e0 Tunis, Tunisie.<\/p>\n<p>Pour plus d&rsquo;informations visiter le site officiel <a href=\"https:\/\/www.dolu.com.tr\/en\/\">Dolu<\/a><\/p>\n","protected":false},"excerpt":{"rendered":"<p>Jeu de construction 150pcs Lego Block color\u00e9es de la marque DOLU. A partir de 18mois. Le fabriquant DOLU produit aussi une large gamme de jeux de construction originaux. A partir de 18 mois. Le jeu de construction permet \u00e0 l&rsquo;enfant de fixer son attention sur une seule et m\u00eame chose et d&rsquo;utiliser ses comp\u00e9tences pour atteindre son objectif ! En jouant \u00e0 un jeu de construction, l&rsquo;enfant s&rsquo;amuse \u00e0 cr\u00e9er et maintenir l&rsquo;\u00e9quilibre, \u00e0 imaginer un nouvel univers, \u00e0 s&rsquo;inventer une histoire. Tr\u00e8s simple en apparence, le jeu de construction est en r\u00e9alit\u00e9 tr\u00e8s complet. Il mobilise diff\u00e9rentes comp\u00e9tences chez l\u2019enfant et lui permet de nombreux apprentissages, tant moteurs qu\u2019intellectuels. Le Jeu de construction avec 150pcs de la marque DOLU est le jouet id\u00e9al pour votre enfant!<\/p>\n<p>A partir du moment o\u00f9 l\u2019enfant va acqu\u00e9rir une certaine capacit\u00e9 de pr\u00e9hension, il va pouvoir prendre plaisir \u00e0 jouer aux jeux de construction. Et cela va entrainer un certain nombre d\u2019apprentissages : l\u2019habilet\u00e9 manuelle, La coordination entre l\u2019\u0153il et la main et la la prise d\u2019initiatives. Dans un jeu de construction, l\u2019enfant est libre de faire ce qu\u2019il veut.<\/p>\n","protected":false},"featured_media":1494,"comment_status":"open","ping_status":"closed","template":"","meta":{"site-sidebar-layout":"default","site-content-layout":"default","ast-site-content-layout":"","site-content-style":"","site-sidebar-style":"","ast-global-header-display":"","ast-banner-title-visibility":"","ast-main-header-display":"","ast-hfb-above-header-display":"","ast-hfb-below-header-display":"","ast-hfb-mobile-header-display":"","site-post-title":"","ast-breadcrumbs-content":"","ast-featured-img":"","footer-sml-layout":"","theme-transparent-header-meta":"default","adv-header-id-meta":"","stick-header-meta":"default","header-above-stick-meta":"","header-main-stick-meta":"","header-below-stick-meta":"","astra-migrate-meta-layouts":"","ast-page-background-enabled":"default","ast-page-background-meta":{"desktop":{"background-color":"","background-image":"","background-repeat":"repeat","background-position":"center center","background-size":"auto","background-attachment":"scroll","background-type":"","background-media":"","overlay-type":"","overlay-color":"","overlay-gradient":""},"tablet":{"background-color":"","background-image":"","background-repeat":"repeat","background-position":"center center","background-size":"auto","background-attachment":"scroll","background-type":"","background-media":"","overlay-type":"","overlay-color":"","overlay-gradient":""},"mobile":{"background-color":"","background-image":"","background-repeat":"repeat","background-position":"center center","background-size":"auto","background-attachment":"scroll","background-type":"","background-media":"","overlay-type":"","overlay-color":"","overlay-gradient":""}},"ast-content-background-meta":{"desktop":{"background-color":"var(--ast-global-color-5)","background-image":"","background-repeat":"repeat","background-position":"center center","background-size":"auto","background-attachment":"scroll","background-type":"","background-media":"","overlay-type":"","overlay-color":"","overlay-gradient":""},"tablet":{"background-color":"var(--ast-global-color-5)","background-image":"","background-repeat":"repeat","background-position":"center center","background-size":"auto","background-attachment":"scroll","background-type":"","background-media":"","overlay-type":"","overlay-color":"","overlay-gradient":""},"mobile":{"background-color":"var(--ast-global-color-5)","background-image":"","background-repeat":"repeat","background-position":"center center","background-size":"auto","background-attachment":"scroll","background-type":"","background-media":"","overlay-type":"","overlay-color":"","overlay-gradient":""}}},"product_cat":[27,36,37],"product_tag":[29,38,31,39],"class_list":["post-1416","product","type-product","status-publish","has-post-thumbnail","hentry","product_cat-dolu","product_cat-jeux-de-construction","product_cat-jouets-1er-age","product_tag-dolu","product_tag-jeu-de-construction","product_tag-jouet","product_tag-lego","desktop-align-left","tablet-align-left","mobile-align-left"],"_links":{"self":[{"href":"https:\/\/jouetentunisie.tn\/index.php\/wp-json\/wp\/v2\/product\/1416","targetHints":{"allow":["GET"]}}],"collection":[{"href":"https:\/\/jouetentunisie.tn\/index.php\/wp-json\/wp\/v2\/product"}],"about":[{"href":"https:\/\/jouetentunisie.tn\/index.php\/wp-json\/wp\/v2\/types\/product"}],"replies":[{"embeddable":true,"href":"https:\/\/jouetentunisie.tn\/index.php\/wp-json\/wp\/v2\/comments?post=1416"}],"wp:featuredmedia":[{"embeddable":true,"href":"https:\/\/jouetentunisie.tn\/index.php\/wp-json\/wp\/v2\/media\/1494"}],"wp:attachment":[{"href":"https:\/\/jouetentunisie.tn\/index.php\/wp-json\/wp\/v2\/media?parent=1416"}],"wp:term":[{"taxonomy":"product_cat","embeddable":true,"href":"https:\/\/jouetentunisie.tn\/index.php\/wp-json\/wp\/v2\/product_cat?post=1416"},{"taxonomy":"product_tag","embeddable":true,"href":"https:\/\/jouetentunisie.tn\/index.php\/wp-json\/wp\/v2\/product_tag?post=1416"}],"curies":[{"name":"wp","href":"https:\/\/api.w.org\/{rel}","templated":true}]}}