{"id":1464,"date":"2023-11-23T15:22:21","date_gmt":"2023-11-23T14:22:21","guid":{"rendered":"https:\/\/jouetentunisie.tn\/?post_type=product&#038;p=1464"},"modified":"2023-11-23T15:22:30","modified_gmt":"2023-11-23T14:22:30","slug":"grand-jeu-bowling-dolu","status":"publish","type":"product","link":"https:\/\/jouetentunisie.tn\/index.php\/produit\/grand-jeu-bowling-dolu\/","title":{"rendered":"Grand Jeu Bowling Dolu"},"content":{"rendered":"<p>Jeu de Bowling Grand format mod\u00e8le Fisher Price de la marque DOLU. A partir de 2ans. Jeu de Bowling\u00a0<span style=\"font-size: 16px; font-style: normal; font-weight: 400;\">de la marque DOLU <\/span><span style=\"font-size: 16px;\">Contient 6 grandes quilles et une boule en plastique. Fait de plastique de haute qualit\u00e9. Principales caract\u00e9ristiques de ce genre de jouets color\u00e9s est de favoriser la coordination \u0153il-main et la perception sensorielle des b\u00e9b\u00e9s, d\u00e9velopper leur imagination et pratiquer le jeu coop\u00e9ratif. Les enfants pourront s&rsquo;amuser au bowling avec leurs amis et ainsi favoriser leur sociabilit\u00e9. Le jeu de bowling est aussi appel\u00e9 Le jeu de quilles.<\/span><\/p>\n<p><span style=\"font-size: 16px;\">La marque Dolu est un fabriquant qui produit plusieurs <\/span><a style=\"font-size: 16px; background-color: #ffffff;\" href=\"https:\/\/www.tipirate-store.tn\/categorie-produit\/jeux-de-role-garcons\/\">jeu de r\u00f4le gar\u00e7ons<\/a><span style=\"font-size: 16px;\">. <\/span>Seul ou entre amis, \u00e0 l&rsquo;int\u00e9rieur comme \u00e0 l&rsquo;ext\u00e9rieur, votre enfant va pouvoir exercer sa pr\u00e9cision et d\u00e9velopper la coordination de ses gestes avec ce jeu. Le Grand Jeu de Bowling de Dolu pour enfant est un moyen efficace d&rsquo;occuper les bouts de chou et convient parfaitement aux gar\u00e7ons ou aux filles \u00e9galement! Conception robuste pour une utilisation durable, on pourra transporter ce jouet partout et s&rsquo;amuser! Le bowling est synonyme d&rsquo;amusement et l&rsquo;<em>enfant<\/em> ne se lassera pas de ce jouet avec lequel il pourra s&rsquo;amuser.<\/p>\n<p><span style=\"font-size: 16px; font-style: normal; font-weight: 400;\">Achetez et commandez en ligne ou d\u00e9couvrez ce jouet dans notre magasin \u00e0 Tunis, Tunisie.<\/span><span style=\"font-size: 16px; font-style: normal; font-weight: 400;\">\u00a0<\/span><\/p>\n<p>Pour plus d&rsquo;informations visiter le site officiel <a href=\"https:\/\/www.dolu.com.tr\/en\/\">Dolu<\/a><\/p>\n","protected":false},"excerpt":{"rendered":"<p>Jeu de Bowling Grand format mod\u00e8le Fisher Price de la marque DOLU. A partir de 2ans. Jeu de Bowling\u00a0de la marque DOLU Contient 6 grandes quilles et une boule en plastique. Fait de plastique de haute qualit\u00e9. Principales caract\u00e9ristiques de ce genre de jouets color\u00e9s est de favoriser la coordination \u0153il-main et la perception sensorielle des b\u00e9b\u00e9s, d\u00e9velopper leur imagination et pratiquer le jeu coop\u00e9ratif. Les enfants pourront s&rsquo;amuser au bowling avec leurs amis et ainsi favoriser leur sociabilit\u00e9. Le jeu de bowling est aussi appel\u00e9 Le jeu de quilles.<\/p>\n<p>La marque Dolu est un fabriquant qui produit plusieurs jeu de r\u00f4le gar\u00e7ons. Seul ou entre amis, \u00e0 l&rsquo;int\u00e9rieur comme \u00e0 l&rsquo;ext\u00e9rieur, votre enfant va pouvoir exercer sa pr\u00e9cision et d\u00e9velopper la coordination de ses gestes avec ce jeu. Le Grand Jeu de Bowling de Dolu pour enfant est un moyen efficace d&rsquo;occuper les bouts de chou et convient parfaitement aux gar\u00e7ons ou aux filles \u00e9galement! Conception robuste pour une utilisation durable, on pourra transporter ce jouet partout et s&rsquo;amuser! Le bowling est synonyme d&rsquo;amusement et l&rsquo;enfant ne se lassera pas de ce jouet avec lequel il pourra s&rsquo;amuser.<\/p>\n","protected":false},"featured_media":1496,"comment_status":"open","ping_status":"closed","template":"","meta":{"site-sidebar-layout":"default","site-content-layout":"default","ast-site-content-layout":"","site-content-style":"","site-sidebar-style":"","ast-global-header-display":"","ast-banner-title-visibility":"","ast-main-header-display":"","ast-hfb-above-header-display":"","ast-hfb-below-header-display":"","ast-hfb-mobile-header-display":"","site-post-title":"","ast-breadcrumbs-content":"","ast-featured-img":"","footer-sml-layout":"","theme-transparent-header-meta":"default","adv-header-id-meta":"","stick-header-meta":"default","header-above-stick-meta":"","header-main-stick-meta":"","header-below-stick-meta":"","astra-migrate-meta-layouts":"","ast-page-background-enabled":"default","ast-page-background-meta":{"desktop":{"background-color":"","background-image":"","background-repeat":"repeat","background-position":"center center","background-size":"auto","background-attachment":"scroll","background-type":"","background-media":"","overlay-type":"","overlay-color":"","overlay-gradient":""},"tablet":{"background-color":"","background-image":"","background-repeat":"repeat","background-position":"center center","background-size":"auto","background-attachment":"scroll","background-type":"","background-media":"","overlay-type":"","overlay-color":"","overlay-gradient":""},"mobile":{"background-color":"","background-image":"","background-repeat":"repeat","background-position":"center center","background-size":"auto","background-attachment":"scroll","background-type":"","background-media":"","overlay-type":"","overlay-color":"","overlay-gradient":""}},"ast-content-background-meta":{"desktop":{"background-color":"var(--ast-global-color-5)","background-image":"","background-repeat":"repeat","background-position":"center center","background-size":"auto","background-attachment":"scroll","background-type":"","background-media":"","overlay-type":"","overlay-color":"","overlay-gradient":""},"tablet":{"background-color":"var(--ast-global-color-5)","background-image":"","background-repeat":"repeat","background-position":"center center","background-size":"auto","background-attachment":"scroll","background-type":"","background-media":"","overlay-type":"","overlay-color":"","overlay-gradient":""},"mobile":{"background-color":"var(--ast-global-color-5)","background-image":"","background-repeat":"repeat","background-position":"center center","background-size":"auto","background-attachment":"scroll","background-type":"","background-media":"","overlay-type":"","overlay-color":"","overlay-gradient":""}}},"product_cat":[27,58],"product_tag":[29,31],"class_list":["post-1464","product","type-product","status-publish","has-post-thumbnail","hentry","product_cat-dolu","product_cat-jeux-de-role-garcons","product_tag-dolu","product_tag-jouet","desktop-align-left","tablet-align-left","mobile-align-left"],"_links":{"self":[{"href":"https:\/\/jouetentunisie.tn\/index.php\/wp-json\/wp\/v2\/product\/1464","targetHints":{"allow":["GET"]}}],"collection":[{"href":"https:\/\/jouetentunisie.tn\/index.php\/wp-json\/wp\/v2\/product"}],"about":[{"href":"https:\/\/jouetentunisie.tn\/index.php\/wp-json\/wp\/v2\/types\/product"}],"replies":[{"embeddable":true,"href":"https:\/\/jouetentunisie.tn\/index.php\/wp-json\/wp\/v2\/comments?post=1464"}],"wp:featuredmedia":[{"embeddable":true,"href":"https:\/\/jouetentunisie.tn\/index.php\/wp-json\/wp\/v2\/media\/1496"}],"wp:attachment":[{"href":"https:\/\/jouetentunisie.tn\/index.php\/wp-json\/wp\/v2\/media?parent=1464"}],"wp:term":[{"taxonomy":"product_cat","embeddable":true,"href":"https:\/\/jouetentunisie.tn\/index.php\/wp-json\/wp\/v2\/product_cat?post=1464"},{"taxonomy":"product_tag","embeddable":true,"href":"https:\/\/jouetentunisie.tn\/index.php\/wp-json\/wp\/v2\/product_tag?post=1464"}],"curies":[{"name":"wp","href":"https:\/\/api.w.org\/{rel}","templated":true}]}}