{"id":1466,"date":"2023-11-23T15:22:21","date_gmt":"2023-11-23T14:22:21","guid":{"rendered":"https:\/\/jouetentunisie.tn\/?post_type=product&#038;p=1466"},"modified":"2023-11-23T15:22:31","modified_gmt":"2023-11-23T14:22:31","slug":"goal-avec-filet-dolu","status":"publish","type":"product","link":"https:\/\/jouetentunisie.tn\/index.php\/produit\/goal-avec-filet-dolu\/","title":{"rendered":"Goal avec Filet Dolu"},"content":{"rendered":"<p>Goal avec Filet couleur bleue de la marque Dolu. Se stabilise avec eau ou sable. Dimensions 75cm x100cm x55cm. La marque Dolu produit aussi d&rsquo;autres articles pour le <a href=\"https:\/\/www.tipirate-store.tn\/categorie-produit\/toboggans-et-exterieur\/\">jeu \u00e0 l&rsquo;ext\u00e9rieur<\/a>. Ce jouet d&rsquo;\u00e9veil interactif permet aux enfants de stimuler leurs sens de d\u00e9velopper leur motricit\u00e9, leurs r\u00e9flexes et leur coordination. Au coup de sifflet, la partie de jeu commence! qui sera le premier \u00e0 marquer un but ou \u00e0 arr\u00eater la balle! Chaque match sera plus impr\u00e9visible et excitant. Renforce la sociabilit\u00e9 et le partage entre les enfants.<\/p>\n<p>Il permet a toute la famille grands et petits de jouer ensemble! Agr\u00e9able jouet pour profiter du soleil et du jardin. Votre enfant peut s\u2019amuser \u00e0 tirer dans la balle pour tenter de marquer son premier but, il va d\u00e9velopper ainsi sa dext\u00e9rit\u00e9 et son adresse. Ce goal est un excellent cadeau pour les enfants passionn\u00e9 de football. Avec le Goal avec Filet de la marque Dolu rendez votre enfant heureux! Avec ce goal votre enfant s&rsquo;entra\u00eene \u00e0 la pr\u00e9cision et \u00e0 la coordination motrice pour devenir un v\u00e9ritable champion!<\/p>\n<p>&nbsp;<\/p>\n<p><span style=\"font-size: 16px; font-style: normal; font-weight: 400;\">Achetez et commandez en ligne ou d\u00e9couvrez ce jouet dans notre magasin \u00e0 Tunis, Tunisie.<\/span><span style=\"font-size: 16px; font-style: normal; font-weight: 400;\">\u00a0<\/span><\/p>\n<p>Pour plus d&rsquo;informations visiter le site officiel <a href=\"https:\/\/www.dolu.com.tr\/en\/\">Dolu<\/a><\/p>\n","protected":false},"excerpt":{"rendered":"<p>Goal avec Filet couleur bleue de la marque Dolu. Se stabilise avec eau ou sable. Dimensions 75cm x100cm x55cm. La marque Dolu produit aussi d&rsquo;autres articles pour le jeu \u00e0 l&rsquo;ext\u00e9rieur. Ce jouet d&rsquo;\u00e9veil interactif permet aux enfants de stimuler leurs sens de d\u00e9velopper leur motricit\u00e9, leurs r\u00e9flexes et leur coordination. Au coup de sifflet, la partie de jeu commence! qui sera le premier \u00e0 marquer un but ou \u00e0 arr\u00eater la balle! Chaque match sera plus impr\u00e9visible et excitant. Renforce la sociabilit\u00e9 et le partage entre les enfants.<\/p>\n<p>Il permet a toute la famille grands et petits de jouer ensemble! Agr\u00e9able jouet pour profiter du soleil et du jardin. Votre enfant peut s\u2019amuser \u00e0 tirer dans la balle pour tenter de marquer son premier but, il va d\u00e9velopper ainsi sa dext\u00e9rit\u00e9 et son adresse. Ce goal est un excellent cadeau pour les enfants passionn\u00e9 de football. Avec le Goal avec Filet de la marque Dolu rendez votre enfant heureux! Avec ce goal votre enfant s&rsquo;entra\u00eene \u00e0 la pr\u00e9cision et \u00e0 la coordination motrice pour devenir un v\u00e9ritable champion!<\/p>\n","protected":false},"featured_media":1499,"comment_status":"open","ping_status":"closed","template":"","meta":{"site-sidebar-layout":"default","site-content-layout":"default","ast-site-content-layout":"","site-content-style":"","site-sidebar-style":"","ast-global-header-display":"","ast-banner-title-visibility":"","ast-main-header-display":"","ast-hfb-above-header-display":"","ast-hfb-below-header-display":"","ast-hfb-mobile-header-display":"","site-post-title":"","ast-breadcrumbs-content":"","ast-featured-img":"","footer-sml-layout":"","theme-transparent-header-meta":"default","adv-header-id-meta":"","stick-header-meta":"default","header-above-stick-meta":"","header-main-stick-meta":"","header-below-stick-meta":"","astra-migrate-meta-layouts":"","ast-page-background-enabled":"default","ast-page-background-meta":{"desktop":{"background-color":"","background-image":"","background-repeat":"repeat","background-position":"center center","background-size":"auto","background-attachment":"scroll","background-type":"","background-media":"","overlay-type":"","overlay-color":"","overlay-gradient":""},"tablet":{"background-color":"","background-image":"","background-repeat":"repeat","background-position":"center center","background-size":"auto","background-attachment":"scroll","background-type":"","background-media":"","overlay-type":"","overlay-color":"","overlay-gradient":""},"mobile":{"background-color":"","background-image":"","background-repeat":"repeat","background-position":"center center","background-size":"auto","background-attachment":"scroll","background-type":"","background-media":"","overlay-type":"","overlay-color":"","overlay-gradient":""}},"ast-content-background-meta":{"desktop":{"background-color":"var(--ast-global-color-5)","background-image":"","background-repeat":"repeat","background-position":"center center","background-size":"auto","background-attachment":"scroll","background-type":"","background-media":"","overlay-type":"","overlay-color":"","overlay-gradient":""},"tablet":{"background-color":"var(--ast-global-color-5)","background-image":"","background-repeat":"repeat","background-position":"center center","background-size":"auto","background-attachment":"scroll","background-type":"","background-media":"","overlay-type":"","overlay-color":"","overlay-gradient":""},"mobile":{"background-color":"var(--ast-global-color-5)","background-image":"","background-repeat":"repeat","background-position":"center center","background-size":"auto","background-attachment":"scroll","background-type":"","background-media":"","overlay-type":"","overlay-color":"","overlay-gradient":""}}},"product_cat":[27,62],"product_tag":[29,31],"class_list":["post-1466","product","type-product","status-publish","has-post-thumbnail","hentry","product_cat-dolu","product_cat-toboggans-et-exterieur","product_tag-dolu","product_tag-jouet","desktop-align-left","tablet-align-left","mobile-align-left"],"_links":{"self":[{"href":"https:\/\/jouetentunisie.tn\/index.php\/wp-json\/wp\/v2\/product\/1466","targetHints":{"allow":["GET"]}}],"collection":[{"href":"https:\/\/jouetentunisie.tn\/index.php\/wp-json\/wp\/v2\/product"}],"about":[{"href":"https:\/\/jouetentunisie.tn\/index.php\/wp-json\/wp\/v2\/types\/product"}],"replies":[{"embeddable":true,"href":"https:\/\/jouetentunisie.tn\/index.php\/wp-json\/wp\/v2\/comments?post=1466"}],"wp:featuredmedia":[{"embeddable":true,"href":"https:\/\/jouetentunisie.tn\/index.php\/wp-json\/wp\/v2\/media\/1499"}],"wp:attachment":[{"href":"https:\/\/jouetentunisie.tn\/index.php\/wp-json\/wp\/v2\/media?parent=1466"}],"wp:term":[{"taxonomy":"product_cat","embeddable":true,"href":"https:\/\/jouetentunisie.tn\/index.php\/wp-json\/wp\/v2\/product_cat?post=1466"},{"taxonomy":"product_tag","embeddable":true,"href":"https:\/\/jouetentunisie.tn\/index.php\/wp-json\/wp\/v2\/product_tag?post=1466"}],"curies":[{"name":"wp","href":"https:\/\/api.w.org\/{rel}","templated":true}]}}