{"id":1467,"date":"2023-11-23T15:22:21","date_gmt":"2023-11-23T14:22:21","guid":{"rendered":"https:\/\/jouetentunisie.tn\/?post_type=product&#038;p=1467"},"modified":"2023-11-23T15:22:32","modified_gmt":"2023-11-23T14:22:32","slug":"moto-hot-wheels-dolu","status":"publish","type":"product","link":"https:\/\/jouetentunisie.tn\/index.php\/produit\/moto-hot-wheels-dolu\/","title":{"rendered":"Moto Hot Wheels Dolu"},"content":{"rendered":"<p>Moto Hot Wheels marque DOLU.\u00a0 Roues larges pour stabilit\u00e9 maximum, et v\u00e9hicule tr\u00e8s l\u00e9ger. A partir de 3ans. \u00a0Les jouets Hot Wheels de Dolu font partie de la gamme de jouets de <a href=\"https:\/\/www.tipirate-store.tn\/categorie-produit\/porteurs-et-voitures-a-pedales\/\">porteurs et voitures \u00e0 p\u00e9dales<\/a> offrent une exp\u00e9rience riche en action! et assurent avec la marque DOLU une tr\u00e8s haute Qualit\u00e9. Assise tr\u00e8s confortable et contr\u00f4le parfait de la conduite pour avancer m\u00eame pour les plus jeunes. Cadeau id\u00e9al pour les enfants dont l\u2019\u00e2ge est de 3 ans et plus.<\/p>\n<p>En outre, le porteur moto de Hot Wheels de la marque Dolu est id\u00e9al pour le d\u00e9veloppement moteur et l&rsquo;\u00e9veil des jeunes enfants. Ce petit v\u00e9hicule \u00e0 2 roues muni d&rsquo;un volant ou d&rsquo;un guidon. Il offre aux petits la possibilit\u00e9 de gagner en stabilit\u00e9, en dext\u00e9rit\u00e9 et en vitesse. En poussant sur ses pieds, les petits d\u00e9veloppent leur \u00e9quilibre et leur capacit\u00e9 physique. En outre, ce jouet pour b\u00e9b\u00e9 est id\u00e9al pour stimuler l&rsquo;\u00e9quilibre. Assis \u00e0 califourchon dessus, les petits s\u2019aident de leurs pieds pour faire rouler et pousser le porteur moto et faire le tour de la maison ou du jardin pour leur plus grand bonheur. Amusement garanti!<\/p>\n<p>Dimensions \u00a070 x 46 x 47 cm.<\/p>\n<p><span style=\"font-size: 16px; font-style: normal; font-weight: 400;\">Achetez et commandez en ligne ou d\u00e9couvrez ce jouet dans notre magasin \u00e0 Tunis, Tunisie.<\/span><span style=\"font-size: 16px; font-style: normal; font-weight: 400;\">\u00a0<\/span><\/p>\n<p>Pour plus d&rsquo;informations visiter le site officiel <a href=\"https:\/\/www.dolu.com.tr\/en\/\">Dolu<\/a><\/p>\n<p>&nbsp;<\/p>\n<p>&nbsp;<\/p>\n","protected":false},"excerpt":{"rendered":"<p>Moto Hot Wheels marque DOLU.\u00a0 Roues larges pour stabilit\u00e9 maximum, et v\u00e9hicule tr\u00e8s l\u00e9ger. A partir de 3ans. \u00a0Les jouets Hot Wheels de Dolu font partie de la gamme de jouets de porteurs et voitures \u00e0 p\u00e9dales offrent une exp\u00e9rience riche en action! et assurent avec la marque DOLU une tr\u00e8s haute Qualit\u00e9. Assise tr\u00e8s confortable et contr\u00f4le parfait de la conduite pour avancer m\u00eame pour les plus jeunes. Cadeau id\u00e9al pour les enfants dont l\u2019\u00e2ge est de 3 ans et plus.<\/p>\n<p>En outre, le porteur moto de Hot Wheels de la marque Dolu est id\u00e9al pour le d\u00e9veloppement moteur et l&rsquo;\u00e9veil des jeunes enfants. Ce petit v\u00e9hicule \u00e0 2 roues muni d&rsquo;un volant ou d&rsquo;un guidon. Il offre aux petits la possibilit\u00e9 de gagner en stabilit\u00e9, en dext\u00e9rit\u00e9 et en vitesse. En poussant sur ses pieds, les petits d\u00e9veloppent leur \u00e9quilibre et leur capacit\u00e9 physique. En outre, ce jouet pour b\u00e9b\u00e9 est id\u00e9al pour stimuler l&rsquo;\u00e9quilibre. Assis \u00e0 califourchon dessus, les petits s\u2019aident de leurs pieds pour faire rouler et pousser le porteur moto et faire le tour de la maison ou du jardin pour leur plus grand bonheur. Amusement garanti!<\/p>\n","protected":false},"featured_media":1502,"comment_status":"open","ping_status":"closed","template":"","meta":{"site-sidebar-layout":"default","site-content-layout":"default","ast-site-content-layout":"","site-content-style":"","site-sidebar-style":"","ast-global-header-display":"","ast-banner-title-visibility":"","ast-main-header-display":"","ast-hfb-above-header-display":"","ast-hfb-below-header-display":"","ast-hfb-mobile-header-display":"","site-post-title":"","ast-breadcrumbs-content":"","ast-featured-img":"","footer-sml-layout":"","theme-transparent-header-meta":"default","adv-header-id-meta":"","stick-header-meta":"default","header-above-stick-meta":"","header-main-stick-meta":"","header-below-stick-meta":"","astra-migrate-meta-layouts":"","ast-page-background-enabled":"default","ast-page-background-meta":{"desktop":{"background-color":"","background-image":"","background-repeat":"repeat","background-position":"center center","background-size":"auto","background-attachment":"scroll","background-type":"","background-media":"","overlay-type":"","overlay-color":"","overlay-gradient":""},"tablet":{"background-color":"","background-image":"","background-repeat":"repeat","background-position":"center center","background-size":"auto","background-attachment":"scroll","background-type":"","background-media":"","overlay-type":"","overlay-color":"","overlay-gradient":""},"mobile":{"background-color":"","background-image":"","background-repeat":"repeat","background-position":"center center","background-size":"auto","background-attachment":"scroll","background-type":"","background-media":"","overlay-type":"","overlay-color":"","overlay-gradient":""}},"ast-content-background-meta":{"desktop":{"background-color":"var(--ast-global-color-5)","background-image":"","background-repeat":"repeat","background-position":"center center","background-size":"auto","background-attachment":"scroll","background-type":"","background-media":"","overlay-type":"","overlay-color":"","overlay-gradient":""},"tablet":{"background-color":"var(--ast-global-color-5)","background-image":"","background-repeat":"repeat","background-position":"center center","background-size":"auto","background-attachment":"scroll","background-type":"","background-media":"","overlay-type":"","overlay-color":"","overlay-gradient":""},"mobile":{"background-color":"var(--ast-global-color-5)","background-image":"","background-repeat":"repeat","background-position":"center center","background-size":"auto","background-attachment":"scroll","background-type":"","background-media":"","overlay-type":"","overlay-color":"","overlay-gradient":""}}},"product_cat":[27,35],"product_tag":[29,31,42],"class_list":["post-1467","product","type-product","status-publish","has-post-thumbnail","hentry","product_cat-dolu","product_cat-porteurs-et-voitures-a-pedales","product_tag-dolu","product_tag-jouet","product_tag-porteur","product_shipping_class-articles-tres-volumineux","desktop-align-left","tablet-align-left","mobile-align-left"],"_links":{"self":[{"href":"https:\/\/jouetentunisie.tn\/index.php\/wp-json\/wp\/v2\/product\/1467","targetHints":{"allow":["GET"]}}],"collection":[{"href":"https:\/\/jouetentunisie.tn\/index.php\/wp-json\/wp\/v2\/product"}],"about":[{"href":"https:\/\/jouetentunisie.tn\/index.php\/wp-json\/wp\/v2\/types\/product"}],"replies":[{"embeddable":true,"href":"https:\/\/jouetentunisie.tn\/index.php\/wp-json\/wp\/v2\/comments?post=1467"}],"wp:featuredmedia":[{"embeddable":true,"href":"https:\/\/jouetentunisie.tn\/index.php\/wp-json\/wp\/v2\/media\/1502"}],"wp:attachment":[{"href":"https:\/\/jouetentunisie.tn\/index.php\/wp-json\/wp\/v2\/media?parent=1467"}],"wp:term":[{"taxonomy":"product_cat","embeddable":true,"href":"https:\/\/jouetentunisie.tn\/index.php\/wp-json\/wp\/v2\/product_cat?post=1467"},{"taxonomy":"product_tag","embeddable":true,"href":"https:\/\/jouetentunisie.tn\/index.php\/wp-json\/wp\/v2\/product_tag?post=1467"}],"curies":[{"name":"wp","href":"https:\/\/api.w.org\/{rel}","templated":true}]}}