{"id":1468,"date":"2023-11-23T15:22:21","date_gmt":"2023-11-23T14:22:21","guid":{"rendered":"https:\/\/jouetentunisie.tn\/?post_type=product&#038;p=1468"},"modified":"2023-11-23T15:22:33","modified_gmt":"2023-11-23T14:22:33","slug":"toboggan-unicorn-pliable-dolu","status":"publish","type":"product","link":"https:\/\/jouetentunisie.tn\/index.php\/produit\/toboggan-unicorn-pliable-dolu\/","title":{"rendered":"Toboggan Unicorn pliable Dolu"},"content":{"rendered":"<h2>Toboggan Unicorn marque Dolu<\/h2>\n<p>Toboggan Unicorn pliable de la marque Dolu. Age 18mois et plus. Dimensions 70cm x 117cm x 48cm. La marque Dolu produit aussi d&rsquo;autres articles pour le <a href=\"https:\/\/www.tipirate-store.tn\/categorie-produit\/toboggans-et-exterieur\/\">jeu \u00e0 l&rsquo;ext\u00e9rieur<\/a>. Un toboggan est un outil de jeu magique pour les enfants. Il leur procure joie et amusement! Un toboggan lui fera d\u00e9couvrir la gravit\u00e9, le poids et les textures. Glisser vers le bas d\u00e9veloppe bien plus que les capacit\u00e9s de mouvement &#8211; cette activit\u00e9 fait aussi appel au courage et au plaisir. Le toboggan invite les enfants \u00e0 stimuler les comp\u00e9tences sociales comme le partage, attendre son tour et aussi la tol\u00e9rance. Sur un toboggan, l&rsquo;enfant grimpe, s&rsquo;assoit et glisse\u2026 autant de mouvements qui font travailler sa coordination et son \u00e9quilibre. Dans la m\u00eame cat\u00e9gorie Dans la m\u00eame cat\u00e9gorie <a href=\"https:\/\/www.tipirate-store.tn\/produit\/mon-1er-toboggan-dolu\/\">mon 1er toboggan Dolu<\/a> le <a href=\"https:\/\/www.tipirate-store.tn\/produit\/toboggan-unicorn-pliable-dolu\/\">toboggan unicorn<\/a> et le <a href=\"https:\/\/www.tipirate-store.tn\/produit\/toboggan-option-eau-dolu\/\">toboggan \u00e0 eau<\/a>!<\/p>\n<p>En mettant son corps en mouvement, l\u2019enfant prend des risques, et encore plus sur un toboggan ! Il doit monter \u00e0 l\u2019\u00e9chelle, donc prendre de la hauteur, puis se l\u00e2cher pour se laisser glisser. Cette activit\u00e9 lui permet de d\u00e9passer ses limites, de vaincre sa peur, de se rendre compte qu\u2019il est capable et il n\u2019a qu\u2019une seule envie c\u2019est recommencer. Avec le Toboggan Unicorn pliable Dolu votre enfant d\u00e9couvrira la joie de jouer \u00e0 l&rsquo;ext\u00e9rieur et avec ses amis!<\/p>\n<p><span style=\"font-size: 16px; font-style: normal; font-weight: 400;\">Achetez et commandez en ligne ou d\u00e9couvrez ce jouet dans notre magasin \u00e0 Tunis, Tunisie.<\/span><span style=\"font-size: 16px; font-style: normal; font-weight: 400;\">\u00a0<\/span><\/p>\n<p>Pour plus d&rsquo;informations visiter le site officiel <a href=\"https:\/\/www.dolu.com.tr\/en\/\">Dolu<\/a><\/p>\n","protected":false},"excerpt":{"rendered":"<p>Toboggan Unicorn pliable de la marque Dolu. Age 18mois et plus. Dimensions 70cm x 117cm x 48cm. La marque Dolu produit aussi d&rsquo;autres articles pour le jeu \u00e0 l&rsquo;ext\u00e9rieur. Un toboggan est un outil de jeu magique pour les enfants. Il leur procure joie et amusement! Un toboggan lui fera d\u00e9couvrir la gravit\u00e9, le poids et les textures. Glisser vers le bas d\u00e9veloppe bien plus que les capacit\u00e9s de mouvement &#8211; cette activit\u00e9 fait aussi appel au courage et au plaisir.\u00a0Le toboggan invite les enfants \u00e0 stimuler les comp\u00e9tences sociales comme le partage, attendre son tour et aussi la tol\u00e9rance. Sur un\u00a0toboggan, l&rsquo;enfant grimpe, s&rsquo;assoit et glisse\u2026 autant de mouvements qui font travailler sa coordination et son \u00e9quilibre. En mettant son corps en mouvement, l\u2019enfant prend des risques, et encore plus sur un toboggan ! Il doit monter \u00e0 l\u2019\u00e9chelle, donc prendre de la hauteur, puis se l\u00e2cher pour se laisser glisser. Cette activit\u00e9 lui permet de d\u00e9passer ses limites, de vaincre sa peur, de se rendre compte qu\u2019il est capable et il n\u2019a qu\u2019une seule envie c\u2019est recommencer. Avec le Toboggan Unicorn pliable Dolu votre enfant d\u00e9couvrira la joie de jouer \u00e0 l&rsquo;ext\u00e9rieur et avec ses amis!<\/p>\n","protected":false},"featured_media":1504,"comment_status":"open","ping_status":"closed","template":"","meta":{"site-sidebar-layout":"default","site-content-layout":"default","ast-site-content-layout":"default","site-content-style":"default","site-sidebar-style":"default","ast-global-header-display":"","ast-banner-title-visibility":"","ast-main-header-display":"","ast-hfb-above-header-display":"","ast-hfb-below-header-display":"","ast-hfb-mobile-header-display":"","site-post-title":"","ast-breadcrumbs-content":"","ast-featured-img":"","footer-sml-layout":"","theme-transparent-header-meta":"default","adv-header-id-meta":"","stick-header-meta":"default","header-above-stick-meta":"","header-main-stick-meta":"","header-below-stick-meta":"","astra-migrate-meta-layouts":"set","ast-page-background-enabled":"default","ast-page-background-meta":{"desktop":{"background-color":"","background-image":"","background-repeat":"repeat","background-position":"center center","background-size":"auto","background-attachment":"scroll","background-type":"","background-media":"","overlay-type":"","overlay-color":"","overlay-gradient":""},"tablet":{"background-color":"","background-image":"","background-repeat":"repeat","background-position":"center center","background-size":"auto","background-attachment":"scroll","background-type":"","background-media":"","overlay-type":"","overlay-color":"","overlay-gradient":""},"mobile":{"background-color":"","background-image":"","background-repeat":"repeat","background-position":"center center","background-size":"auto","background-attachment":"scroll","background-type":"","background-media":"","overlay-type":"","overlay-color":"","overlay-gradient":""}},"ast-content-background-meta":{"desktop":{"background-color":"var(--ast-global-color-5)","background-image":"","background-repeat":"repeat","background-position":"center center","background-size":"auto","background-attachment":"scroll","background-type":"","background-media":"","overlay-type":"","overlay-color":"","overlay-gradient":""},"tablet":{"background-color":"var(--ast-global-color-5)","background-image":"","background-repeat":"repeat","background-position":"center center","background-size":"auto","background-attachment":"scroll","background-type":"","background-media":"","overlay-type":"","overlay-color":"","overlay-gradient":""},"mobile":{"background-color":"var(--ast-global-color-5)","background-image":"","background-repeat":"repeat","background-position":"center center","background-size":"auto","background-attachment":"scroll","background-type":"","background-media":"","overlay-type":"","overlay-color":"","overlay-gradient":""}}},"product_cat":[27,62],"product_tag":[29,31,63,33],"class_list":["post-1468","product","type-product","status-publish","has-post-thumbnail","hentry","product_cat-dolu","product_cat-toboggans-et-exterieur","product_tag-dolu","product_tag-jouet","product_tag-toboggans","product_tag-unicorn","product_shipping_class-articles-tres-volumineux","desktop-align-left","tablet-align-left","mobile-align-left"],"_links":{"self":[{"href":"https:\/\/jouetentunisie.tn\/index.php\/wp-json\/wp\/v2\/product\/1468","targetHints":{"allow":["GET"]}}],"collection":[{"href":"https:\/\/jouetentunisie.tn\/index.php\/wp-json\/wp\/v2\/product"}],"about":[{"href":"https:\/\/jouetentunisie.tn\/index.php\/wp-json\/wp\/v2\/types\/product"}],"replies":[{"embeddable":true,"href":"https:\/\/jouetentunisie.tn\/index.php\/wp-json\/wp\/v2\/comments?post=1468"}],"wp:featuredmedia":[{"embeddable":true,"href":"https:\/\/jouetentunisie.tn\/index.php\/wp-json\/wp\/v2\/media\/1504"}],"wp:attachment":[{"href":"https:\/\/jouetentunisie.tn\/index.php\/wp-json\/wp\/v2\/media?parent=1468"}],"wp:term":[{"taxonomy":"product_cat","embeddable":true,"href":"https:\/\/jouetentunisie.tn\/index.php\/wp-json\/wp\/v2\/product_cat?post=1468"},{"taxonomy":"product_tag","embeddable":true,"href":"https:\/\/jouetentunisie.tn\/index.php\/wp-json\/wp\/v2\/product_tag?post=1468"}],"curies":[{"name":"wp","href":"https:\/\/api.w.org\/{rel}","templated":true}]}}