{"id":1469,"date":"2023-11-23T15:22:22","date_gmt":"2023-11-23T14:22:22","guid":{"rendered":"https:\/\/jouetentunisie.tn\/?post_type=product&#038;p=1469"},"modified":"2023-11-23T15:22:33","modified_gmt":"2023-11-23T14:22:33","slug":"thermometre-infrarouge-3en1-reer","status":"publish","type":"product","link":"https:\/\/jouetentunisie.tn\/index.php\/produit\/thermometre-infrarouge-3en1-reer\/","title":{"rendered":"Thermom\u00e8tre infrarouge 3en1 REER"},"content":{"rendered":"<h2>Thermom\u00e8tre infrarouge 3en1 REER<\/h2>\n<p>Thermom\u00e8tre infrarouge 3en1 de la marque allemande REER. Mesure de la temp\u00e9rature corporelle sur tempe et oreille et temp\u00e9rature ambiante. <span class=\"a-list-item\">Pour mesurer la temp\u00e9rature au niveau de l&rsquo;oreille et la tempe gr\u00e2ce au capuchon de capteur amovible, le thermom\u00e8tre se transforme en thermom\u00e8tre auriculaire en un rien de temps! <\/span><span class=\"a-list-item\">Particuli\u00e8rement rapide, le capteur de haute qualit\u00e9 permet une mesure fiable en 1 seconde! <\/span><span style=\"font-size: 16px;\">Indicateur de fi\u00e8vre : trois LED indiquent la temp\u00e9rature normale et la fi\u00e8vre, pour une mesure m\u00eame dans l&rsquo;obscurit\u00e9.\u00a0 <\/span><\/p>\n<p><span style=\"font-size: 16px;\"><span data-contrast=\"auto\">Le fabriquant REER est le sp\u00e9cialiste des articles pour le confort et la <a style=\"font-size: 16px; background-color: #ffffff;\" href=\"https:\/\/www.tipirate-store.tn\/categorie-produit\/securite-et-confort-bebe\/\">s\u00e9curit\u00e9 de b\u00e9b\u00e9 et maman<\/a>. <\/span>Plusieurs<\/span> emplacements de m\u00e9moire peuvent \u00eatre enregistr\u00e9s pour un contr\u00f4le facile du profil de temp\u00e9rature. Capteur de grande qualit\u00e9 : garanti un calcul rapide et pr\u00e9cis de la temp\u00e9rature. Utilisation simple via 1 bouton unique pour allumer et \u00e9teindre l&rsquo;appareil. Le Thermom\u00e8tre infrarouge 3en1 REER \u00e9met\u00a0une Alarme visuelle et acoustique en cas de fi\u00e8vre.<\/p>\n<p><span style=\"font-size: 16px;\">NB: <\/span><span style=\"font-size: 16px;\">Le r\u00e9sultat de la mesure peut diff\u00e9rer de 1 \u00e0 2 \u00b0C par rapport \u00e0 la mesure rectale. Ceci est normal car la mesure rectale est la mesure la plus pr\u00e9cise.<\/span><\/p>\n<p><span style=\"font-size: 16px; font-style: normal; font-weight: 400;\">Achetez et commandez en ligne ou d\u00e9couvrez cet article de b\u00e9b\u00e9 dans notre magasin de jouets et articles b\u00e9b\u00e9 \u00e0 Tunis, Tunisie.<\/span><span style=\"font-size: 16px; font-style: normal; font-weight: 400;\">\u00a0<\/span><\/p>\n<p>Pour plus d&rsquo;informations visiter le site officiel <a href=\"https:\/\/www.reer.de\/en\">REER<\/a><\/p>\n","protected":false},"excerpt":{"rendered":"<p>Thermom\u00e8tre infrarouge 3en1 de la marque allemande REER. Mesure de la temp\u00e9rature corporelle sur tempe et oreille et temp\u00e9rature ambiante. Pour mesurer la temp\u00e9rature au niveau de l&rsquo;oreille et la tempe gr\u00e2ce au capuchon de capteur amovible, le thermom\u00e8tre se transforme en thermom\u00e8tre auriculaire en un rien de temps! Particuli\u00e8rement rapide, le capteur de haute qualit\u00e9 permet une mesure fiable en 1 seconde! Indicateur de fi\u00e8vre : trois LED indiquent la temp\u00e9rature normale et la fi\u00e8vre, pour une mesure m\u00eame dans l&rsquo;obscurit\u00e9.\u00a0 Le fabriquant REER est le sp\u00e9cialiste des articles pour le confort et la s\u00e9curit\u00e9 de b\u00e9b\u00e9 et maman. Plusieurs emplacements de m\u00e9moire peuvent \u00eatre enregistr\u00e9s pour un contr\u00f4le facile du profil de temp\u00e9rature. Capteur de grande qualit\u00e9 : garanti un calcul rapide et pr\u00e9cis de la temp\u00e9rature. Utilisation simple via 1 bouton unique pour allumer et \u00e9teindre l&rsquo;appareil. Le Thermom\u00e8tre infrarouge 3en1 REER \u00e9met\u00a0une Alarme visuelle et acoustique en cas de fi\u00e8vre.<\/p>\n<p>NB: Le r\u00e9sultat de la mesure peut diff\u00e9rer de 1 \u00e0 2 \u00b0C par rapport \u00e0 la mesure rectale. Ceci est normal car la mesure rectale est la mesure la plus pr\u00e9cise.<\/p>\n","protected":false},"featured_media":1507,"comment_status":"open","ping_status":"closed","template":"","meta":{"site-sidebar-layout":"default","site-content-layout":"default","ast-site-content-layout":"","site-content-style":"","site-sidebar-style":"","ast-global-header-display":"","ast-banner-title-visibility":"","ast-main-header-display":"","ast-hfb-above-header-display":"","ast-hfb-below-header-display":"","ast-hfb-mobile-header-display":"","site-post-title":"","ast-breadcrumbs-content":"","ast-featured-img":"","footer-sml-layout":"","theme-transparent-header-meta":"default","adv-header-id-meta":"","stick-header-meta":"default","header-above-stick-meta":"","header-main-stick-meta":"","header-below-stick-meta":"","astra-migrate-meta-layouts":"","ast-page-background-enabled":"default","ast-page-background-meta":{"desktop":{"background-color":"","background-image":"","background-repeat":"repeat","background-position":"center center","background-size":"auto","background-attachment":"scroll","background-type":"","background-media":"","overlay-type":"","overlay-color":"","overlay-gradient":""},"tablet":{"background-color":"","background-image":"","background-repeat":"repeat","background-position":"center center","background-size":"auto","background-attachment":"scroll","background-type":"","background-media":"","overlay-type":"","overlay-color":"","overlay-gradient":""},"mobile":{"background-color":"","background-image":"","background-repeat":"repeat","background-position":"center center","background-size":"auto","background-attachment":"scroll","background-type":"","background-media":"","overlay-type":"","overlay-color":"","overlay-gradient":""}},"ast-content-background-meta":{"desktop":{"background-color":"var(--ast-global-color-5)","background-image":"","background-repeat":"repeat","background-position":"center center","background-size":"auto","background-attachment":"scroll","background-type":"","background-media":"","overlay-type":"","overlay-color":"","overlay-gradient":""},"tablet":{"background-color":"var(--ast-global-color-5)","background-image":"","background-repeat":"repeat","background-position":"center center","background-size":"auto","background-attachment":"scroll","background-type":"","background-media":"","overlay-type":"","overlay-color":"","overlay-gradient":""},"mobile":{"background-color":"var(--ast-global-color-5)","background-image":"","background-repeat":"repeat","background-position":"center center","background-size":"auto","background-attachment":"scroll","background-type":"","background-media":"","overlay-type":"","overlay-color":"","overlay-gradient":""}}},"product_cat":[44,45],"product_tag":[46,47,48],"class_list":["post-1469","product","type-product","status-publish","has-post-thumbnail","hentry","product_cat-reer","product_cat-thermometres","product_tag-digital","product_tag-reer","product_tag-thermometre","desktop-align-left","tablet-align-left","mobile-align-left"],"_links":{"self":[{"href":"https:\/\/jouetentunisie.tn\/index.php\/wp-json\/wp\/v2\/product\/1469","targetHints":{"allow":["GET"]}}],"collection":[{"href":"https:\/\/jouetentunisie.tn\/index.php\/wp-json\/wp\/v2\/product"}],"about":[{"href":"https:\/\/jouetentunisie.tn\/index.php\/wp-json\/wp\/v2\/types\/product"}],"replies":[{"embeddable":true,"href":"https:\/\/jouetentunisie.tn\/index.php\/wp-json\/wp\/v2\/comments?post=1469"}],"wp:featuredmedia":[{"embeddable":true,"href":"https:\/\/jouetentunisie.tn\/index.php\/wp-json\/wp\/v2\/media\/1507"}],"wp:attachment":[{"href":"https:\/\/jouetentunisie.tn\/index.php\/wp-json\/wp\/v2\/media?parent=1469"}],"wp:term":[{"taxonomy":"product_cat","embeddable":true,"href":"https:\/\/jouetentunisie.tn\/index.php\/wp-json\/wp\/v2\/product_cat?post=1469"},{"taxonomy":"product_tag","embeddable":true,"href":"https:\/\/jouetentunisie.tn\/index.php\/wp-json\/wp\/v2\/product_tag?post=1469"}],"curies":[{"name":"wp","href":"https:\/\/api.w.org\/{rel}","templated":true}]}}