{"id":1470,"date":"2023-11-23T15:22:22","date_gmt":"2023-11-23T14:22:22","guid":{"rendered":"https:\/\/jouetentunisie.tn\/?post_type=product&#038;p=1470"},"modified":"2023-11-23T15:22:34","modified_gmt":"2023-11-23T14:22:34","slug":"veilleuse-led-reer","status":"publish","type":"product","link":"https:\/\/jouetentunisie.tn\/index.php\/produit\/veilleuse-led-reer\/","title":{"rendered":"Veilleuse LED REER"},"content":{"rendered":"<p>Veilleuse de nuit lumi\u00e8re LED\u00a0<span style=\"font-size: 16px; font-style: normal; font-weight: 400;\">reposante <\/span><span style=\"font-size: 16px;\">avec m<\/span><span style=\"font-size: 16px; font-style: normal; font-weight: 400;\">otif lune<\/span><span style=\"font-size: 16px;\"> fonctionne avec piles de la marque allemande REER. La lumiere de la veilleuse lune projette une lumi\u00e8re douce avec image de lune reposante pour le b\u00e9b\u00e9. <span data-contrast=\"auto\">Le fabriquant REER est le sp\u00e9cialiste des articles pour le confort et la <a style=\"font-size: 16px; background-color: #ffffff;\" href=\"https:\/\/www.tipirate-store.tn\/categorie-produit\/securite-et-confort-bebe\/\">s\u00e9curit\u00e9 de b\u00e9b\u00e9 et maman<\/a>. Une simple lampe \u00e0 LED \u00e9claire suffisamment bien sans consommer trop d&rsquo;\u00e9lectricit\u00e9. Cette veilleuse cr\u00e9e une l<\/span><\/span>umi\u00e8re d&rsquo;orientation nocturne pour une atmosph\u00e8re apaisante pour s&rsquo;endormir. <span style=\"font-size: 16px;\">La lumi\u00e8re douce cr\u00e9e une atmosph\u00e8re apaisante pour s&rsquo;endormir. <\/span><span style=\"font-size: 16px;\">Technologie LED \u00e0 \u00e9conomie d&rsquo;\u00e9nergie.\u00a0 <\/span><span style=\"font-size: 16px;\">Particuli\u00e8rement s\u00fbr pour les enfants gr\u00e2ce au compartiment \u00e0 piles \u00e0 vis. <\/span><\/p>\n<p>N\u00e9cessite 2 piles AA pour le fonctionnement avec une tr\u00e8s faible consommation d&rsquo;\u00e9nergie! La charmante veilleuse de Reer est une aide pratique qui permet aux enfants de dormir paisiblement. Les d\u00e9tails charmants des motifs et le dessin amoureux en bleu et jaune de la Veilleuse LED de REER sont \u00e9galement d\u00e9coratifs. La lumi\u00e8re douce permet aux enfants de dormir calmement et sans crainte, m\u00eame dans l&rsquo;obscurit\u00e9. En outre, les parents peuvent se rep\u00e9rer rapidement dans la chambre des enfants en cas d&rsquo;urgence sans avoir \u00e0 allumer imm\u00e9diatement le plafonnier. Ainsi, la veilleuse offre confort, s\u00e9curit\u00e9 et bonne orientation.<\/p>\n<p>&nbsp;<\/p>\n<p><span style=\"font-size: 16px; font-style: normal; font-weight: 400;\">Achetez et commandez en ligne ou d\u00e9couvrez cet article de b\u00e9b\u00e9 dans notre magasin de jouets et articles b\u00e9b\u00e9 \u00e0 Tunis, Tunisie.<\/span><span style=\"font-size: 16px; font-style: normal; font-weight: 400;\">\u00a0<\/span><\/p>\n<p>Pour plus d&rsquo;informations visiter le site officiel <a href=\"https:\/\/www.reer.de\/en\">REER<\/a><\/p>\n","protected":false},"excerpt":{"rendered":"<p>Veilleuse de nuit lumi\u00e8re LED reposante avec motif lune fonctionne avec piles de la marque allemande REER. La lumi\u00e8re de la veilleuse lune projette une lumi\u00e8re douce avec image de lune reposante pour le b\u00e9b\u00e9. Le fabriquant REER est le sp\u00e9cialiste des articles pour le confort et la s\u00e9curit\u00e9 de b\u00e9b\u00e9 et maman. Une simple lampe \u00e0 LED \u00e9claire suffisamment bien sans consommer trop d&rsquo;\u00e9lectricit\u00e9. Cette veilleuse cr\u00e9e une lumi\u00e8re d&rsquo;orientation nocturne pour une atmosph\u00e8re apaisante pour s&rsquo;endormir. La lumi\u00e8re douce projet\u00e9e donne une atmosph\u00e8re apaisante pour s&rsquo;endormir. Technologie LED \u00e0 \u00e9conomie d&rsquo;\u00e9nergie.\u00a0 Particuli\u00e8rement s\u00fbr pour les enfants gr\u00e2ce au compartiment \u00e0 piles \u00e0 vis.<\/p>\n","protected":false},"featured_media":1509,"comment_status":"open","ping_status":"closed","template":"","meta":{"site-sidebar-layout":"default","site-content-layout":"default","ast-site-content-layout":"","site-content-style":"","site-sidebar-style":"","ast-global-header-display":"","ast-banner-title-visibility":"","ast-main-header-display":"","ast-hfb-above-header-display":"","ast-hfb-below-header-display":"","ast-hfb-mobile-header-display":"","site-post-title":"","ast-breadcrumbs-content":"","ast-featured-img":"","footer-sml-layout":"","theme-transparent-header-meta":"default","adv-header-id-meta":"","stick-header-meta":"default","header-above-stick-meta":"","header-main-stick-meta":"","header-below-stick-meta":"","astra-migrate-meta-layouts":"","ast-page-background-enabled":"default","ast-page-background-meta":{"desktop":{"background-color":"","background-image":"","background-repeat":"repeat","background-position":"center center","background-size":"auto","background-attachment":"scroll","background-type":"","background-media":"","overlay-type":"","overlay-color":"","overlay-gradient":""},"tablet":{"background-color":"","background-image":"","background-repeat":"repeat","background-position":"center center","background-size":"auto","background-attachment":"scroll","background-type":"","background-media":"","overlay-type":"","overlay-color":"","overlay-gradient":""},"mobile":{"background-color":"","background-image":"","background-repeat":"repeat","background-position":"center center","background-size":"auto","background-attachment":"scroll","background-type":"","background-media":"","overlay-type":"","overlay-color":"","overlay-gradient":""}},"ast-content-background-meta":{"desktop":{"background-color":"var(--ast-global-color-5)","background-image":"","background-repeat":"repeat","background-position":"center center","background-size":"auto","background-attachment":"scroll","background-type":"","background-media":"","overlay-type":"","overlay-color":"","overlay-gradient":""},"tablet":{"background-color":"var(--ast-global-color-5)","background-image":"","background-repeat":"repeat","background-position":"center center","background-size":"auto","background-attachment":"scroll","background-type":"","background-media":"","overlay-type":"","overlay-color":"","overlay-gradient":""},"mobile":{"background-color":"var(--ast-global-color-5)","background-image":"","background-repeat":"repeat","background-position":"center center","background-size":"auto","background-attachment":"scroll","background-type":"","background-media":"","overlay-type":"","overlay-color":"","overlay-gradient":""}}},"product_cat":[44,51],"product_tag":[47,52,53],"class_list":["post-1470","product","type-product","status-publish","has-post-thumbnail","hentry","product_cat-reer","product_cat-securite-et-confort-bebe","product_tag-reer","product_tag-securite","product_tag-securite-bebe","desktop-align-left","tablet-align-left","mobile-align-left"],"_links":{"self":[{"href":"https:\/\/jouetentunisie.tn\/index.php\/wp-json\/wp\/v2\/product\/1470","targetHints":{"allow":["GET"]}}],"collection":[{"href":"https:\/\/jouetentunisie.tn\/index.php\/wp-json\/wp\/v2\/product"}],"about":[{"href":"https:\/\/jouetentunisie.tn\/index.php\/wp-json\/wp\/v2\/types\/product"}],"replies":[{"embeddable":true,"href":"https:\/\/jouetentunisie.tn\/index.php\/wp-json\/wp\/v2\/comments?post=1470"}],"wp:featuredmedia":[{"embeddable":true,"href":"https:\/\/jouetentunisie.tn\/index.php\/wp-json\/wp\/v2\/media\/1509"}],"wp:attachment":[{"href":"https:\/\/jouetentunisie.tn\/index.php\/wp-json\/wp\/v2\/media?parent=1470"}],"wp:term":[{"taxonomy":"product_cat","embeddable":true,"href":"https:\/\/jouetentunisie.tn\/index.php\/wp-json\/wp\/v2\/product_cat?post=1470"},{"taxonomy":"product_tag","embeddable":true,"href":"https:\/\/jouetentunisie.tn\/index.php\/wp-json\/wp\/v2\/product_tag?post=1470"}],"curies":[{"name":"wp","href":"https:\/\/api.w.org\/{rel}","templated":true}]}}