{"id":1471,"date":"2023-11-23T15:22:22","date_gmt":"2023-11-23T14:22:22","guid":{"rendered":"https:\/\/jouetentunisie.tn\/?post_type=product&#038;p=1471"},"modified":"2023-11-23T15:22:35","modified_gmt":"2023-11-23T14:22:35","slug":"blocage-porte-reer","status":"publish","type":"product","link":"https:\/\/jouetentunisie.tn\/index.php\/produit\/blocage-porte-reer\/","title":{"rendered":"Blocage porte REER"},"content":{"rendered":"<p>Blocage de porte pour la s\u00e9curit\u00e9 des doigts de vos enfants de la marque allemande REER. Mat\u00e9riel de haute qualit\u00e9 pour une fixation s\u00fbre et pour une pr\u00e9vention efficace et certaine. <span class=\"hgKElc\"><span data-contrast=\"auto\">Le fabriquant REER est le sp\u00e9cialiste des articles pour le confort et la <a style=\"font-size: 16px; background-color: #ffffff;\" href=\"https:\/\/www.tipirate-store.tn\/categorie-produit\/securite-et-confort-bebe\/\">s\u00e9curit\u00e9 de b\u00e9b\u00e9 et maman<\/a>. Le bloque de porte permet d&#8217;emp\u00eacher la fermeture totale de la porte.\u00a0 Il \u00e9vite ainsi qu&rsquo;elle ne se ferme sur les doigts de l&rsquo;enfant. La marque Allemande REER vous propose aussi des bloques portes, protection des coins, offrant la s\u00e9curit\u00e9 optimale pour votre enfant! <\/span><\/span><\/p>\n<p><span class=\"hgKElc\"><span data-contrast=\"auto\">En outre ce sont des outils indispensable pour la s\u00e9curit\u00e9 du b\u00e9b\u00e9 \u00e0 la maison avec la garantie qualit\u00e9 de la marque Allemande REER! Le Blocage de porte de la marque REER est de couleur gris Anthracique. Les bloque-portes \u00e9viteront efficacement les accidents fr\u00e9quents de doigts des b\u00e9b\u00e9s. En outre, les enfants adorent ouvrir et fermer les portes (des diff\u00e9rentes pi\u00e8ces de la maison, de placards ou encore de tiroirs) et ce n\u2019est pas sans danger pour leurs petits doigts qui risquent de se pincer tr\u00e8s fort.<\/span><\/span><\/p>\n<p><span style=\"font-size: 16px; font-style: normal; font-weight: 400;\">Achetez et commandez en ligne ou d\u00e9couvrez cet article de b\u00e9b\u00e9 dans notre magasin de jouets et articles b\u00e9b\u00e9 \u00e0 Tunis, Tunisie.<\/span><span style=\"font-size: 16px; font-style: normal; font-weight: 400;\">\u00a0<\/span><\/p>\n<p>Pour plus d&rsquo;informations visiter le site officiel <a href=\"https:\/\/www.reer.de\/en\">REER<\/a><\/p>\n","protected":false},"excerpt":{"rendered":"<p>Blocage de porte pour la s\u00e9curit\u00e9 des doigts de vos enfants de la marque allemande REER. Mat\u00e9riel de haute qualit\u00e9 pour une fixation s\u00fbre et pour une pr\u00e9vention efficace et certaine. Le fabriquant REER est le sp\u00e9cialiste des articles pour le confort et la s\u00e9curit\u00e9 de b\u00e9b\u00e9 et maman. Le bloque de porte permet d&#8217;emp\u00eacher la fermeture totale de la porte.\u00a0 Il \u00e9vite ainsi qu&rsquo;elle ne se ferme sur les doigts de l&rsquo;enfant. La marque Allemande REER vous propose aussi des bloques portes, protection des coins, offrant la s\u00e9curit\u00e9 optimale pour votre enfant!<\/p>\n<p>En outre ce sont des outils indispensable pour la s\u00e9curit\u00e9 du b\u00e9b\u00e9 \u00e0 la maison avec la garantie qualit\u00e9 de la marque Allemande REER! Le Blocage de porte de la marque REER est de couleur gris Anthracique. Les bloque-portes \u00e9viteront efficacement les accidents fr\u00e9quents de doigts des b\u00e9b\u00e9s. En outre, les enfants adorent ouvrir et fermer les portes (des diff\u00e9rentes pi\u00e8ces de la maison, de placards ou encore de tiroirs) et ce n\u2019est pas sans danger pour leurs petits doigts qui risquent de se pincer tr\u00e8s fort.<\/p>\n","protected":false},"featured_media":1511,"comment_status":"open","ping_status":"closed","template":"","meta":{"site-sidebar-layout":"default","site-content-layout":"default","ast-site-content-layout":"","site-content-style":"","site-sidebar-style":"","ast-global-header-display":"","ast-banner-title-visibility":"","ast-main-header-display":"","ast-hfb-above-header-display":"","ast-hfb-below-header-display":"","ast-hfb-mobile-header-display":"","site-post-title":"","ast-breadcrumbs-content":"","ast-featured-img":"","footer-sml-layout":"","theme-transparent-header-meta":"default","adv-header-id-meta":"","stick-header-meta":"default","header-above-stick-meta":"","header-main-stick-meta":"","header-below-stick-meta":"","astra-migrate-meta-layouts":"","ast-page-background-enabled":"default","ast-page-background-meta":{"desktop":{"background-color":"","background-image":"","background-repeat":"repeat","background-position":"center center","background-size":"auto","background-attachment":"scroll","background-type":"","background-media":"","overlay-type":"","overlay-color":"","overlay-gradient":""},"tablet":{"background-color":"","background-image":"","background-repeat":"repeat","background-position":"center center","background-size":"auto","background-attachment":"scroll","background-type":"","background-media":"","overlay-type":"","overlay-color":"","overlay-gradient":""},"mobile":{"background-color":"","background-image":"","background-repeat":"repeat","background-position":"center center","background-size":"auto","background-attachment":"scroll","background-type":"","background-media":"","overlay-type":"","overlay-color":"","overlay-gradient":""}},"ast-content-background-meta":{"desktop":{"background-color":"var(--ast-global-color-5)","background-image":"","background-repeat":"repeat","background-position":"center center","background-size":"auto","background-attachment":"scroll","background-type":"","background-media":"","overlay-type":"","overlay-color":"","overlay-gradient":""},"tablet":{"background-color":"var(--ast-global-color-5)","background-image":"","background-repeat":"repeat","background-position":"center center","background-size":"auto","background-attachment":"scroll","background-type":"","background-media":"","overlay-type":"","overlay-color":"","overlay-gradient":""},"mobile":{"background-color":"var(--ast-global-color-5)","background-image":"","background-repeat":"repeat","background-position":"center center","background-size":"auto","background-attachment":"scroll","background-type":"","background-media":"","overlay-type":"","overlay-color":"","overlay-gradient":""}}},"product_cat":[44,51],"product_tag":[47,53],"class_list":["post-1471","product","type-product","status-publish","has-post-thumbnail","hentry","product_cat-reer","product_cat-securite-et-confort-bebe","product_tag-reer","product_tag-securite-bebe","desktop-align-left","tablet-align-left","mobile-align-left"],"_links":{"self":[{"href":"https:\/\/jouetentunisie.tn\/index.php\/wp-json\/wp\/v2\/product\/1471","targetHints":{"allow":["GET"]}}],"collection":[{"href":"https:\/\/jouetentunisie.tn\/index.php\/wp-json\/wp\/v2\/product"}],"about":[{"href":"https:\/\/jouetentunisie.tn\/index.php\/wp-json\/wp\/v2\/types\/product"}],"replies":[{"embeddable":true,"href":"https:\/\/jouetentunisie.tn\/index.php\/wp-json\/wp\/v2\/comments?post=1471"}],"wp:featuredmedia":[{"embeddable":true,"href":"https:\/\/jouetentunisie.tn\/index.php\/wp-json\/wp\/v2\/media\/1511"}],"wp:attachment":[{"href":"https:\/\/jouetentunisie.tn\/index.php\/wp-json\/wp\/v2\/media?parent=1471"}],"wp:term":[{"taxonomy":"product_cat","embeddable":true,"href":"https:\/\/jouetentunisie.tn\/index.php\/wp-json\/wp\/v2\/product_cat?post=1471"},{"taxonomy":"product_tag","embeddable":true,"href":"https:\/\/jouetentunisie.tn\/index.php\/wp-json\/wp\/v2\/product_tag?post=1471"}],"curies":[{"name":"wp","href":"https:\/\/api.w.org\/{rel}","templated":true}]}}