{"id":1473,"date":"2023-11-23T15:22:23","date_gmt":"2023-11-23T14:22:23","guid":{"rendered":"https:\/\/jouetentunisie.tn\/?post_type=product&#038;p=1473"},"modified":"2023-11-23T15:22:36","modified_gmt":"2023-11-23T14:22:36","slug":"protege-pluie-maxi-cosi-reer","status":"publish","type":"product","link":"https:\/\/jouetentunisie.tn\/index.php\/produit\/protege-pluie-maxi-cosi-reer\/","title":{"rendered":"Prot\u00e8ge pluie Maxi-Cosi REER"},"content":{"rendered":"<p>Cache-Prot\u00e8ge pluie pour Maxi-cosi de la marque allemande REER. Avec fen\u00eatre ouvrable pour acc\u00e8s facile au b\u00e9b\u00e9. <span class=\"a-list-item\">Il prot\u00e8ge votre b\u00e9b\u00e9 du vent et de la pluie et m\u00eame des insectes dans les si\u00e8ges-autos du groupe 0 et 0+ <\/span><span class=\"a-list-item\">Les grands trous d&rsquo;a\u00e9ration du filet assurent une circulation optimale de l&rsquo;air. <\/span>La grande ouverture pratique au niveau de l&rsquo;arceau permet de porter le si\u00e8ge facilement. <span class=\"hgKElc\"><span data-contrast=\"auto\">Le fabriquant REER est le sp\u00e9cialiste des articles pour le confort et la <a style=\"font-size: 16px; background-color: #ffffff;\" href=\"https:\/\/www.tipirate-store.tn\/categorie-produit\/securite-et-confort-bebe\/\">s\u00e9curit\u00e9 de b\u00e9b\u00e9 et maman<\/a>. <\/span><\/span><\/p>\n<p><span class=\"hgKElc\"><span data-contrast=\"auto\">Le Prot\u00e8ge pluie pour maxi-cosi de REER est un Article tr\u00e8s pratique\u00a0 et indispensable en temps de pluie.\u00a0 Prot\u00e8ge efficacement le b\u00e9b\u00e9 en cas d&rsquo;averses surprises. Produit de qualit\u00e9 avec la garantie de la marque allemande REER! Cette Housse de pluie ultra-compacte et se range facilement. Gardez votre tout-petit au sec, lors de vos balades quelles que soient les intemp\u00e9ries. Enti\u00e8rement transparent, cet habillage de pluie permet de toujours garder un \u0153il sur votre b\u00e9b\u00e9 et lui permet de d\u00e9couvrir le monde prot\u00e9g\u00e9 du vent et des intemp\u00e9ries.<\/span><\/span><\/p>\n<p>&nbsp;<\/p>\n<p><span style=\"font-size: 16px; font-style: normal; font-weight: 400;\">Achetez et commandez en ligne ou d\u00e9couvrez cet article de b\u00e9b\u00e9 dans notre magasin de jouets et articles b\u00e9b\u00e9 \u00e0 Tunis, Tunisie.<\/span><span style=\"font-size: 16px; font-style: normal; font-weight: 400;\">\u00a0<\/span><\/p>\n<p>Pour plus d&rsquo;informations visiter le site officiel <a href=\"https:\/\/www.reer.de\/en\">REER<\/a><\/p>\n","protected":false},"excerpt":{"rendered":"<p>Cache-Prot\u00e8ge pluie pour Maxi-cosi de la marque allemande REER. Avec fen\u00eatre ouvrable pour acc\u00e8s facile au b\u00e9b\u00e9. Il prot\u00e8ge votre b\u00e9b\u00e9 du vent et de la pluie et m\u00eame des insectes dans les si\u00e8ges-autos du groupe 0 et 0+ Les grands trous d&rsquo;a\u00e9ration du filet assurent une circulation optimale de l&rsquo;air. La grande ouverture pratique au niveau de l&rsquo;arceau permet de porter le si\u00e8ge facilement. Le fabriquant REER est le sp\u00e9cialiste des articles pour le confort et la s\u00e9curit\u00e9 de b\u00e9b\u00e9 et maman.<\/p>\n<p>Le Prot\u00e8ge pluie pour maxi-cosi de REER est un Article tr\u00e8s pratique\u00a0 et indispensable en temps de pluie.\u00a0 Prot\u00e8ge efficacement le b\u00e9b\u00e9 en cas d&rsquo;averses surprises. Produit de qualit\u00e9 avec la garantie de la marque allemande REER! Cette Housse de pluie ultra-compacte et se range facilement. Gardez votre tout-petit au sec, lors de vos balades quelles que soient les intemp\u00e9ries. Enti\u00e8rement transparent, cet habillage de pluie permet de toujours garder un \u0153il sur votre b\u00e9b\u00e9 et lui permet de d\u00e9couvrir le monde prot\u00e9g\u00e9 du vent et des intemp\u00e9ries.<\/p>\n","protected":false},"featured_media":1516,"comment_status":"open","ping_status":"closed","template":"","meta":{"site-sidebar-layout":"default","site-content-layout":"default","ast-site-content-layout":"","site-content-style":"","site-sidebar-style":"","ast-global-header-display":"","ast-banner-title-visibility":"","ast-main-header-display":"","ast-hfb-above-header-display":"","ast-hfb-below-header-display":"","ast-hfb-mobile-header-display":"","site-post-title":"","ast-breadcrumbs-content":"","ast-featured-img":"","footer-sml-layout":"","theme-transparent-header-meta":"default","adv-header-id-meta":"","stick-header-meta":"default","header-above-stick-meta":"","header-main-stick-meta":"","header-below-stick-meta":"","astra-migrate-meta-layouts":"","ast-page-background-enabled":"default","ast-page-background-meta":{"desktop":{"background-color":"","background-image":"","background-repeat":"repeat","background-position":"center center","background-size":"auto","background-attachment":"scroll","background-type":"","background-media":"","overlay-type":"","overlay-color":"","overlay-gradient":""},"tablet":{"background-color":"","background-image":"","background-repeat":"repeat","background-position":"center center","background-size":"auto","background-attachment":"scroll","background-type":"","background-media":"","overlay-type":"","overlay-color":"","overlay-gradient":""},"mobile":{"background-color":"","background-image":"","background-repeat":"repeat","background-position":"center center","background-size":"auto","background-attachment":"scroll","background-type":"","background-media":"","overlay-type":"","overlay-color":"","overlay-gradient":""}},"ast-content-background-meta":{"desktop":{"background-color":"var(--ast-global-color-5)","background-image":"","background-repeat":"repeat","background-position":"center center","background-size":"auto","background-attachment":"scroll","background-type":"","background-media":"","overlay-type":"","overlay-color":"","overlay-gradient":""},"tablet":{"background-color":"var(--ast-global-color-5)","background-image":"","background-repeat":"repeat","background-position":"center center","background-size":"auto","background-attachment":"scroll","background-type":"","background-media":"","overlay-type":"","overlay-color":"","overlay-gradient":""},"mobile":{"background-color":"var(--ast-global-color-5)","background-image":"","background-repeat":"repeat","background-position":"center center","background-size":"auto","background-attachment":"scroll","background-type":"","background-media":"","overlay-type":"","overlay-color":"","overlay-gradient":""}}},"product_cat":[44,51],"product_tag":[47,52,53],"class_list":["post-1473","product","type-product","status-publish","has-post-thumbnail","hentry","product_cat-reer","product_cat-securite-et-confort-bebe","product_tag-reer","product_tag-securite","product_tag-securite-bebe","desktop-align-left","tablet-align-left","mobile-align-left"],"_links":{"self":[{"href":"https:\/\/jouetentunisie.tn\/index.php\/wp-json\/wp\/v2\/product\/1473","targetHints":{"allow":["GET"]}}],"collection":[{"href":"https:\/\/jouetentunisie.tn\/index.php\/wp-json\/wp\/v2\/product"}],"about":[{"href":"https:\/\/jouetentunisie.tn\/index.php\/wp-json\/wp\/v2\/types\/product"}],"replies":[{"embeddable":true,"href":"https:\/\/jouetentunisie.tn\/index.php\/wp-json\/wp\/v2\/comments?post=1473"}],"wp:featuredmedia":[{"embeddable":true,"href":"https:\/\/jouetentunisie.tn\/index.php\/wp-json\/wp\/v2\/media\/1516"}],"wp:attachment":[{"href":"https:\/\/jouetentunisie.tn\/index.php\/wp-json\/wp\/v2\/media?parent=1473"}],"wp:term":[{"taxonomy":"product_cat","embeddable":true,"href":"https:\/\/jouetentunisie.tn\/index.php\/wp-json\/wp\/v2\/product_cat?post=1473"},{"taxonomy":"product_tag","embeddable":true,"href":"https:\/\/jouetentunisie.tn\/index.php\/wp-json\/wp\/v2\/product_tag?post=1473"}],"curies":[{"name":"wp","href":"https:\/\/api.w.org\/{rel}","templated":true}]}}