{"id":1474,"date":"2023-11-23T15:22:23","date_gmt":"2023-11-23T14:22:23","guid":{"rendered":"https:\/\/jouetentunisie.tn\/?post_type=product&#038;p=1474"},"modified":"2023-11-23T15:22:37","modified_gmt":"2023-11-23T14:22:37","slug":"coupe-ongle-et-ciseaux-reer","status":"publish","type":"product","link":"https:\/\/jouetentunisie.tn\/index.php\/produit\/coupe-ongle-et-ciseaux-reer\/","title":{"rendered":"Coupe-ongle et ciseaux REER"},"content":{"rendered":"<p>Coupe-ongle et ciseaux de la marque allemande REER. Excellent Coffret hygi\u00e8ne des doigts du b\u00e9b\u00e9 avec coupe-ongle et ciseaux. <span class=\"a-list-item\"><span class=\"hgKElc\"><span style=\"font-size: 16px;\">Le fabriquant REER est le sp\u00e9cialiste des articles pour le confort et la <a style=\"font-size: 16px; background-color: #ffffff;\" href=\"https:\/\/www.tipirate-store.tn\/categorie-produit\/securite-et-confort-bebe\/\">s\u00e9curit\u00e9 de b\u00e9b\u00e9 et maman<\/a>. Pour un e<\/span><\/span><\/span><span class=\"a-list-item\">ntretien optimal avec fixation s\u00fbre des ongles d\u00e9licats de b\u00e9b\u00e9. <\/span><span style=\"font-size: 16px;\">Coupe particuli\u00e8rement courte et arrondie. <\/span><span style=\"font-size: 16px;\">Grands trous de pr\u00e9hension pour un maintien optimal et s\u00fbr dans toutes les positions de coupe. Fait de <\/span><span style=\"font-size: 16px;\">Mat\u00e9riau en plastique et acier inoxydable. <\/span><\/p>\n<p><span style=\"font-size: 16px;\">Le coupe-ongle et ciseaux pour b\u00e9b\u00e9s REER est un produit de qualit\u00e9 pour couper les ongles avec pr\u00e9cision. Parfaitement adapt\u00e9s pour les petits ongles. Choisissez l&rsquo;outil avec lequel vous \u00eates le plus \u00e0 l&rsquo;aise pour couper les ongles \u00e0 votre b\u00e9b\u00e9.\u00a0Le coupe-ongle a une coupe franche de l&rsquo;ongle alors que le ciseau permet de tailler petit \u00e0 petit l&rsquo;ongle de votre b\u00e9b\u00e9. Vous pouvez aussi utiliser en compl\u00e9ment une petite lime\u00a0 \u00e0 ongles\u00a0<\/span><span style=\"font-size: 16px; font-style: normal; font-weight: 400;\">(aussi disponible dans les produits REER) <\/span><span style=\"font-size: 16px;\">pour lisser l\u00e9g\u00e8rement les angles. Les premiers jours de vies, les ongles de b\u00e9b\u00e9 sont si fins et mous qu\u2019ils se liment tout seuls.\u00a0Nul besoin d\u2019attraper le coupe-ongle avant le premier, voir le 2<sup>\u00e8me<\/sup> mois!<\/span><\/p>\n<p><span style=\"font-size: 16px; font-style: normal; font-weight: 400;\">Achetez et commandez en ligne ou d\u00e9couvrez cet article de b\u00e9b\u00e9 dans notre magasin de jouets et articles b\u00e9b\u00e9 \u00e0 Tunis, Tunisie.<\/span><span style=\"font-size: 16px; font-style: normal; font-weight: 400;\">\u00a0<\/span><\/p>\n<p>Pour plus d&rsquo;informations visiter le site officiel <a href=\"https:\/\/www.reer.de\/en\">REER<\/a><\/p>\n","protected":false},"excerpt":{"rendered":"<p>Coupe-ongle et ciseaux de la marque allemande REER. Excellent Coffret hygi\u00e8ne des doigts du b\u00e9b\u00e9 avec coupe-ongle et ciseaux. Le fabriquant REER est le sp\u00e9cialiste des articles pour le confort et la s\u00e9curit\u00e9 de b\u00e9b\u00e9 et maman. Pour un entretien optimal avec fixation s\u00fbre des ongles d\u00e9licats de b\u00e9b\u00e9. Coupe particuli\u00e8rement courte et arrondie. Grands trous de pr\u00e9hension pour un maintien optimal et s\u00fbr dans toutes les positions de coupe. Fait de Mat\u00e9riau en plastique et acier inoxydable.<\/p>\n<p>Le coupe-ongle et ciseaux pour b\u00e9b\u00e9s REER est un produit de qualit\u00e9 pour couper les ongles avec pr\u00e9cision. Parfaitement adapt\u00e9s pour les petits ongles. Choisissez l&rsquo;outil avec lequel vous \u00eates le plus \u00e0 l&rsquo;aise pour couper les ongles \u00e0 votre b\u00e9b\u00e9.\u00a0Le coupe-ongle a une coupe franche de l&rsquo;ongle alors que le ciseau permet de tailler petit \u00e0 petit l&rsquo;ongle de votre b\u00e9b\u00e9. Vous pouvez aussi utiliser en compl\u00e9ment une petite lime\u00a0 \u00e0 ongles\u00a0(aussi disponible dans les produits REER) pour lisser l\u00e9g\u00e8rement les angles. Les premiers jours de vies, les ongles de b\u00e9b\u00e9 sont si fins et mous qu\u2019ils se liment tout seuls.\u00a0Nul besoin d\u2019attraper le coupe-ongle avant le premier, voir le 2\u00e8me mois!<\/p>\n","protected":false},"featured_media":1518,"comment_status":"open","ping_status":"closed","template":"","meta":{"site-sidebar-layout":"default","site-content-layout":"default","ast-site-content-layout":"","site-content-style":"","site-sidebar-style":"","ast-global-header-display":"","ast-banner-title-visibility":"","ast-main-header-display":"","ast-hfb-above-header-display":"","ast-hfb-below-header-display":"","ast-hfb-mobile-header-display":"","site-post-title":"","ast-breadcrumbs-content":"","ast-featured-img":"","footer-sml-layout":"","theme-transparent-header-meta":"default","adv-header-id-meta":"","stick-header-meta":"default","header-above-stick-meta":"","header-main-stick-meta":"","header-below-stick-meta":"","astra-migrate-meta-layouts":"","ast-page-background-enabled":"default","ast-page-background-meta":{"desktop":{"background-color":"","background-image":"","background-repeat":"repeat","background-position":"center center","background-size":"auto","background-attachment":"scroll","background-type":"","background-media":"","overlay-type":"","overlay-color":"","overlay-gradient":""},"tablet":{"background-color":"","background-image":"","background-repeat":"repeat","background-position":"center center","background-size":"auto","background-attachment":"scroll","background-type":"","background-media":"","overlay-type":"","overlay-color":"","overlay-gradient":""},"mobile":{"background-color":"","background-image":"","background-repeat":"repeat","background-position":"center center","background-size":"auto","background-attachment":"scroll","background-type":"","background-media":"","overlay-type":"","overlay-color":"","overlay-gradient":""}},"ast-content-background-meta":{"desktop":{"background-color":"var(--ast-global-color-5)","background-image":"","background-repeat":"repeat","background-position":"center center","background-size":"auto","background-attachment":"scroll","background-type":"","background-media":"","overlay-type":"","overlay-color":"","overlay-gradient":""},"tablet":{"background-color":"var(--ast-global-color-5)","background-image":"","background-repeat":"repeat","background-position":"center center","background-size":"auto","background-attachment":"scroll","background-type":"","background-media":"","overlay-type":"","overlay-color":"","overlay-gradient":""},"mobile":{"background-color":"var(--ast-global-color-5)","background-image":"","background-repeat":"repeat","background-position":"center center","background-size":"auto","background-attachment":"scroll","background-type":"","background-media":"","overlay-type":"","overlay-color":"","overlay-gradient":""}}},"product_cat":[44,51],"product_tag":[47,53],"class_list":["post-1474","product","type-product","status-publish","has-post-thumbnail","hentry","product_cat-reer","product_cat-securite-et-confort-bebe","product_tag-reer","product_tag-securite-bebe","desktop-align-left","tablet-align-left","mobile-align-left"],"_links":{"self":[{"href":"https:\/\/jouetentunisie.tn\/index.php\/wp-json\/wp\/v2\/product\/1474","targetHints":{"allow":["GET"]}}],"collection":[{"href":"https:\/\/jouetentunisie.tn\/index.php\/wp-json\/wp\/v2\/product"}],"about":[{"href":"https:\/\/jouetentunisie.tn\/index.php\/wp-json\/wp\/v2\/types\/product"}],"replies":[{"embeddable":true,"href":"https:\/\/jouetentunisie.tn\/index.php\/wp-json\/wp\/v2\/comments?post=1474"}],"wp:featuredmedia":[{"embeddable":true,"href":"https:\/\/jouetentunisie.tn\/index.php\/wp-json\/wp\/v2\/media\/1518"}],"wp:attachment":[{"href":"https:\/\/jouetentunisie.tn\/index.php\/wp-json\/wp\/v2\/media?parent=1474"}],"wp:term":[{"taxonomy":"product_cat","embeddable":true,"href":"https:\/\/jouetentunisie.tn\/index.php\/wp-json\/wp\/v2\/product_cat?post=1474"},{"taxonomy":"product_tag","embeddable":true,"href":"https:\/\/jouetentunisie.tn\/index.php\/wp-json\/wp\/v2\/product_tag?post=1474"}],"curies":[{"name":"wp","href":"https:\/\/api.w.org\/{rel}","templated":true}]}}