{"id":1475,"date":"2023-11-23T15:22:23","date_gmt":"2023-11-23T14:22:23","guid":{"rendered":"https:\/\/jouetentunisie.tn\/?post_type=product&#038;p=1475"},"modified":"2023-11-23T15:22:37","modified_gmt":"2023-11-23T14:22:37","slug":"moustiquaire-siege-auto-reer","status":"publish","type":"product","link":"https:\/\/jouetentunisie.tn\/index.php\/produit\/moustiquaire-siege-auto-reer\/","title":{"rendered":"Moustiquaire si\u00e8ge auto REER"},"content":{"rendered":"<h2>Moustiquaire b\u00e9b\u00e9 si\u00e8ge auto REER<\/h2>\n<p>Moustiquaire pour si\u00e8ge auto de la marque allemande REER.\u00a0 Format standard et \u00e9lastique pour une meilleure fixation. La moustiquaire pour si\u00e8ges-autos naissance REER est une alli\u00e9e parfaite vous permettant de ne plus vous soucier des insectes. La maille fine prot\u00e8ge compl\u00e8tement votre enfant en emp\u00eachant l&rsquo;entr\u00e9e d&rsquo;insectes dans le filet. Elle s&rsquo;attache facilement au si\u00e8ge-auto naissance \u00e0 l&rsquo;aide d&rsquo;une bande \u00e9lastique. <span class=\"a-list-item\"><span class=\"hgKElc\"><span data-contrast=\"auto\"><span style=\"font-size: 16px;\">Le fabriquant REER est le sp\u00e9cialiste des articles pour le confort et la <a style=\"font-size: 16px; background-color: #ffffff;\" href=\"https:\/\/www.tipirate-store.tn\/categorie-produit\/securite-et-confort-bebe\/\">s\u00e9curit\u00e9 de b\u00e9b\u00e9 et maman<\/a>. La moustiquaire Maxi-Cosi prot\u00e8ge votre b\u00e9b\u00e9 des moustiques et des petits insectes. Elle est enti\u00e8rement ventil\u00e9e et garantit le confort de votre enfant. <\/span><\/span><\/span><\/span><\/p>\n<p><span class=\"a-list-item\"><span class=\"hgKElc\"><span data-contrast=\"auto\"><span style=\"font-size: 16px;\">Lorsque vous ne l&rsquo;utilisez pas, vous pouvez facilement la plier et la ranger dans votre si\u00e8ge auto ou votre poussette. Facile \u00e0 laver et \u00e0 s\u00e9cher, c&rsquo;est un accessoire indispensable avec votre maxi-cosi pour une s\u00e9r\u00e9nit\u00e9 absolue. Moustiquaire pour si\u00e8ge auto de la marque allemande REER est compatible avec la grande majorit\u00e9 des\u00a0si\u00e8ges auto. Produit fabriqu\u00e9 en 100 % polyester et de couleur blanche et qui s&rsquo;adapte \u00e9galement pour les Transat.<\/span><\/span><\/span><\/span><\/p>\n<p>&nbsp;<\/p>\n<p><span style=\"font-size: 16px; font-style: normal; font-weight: 400;\">Achetez et commandez en ligne ou d\u00e9couvrez cet article de b\u00e9b\u00e9 dans notre magasin de jouets et articles b\u00e9b\u00e9 \u00e0 Tunis, Tunisie.<\/span><span style=\"font-size: 16px; font-style: normal; font-weight: 400;\">\u00a0<\/span><\/p>\n<p>Pour plus d&rsquo;informations visiter le site officiel <a href=\"https:\/\/www.reer.de\/en\">REER<\/a><\/p>\n","protected":false},"excerpt":{"rendered":"<p>Moustiquaire pour si\u00e8ge auto de la marque allemande REER.\u00a0 Format standard et \u00e9lastique pour une meilleure fixation. La moustiquaire pour si\u00e8ges-autos naissance REER est une alli\u00e9e parfaite vous permettant de ne plus vous soucier des insectes. La maille fine prot\u00e8ge compl\u00e8tement votre enfant en emp\u00eachant l&rsquo;entr\u00e9e d&rsquo;insectes dans le filet. Elle s&rsquo;attache facilement au si\u00e8ge-auto naissance \u00e0 l&rsquo;aide d&rsquo;une bande \u00e9lastique. Le fabriquant REER est le sp\u00e9cialiste des articles pour le confort et la s\u00e9curit\u00e9 de b\u00e9b\u00e9 et maman. La moustiquaire Maxi-Cosi prot\u00e8ge votre b\u00e9b\u00e9 des moustiques et des petits insectes. Elle est enti\u00e8rement ventil\u00e9e et garantit le confort de votre enfant.<\/p>\n<p>Lorsque vous ne l&rsquo;utilisez pas, vous pouvez facilement la plier et la ranger dans votre si\u00e8ge auto ou votre poussette. Facile \u00e0 laver et \u00e0 s\u00e9cher, c&rsquo;est un accessoire indispensable avec votre maxi-cosi pour une s\u00e9r\u00e9nit\u00e9 absolue. Moustiquaire pour si\u00e8ge auto de la marque allemande REER est compatible avec la grande majorit\u00e9 des\u00a0si\u00e8ges auto. Produit fabriqu\u00e9 en 100 % polyester et de couleur blanche et qui s&rsquo;adapte \u00e9galement pour les Transat.<\/p>\n","protected":false},"featured_media":1519,"comment_status":"open","ping_status":"closed","template":"","meta":{"site-sidebar-layout":"default","site-content-layout":"default","ast-site-content-layout":"","site-content-style":"","site-sidebar-style":"","ast-global-header-display":"","ast-banner-title-visibility":"","ast-main-header-display":"","ast-hfb-above-header-display":"","ast-hfb-below-header-display":"","ast-hfb-mobile-header-display":"","site-post-title":"","ast-breadcrumbs-content":"","ast-featured-img":"","footer-sml-layout":"","theme-transparent-header-meta":"default","adv-header-id-meta":"","stick-header-meta":"default","header-above-stick-meta":"","header-main-stick-meta":"","header-below-stick-meta":"","astra-migrate-meta-layouts":"","ast-page-background-enabled":"default","ast-page-background-meta":{"desktop":{"background-color":"","background-image":"","background-repeat":"repeat","background-position":"center center","background-size":"auto","background-attachment":"scroll","background-type":"","background-media":"","overlay-type":"","overlay-color":"","overlay-gradient":""},"tablet":{"background-color":"","background-image":"","background-repeat":"repeat","background-position":"center center","background-size":"auto","background-attachment":"scroll","background-type":"","background-media":"","overlay-type":"","overlay-color":"","overlay-gradient":""},"mobile":{"background-color":"","background-image":"","background-repeat":"repeat","background-position":"center center","background-size":"auto","background-attachment":"scroll","background-type":"","background-media":"","overlay-type":"","overlay-color":"","overlay-gradient":""}},"ast-content-background-meta":{"desktop":{"background-color":"var(--ast-global-color-5)","background-image":"","background-repeat":"repeat","background-position":"center center","background-size":"auto","background-attachment":"scroll","background-type":"","background-media":"","overlay-type":"","overlay-color":"","overlay-gradient":""},"tablet":{"background-color":"var(--ast-global-color-5)","background-image":"","background-repeat":"repeat","background-position":"center center","background-size":"auto","background-attachment":"scroll","background-type":"","background-media":"","overlay-type":"","overlay-color":"","overlay-gradient":""},"mobile":{"background-color":"var(--ast-global-color-5)","background-image":"","background-repeat":"repeat","background-position":"center center","background-size":"auto","background-attachment":"scroll","background-type":"","background-media":"","overlay-type":"","overlay-color":"","overlay-gradient":""}}},"product_cat":[44,51],"product_tag":[47,53],"class_list":["post-1475","product","type-product","status-publish","has-post-thumbnail","hentry","product_cat-reer","product_cat-securite-et-confort-bebe","product_tag-reer","product_tag-securite-bebe","desktop-align-left","tablet-align-left","mobile-align-left"],"_links":{"self":[{"href":"https:\/\/jouetentunisie.tn\/index.php\/wp-json\/wp\/v2\/product\/1475","targetHints":{"allow":["GET"]}}],"collection":[{"href":"https:\/\/jouetentunisie.tn\/index.php\/wp-json\/wp\/v2\/product"}],"about":[{"href":"https:\/\/jouetentunisie.tn\/index.php\/wp-json\/wp\/v2\/types\/product"}],"replies":[{"embeddable":true,"href":"https:\/\/jouetentunisie.tn\/index.php\/wp-json\/wp\/v2\/comments?post=1475"}],"wp:featuredmedia":[{"embeddable":true,"href":"https:\/\/jouetentunisie.tn\/index.php\/wp-json\/wp\/v2\/media\/1519"}],"wp:attachment":[{"href":"https:\/\/jouetentunisie.tn\/index.php\/wp-json\/wp\/v2\/media?parent=1475"}],"wp:term":[{"taxonomy":"product_cat","embeddable":true,"href":"https:\/\/jouetentunisie.tn\/index.php\/wp-json\/wp\/v2\/product_cat?post=1475"},{"taxonomy":"product_tag","embeddable":true,"href":"https:\/\/jouetentunisie.tn\/index.php\/wp-json\/wp\/v2\/product_tag?post=1475"}],"curies":[{"name":"wp","href":"https:\/\/api.w.org\/{rel}","templated":true}]}}