{"id":1476,"date":"2023-11-23T15:22:23","date_gmt":"2023-11-23T14:22:23","guid":{"rendered":"https:\/\/jouetentunisie.tn\/?post_type=product&#038;p=1476"},"modified":"2023-11-23T15:22:38","modified_gmt":"2023-11-23T14:22:38","slug":"moustiquaire-lit-bebe-reer","status":"publish","type":"product","link":"https:\/\/jouetentunisie.tn\/index.php\/produit\/moustiquaire-lit-bebe-reer\/","title":{"rendered":"Moustiquaire lit b\u00e9b\u00e9 REER"},"content":{"rendered":"<h2>Moustiquaire b\u00e9b\u00e9 REER<\/h2>\n<p>Moustiquaire pour lit b\u00e9b\u00e9 de la marque allemande REER. Grand format. Mati\u00e8re de qualit\u00e9 et \u00e9lastique pour fixation optimale. <span class=\"a-list-item\">La Mission de REER \u00ab\u00a0Plus de s\u00e9curit\u00e9 pour les enfants et de confort pour les mamans\u00a0\u00bb. <\/span><span class=\"a-list-item\">REER est une marque allemande dans le domaine de la s\u00e9curit\u00e9 des enfants avec plus de 90 ans d&rsquo;exp\u00e9rience. <span class=\"hgKElc\"><span data-contrast=\"auto\"><span style=\"font-size: 16px;\">Le fabriquant REER est le sp\u00e9cialiste des articles pour le confort et la <a style=\"font-size: 16px; background-color: #ffffff;\" href=\"https:\/\/www.tipirate-store.tn\/categorie-produit\/securite-et-confort-bebe\/\">s\u00e9curit\u00e9 de b\u00e9b\u00e9 et maman<\/a>. Moustiquaire de couleur blanche. Taille du lit : 60&#215;120 cm jusqu&rsquo;\u00e0 70&#215;140 cm. Mati\u00e8re de la toile en polyester, facile d&rsquo;entretien. Avec <\/span><\/span><\/span><\/span>Serrage de type \u00e9lastique extensible ins\u00e9r\u00e9 dans la moustiquaire.<\/p>\n<p>La Moustiquaire lit b\u00e9b\u00e9 REER est indispensable dans les pays \u00e0 fortes concentration en moustiques.\u00a0 Elle prot\u00e8ge contre les piqures de divers insectes pouvant provoquer de graves irritations. Cette moustiquaire de REER prot\u00e8ge efficacement les b\u00e9b\u00e9s et les jeunes enfants des moustiques, mites ou autres insectes qui importunent les petits dans leur lit. La mati\u00e8re respirante et perm\u00e9able \u00e0 l&rsquo;air assure une bonne ventilation et une r\u00e9gulation thermique sous la moustiquaire. Il y a ainsi suffisamment d&rsquo;air frais qui entre dans le lit, pour que les enfants dorment d&rsquo;un sommeil sain et profond. Pour le bien-\u00eatre des petits, tous les mat\u00e9riaux utilis\u00e9s sont exempts de substances nocives. Reer a con\u00e7u une moustiquaire assez flexible pour qu&rsquo;elle s&rsquo;adapte \u00e0 tous les lits enfant dans les deux dimensions standard courantes.<\/p>\n<p><span style=\"font-size: 16px; font-style: normal; font-weight: 400;\">Achetez et commandez en ligne ou d\u00e9couvrez cet article de b\u00e9b\u00e9 dans notre magasin de jouets et articles b\u00e9b\u00e9 \u00e0 Tunis, Tunisie.<\/span><span style=\"font-size: 16px; font-style: normal; font-weight: 400;\">\u00a0<\/span><\/p>\n<p>Pour plus d&rsquo;informations visiter le site officiel <a href=\"https:\/\/www.reer.de\/en\">REER<\/a><\/p>\n","protected":false},"excerpt":{"rendered":"<p>Moustiquaire pour lit b\u00e9b\u00e9 de la marque allemande REER. Grand format. Mati\u00e8re de qualit\u00e9 et \u00e9lastique pour fixation optimale. La Mission de REER \u00ab\u00a0Plus de s\u00e9curit\u00e9 pour les enfants et de confort pour les mamans\u00a0\u00bb. REER est une marque allemande dans le domaine de la s\u00e9curit\u00e9 des enfants avec plus de 90 ans d&rsquo;exp\u00e9rience. Le fabriquant REER est le sp\u00e9cialiste des articles pour le confort et la s\u00e9curit\u00e9 de b\u00e9b\u00e9 et maman. Moustiquaire de couleur blanche. Taille du lit : 60&#215;120 cm jusqu&rsquo;\u00e0 70&#215;140 cm. Mati\u00e8re de la toile en polyester, facile d&rsquo;entretien. Avec Serrage de type \u00e9lastique extensible ins\u00e9r\u00e9 dans la moustiquaire.<\/p>\n<p>La Moustiquaire lit b\u00e9b\u00e9 REER est indispensable dans les pays \u00e0 fortes concentration en moustiques.\u00a0 Elle prot\u00e8ge contre les piqures de divers insectes pouvant provoquer de graves irritations. Cette moustiquaire de REER prot\u00e8ge efficacement les b\u00e9b\u00e9s et les jeunes enfants des moustiques, mites ou autres insectes qui importunent les petits dans leur lit. La mati\u00e8re respirante et perm\u00e9able \u00e0 l&rsquo;air assure une bonne ventilation et une r\u00e9gulation thermique sous la moustiquaire. Il y a ainsi suffisamment d&rsquo;air frais qui entre dans le lit, pour que les enfants dorment d&rsquo;un sommeil sain et profond. Pour le bien-\u00eatre des petits, tous les mat\u00e9riaux utilis\u00e9s sont exempts de substances nocives.<\/p>\n","protected":false},"featured_media":1521,"comment_status":"open","ping_status":"closed","template":"","meta":{"site-sidebar-layout":"default","site-content-layout":"default","ast-site-content-layout":"","site-content-style":"","site-sidebar-style":"","ast-global-header-display":"","ast-banner-title-visibility":"","ast-main-header-display":"","ast-hfb-above-header-display":"","ast-hfb-below-header-display":"","ast-hfb-mobile-header-display":"","site-post-title":"","ast-breadcrumbs-content":"","ast-featured-img":"","footer-sml-layout":"","theme-transparent-header-meta":"default","adv-header-id-meta":"","stick-header-meta":"default","header-above-stick-meta":"","header-main-stick-meta":"","header-below-stick-meta":"","astra-migrate-meta-layouts":"","ast-page-background-enabled":"default","ast-page-background-meta":{"desktop":{"background-color":"","background-image":"","background-repeat":"repeat","background-position":"center center","background-size":"auto","background-attachment":"scroll","background-type":"","background-media":"","overlay-type":"","overlay-color":"","overlay-gradient":""},"tablet":{"background-color":"","background-image":"","background-repeat":"repeat","background-position":"center center","background-size":"auto","background-attachment":"scroll","background-type":"","background-media":"","overlay-type":"","overlay-color":"","overlay-gradient":""},"mobile":{"background-color":"","background-image":"","background-repeat":"repeat","background-position":"center center","background-size":"auto","background-attachment":"scroll","background-type":"","background-media":"","overlay-type":"","overlay-color":"","overlay-gradient":""}},"ast-content-background-meta":{"desktop":{"background-color":"var(--ast-global-color-5)","background-image":"","background-repeat":"repeat","background-position":"center center","background-size":"auto","background-attachment":"scroll","background-type":"","background-media":"","overlay-type":"","overlay-color":"","overlay-gradient":""},"tablet":{"background-color":"var(--ast-global-color-5)","background-image":"","background-repeat":"repeat","background-position":"center center","background-size":"auto","background-attachment":"scroll","background-type":"","background-media":"","overlay-type":"","overlay-color":"","overlay-gradient":""},"mobile":{"background-color":"var(--ast-global-color-5)","background-image":"","background-repeat":"repeat","background-position":"center center","background-size":"auto","background-attachment":"scroll","background-type":"","background-media":"","overlay-type":"","overlay-color":"","overlay-gradient":""}}},"product_cat":[44,51],"product_tag":[47,53],"class_list":["post-1476","product","type-product","status-publish","has-post-thumbnail","hentry","product_cat-reer","product_cat-securite-et-confort-bebe","product_tag-reer","product_tag-securite-bebe","desktop-align-left","tablet-align-left","mobile-align-left"],"_links":{"self":[{"href":"https:\/\/jouetentunisie.tn\/index.php\/wp-json\/wp\/v2\/product\/1476","targetHints":{"allow":["GET"]}}],"collection":[{"href":"https:\/\/jouetentunisie.tn\/index.php\/wp-json\/wp\/v2\/product"}],"about":[{"href":"https:\/\/jouetentunisie.tn\/index.php\/wp-json\/wp\/v2\/types\/product"}],"replies":[{"embeddable":true,"href":"https:\/\/jouetentunisie.tn\/index.php\/wp-json\/wp\/v2\/comments?post=1476"}],"wp:featuredmedia":[{"embeddable":true,"href":"https:\/\/jouetentunisie.tn\/index.php\/wp-json\/wp\/v2\/media\/1521"}],"wp:attachment":[{"href":"https:\/\/jouetentunisie.tn\/index.php\/wp-json\/wp\/v2\/media?parent=1476"}],"wp:term":[{"taxonomy":"product_cat","embeddable":true,"href":"https:\/\/jouetentunisie.tn\/index.php\/wp-json\/wp\/v2\/product_cat?post=1476"},{"taxonomy":"product_tag","embeddable":true,"href":"https:\/\/jouetentunisie.tn\/index.php\/wp-json\/wp\/v2\/product_tag?post=1476"}],"curies":[{"name":"wp","href":"https:\/\/api.w.org\/{rel}","templated":true}]}}