{"id":1477,"date":"2023-11-23T15:22:23","date_gmt":"2023-11-23T14:22:23","guid":{"rendered":"https:\/\/jouetentunisie.tn\/?post_type=product&#038;p=1477"},"modified":"2023-11-23T15:22:38","modified_gmt":"2023-11-23T14:22:38","slug":"couvert-apprentissage-bebe-reer","status":"publish","type":"product","link":"https:\/\/jouetentunisie.tn\/index.php\/produit\/couvert-apprentissage-bebe-reer\/","title":{"rendered":"Couvert apprentissage b\u00e9b\u00e9 REER"},"content":{"rendered":"<p>Couvert apprentissage pour b\u00e9b\u00e9 en plastique de la marque allemande REER. De qualit\u00e9 et forme adapt\u00e9e \u00e0 la tenue par le b\u00e9b\u00e9. <span class=\"hgKElc\"><span data-contrast=\"auto\"><span style=\"font-size: 16px;\">Le fabriquant REER est le sp\u00e9cialiste des articles pour le confort et la <a style=\"font-size: 16px; background-color: #ffffff;\" href=\"https:\/\/www.tipirate-store.tn\/categorie-produit\/securite-et-confort-bebe\/\">s\u00e9curit\u00e9 de b\u00e9b\u00e9 et maman<\/a>. L&rsquo;utilisation autonome de couverts va fournir \u00e0 l&rsquo;enfant des stimuli encourageants et gratifiants. Les cuill\u00e8res, de par leur forme et leur texture permettent de manger toute sorte d&rsquo;aliments. Les pr\u00e9-cuill\u00e8res sont tr\u00e8s utiles pour b\u00e9b\u00e9 pour apprendre \u00e0 manger comme les grands et pour les imiter sans se blesser et avec des r\u00e9sultats. La prise en main est facilit\u00e9e gr\u00e2ce \u00e0 la forme ergonomique des manches. En outre, les couverts peuvent \u00eatre lav\u00e9s dans un lave-vaisselle. Chaque ustensile est en plastique de haute qualit\u00e9 sans BPA et r\u00e9pondant aux normes de qualit\u00e9 internationales.<\/span><\/span><\/span><\/p>\n<p><span class=\"hgKElc\"><span data-contrast=\"auto\"><span style=\"font-size: 16px;\">En outre, pour les enfants, apprendre \u00e0 utiliser des couverts et \u00e0 manger seuls est un exploit. Ceci implique une exp\u00e9rimentation quotidienne et l\u2019acquisition d\u2019habilet\u00e9s motrices particuli\u00e8res. L\u2019outil que les jeunes enfants utilisent naturellement pour faire connaissance avec le monde ext\u00e9rieur est la bouche. Par le simple fait de porter \u00e0 leur bouche des objets, et donc aussi des aliments, ils apprennent et posent les bases du d\u00e9veloppement de leur go\u00fbt. Couvert apprentissage en plastique de la marque allemande REER sont indispensables au b\u00e9b\u00e9!<\/span><\/span><\/span><\/p>\n<p><span style=\"font-size: 16px; font-style: normal; font-weight: 400;\">Achetez et commandez en ligne ou d\u00e9couvrez cet article de b\u00e9b\u00e9 dans notre magasin de jouets et articles b\u00e9b\u00e9 \u00e0 Tunis, Tunisie.<\/span><span style=\"font-size: 16px; font-style: normal; font-weight: 400;\">\u00a0<\/span><\/p>\n<p>Pour plus d&rsquo;informations visiter le site officiel <a href=\"https:\/\/www.reer.de\/en\">REER<\/a><\/p>\n","protected":false},"excerpt":{"rendered":"<p>Couvert apprentissage pour b\u00e9b\u00e9 en plastique de la marque allemande REER. De qualit\u00e9 et forme adapt\u00e9e \u00e0 la tenue par le b\u00e9b\u00e9. Le fabriquant REER est le sp\u00e9cialiste des articles pour le confort et la s\u00e9curit\u00e9 de b\u00e9b\u00e9 et maman. L&rsquo;utilisation autonome de couverts va fournir \u00e0 l&rsquo;enfant des stimuli encourageants et gratifiants. Les cuill\u00e8res, de par leur forme et leur texture permettent de manger toute sorte d&rsquo;aliments. Les pr\u00e9-cuill\u00e8res sont tr\u00e8s utiles pour b\u00e9b\u00e9 pour apprendre \u00e0 manger comme les grands et pour les imiter sans se blesser et avec des r\u00e9sultats. La prise en main est facilit\u00e9e gr\u00e2ce \u00e0 la forme ergonomique des manches. En outre, les couverts peuvent \u00eatre lav\u00e9s dans un lave-vaisselle. Chaque ustensile est en plastique de haute qualit\u00e9 sans BPA et r\u00e9pondant aux normes de qualit\u00e9 internationales.<\/p>\n","protected":false},"featured_media":1523,"comment_status":"open","ping_status":"closed","template":"","meta":{"site-sidebar-layout":"default","site-content-layout":"default","ast-site-content-layout":"","site-content-style":"","site-sidebar-style":"","ast-global-header-display":"","ast-banner-title-visibility":"","ast-main-header-display":"","ast-hfb-above-header-display":"","ast-hfb-below-header-display":"","ast-hfb-mobile-header-display":"","site-post-title":"","ast-breadcrumbs-content":"","ast-featured-img":"","footer-sml-layout":"","theme-transparent-header-meta":"default","adv-header-id-meta":"","stick-header-meta":"default","header-above-stick-meta":"","header-main-stick-meta":"","header-below-stick-meta":"","astra-migrate-meta-layouts":"","ast-page-background-enabled":"default","ast-page-background-meta":{"desktop":{"background-color":"","background-image":"","background-repeat":"repeat","background-position":"center center","background-size":"auto","background-attachment":"scroll","background-type":"","background-media":"","overlay-type":"","overlay-color":"","overlay-gradient":""},"tablet":{"background-color":"","background-image":"","background-repeat":"repeat","background-position":"center center","background-size":"auto","background-attachment":"scroll","background-type":"","background-media":"","overlay-type":"","overlay-color":"","overlay-gradient":""},"mobile":{"background-color":"","background-image":"","background-repeat":"repeat","background-position":"center center","background-size":"auto","background-attachment":"scroll","background-type":"","background-media":"","overlay-type":"","overlay-color":"","overlay-gradient":""}},"ast-content-background-meta":{"desktop":{"background-color":"var(--ast-global-color-5)","background-image":"","background-repeat":"repeat","background-position":"center center","background-size":"auto","background-attachment":"scroll","background-type":"","background-media":"","overlay-type":"","overlay-color":"","overlay-gradient":""},"tablet":{"background-color":"var(--ast-global-color-5)","background-image":"","background-repeat":"repeat","background-position":"center center","background-size":"auto","background-attachment":"scroll","background-type":"","background-media":"","overlay-type":"","overlay-color":"","overlay-gradient":""},"mobile":{"background-color":"var(--ast-global-color-5)","background-image":"","background-repeat":"repeat","background-position":"center center","background-size":"auto","background-attachment":"scroll","background-type":"","background-media":"","overlay-type":"","overlay-color":"","overlay-gradient":""}}},"product_cat":[49,44],"product_tag":[47,50,53],"class_list":["post-1477","product","type-product","status-publish","has-post-thumbnail","hentry","product_cat-pour-le-repas","product_cat-reer","product_tag-reer","product_tag-repas-bebe","product_tag-securite-bebe","desktop-align-left","tablet-align-left","mobile-align-left"],"_links":{"self":[{"href":"https:\/\/jouetentunisie.tn\/index.php\/wp-json\/wp\/v2\/product\/1477","targetHints":{"allow":["GET"]}}],"collection":[{"href":"https:\/\/jouetentunisie.tn\/index.php\/wp-json\/wp\/v2\/product"}],"about":[{"href":"https:\/\/jouetentunisie.tn\/index.php\/wp-json\/wp\/v2\/types\/product"}],"replies":[{"embeddable":true,"href":"https:\/\/jouetentunisie.tn\/index.php\/wp-json\/wp\/v2\/comments?post=1477"}],"wp:featuredmedia":[{"embeddable":true,"href":"https:\/\/jouetentunisie.tn\/index.php\/wp-json\/wp\/v2\/media\/1523"}],"wp:attachment":[{"href":"https:\/\/jouetentunisie.tn\/index.php\/wp-json\/wp\/v2\/media?parent=1477"}],"wp:term":[{"taxonomy":"product_cat","embeddable":true,"href":"https:\/\/jouetentunisie.tn\/index.php\/wp-json\/wp\/v2\/product_cat?post=1477"},{"taxonomy":"product_tag","embeddable":true,"href":"https:\/\/jouetentunisie.tn\/index.php\/wp-json\/wp\/v2\/product_tag?post=1477"}],"curies":[{"name":"wp","href":"https:\/\/api.w.org\/{rel}","templated":true}]}}