{"id":1480,"date":"2023-11-23T15:22:24","date_gmt":"2023-11-23T14:22:24","guid":{"rendered":"https:\/\/jouetentunisie.tn\/?post_type=product&#038;p=1480"},"modified":"2023-11-23T15:22:40","modified_gmt":"2023-11-23T14:22:40","slug":"rideau-pare-soleil-reer","status":"publish","type":"product","link":"https:\/\/jouetentunisie.tn\/index.php\/produit\/rideau-pare-soleil-reer\/","title":{"rendered":"Rideau pare soleil REER"},"content":{"rendered":"<p>Rideau pare soleil de la marque allemande REER. Contient 2pcs. Mati\u00e8re de qualit\u00e9. Rideau De Protection Soleil A Ventouses.\u00a0Le rideau enrouleur de la voiture r\u00e9duit la chaleur et pr\u00e9vient des m\u00e9faits des rayons du soleil!\u00a0<span class=\"hgKElc\">Une fois que la lumi\u00e8re devient chaude, il n&rsquo;y a aucun moyen pour elle de s&rsquo;\u00e9chapper. C&rsquo;est pourquoi la meilleure fa\u00e7on de prot\u00e9ger l&rsquo;int\u00e9rieur de votre voiture de la chaleur extr\u00eame est d&rsquo;en emp\u00eacher la formation. <span data-contrast=\"auto\"><span style=\"font-size: 16px;\">Le fabriquant REER est le sp\u00e9cialiste des articles pour le confort et la <a style=\"font-size: 16px; background-color: #ffffff;\" href=\"https:\/\/www.tipirate-store.tn\/categorie-produit\/securite-et-confort-bebe\/\">s\u00e9curit\u00e9 de b\u00e9b\u00e9 et maman<\/a>. <\/span><\/span>Ils sont \u00e0 apposer sur les vitres lat\u00e9rales gr\u00e2ce aux ventouses efficaces permettant de r\u00e9fl\u00e9chir les rayons de soleil et de laisser b\u00e9b\u00e9 et m\u00eame les autres membre de la famille dormir en toute tranquillit\u00e9! Le Rideau pare soleil de la marque allemande REER est utile l&rsquo;\u00e9t\u00e9 mais aussi en printemps dans les r\u00e9gions chaudes! Parfait pour garder votre voiture au frais m\u00eame lorsque vous vous garez en plein soleil en \u00e9t\u00e9, le\u00a0pare-soleil\u00a0est un accessoire pratique, peu co\u00fbteux, et toujours facile \u00e0 installer.<\/span><\/p>\n<p><span style=\"font-size: 16px; font-style: normal; font-weight: 400;\">Achetez et commandez en ligne ou d\u00e9couvrez cet article de b\u00e9b\u00e9 dans notre magasin de jouets et articles b\u00e9b\u00e9 \u00e0 Tunis, Tunisie.<\/span><span style=\"font-size: 16px; font-style: normal; font-weight: 400;\">\u00a0<\/span><\/p>\n<p>Pour plus d&rsquo;informations visiter le site officiel <a href=\"https:\/\/www.reer.de\/en\">REER<\/a><\/p>\n","protected":false},"excerpt":{"rendered":"<p>Rideau pare soleil de la marque allemande REER. Contient 2pcs. Mati\u00e8re de qualit\u00e9. Rideau De Protection Soleil A Ventouses.\u00a0Le rideau enrouleur de la voiture r\u00e9duit la chaleur et pr\u00e9vient des m\u00e9faits des rayons du soleil!\u00a0Une fois que la lumi\u00e8re devient chaude, il n&rsquo;y a aucun moyen pour elle de s&rsquo;\u00e9chapper. C&rsquo;est pourquoi la meilleure fa\u00e7on de prot\u00e9ger l&rsquo;int\u00e9rieur de votre voiture de la chaleur extr\u00eame est d&rsquo;en emp\u00eacher la formation. Le fabriquant REER est le sp\u00e9cialiste des articles pour le confort et la s\u00e9curit\u00e9 de b\u00e9b\u00e9 et maman. Ils sont \u00e0 apposer sur les vitres lat\u00e9rales gr\u00e2ce aux ventouses efficaces permettant de r\u00e9fl\u00e9chir les rayons de soleil et de laisser b\u00e9b\u00e9 et m\u00eame les autres membre de la famille dormir en toute tranquillit\u00e9! Le Rideau pare soleil de la marque allemande REER est utile l&rsquo;\u00e9t\u00e9 mais aussi en printemps dans les r\u00e9gions chaudes!<\/p>\n","protected":false},"featured_media":1528,"comment_status":"open","ping_status":"closed","template":"","meta":{"site-sidebar-layout":"default","site-content-layout":"default","ast-site-content-layout":"","site-content-style":"","site-sidebar-style":"","ast-global-header-display":"","ast-banner-title-visibility":"","ast-main-header-display":"","ast-hfb-above-header-display":"","ast-hfb-below-header-display":"","ast-hfb-mobile-header-display":"","site-post-title":"","ast-breadcrumbs-content":"","ast-featured-img":"","footer-sml-layout":"","theme-transparent-header-meta":"default","adv-header-id-meta":"","stick-header-meta":"default","header-above-stick-meta":"","header-main-stick-meta":"","header-below-stick-meta":"","astra-migrate-meta-layouts":"","ast-page-background-enabled":"default","ast-page-background-meta":{"desktop":{"background-color":"","background-image":"","background-repeat":"repeat","background-position":"center center","background-size":"auto","background-attachment":"scroll","background-type":"","background-media":"","overlay-type":"","overlay-color":"","overlay-gradient":""},"tablet":{"background-color":"","background-image":"","background-repeat":"repeat","background-position":"center center","background-size":"auto","background-attachment":"scroll","background-type":"","background-media":"","overlay-type":"","overlay-color":"","overlay-gradient":""},"mobile":{"background-color":"","background-image":"","background-repeat":"repeat","background-position":"center center","background-size":"auto","background-attachment":"scroll","background-type":"","background-media":"","overlay-type":"","overlay-color":"","overlay-gradient":""}},"ast-content-background-meta":{"desktop":{"background-color":"var(--ast-global-color-5)","background-image":"","background-repeat":"repeat","background-position":"center center","background-size":"auto","background-attachment":"scroll","background-type":"","background-media":"","overlay-type":"","overlay-color":"","overlay-gradient":""},"tablet":{"background-color":"var(--ast-global-color-5)","background-image":"","background-repeat":"repeat","background-position":"center center","background-size":"auto","background-attachment":"scroll","background-type":"","background-media":"","overlay-type":"","overlay-color":"","overlay-gradient":""},"mobile":{"background-color":"var(--ast-global-color-5)","background-image":"","background-repeat":"repeat","background-position":"center center","background-size":"auto","background-attachment":"scroll","background-type":"","background-media":"","overlay-type":"","overlay-color":"","overlay-gradient":""}}},"product_cat":[44,51],"product_tag":[47,52,53],"class_list":["post-1480","product","type-product","status-publish","has-post-thumbnail","hentry","product_cat-reer","product_cat-securite-et-confort-bebe","product_tag-reer","product_tag-securite","product_tag-securite-bebe","desktop-align-left","tablet-align-left","mobile-align-left"],"_links":{"self":[{"href":"https:\/\/jouetentunisie.tn\/index.php\/wp-json\/wp\/v2\/product\/1480","targetHints":{"allow":["GET"]}}],"collection":[{"href":"https:\/\/jouetentunisie.tn\/index.php\/wp-json\/wp\/v2\/product"}],"about":[{"href":"https:\/\/jouetentunisie.tn\/index.php\/wp-json\/wp\/v2\/types\/product"}],"replies":[{"embeddable":true,"href":"https:\/\/jouetentunisie.tn\/index.php\/wp-json\/wp\/v2\/comments?post=1480"}],"wp:featuredmedia":[{"embeddable":true,"href":"https:\/\/jouetentunisie.tn\/index.php\/wp-json\/wp\/v2\/media\/1528"}],"wp:attachment":[{"href":"https:\/\/jouetentunisie.tn\/index.php\/wp-json\/wp\/v2\/media?parent=1480"}],"wp:term":[{"taxonomy":"product_cat","embeddable":true,"href":"https:\/\/jouetentunisie.tn\/index.php\/wp-json\/wp\/v2\/product_cat?post=1480"},{"taxonomy":"product_tag","embeddable":true,"href":"https:\/\/jouetentunisie.tn\/index.php\/wp-json\/wp\/v2\/product_tag?post=1480"}],"curies":[{"name":"wp","href":"https:\/\/api.w.org\/{rel}","templated":true}]}}