{"id":1481,"date":"2023-11-23T15:22:24","date_gmt":"2023-11-23T14:22:24","guid":{"rendered":"https:\/\/jouetentunisie.tn\/?post_type=product&#038;p=1481"},"modified":"2023-11-23T15:22:41","modified_gmt":"2023-11-23T14:22:41","slug":"assiette-chauffante-bebe-reer","status":"publish","type":"product","link":"https:\/\/jouetentunisie.tn\/index.php\/produit\/assiette-chauffante-bebe-reer\/","title":{"rendered":"Assiette chauffante b\u00e9b\u00e9 REER"},"content":{"rendered":"<p>Assiette chauffante pour un bon repas du b\u00e9b\u00e9 de la marque allemande REER. Chauffage simple par remplissage d&rsquo;eau chaude. Permet le maintien \u00e0 la bonne temp\u00e9rature. <span class=\"a-list-item\">Dimensions : environ Diam\u00e8tre : 21 cm &#8211; Hauteur : 5 cm.\u00a0<\/span><span class=\"a-list-item\">Avec couvercle \u00e0 vis et p<\/span><span class=\"a-list-item\">asse au lave-vaisselle. Fonctionnement simple, <\/span><span class=\"Y2IQFc\" lang=\"fr\">l&rsquo;eau chaude au fond de l&rsquo;assiette garde les aliments au chaud plus longtemps. Cette assiette chauffante peut \u00e9galement \u00eatre utilis\u00e9e comme assiette normale. Le fond de l&rsquo;assiette, inclin\u00e9 d&rsquo;un c\u00f4t\u00e9, facilite la collecte des aliments et l&rsquo;alimentation du b\u00e9b\u00e9. <span style=\"font-size: 16px;\">Le fabriquant REER est le sp\u00e9cialiste des articles pour le confort et la <\/span><a style=\"font-size: 16px; background-color: #ffffff;\" href=\"https:\/\/www.tipirate-store.tn\/categorie-produit\/securite-et-confort-bebe\/\">s\u00e9curit\u00e9 de b\u00e9b\u00e9 et maman<\/a><span style=\"font-size: 16px;\">. <\/span><\/span><\/p>\n<p><span class=\"Y2IQFc\" lang=\"fr\"><span style=\"font-size: 16px;\">Vu que b\u00e9b\u00e9 aime prendre son temps en mangeant cette assiette chauffante est ce qui lui faut! Cette assiette chauffante pour b\u00e9b\u00e9 de la marque REER est une assiette qui vous permet de maintenir les aliments de b\u00e9b\u00e9 au chaud plus longtemps. Il vous suffit juste de remplir le r\u00e9servoir d&rsquo;eau chaude \u00e0 maximum 60\u00b0C. Cette assiette chauffante pour b\u00e9b\u00e9 et \u00e9galement indispensable pour toutes les nouvelles mama et b\u00e9b\u00e9!<\/span><\/span><\/p>\n<p>&nbsp;<\/p>\n<p><span style=\"font-size: 16px; font-style: normal; font-weight: 400;\">Achetez et commandez en ligne ou d\u00e9couvrez cet article de b\u00e9b\u00e9 dans notre magasin de jouets et articles b\u00e9b\u00e9 \u00e0 Tunis, Tunisie.<\/span><span style=\"font-size: 16px; font-style: normal; font-weight: 400;\">\u00a0<\/span><\/p>\n<p>Pour plus d&rsquo;informations visiter le site officiel <a href=\"https:\/\/www.reer.de\/en\">REER<\/a><\/p>\n","protected":false},"excerpt":{"rendered":"<p>Assiette chauffante pour un bon repas du b\u00e9b\u00e9 de la marque allemande REER. Chauffage simple par remplissage d&rsquo;eau chaude. Permet le maintien \u00e0 la bonne temp\u00e9rature. Dimensions : environ Diam\u00e8tre : 21 cm &#8211; Hauteur : 5 cm.\u00a0Avec couvercle \u00e0 vis et passe au lave-vaisselle. Fonctionnement simple, l&rsquo;eau chaude au fond de l&rsquo;assiette garde les aliments au chaud plus longtemps. Cette assiette chauffante peut \u00e9galement \u00eatre utilis\u00e9e comme assiette normale. Le fond de l&rsquo;assiette, inclin\u00e9 d&rsquo;un c\u00f4t\u00e9, facilite la collecte des aliments et l&rsquo;alimentation du b\u00e9b\u00e9. Le fabriquant REER est le sp\u00e9cialiste des articles pour le confort et la s\u00e9curit\u00e9 de b\u00e9b\u00e9 et maman.<\/p>\n<p>Vu que b\u00e9b\u00e9 aime prendre son temps en mangeant cette assiette chauffante est ce qui lui faut! Cette assiette chauffante pour b\u00e9b\u00e9 de la marque REER est une assiette qui vous permet de maintenir les aliments de b\u00e9b\u00e9 au chaud plus longtemps. Il vous suffit juste de remplir le r\u00e9servoir d&rsquo;eau chaude \u00e0 maximum 60\u00b0C. Cette assiette chauffante pour b\u00e9b\u00e9 et \u00e9galement indispensable pour toutes les nouvelles mama et b\u00e9b\u00e9!<\/p>\n","protected":false},"featured_media":1529,"comment_status":"open","ping_status":"closed","template":"","meta":{"site-sidebar-layout":"default","site-content-layout":"default","ast-site-content-layout":"","site-content-style":"","site-sidebar-style":"","ast-global-header-display":"","ast-banner-title-visibility":"","ast-main-header-display":"","ast-hfb-above-header-display":"","ast-hfb-below-header-display":"","ast-hfb-mobile-header-display":"","site-post-title":"","ast-breadcrumbs-content":"","ast-featured-img":"","footer-sml-layout":"","theme-transparent-header-meta":"default","adv-header-id-meta":"","stick-header-meta":"default","header-above-stick-meta":"","header-main-stick-meta":"","header-below-stick-meta":"","astra-migrate-meta-layouts":"","ast-page-background-enabled":"default","ast-page-background-meta":{"desktop":{"background-color":"","background-image":"","background-repeat":"repeat","background-position":"center center","background-size":"auto","background-attachment":"scroll","background-type":"","background-media":"","overlay-type":"","overlay-color":"","overlay-gradient":""},"tablet":{"background-color":"","background-image":"","background-repeat":"repeat","background-position":"center center","background-size":"auto","background-attachment":"scroll","background-type":"","background-media":"","overlay-type":"","overlay-color":"","overlay-gradient":""},"mobile":{"background-color":"","background-image":"","background-repeat":"repeat","background-position":"center center","background-size":"auto","background-attachment":"scroll","background-type":"","background-media":"","overlay-type":"","overlay-color":"","overlay-gradient":""}},"ast-content-background-meta":{"desktop":{"background-color":"var(--ast-global-color-5)","background-image":"","background-repeat":"repeat","background-position":"center center","background-size":"auto","background-attachment":"scroll","background-type":"","background-media":"","overlay-type":"","overlay-color":"","overlay-gradient":""},"tablet":{"background-color":"var(--ast-global-color-5)","background-image":"","background-repeat":"repeat","background-position":"center center","background-size":"auto","background-attachment":"scroll","background-type":"","background-media":"","overlay-type":"","overlay-color":"","overlay-gradient":""},"mobile":{"background-color":"var(--ast-global-color-5)","background-image":"","background-repeat":"repeat","background-position":"center center","background-size":"auto","background-attachment":"scroll","background-type":"","background-media":"","overlay-type":"","overlay-color":"","overlay-gradient":""}}},"product_cat":[44,51],"product_tag":[47,50],"class_list":["post-1481","product","type-product","status-publish","has-post-thumbnail","hentry","product_cat-reer","product_cat-securite-et-confort-bebe","product_tag-reer","product_tag-repas-bebe","desktop-align-left","tablet-align-left","mobile-align-left"],"_links":{"self":[{"href":"https:\/\/jouetentunisie.tn\/index.php\/wp-json\/wp\/v2\/product\/1481","targetHints":{"allow":["GET"]}}],"collection":[{"href":"https:\/\/jouetentunisie.tn\/index.php\/wp-json\/wp\/v2\/product"}],"about":[{"href":"https:\/\/jouetentunisie.tn\/index.php\/wp-json\/wp\/v2\/types\/product"}],"replies":[{"embeddable":true,"href":"https:\/\/jouetentunisie.tn\/index.php\/wp-json\/wp\/v2\/comments?post=1481"}],"wp:featuredmedia":[{"embeddable":true,"href":"https:\/\/jouetentunisie.tn\/index.php\/wp-json\/wp\/v2\/media\/1529"}],"wp:attachment":[{"href":"https:\/\/jouetentunisie.tn\/index.php\/wp-json\/wp\/v2\/media?parent=1481"}],"wp:term":[{"taxonomy":"product_cat","embeddable":true,"href":"https:\/\/jouetentunisie.tn\/index.php\/wp-json\/wp\/v2\/product_cat?post=1481"},{"taxonomy":"product_tag","embeddable":true,"href":"https:\/\/jouetentunisie.tn\/index.php\/wp-json\/wp\/v2\/product_tag?post=1481"}],"curies":[{"name":"wp","href":"https:\/\/api.w.org\/{rel}","templated":true}]}}