{"id":1482,"date":"2023-11-23T15:22:25","date_gmt":"2023-11-23T14:22:25","guid":{"rendered":"https:\/\/jouetentunisie.tn\/?post_type=product&#038;p=1482"},"modified":"2023-11-23T15:22:42","modified_gmt":"2023-11-23T14:22:42","slug":"sac-isotherme-reer","status":"publish","type":"product","link":"https:\/\/jouetentunisie.tn\/index.php\/produit\/sac-isotherme-reer\/","title":{"rendered":"Sac Isotherme REER"},"content":{"rendered":"<p>Sac Isotherme de la marque allemande REER. Convient a tous les \u00e2ges pour garder un bon repas ou une boisson chaude. <span style=\"font-size: 16px; font-style: normal; font-weight: 400;\">Dimensions : env. 23 x 7 x 10 cm. <\/span><span style=\"font-size: 16px;\">Le fabriquant REER est le sp\u00e9cialiste des articles pour le confort et la <\/span><a style=\"font-size: 16px; background-color: #ffffff;\" href=\"https:\/\/www.tipirate-store.tn\/categorie-produit\/securite-et-confort-bebe\/\">s\u00e9curit\u00e9 de b\u00e9b\u00e9 et maman<\/a><span style=\"font-size: 16px;\">. Gr\u00e2ce \u00e0 son rev\u00eatement interne en aluminium, le\u00a0<\/span><span style=\"font-size: 16px;\">sac<\/span><span style=\"font-size: 16px;\"> isotherme de REER peut isoler \u00e0 la fois la chaleur et le froid et garder au chaud ou au froid aussi longtemps que pendant une dur\u00e9e de 6h. <\/span><\/p>\n<p><span style=\"font-size: 16px;\">Id\u00e9ale pour Conserver vos biberons plus longtemps au chaud ou au froid gr\u00e2ce \u00e0 la surface isotherme \u00e0 l&rsquo;int\u00e9rieur.\u00a0 <\/span><span style=\"font-size: 16px;\">Convient pour tous les biberons \u00e0 col large et standards et aux petits pots. <\/span><span style=\"font-size: 16px;\">Se fixe facilement sur toutes les poussettes gr\u00e2ce \u00e0 la poign\u00e9e de transport \u00e0 fermeture Velcro pratique. <\/span><span style=\"font-size: 16px;\">Id\u00e9al pour la route ou les voyages. Le Sac Isotherme de la marque allemande REER et fabriqu\u00e9 en <\/span><span style=\"font-size: 16px;\">mati\u00e8re polyester r\u00e9sistant. <\/span><span style=\"font-size: 16px;\">Nettoyable avec un chiffon humide, <\/span><span style=\"font-size: 16px;\">Sans phtalates.<\/span><span style=\"font-size: 16px;\"> Couleur beige, anthracite et fait en m<\/span><span data-contrast=\"auto\"><span style=\"font-size: 16px;\">ati\u00e8re 100 % polyester.\u00a0<\/span><\/span><\/p>\n<p><span style=\"font-size: 16px; font-style: normal; font-weight: 400;\">Achetez et commandez en ligne ou d\u00e9couvrez cet article de b\u00e9b\u00e9 dans notre magasin de jouets et articles b\u00e9b\u00e9 \u00e0 Tunis, Tunisie.<\/span><span style=\"font-size: 16px; font-style: normal; font-weight: 400;\">\u00a0<\/span><\/p>\n<p>Pour plus d&rsquo;informations visiter le site officiel <a href=\"https:\/\/www.reer.de\/en\">REER<\/a><\/p>\n","protected":false},"excerpt":{"rendered":"<p>Sac Isotherme de la marque allemande REER. Convient a tous les \u00e2ges pour garder un bon repas ou une boisson chaude. Dimensions : env. 23 x 7 x 10 cm. Le fabriquant REER est le sp\u00e9cialiste des articles pour le confort et la s\u00e9curit\u00e9 de b\u00e9b\u00e9 et maman. Gr\u00e2ce \u00e0 son rev\u00eatement interne en aluminium, le\u00a0sac isotherme de REER peut isoler \u00e0 la fois la chaleur et le froid et garder au chaud ou au froid aussi longtemps que pendant une dur\u00e9e de 6h.<\/p>\n<p>Id\u00e9ale pour Conserver vos biberons plus longtemps au chaud ou au froid gr\u00e2ce \u00e0 la surface isotherme \u00e0 l&rsquo;int\u00e9rieur.\u00a0 Convient pour tous les biberons \u00e0 col large et standards et aux petits pots. Se fixe facilement sur toutes les poussettes gr\u00e2ce \u00e0 la poign\u00e9e de transport \u00e0 fermeture Velcro pratique. Id\u00e9al pour la route ou les voyages. Le Sac Isotherme de la marque allemande REER et fabriqu\u00e9 en mati\u00e8re polyester r\u00e9sistant. Nettoyable avec un chiffon humide, Sans phtalates. Couleur beige, anthracite et fait en mati\u00e8re 100 % polyester.<\/p>\n","protected":false},"featured_media":1531,"comment_status":"open","ping_status":"closed","template":"","meta":{"site-sidebar-layout":"default","site-content-layout":"default","ast-site-content-layout":"","site-content-style":"","site-sidebar-style":"","ast-global-header-display":"","ast-banner-title-visibility":"","ast-main-header-display":"","ast-hfb-above-header-display":"","ast-hfb-below-header-display":"","ast-hfb-mobile-header-display":"","site-post-title":"","ast-breadcrumbs-content":"","ast-featured-img":"","footer-sml-layout":"","theme-transparent-header-meta":"default","adv-header-id-meta":"","stick-header-meta":"default","header-above-stick-meta":"","header-main-stick-meta":"","header-below-stick-meta":"","astra-migrate-meta-layouts":"","ast-page-background-enabled":"default","ast-page-background-meta":{"desktop":{"background-color":"","background-image":"","background-repeat":"repeat","background-position":"center center","background-size":"auto","background-attachment":"scroll","background-type":"","background-media":"","overlay-type":"","overlay-color":"","overlay-gradient":""},"tablet":{"background-color":"","background-image":"","background-repeat":"repeat","background-position":"center center","background-size":"auto","background-attachment":"scroll","background-type":"","background-media":"","overlay-type":"","overlay-color":"","overlay-gradient":""},"mobile":{"background-color":"","background-image":"","background-repeat":"repeat","background-position":"center center","background-size":"auto","background-attachment":"scroll","background-type":"","background-media":"","overlay-type":"","overlay-color":"","overlay-gradient":""}},"ast-content-background-meta":{"desktop":{"background-color":"var(--ast-global-color-5)","background-image":"","background-repeat":"repeat","background-position":"center center","background-size":"auto","background-attachment":"scroll","background-type":"","background-media":"","overlay-type":"","overlay-color":"","overlay-gradient":""},"tablet":{"background-color":"var(--ast-global-color-5)","background-image":"","background-repeat":"repeat","background-position":"center center","background-size":"auto","background-attachment":"scroll","background-type":"","background-media":"","overlay-type":"","overlay-color":"","overlay-gradient":""},"mobile":{"background-color":"var(--ast-global-color-5)","background-image":"","background-repeat":"repeat","background-position":"center center","background-size":"auto","background-attachment":"scroll","background-type":"","background-media":"","overlay-type":"","overlay-color":"","overlay-gradient":""}}},"product_cat":[49,44,51],"product_tag":[47,50,53],"class_list":["post-1482","product","type-product","status-publish","has-post-thumbnail","hentry","product_cat-pour-le-repas","product_cat-reer","product_cat-securite-et-confort-bebe","product_tag-reer","product_tag-repas-bebe","product_tag-securite-bebe","desktop-align-left","tablet-align-left","mobile-align-left"],"_links":{"self":[{"href":"https:\/\/jouetentunisie.tn\/index.php\/wp-json\/wp\/v2\/product\/1482","targetHints":{"allow":["GET"]}}],"collection":[{"href":"https:\/\/jouetentunisie.tn\/index.php\/wp-json\/wp\/v2\/product"}],"about":[{"href":"https:\/\/jouetentunisie.tn\/index.php\/wp-json\/wp\/v2\/types\/product"}],"replies":[{"embeddable":true,"href":"https:\/\/jouetentunisie.tn\/index.php\/wp-json\/wp\/v2\/comments?post=1482"}],"wp:featuredmedia":[{"embeddable":true,"href":"https:\/\/jouetentunisie.tn\/index.php\/wp-json\/wp\/v2\/media\/1531"}],"wp:attachment":[{"href":"https:\/\/jouetentunisie.tn\/index.php\/wp-json\/wp\/v2\/media?parent=1482"}],"wp:term":[{"taxonomy":"product_cat","embeddable":true,"href":"https:\/\/jouetentunisie.tn\/index.php\/wp-json\/wp\/v2\/product_cat?post=1482"},{"taxonomy":"product_tag","embeddable":true,"href":"https:\/\/jouetentunisie.tn\/index.php\/wp-json\/wp\/v2\/product_tag?post=1482"}],"curies":[{"name":"wp","href":"https:\/\/api.w.org\/{rel}","templated":true}]}}