{"id":1483,"date":"2023-11-23T15:22:25","date_gmt":"2023-11-23T14:22:25","guid":{"rendered":"https:\/\/jouetentunisie.tn\/?post_type=product&#038;p=1483"},"modified":"2023-11-23T15:22:43","modified_gmt":"2023-11-23T14:22:43","slug":"goupillon-biberon-reer","status":"publish","type":"product","link":"https:\/\/jouetentunisie.tn\/index.php\/produit\/goupillon-biberon-reer\/","title":{"rendered":"Goupillon biberon REER"},"content":{"rendered":"<p>2 brosses goupillon de nettoyage pour biberon et t\u00e9tine de la marque allemande REER. Mat\u00e9riel de qualit\u00e9 et souple non d\u00e9formable! La brosse \u00e0 biberons et t\u00e9tines 2 en 1 de Reer permet de nettoyer en profondeur les biberons et t\u00e9tines de b\u00e9b\u00e9. Contient une Brosse \u00e0 biberons et une brosse \u00e0 une t\u00e9tine marque Reer. <span style=\"font-size: 16px;\">Brosses solides et peu d\u00e9formables. avec <\/span><span style=\"font-size: 16px;\">Attache int\u00e9gr\u00e9e pour accrochage simple. <\/span><span style=\"font-size: 16px;\">Manche confortable et dimensions <\/span><span style=\"font-size: 16px;\">27,5 cm x 6,5 cm. Ne n\u00e9gliger pas la propret\u00e9 des biberons et t\u00e9tines de votre enfant! Les b\u00e9b\u00e9s doivent toujours avoir des bouteilles propres et hygi\u00e9niques. Ces goupillons sont vraiment des outils indispensables pour le confort et la s\u00e9curit\u00e9 de maman et b\u00e9b\u00e9! <span data-contrast=\"auto\">Le fabriquant REER est le sp\u00e9cialiste des articles pour le confort et la <a style=\"font-size: 16px; background-color: #ffffff;\" href=\"https:\/\/www.tipirate-store.tn\/categorie-produit\/securite-et-confort-bebe\/\">s\u00e9curit\u00e9 de b\u00e9b\u00e9 et maman<\/a>. <\/span><\/span><\/p>\n<p>Gr\u00e2ce aux 2 brosses et goupillon de nettoyage pour biberon et t\u00e9tine de la marque allemande REER, Les biberons et t\u00e9tines de b\u00e9b\u00e9 seront propres en un clin d\u2019oeil! La brosse \u00e0 biberons et t\u00e9tines de Reer est dot\u00e9e de poils solides et peu d\u00e9formables. Ceux-ci permettent un nettoyage en profondeur pour pouvoir r\u00e9utiliser les accessoires au plus vite. Gr\u00e2ce \u00e0 elle, le fond et les bords seront parfaitement propres. Une attache est int\u00e9gr\u00e9e au manche. L\u2019ensemble est con\u00e7u en plastique, nylon et m\u00e9tal.<\/p>\n<p><span style=\"font-size: 16px; font-style: normal; font-weight: 400;\">Achetez et commandez en ligne ou d\u00e9couvrez cet article de b\u00e9b\u00e9 dans notre magasin de jouets et articles b\u00e9b\u00e9 \u00e0 Tunis, Tunisie.<\/span><span style=\"font-size: 16px; font-style: normal; font-weight: 400;\">\u00a0<\/span><\/p>\n<p>Pour plus d&rsquo;informations visiter le site officiel <a href=\"https:\/\/www.reer.de\/en\">REER<\/a><\/p>\n","protected":false},"excerpt":{"rendered":"<p>2 brosses goupillon de nettoyage pour biberon et t\u00e9tine de la marque allemande REER. Mat\u00e9riel de qualit\u00e9 et souple non d\u00e9formable! La brosse \u00e0 biberons et t\u00e9tines 2 en 1 de Reer permet de nettoyer en profondeur les biberons et t\u00e9tines de b\u00e9b\u00e9. Contient une Brosse \u00e0 biberons et une brosse \u00e0 t\u00e9tine marque Reer. Brosses solides et peu d\u00e9formables. avec Attache int\u00e9gr\u00e9e pour accrochage simple. Manche confortable et dimensions 27,5 cm x 6,5 cm. Ne n\u00e9gliger pas la propret\u00e9 des biberons et t\u00e9tines de votre enfant! Les b\u00e9b\u00e9s doivent toujours avoir des bouteilles propres et hygi\u00e9niques. Ces goupillons sont vraiment des outils indispensables pour le confort et la s\u00e9curit\u00e9 de maman et b\u00e9b\u00e9! Le fabriquant REER est le sp\u00e9cialiste des articles pour le confort et la s\u00e9curit\u00e9 de b\u00e9b\u00e9 et maman.<\/p>\n","protected":false},"featured_media":1533,"comment_status":"open","ping_status":"closed","template":"","meta":{"site-sidebar-layout":"default","site-content-layout":"default","ast-site-content-layout":"","site-content-style":"","site-sidebar-style":"","ast-global-header-display":"","ast-banner-title-visibility":"","ast-main-header-display":"","ast-hfb-above-header-display":"","ast-hfb-below-header-display":"","ast-hfb-mobile-header-display":"","site-post-title":"","ast-breadcrumbs-content":"","ast-featured-img":"","footer-sml-layout":"","theme-transparent-header-meta":"default","adv-header-id-meta":"","stick-header-meta":"default","header-above-stick-meta":"","header-main-stick-meta":"","header-below-stick-meta":"","astra-migrate-meta-layouts":"","ast-page-background-enabled":"default","ast-page-background-meta":{"desktop":{"background-color":"","background-image":"","background-repeat":"repeat","background-position":"center center","background-size":"auto","background-attachment":"scroll","background-type":"","background-media":"","overlay-type":"","overlay-color":"","overlay-gradient":""},"tablet":{"background-color":"","background-image":"","background-repeat":"repeat","background-position":"center center","background-size":"auto","background-attachment":"scroll","background-type":"","background-media":"","overlay-type":"","overlay-color":"","overlay-gradient":""},"mobile":{"background-color":"","background-image":"","background-repeat":"repeat","background-position":"center center","background-size":"auto","background-attachment":"scroll","background-type":"","background-media":"","overlay-type":"","overlay-color":"","overlay-gradient":""}},"ast-content-background-meta":{"desktop":{"background-color":"var(--ast-global-color-5)","background-image":"","background-repeat":"repeat","background-position":"center center","background-size":"auto","background-attachment":"scroll","background-type":"","background-media":"","overlay-type":"","overlay-color":"","overlay-gradient":""},"tablet":{"background-color":"var(--ast-global-color-5)","background-image":"","background-repeat":"repeat","background-position":"center center","background-size":"auto","background-attachment":"scroll","background-type":"","background-media":"","overlay-type":"","overlay-color":"","overlay-gradient":""},"mobile":{"background-color":"var(--ast-global-color-5)","background-image":"","background-repeat":"repeat","background-position":"center center","background-size":"auto","background-attachment":"scroll","background-type":"","background-media":"","overlay-type":"","overlay-color":"","overlay-gradient":""}}},"product_cat":[49,44],"product_tag":[47,50],"class_list":["post-1483","product","type-product","status-publish","has-post-thumbnail","hentry","product_cat-pour-le-repas","product_cat-reer","product_tag-reer","product_tag-repas-bebe","desktop-align-left","tablet-align-left","mobile-align-left"],"_links":{"self":[{"href":"https:\/\/jouetentunisie.tn\/index.php\/wp-json\/wp\/v2\/product\/1483","targetHints":{"allow":["GET"]}}],"collection":[{"href":"https:\/\/jouetentunisie.tn\/index.php\/wp-json\/wp\/v2\/product"}],"about":[{"href":"https:\/\/jouetentunisie.tn\/index.php\/wp-json\/wp\/v2\/types\/product"}],"replies":[{"embeddable":true,"href":"https:\/\/jouetentunisie.tn\/index.php\/wp-json\/wp\/v2\/comments?post=1483"}],"wp:featuredmedia":[{"embeddable":true,"href":"https:\/\/jouetentunisie.tn\/index.php\/wp-json\/wp\/v2\/media\/1533"}],"wp:attachment":[{"href":"https:\/\/jouetentunisie.tn\/index.php\/wp-json\/wp\/v2\/media?parent=1483"}],"wp:term":[{"taxonomy":"product_cat","embeddable":true,"href":"https:\/\/jouetentunisie.tn\/index.php\/wp-json\/wp\/v2\/product_cat?post=1483"},{"taxonomy":"product_tag","embeddable":true,"href":"https:\/\/jouetentunisie.tn\/index.php\/wp-json\/wp\/v2\/product_tag?post=1483"}],"curies":[{"name":"wp","href":"https:\/\/api.w.org\/{rel}","templated":true}]}}