{"id":1484,"date":"2023-11-23T15:22:25","date_gmt":"2023-11-23T14:22:25","guid":{"rendered":"https:\/\/jouetentunisie.tn\/?post_type=product&#038;p=1484"},"modified":"2023-11-23T15:22:43","modified_gmt":"2023-11-23T14:22:43","slug":"tapis-de-bain-reer","status":"publish","type":"product","link":"https:\/\/jouetentunisie.tn\/index.php\/produit\/tapis-de-bain-reer\/","title":{"rendered":"Tapis de bain REER"},"content":{"rendered":"<p>Tapis de bain avec motif color\u00e9s de la marque allemande REER. Anti glisse avec ventouses avec dimensions de 40 x 23,5 cm. Le tapis de bain, par son adh\u00e9rence au sol et sa surface antid\u00e9rapante, maximise la s\u00e9curit\u00e9 de votre b\u00e9b\u00e9. De plus, vous \u00e9vitez qu&rsquo;il ne glisse lors de son bain. <span style=\"font-size: 16px;\">Le fabriquant REER est le sp\u00e9cialiste des articles pour le confort et la <a style=\"font-size: 16px; background-color: #ffffff;\" href=\"https:\/\/www.tipirate-store.tn\/categorie-produit\/securite-et-confort-bebe\/\">s\u00e9curit\u00e9 de b\u00e9b\u00e9 et maman<\/a>.\u00a0<\/span>En outre, <span class=\"a-list-item\" style=\"font-size: 16px;\">REER est une marque sp\u00e9cialis\u00e9e dans le domaine de la s\u00e9curit\u00e9 des enfants avec plus de 90 ans d&rsquo;exp\u00e9rience. <\/span><\/p>\n<p><span class=\"a-list-item\" style=\"font-size: 16px;\">Cet adorable tapis de bain s&rsquo;installe au fond de la baignoire ou du bac de douche, pour des bains en toute s\u00e9r\u00e9nit\u00e9 et en toute s\u00e9curit\u00e9 de votre b\u00e9b\u00e9. Evitera que votre enfant ne glisse dans la baignoire familiale gr\u00e2ce \u00e0 ses multiples ventouses. Pour offrir une bonne hygi\u00e8ne \u00e0\u00a0b\u00e9b\u00e9, il est important de bien entretenir le\u00a0tapis de bain apr\u00e8s chaque utilisation.\u00a0<\/span><span class=\"a-list-item\">En outre, le<\/span>\u00a0Tapis de bain avec motif color\u00e9s de la marque allemande REER est l&rsquo;outil indispensable pour les nouvelles mamans et leur b\u00e9b\u00e9.<\/p>\n<p><span style=\"font-size: 16px; font-style: normal; font-weight: 400;\">Achetez et commandez en ligne! D\u00e9couvrez cet article b\u00e9b\u00e9 dans notre magasin de jouets et articles b\u00e9b\u00e9 \u00e0 Tunis, Tunisie.<\/span><span style=\"font-size: 16px; font-style: normal; font-weight: 400;\">\u00a0<\/span><\/p>\n<p>Pour plus d&rsquo;informations visiter le site officiel <a href=\"https:\/\/www.reer.de\/en\">REER<\/a><\/p>\n","protected":false},"excerpt":{"rendered":"<p>Tapis de bain avec motif color\u00e9s de la marque allemande REER. Anti glisse avec ventouses avec dimensions de 40 x 23,5 cm. Le tapis de bain, par son adh\u00e9rence au sol et sa surface antid\u00e9rapante, maximise la s\u00e9curit\u00e9 de votre b\u00e9b\u00e9. De plus, vous \u00e9vitez qu&rsquo;il ne glisse lors de son bain. Le fabriquant REER est le sp\u00e9cialiste des articles pour le confort et la s\u00e9curit\u00e9 de b\u00e9b\u00e9 et maman.\u00a0En outre, REER est une marque sp\u00e9cialis\u00e9e dans le domaine de la s\u00e9curit\u00e9 des enfants avec plus de 90 ans d&rsquo;exp\u00e9rience.<\/p>\n<p>Cet adorable tapis de bain s&rsquo;installe au fond de la baignoire ou du bac de douche, pour des bains en toute s\u00e9r\u00e9nit\u00e9 et en toute s\u00e9curit\u00e9 de votre b\u00e9b\u00e9. Evitera que votre enfant ne glisse dans la baignoire familiale gr\u00e2ce \u00e0 ses multiples ventouses. Pour offrir une bonne hygi\u00e8ne \u00e0\u00a0b\u00e9b\u00e9, il est important de bien entretenir le\u00a0tapis de bain apr\u00e8s chaque utilisation.\u00a0En outre, le\u00a0Tapis de bain avec motif color\u00e9s de la marque allemande REER est l&rsquo;outil indispensable pour les nouvelles mamans et leur b\u00e9b\u00e9.<\/p>\n","protected":false},"featured_media":1534,"comment_status":"open","ping_status":"closed","template":"","meta":{"site-sidebar-layout":"default","site-content-layout":"default","ast-site-content-layout":"","site-content-style":"","site-sidebar-style":"","ast-global-header-display":"","ast-banner-title-visibility":"","ast-main-header-display":"","ast-hfb-above-header-display":"","ast-hfb-below-header-display":"","ast-hfb-mobile-header-display":"","site-post-title":"","ast-breadcrumbs-content":"","ast-featured-img":"","footer-sml-layout":"","theme-transparent-header-meta":"default","adv-header-id-meta":"","stick-header-meta":"default","header-above-stick-meta":"","header-main-stick-meta":"","header-below-stick-meta":"","astra-migrate-meta-layouts":"","ast-page-background-enabled":"default","ast-page-background-meta":{"desktop":{"background-color":"","background-image":"","background-repeat":"repeat","background-position":"center center","background-size":"auto","background-attachment":"scroll","background-type":"","background-media":"","overlay-type":"","overlay-color":"","overlay-gradient":""},"tablet":{"background-color":"","background-image":"","background-repeat":"repeat","background-position":"center center","background-size":"auto","background-attachment":"scroll","background-type":"","background-media":"","overlay-type":"","overlay-color":"","overlay-gradient":""},"mobile":{"background-color":"","background-image":"","background-repeat":"repeat","background-position":"center center","background-size":"auto","background-attachment":"scroll","background-type":"","background-media":"","overlay-type":"","overlay-color":"","overlay-gradient":""}},"ast-content-background-meta":{"desktop":{"background-color":"var(--ast-global-color-5)","background-image":"","background-repeat":"repeat","background-position":"center center","background-size":"auto","background-attachment":"scroll","background-type":"","background-media":"","overlay-type":"","overlay-color":"","overlay-gradient":""},"tablet":{"background-color":"var(--ast-global-color-5)","background-image":"","background-repeat":"repeat","background-position":"center center","background-size":"auto","background-attachment":"scroll","background-type":"","background-media":"","overlay-type":"","overlay-color":"","overlay-gradient":""},"mobile":{"background-color":"var(--ast-global-color-5)","background-image":"","background-repeat":"repeat","background-position":"center center","background-size":"auto","background-attachment":"scroll","background-type":"","background-media":"","overlay-type":"","overlay-color":"","overlay-gradient":""}}},"product_cat":[44,51],"product_tag":[47,52,53],"class_list":["post-1484","product","type-product","status-publish","has-post-thumbnail","hentry","product_cat-reer","product_cat-securite-et-confort-bebe","product_tag-reer","product_tag-securite","product_tag-securite-bebe","desktop-align-left","tablet-align-left","mobile-align-left"],"_links":{"self":[{"href":"https:\/\/jouetentunisie.tn\/index.php\/wp-json\/wp\/v2\/product\/1484","targetHints":{"allow":["GET"]}}],"collection":[{"href":"https:\/\/jouetentunisie.tn\/index.php\/wp-json\/wp\/v2\/product"}],"about":[{"href":"https:\/\/jouetentunisie.tn\/index.php\/wp-json\/wp\/v2\/types\/product"}],"replies":[{"embeddable":true,"href":"https:\/\/jouetentunisie.tn\/index.php\/wp-json\/wp\/v2\/comments?post=1484"}],"wp:featuredmedia":[{"embeddable":true,"href":"https:\/\/jouetentunisie.tn\/index.php\/wp-json\/wp\/v2\/media\/1534"}],"wp:attachment":[{"href":"https:\/\/jouetentunisie.tn\/index.php\/wp-json\/wp\/v2\/media?parent=1484"}],"wp:term":[{"taxonomy":"product_cat","embeddable":true,"href":"https:\/\/jouetentunisie.tn\/index.php\/wp-json\/wp\/v2\/product_cat?post=1484"},{"taxonomy":"product_tag","embeddable":true,"href":"https:\/\/jouetentunisie.tn\/index.php\/wp-json\/wp\/v2\/product_tag?post=1484"}],"curies":[{"name":"wp","href":"https:\/\/api.w.org\/{rel}","templated":true}]}}