{"id":1486,"date":"2023-11-23T15:22:26","date_gmt":"2023-11-23T14:22:26","guid":{"rendered":"https:\/\/jouetentunisie.tn\/?post_type=product&#038;p=1486"},"modified":"2023-11-23T15:22:45","modified_gmt":"2023-11-23T14:22:45","slug":"babycam-reer","status":"publish","type":"product","link":"https:\/\/jouetentunisie.tn\/index.php\/produit\/babycam-reer\/","title":{"rendered":"BabyCam REER"},"content":{"rendered":"<h2>BabyCam REER<\/h2>\n<p>BabyCam\u00a0pour surveillance du b\u00e9b\u00e9 de la marque Allemande REER. Port\u00e9e 300m avec fonction visibilit\u00e9 nuit. <span class=\"a-list-item\">\u00c0 l&rsquo;abri des interceptions et des perturbations gr\u00e2ce \u00e0 la technologie num\u00e9rique FHSS. <\/span><span style=\"font-size: 16px;\">\u00c9cran couleur TFT de 2,4 pouces avec possibilit\u00e9 de param\u00e9trer la clart\u00e9. <\/span><span style=\"font-size: 16px;\">Port\u00e9e claire sans parasite jusqu&rsquo;\u00e0 300 m. <\/span><span style=\"font-size: 16px;\">Cam\u00e9ra avec objectif grand angle. F<\/span><span style=\"font-size: 16px;\">onction de commande vocale: mise en marche automatique et intelligente. Le fabriquant REER est sp\u00e9cialiste des articles pour le confort et la <a style=\"font-size: 16px; background-color: #ffffff;\" href=\"https:\/\/www.tipirate-store.tn\/categorie-produit\/securite-et-confort-bebe\/\">s\u00e9curit\u00e9 de b\u00e9b\u00e9 et maman<\/a>. La BabyCam de REER combine un son clair avec une transmission d&rsquo;images haute r\u00e9solution jusqu&rsquo;\u00e0 300m. Ainsi, vous savez toujours exactement ce que votre petit est en train de faire, s&rsquo;il dort ou s&rsquo;il est r\u00e9veill\u00e9! <\/span><span style=\"font-size: 16px; font-style: normal; font-weight: 400;\">Luminosit\u00e9 r\u00e9glable et zoom 2x vous assurent une excellente vue de votre enfant. <\/span><\/p>\n<p><span style=\"font-size: 16px;\">La Camera de REER est <\/span><span class=\"a-list-item\" style=\"font-size: 16px;\"><span class=\"a-list-item\">un outil indispensable pour toutes les nouvelles maman et leur b\u00e9b\u00e9 afin de s&rsquo;assurer de leur confort et de leur s\u00e9curit\u00e9 et les prot\u00e9ger des accidents! Avec le babyphone vid\u00e9o, les parents restent en contact permanent avec leur enfant et sont toujours inform\u00e9s de son bien-\u00eatre\u00a0 gr\u00e2ce \u00e0 l&rsquo;\u00e9cran haute r\u00e9solution et au son clair. <span class=\"JLqJ4b ChMk0b\" data-language-for-alternatives=\"fr\" data-language-to-translate-into=\"auto\" data-phrase-index=\"0\">La BabyCam est \u00e9quip\u00e9e d&rsquo;une activation intelligente du bruit (VOX). <\/span><span class=\"JLqJ4b ChMk0b\" data-language-for-alternatives=\"fr\" data-language-to-translate-into=\"auto\" data-phrase-index=\"2\">Le niveau de bruit auquel la transmission d\u00e9marre est personnalisable selon vos besoins.<\/span>\u00a0<span class=\"JLqJ4b ChMk0b\" data-language-for-alternatives=\"fr\" data-language-to-translate-into=\"auto\" data-phrase-index=\"3\">De plus, l&rsquo;unit\u00e9 b\u00e9b\u00e9 fonctionne en mode ECO en permanence. <span style=\"font-size: 16px;\">Trouvez dans la m\u00eame cat\u00e9gorie la <a href=\"https:\/\/www.tipirate-store.tn\/produit\/babyphone-reer\/\">babyPhone de REER<\/a> ou le <a href=\"https:\/\/www.tipirate-store.tn\/produit\/ecoute-bebe-babyphone-motorola\/\">babyphone de Motorolla<\/a>\u00a0 ou le <a href=\"https:\/\/www.tipirate-store.tn\/produit\/sac-isotherme-reer\/\">sac isotherme de voyage<\/a>!<\/span><\/span><\/span><\/span><\/p>\n<p><span style=\"font-size: 16px; font-style: normal; font-weight: 400;\">Achetez et commandez en ligne ou d\u00e9couvrez cet article de b\u00e9b\u00e9 dans notre magasin de jouets et articles b\u00e9b\u00e9 \u00e0 Tunis, Tunisie.<\/span><span style=\"font-size: 16px; font-style: normal; font-weight: 400;\">\u00a0<\/span><\/p>\n<p>Pour plus d&rsquo;informations visiter le site officiel <a href=\"https:\/\/www.reer.de\/en\">REER<\/a><\/p>\n","protected":false},"excerpt":{"rendered":"<p>BabyCam pour surveillance du b\u00e9b\u00e9 de la marque Allemande REER. Port\u00e9e 300m avec fonction visibilit\u00e9 nuit. \u00c0 l&rsquo;abri des interceptions et des perturbations gr\u00e2ce \u00e0 la technologie num\u00e9rique FHSS. \u00c9cran couleur TFT de 2,4 pouces avec possibilit\u00e9 de param\u00e9trer la clart\u00e9. Port\u00e9e claire sans parasite jusqu&rsquo;\u00e0 300 m. Cam\u00e9ra avec objectif grand angle. Fonction de commande vocale: mise en marche automatique et intelligente. Le fabriquant REER est sp\u00e9cialiste des articles pour le confort et la s\u00e9curit\u00e9 de b\u00e9b\u00e9 et maman. La BabyCam de REER combine un son clair avec une transmission d&rsquo;images haute r\u00e9solution jusqu&rsquo;\u00e0 300m. Ainsi, vous savez toujours exactement ce que votre petit est en train de faire, s&rsquo;il dort ou s&rsquo;il est r\u00e9veill\u00e9! Luminosit\u00e9 r\u00e9glable et zoom 2x vous assurent une excellente vue de votre enfant.<\/p>\n<p>La Camera de REER est un outil indispensable pour toutes les nouvelles maman et leur b\u00e9b\u00e9 afin de s&rsquo;assurer de leur confort et de leur s\u00e9curit\u00e9 et les prot\u00e9ger des accidents! Avec le babyphone vid\u00e9o, les parents restent en contact permanent avec leur enfant et sont toujours inform\u00e9s de son bien-\u00eatre\u00a0 gr\u00e2ce \u00e0 l&rsquo;\u00e9cran haute r\u00e9solution et au son clair. La BabyCam est \u00e9quip\u00e9e d&rsquo;une activation intelligente du bruit (VOX). Le niveau de bruit auquel la transmission d\u00e9marre est personnalisable selon vos besoins.\u00a0De plus, l&rsquo;unit\u00e9 b\u00e9b\u00e9 fonctionne en mode ECO en permanence.<\/p>\n","protected":false},"featured_media":1538,"comment_status":"open","ping_status":"closed","template":"","meta":{"site-sidebar-layout":"default","site-content-layout":"default","ast-site-content-layout":"","site-content-style":"","site-sidebar-style":"","ast-global-header-display":"","ast-banner-title-visibility":"","ast-main-header-display":"","ast-hfb-above-header-display":"","ast-hfb-below-header-display":"","ast-hfb-mobile-header-display":"","site-post-title":"","ast-breadcrumbs-content":"","ast-featured-img":"","footer-sml-layout":"","theme-transparent-header-meta":"default","adv-header-id-meta":"","stick-header-meta":"default","header-above-stick-meta":"","header-main-stick-meta":"","header-below-stick-meta":"","astra-migrate-meta-layouts":"","ast-page-background-enabled":"default","ast-page-background-meta":{"desktop":{"background-color":"","background-image":"","background-repeat":"repeat","background-position":"center center","background-size":"auto","background-attachment":"scroll","background-type":"","background-media":"","overlay-type":"","overlay-color":"","overlay-gradient":""},"tablet":{"background-color":"","background-image":"","background-repeat":"repeat","background-position":"center center","background-size":"auto","background-attachment":"scroll","background-type":"","background-media":"","overlay-type":"","overlay-color":"","overlay-gradient":""},"mobile":{"background-color":"","background-image":"","background-repeat":"repeat","background-position":"center center","background-size":"auto","background-attachment":"scroll","background-type":"","background-media":"","overlay-type":"","overlay-color":"","overlay-gradient":""}},"ast-content-background-meta":{"desktop":{"background-color":"var(--ast-global-color-5)","background-image":"","background-repeat":"repeat","background-position":"center center","background-size":"auto","background-attachment":"scroll","background-type":"","background-media":"","overlay-type":"","overlay-color":"","overlay-gradient":""},"tablet":{"background-color":"var(--ast-global-color-5)","background-image":"","background-repeat":"repeat","background-position":"center center","background-size":"auto","background-attachment":"scroll","background-type":"","background-media":"","overlay-type":"","overlay-color":"","overlay-gradient":""},"mobile":{"background-color":"var(--ast-global-color-5)","background-image":"","background-repeat":"repeat","background-position":"center center","background-size":"auto","background-attachment":"scroll","background-type":"","background-media":"","overlay-type":"","overlay-color":"","overlay-gradient":""}}},"product_cat":[55,44,51],"product_tag":[47,52,53],"class_list":["post-1486","product","type-product","status-publish","has-post-thumbnail","hentry","product_cat-babyphone-et-babycam","product_cat-reer","product_cat-securite-et-confort-bebe","product_tag-reer","product_tag-securite","product_tag-securite-bebe","desktop-align-left","tablet-align-left","mobile-align-left"],"_links":{"self":[{"href":"https:\/\/jouetentunisie.tn\/index.php\/wp-json\/wp\/v2\/product\/1486","targetHints":{"allow":["GET"]}}],"collection":[{"href":"https:\/\/jouetentunisie.tn\/index.php\/wp-json\/wp\/v2\/product"}],"about":[{"href":"https:\/\/jouetentunisie.tn\/index.php\/wp-json\/wp\/v2\/types\/product"}],"replies":[{"embeddable":true,"href":"https:\/\/jouetentunisie.tn\/index.php\/wp-json\/wp\/v2\/comments?post=1486"}],"wp:featuredmedia":[{"embeddable":true,"href":"https:\/\/jouetentunisie.tn\/index.php\/wp-json\/wp\/v2\/media\/1538"}],"wp:attachment":[{"href":"https:\/\/jouetentunisie.tn\/index.php\/wp-json\/wp\/v2\/media?parent=1486"}],"wp:term":[{"taxonomy":"product_cat","embeddable":true,"href":"https:\/\/jouetentunisie.tn\/index.php\/wp-json\/wp\/v2\/product_cat?post=1486"},{"taxonomy":"product_tag","embeddable":true,"href":"https:\/\/jouetentunisie.tn\/index.php\/wp-json\/wp\/v2\/product_tag?post=1486"}],"curies":[{"name":"wp","href":"https:\/\/api.w.org\/{rel}","templated":true}]}}