{"id":1488,"date":"2023-11-23T15:22:26","date_gmt":"2023-11-23T14:22:26","guid":{"rendered":"https:\/\/jouetentunisie.tn\/?post_type=product&#038;p=1488"},"modified":"2023-11-23T15:22:53","modified_gmt":"2023-11-23T14:22:53","slug":"trousse-hygiene-bebe-reer","status":"publish","type":"product","link":"https:\/\/jouetentunisie.tn\/index.php\/produit\/trousse-hygiene-bebe-reer\/","title":{"rendered":"Trousse Hygi\u00e8ne b\u00e9b\u00e9 REER"},"content":{"rendered":"<h2>Trousse des soins et hygi\u00e8ne du b\u00e9b\u00e9 REER<\/h2>\n<p>Trousse des soins et hygi\u00e8ne du b\u00e9b\u00e9 de la marque allemande REER. Elle contient une brosse, un ciseau, un peigne et un coupe-ongle. <span style=\"font-size: 16px;\">Le fabriquant REER est le sp\u00e9cialiste des articles pour le confort et la <a style=\"font-size: 16px; background-color: #ffffff;\" href=\"https:\/\/www.tipirate-store.tn\/categorie-produit\/securite-et-confort-bebe\/\">s\u00e9curit\u00e9 de b\u00e9b\u00e9 et maman<\/a>.\u00a0<\/span>En outre, <span class=\"a-list-item\" style=\"font-size: 16px;\">REER est une marque sp\u00e9cialis\u00e9e dans le domaine de la s\u00e9curit\u00e9 des enfants avec plus de 90 ans d&rsquo;exp\u00e9rience. <\/span><span style=\"font-size: 16px;\">L&rsquo;ensemble de soins baby care a \u00e9t\u00e9 cr\u00e9\u00e9 sp\u00e9cialement pour les nouveau-n\u00e9s. Qualit\u00e9 garantie par la marque REER et la qualit\u00e9 allemande! Dans la m\u00eame cat\u00e9gorie le <a href=\"https:\/\/www.tipirate-store.tn\/produit\/coupe-ongle-et-ciseaux-reer\/\">coupe ongles<\/a>\u00a0 et la <a href=\"https:\/\/www.tipirate-store.tn\/produit\/brosse-en-bois-reer\/\">brosse en bois<\/a> aussi!<\/span><\/p>\n<p><span class=\"a-list-item\">D&rsquo;ailleurs, tous les articles sont fabriqu\u00e9s \u00e0 partir de mat\u00e9riaux sains sans BPA. D&rsquo;un autre cot\u00e9, <\/span><span class=\"a-list-item\">l&rsquo;ensemble sangles dans l&rsquo;\u00e9tui de rangement est pratique. Gr\u00e2ce \u00e0 ses dimensions compactes, elle peut \u00eatre facilement rang\u00e9 dans des sacs \u00e0 main.\u00a0 En outre, <\/span><span class=\"a-list-item\">Contient une brosse \u00e0 cheveux \u00e0 poils naturels, un peigne \u00e0 pointe arrondie, un coupe-ongles, des ciseaux \u00e0 ongles avec pointe de s\u00e9curit\u00e9, un \u00e9tui. D&rsquo;ailleurs, il est totalement adapt\u00e9e \u00e0 votre b\u00e9b\u00e9 et son confort!<\/span><\/p>\n<p><span class=\"a-list-item\">En outre, l<\/span>a trousse d&rsquo;hygi\u00e8ne du b\u00e9b\u00e9 de REER est l&rsquo;outil indispensable pour les nouvelles mamans et leur b\u00e9b\u00e9.<\/p>\n<p><span style=\"font-size: 16px; font-style: normal; font-weight: 400;\">Achetez et commandez en ligne ou d\u00e9couvrez cet article de b\u00e9b\u00e9 dans notre magasin de jouets et articles b\u00e9b\u00e9 \u00e0 Tunis, Tunisie.<\/span><span style=\"font-size: 16px; font-style: normal; font-weight: 400;\">\u00a0<\/span><\/p>\n<p>Pour plus d&rsquo;informations visiter le site officiel <a href=\"https:\/\/www.reer.de\/en\">REER<\/a><\/p>\n","protected":false},"excerpt":{"rendered":"<p>Trousse des soins et hygi\u00e8ne du b\u00e9b\u00e9 de la marque allemande REER. Elle contient une brosse, un ciseau, un peigne et un coupe-ongle. Le fabriquant REER est le sp\u00e9cialiste des articles pour le confort et la s\u00e9curit\u00e9 de b\u00e9b\u00e9 et maman.\u00a0En outre, REER est une marque sp\u00e9cialis\u00e9e dans le domaine de la s\u00e9curit\u00e9 des enfants avec plus de 90 ans d&rsquo;exp\u00e9rience. L&rsquo;ensemble de soins baby care a \u00e9t\u00e9 cr\u00e9\u00e9 sp\u00e9cialement pour les nouveau-n\u00e9s. Qualit\u00e9 garantie par la marque REER et la qualit\u00e9 allemande!<\/p>\n<p>D&rsquo;ailleurs, tous les articles sont fabriqu\u00e9s \u00e0 partir de mat\u00e9riaux sains sans BPA. D&rsquo;un autre cot\u00e9, l&rsquo;ensemble sangles dans l&rsquo;\u00e9tui de rangement est pratique. Gr\u00e2ce \u00e0 ses dimensions compactes, elle peut \u00eatre facilement rang\u00e9 dans des sacs \u00e0 main.\u00a0 Contient une brosse \u00e0 cheveux \u00e0 poils naturels, un peigne \u00e0 pointe arrondie, un coupe-ongles, des ciseaux \u00e0 ongles avec pointe de s\u00e9curit\u00e9, un \u00e9tui. En outre, totalement adapt\u00e9e \u00e0 votre b\u00e9b\u00e9 et son confort!<\/p>\n<p>En outre, la trousse d&rsquo;hygi\u00e8ne du b\u00e9b\u00e9 de REER est l&rsquo;outil indispensable pour les nouvelles mamans et leur b\u00e9b\u00e9.<\/p>\n","protected":false},"featured_media":1571,"comment_status":"open","ping_status":"closed","template":"","meta":{"site-sidebar-layout":"default","site-content-layout":"default","ast-site-content-layout":"","site-content-style":"","site-sidebar-style":"","ast-global-header-display":"","ast-banner-title-visibility":"","ast-main-header-display":"","ast-hfb-above-header-display":"","ast-hfb-below-header-display":"","ast-hfb-mobile-header-display":"","site-post-title":"","ast-breadcrumbs-content":"","ast-featured-img":"","footer-sml-layout":"","theme-transparent-header-meta":"default","adv-header-id-meta":"","stick-header-meta":"default","header-above-stick-meta":"","header-main-stick-meta":"","header-below-stick-meta":"","astra-migrate-meta-layouts":"","ast-page-background-enabled":"default","ast-page-background-meta":{"desktop":{"background-color":"","background-image":"","background-repeat":"repeat","background-position":"center center","background-size":"auto","background-attachment":"scroll","background-type":"","background-media":"","overlay-type":"","overlay-color":"","overlay-gradient":""},"tablet":{"background-color":"","background-image":"","background-repeat":"repeat","background-position":"center center","background-size":"auto","background-attachment":"scroll","background-type":"","background-media":"","overlay-type":"","overlay-color":"","overlay-gradient":""},"mobile":{"background-color":"","background-image":"","background-repeat":"repeat","background-position":"center center","background-size":"auto","background-attachment":"scroll","background-type":"","background-media":"","overlay-type":"","overlay-color":"","overlay-gradient":""}},"ast-content-background-meta":{"desktop":{"background-color":"var(--ast-global-color-5)","background-image":"","background-repeat":"repeat","background-position":"center center","background-size":"auto","background-attachment":"scroll","background-type":"","background-media":"","overlay-type":"","overlay-color":"","overlay-gradient":""},"tablet":{"background-color":"var(--ast-global-color-5)","background-image":"","background-repeat":"repeat","background-position":"center center","background-size":"auto","background-attachment":"scroll","background-type":"","background-media":"","overlay-type":"","overlay-color":"","overlay-gradient":""},"mobile":{"background-color":"var(--ast-global-color-5)","background-image":"","background-repeat":"repeat","background-position":"center center","background-size":"auto","background-attachment":"scroll","background-type":"","background-media":"","overlay-type":"","overlay-color":"","overlay-gradient":""}}},"product_cat":[44,51],"product_tag":[47,53],"class_list":["post-1488","product","type-product","status-publish","has-post-thumbnail","hentry","product_cat-reer","product_cat-securite-et-confort-bebe","product_tag-reer","product_tag-securite-bebe","desktop-align-left","tablet-align-left","mobile-align-left"],"_links":{"self":[{"href":"https:\/\/jouetentunisie.tn\/index.php\/wp-json\/wp\/v2\/product\/1488","targetHints":{"allow":["GET"]}}],"collection":[{"href":"https:\/\/jouetentunisie.tn\/index.php\/wp-json\/wp\/v2\/product"}],"about":[{"href":"https:\/\/jouetentunisie.tn\/index.php\/wp-json\/wp\/v2\/types\/product"}],"replies":[{"embeddable":true,"href":"https:\/\/jouetentunisie.tn\/index.php\/wp-json\/wp\/v2\/comments?post=1488"}],"wp:featuredmedia":[{"embeddable":true,"href":"https:\/\/jouetentunisie.tn\/index.php\/wp-json\/wp\/v2\/media\/1571"}],"wp:attachment":[{"href":"https:\/\/jouetentunisie.tn\/index.php\/wp-json\/wp\/v2\/media?parent=1488"}],"wp:term":[{"taxonomy":"product_cat","embeddable":true,"href":"https:\/\/jouetentunisie.tn\/index.php\/wp-json\/wp\/v2\/product_cat?post=1488"},{"taxonomy":"product_tag","embeddable":true,"href":"https:\/\/jouetentunisie.tn\/index.php\/wp-json\/wp\/v2\/product_tag?post=1488"}],"curies":[{"name":"wp","href":"https:\/\/api.w.org\/{rel}","templated":true}]}}