{"id":1544,"date":"2023-11-23T15:22:47","date_gmt":"2023-11-23T14:22:47","guid":{"rendered":"https:\/\/jouetentunisie.tn\/?post_type=product&#038;p=1544"},"modified":"2023-11-23T15:22:55","modified_gmt":"2023-11-23T14:22:55","slug":"recipient-isotherme-bleu-reer","status":"publish","type":"product","link":"https:\/\/jouetentunisie.tn\/index.php\/produit\/recipient-isotherme-bleu-reer\/","title":{"rendered":"R\u00e9cipient isotherme bleu REER"},"content":{"rendered":"<p>R\u00e9cipient isotherme 300ml couleur Bleu de la marque Allemande REER. Conserve les aliments et liquides au chaud pendant 6h. La conception du r\u00e9cipient alimentaire Reer peut transporter en s\u00e9curit\u00e9 votre pr\u00e9paration alimentaire pour votre b\u00e9b\u00e9 sans fuite et ceci pendant six heures. Parce que le r\u00e9cipient est exempt de substances nocives (BPA, PVC et Phtalates) il est id\u00e9al pour Garder<span style=\"font-size: 16px; font-style: normal; font-weight: 400;\">\u00a0<\/span><span style=\"font-size: 16px; font-style: normal; font-weight: 400;\">sainement<\/span><span style=\"font-size: 16px; font-style: normal; font-weight: 400;\">\u00a0<\/span><span style=\"font-size: 16px;\"> les aliments pour b\u00e9b\u00e9s<\/span><span style=\"font-size: 16px;\">. Ce conteneur isotherme de REER reste <\/span><span style=\"font-size: 16px;\">un fid\u00e8le compagnon de voyage. Le couvercle assure une parfaite \u00e9tanch\u00e9it\u00e9 gr\u00e2ce au silicone qui emp\u00eache peut tout fluide de s&rsquo;\u00e9chapper. <\/span><\/p>\n<p><span style=\"font-size: 16px;\">En plus, Le <\/span><span style=\"font-size: 16px;\">double paroi d&rsquo;isolation<\/span> emp\u00eache \u00e9galement des gouttes de condensation de se former! Le fabriquant REER est sp\u00e9cialiste des articles pour le confort et la <a style=\"font-size: 16px; background-color: #ffffff;\" href=\"https:\/\/www.tipirate-store.tn\/categorie-produit\/securite-et-confort-bebe\/\">s\u00e9curit\u00e9 de b\u00e9b\u00e9 et maman<\/a>. En outre, <span class=\"a-list-item\" style=\"font-size: 16px;\">REER est une marque dans le domaine de la s\u00e9curit\u00e9 des enfants avec plus de 90 ans d&rsquo;exp\u00e9rience. Ce r\u00e9cipient isotherme Bleu de REER tr\u00e8s design est un outil indispensable pour toutes les nouvelles maman et leur b\u00e9b\u00e9! Solidit\u00e9 et qualit\u00e9 assur\u00e9e par la marque REER!<\/span><\/p>\n<p><span style=\"font-size: 16px; font-style: normal; font-weight: 400;\">Achetez et commandez en ligne ou d\u00e9couvrez cet article de b\u00e9b\u00e9 dans notre magasin de jouets et articles b\u00e9b\u00e9 \u00e0 Tunis, Tunisie.<\/span><span style=\"font-size: 16px; font-style: normal; font-weight: 400;\">\u00a0<\/span><\/p>\n<p>Pour plus d&rsquo;informations visiter le site officiel <a href=\"https:\/\/www.reer.de\/en\">REER<\/a><\/p>\n","protected":false},"excerpt":{"rendered":"<p>R\u00e9cipient isotherme 300ml couleur Bleu de la marque Allemande REER. Conserve les aliments et liquides au chaud pendant 6h. La conception du r\u00e9cipient alimentaire Reer peut transporter en s\u00e9curit\u00e9 votre pr\u00e9paration alimentaire pour votre b\u00e9b\u00e9 sans fuite et ceci pendant six heures. Parce que le r\u00e9cipient est exempt de substances nocives (BPA, PVC et Phtalates) il est id\u00e9al pour Garder sainement\u00a0 les aliments pour b\u00e9b\u00e9s. Ce conteneur isotherme de REER reste un fid\u00e8le compagnon de voyage. Le couvercle assure une parfaite \u00e9tanch\u00e9it\u00e9 gr\u00e2ce au silicone qui emp\u00eache peut tout fluide de s&rsquo;\u00e9chapper.<\/p>\n<p>En plus, Le double paroi d&rsquo;isolation emp\u00eache \u00e9galement des gouttes de condensation de se former! Le fabriquant REER est sp\u00e9cialiste des articles pour le confort et la s\u00e9curit\u00e9 de b\u00e9b\u00e9 et maman. En outre, REER est une marque dans le domaine de la s\u00e9curit\u00e9 des enfants avec plus de 90 ans d&rsquo;exp\u00e9rience. Ce r\u00e9cipient isotherme Bleu de REER tr\u00e8s design est un outil indispensable pour toutes les nouvelles maman et leur b\u00e9b\u00e9! Solidit\u00e9 et qualit\u00e9 assur\u00e9e par la marque REER!<\/p>\n","protected":false},"featured_media":1577,"comment_status":"open","ping_status":"closed","template":"","meta":{"site-sidebar-layout":"default","site-content-layout":"default","ast-site-content-layout":"","site-content-style":"","site-sidebar-style":"","ast-global-header-display":"","ast-banner-title-visibility":"","ast-main-header-display":"","ast-hfb-above-header-display":"","ast-hfb-below-header-display":"","ast-hfb-mobile-header-display":"","site-post-title":"","ast-breadcrumbs-content":"","ast-featured-img":"","footer-sml-layout":"","theme-transparent-header-meta":"default","adv-header-id-meta":"","stick-header-meta":"default","header-above-stick-meta":"","header-main-stick-meta":"","header-below-stick-meta":"","astra-migrate-meta-layouts":"","ast-page-background-enabled":"default","ast-page-background-meta":{"desktop":{"background-color":"","background-image":"","background-repeat":"repeat","background-position":"center center","background-size":"auto","background-attachment":"scroll","background-type":"","background-media":"","overlay-type":"","overlay-color":"","overlay-gradient":""},"tablet":{"background-color":"","background-image":"","background-repeat":"repeat","background-position":"center center","background-size":"auto","background-attachment":"scroll","background-type":"","background-media":"","overlay-type":"","overlay-color":"","overlay-gradient":""},"mobile":{"background-color":"","background-image":"","background-repeat":"repeat","background-position":"center center","background-size":"auto","background-attachment":"scroll","background-type":"","background-media":"","overlay-type":"","overlay-color":"","overlay-gradient":""}},"ast-content-background-meta":{"desktop":{"background-color":"var(--ast-global-color-5)","background-image":"","background-repeat":"repeat","background-position":"center center","background-size":"auto","background-attachment":"scroll","background-type":"","background-media":"","overlay-type":"","overlay-color":"","overlay-gradient":""},"tablet":{"background-color":"var(--ast-global-color-5)","background-image":"","background-repeat":"repeat","background-position":"center center","background-size":"auto","background-attachment":"scroll","background-type":"","background-media":"","overlay-type":"","overlay-color":"","overlay-gradient":""},"mobile":{"background-color":"var(--ast-global-color-5)","background-image":"","background-repeat":"repeat","background-position":"center center","background-size":"auto","background-attachment":"scroll","background-type":"","background-media":"","overlay-type":"","overlay-color":"","overlay-gradient":""}}},"product_cat":[49,44],"product_tag":[47,50],"class_list":["post-1544","product","type-product","status-publish","has-post-thumbnail","hentry","product_cat-pour-le-repas","product_cat-reer","product_tag-reer","product_tag-repas-bebe","desktop-align-left","tablet-align-left","mobile-align-left"],"_links":{"self":[{"href":"https:\/\/jouetentunisie.tn\/index.php\/wp-json\/wp\/v2\/product\/1544","targetHints":{"allow":["GET"]}}],"collection":[{"href":"https:\/\/jouetentunisie.tn\/index.php\/wp-json\/wp\/v2\/product"}],"about":[{"href":"https:\/\/jouetentunisie.tn\/index.php\/wp-json\/wp\/v2\/types\/product"}],"replies":[{"embeddable":true,"href":"https:\/\/jouetentunisie.tn\/index.php\/wp-json\/wp\/v2\/comments?post=1544"}],"wp:featuredmedia":[{"embeddable":true,"href":"https:\/\/jouetentunisie.tn\/index.php\/wp-json\/wp\/v2\/media\/1577"}],"wp:attachment":[{"href":"https:\/\/jouetentunisie.tn\/index.php\/wp-json\/wp\/v2\/media?parent=1544"}],"wp:term":[{"taxonomy":"product_cat","embeddable":true,"href":"https:\/\/jouetentunisie.tn\/index.php\/wp-json\/wp\/v2\/product_cat?post=1544"},{"taxonomy":"product_tag","embeddable":true,"href":"https:\/\/jouetentunisie.tn\/index.php\/wp-json\/wp\/v2\/product_tag?post=1544"}],"curies":[{"name":"wp","href":"https:\/\/api.w.org\/{rel}","templated":true}]}}