{"id":1546,"date":"2023-11-23T15:22:47","date_gmt":"2023-11-23T14:22:47","guid":{"rendered":"https:\/\/jouetentunisie.tn\/?post_type=product&#038;p=1546"},"modified":"2023-11-23T15:22:56","modified_gmt":"2023-11-23T14:22:56","slug":"sucette-thermometre-reer","status":"publish","type":"product","link":"https:\/\/jouetentunisie.tn\/index.php\/produit\/sucette-thermometre-reer\/","title":{"rendered":"Sucette thermom\u00e8tre REER"},"content":{"rendered":"<h2>Sucette thermom\u00e8tre REER<\/h2>\n<p>Sucette thermom\u00e8tre de la marque Allemande REER. Permet une mesure de la temp\u00e9rature du b\u00e9b\u00e9 simple et en 30sec. <span class=\"a-list-item\">Notre Mission \u00ab\u00a0Plus de s\u00e9curit\u00e9 pour les enfants\u00a0\u00bb. <span style=\"font-size: 16px;\">Le fabriquant REER est sp\u00e9cialiste des articles pour le confort et la <\/span><a style=\"font-size: 16px; background-color: #ffffff;\" href=\"https:\/\/www.tipirate-store.tn\/categorie-produit\/securite-et-confort-bebe\/\">s\u00e9curit\u00e9 de b\u00e9b\u00e9 et maman<\/a><span style=\"font-size: 16px;\">. En outre, <\/span><span class=\"a-list-item\" style=\"font-size: 16px;\">REER est une marque dans le domaine de la s\u00e9curit\u00e9 des enfants avec plus de 90 ans d&rsquo;exp\u00e9rience. <\/span><span style=\"font-size: 16px; font-style: normal; font-weight: 400;\">\u00a0Il est particuli\u00e8rement recommand\u00e9 pour la peau de b\u00e9b\u00e9. De\u00a0 plus, t<\/span><\/span><span style=\"font-size: 16px;\">ous les produits sont test\u00e9s et r\u00e9pondent aux normes de qualit\u00e9 les plus \u00e9lev\u00e9es. <\/span><span class=\"a-list-item\">Nos produits de s\u00e9curit\u00e9 vous aident \u00e0 prot\u00e9ger votre enfant d\u00e8s le premier jour contre les accidents dangereux!<\/span><\/p>\n<p>De plus, la Sucette thermom\u00e8tre de la marque Allemande REER mesure la temp\u00e9rature facilement chez les enfants agit\u00e9s! En outre, sa forme ergonomique la rend facilement accept\u00e9e par le b\u00e9b\u00e9. La sucette thermom\u00e8tre se r\u00e9v\u00e9lera indispensable pour prendre la temp\u00e9rature de votre b\u00e9b\u00e9 gr\u00e2ce \u00e0 sa t\u00e9tine en silicone de qualit\u00e9. Piles \u00e0 usage de longue dur\u00e9e fournies gratuitement. En outre, <span style=\"font-size: 16px;\">La sucette thermom\u00e8tre est un outil indispensable pour toutes les nouvelles mamans et leur b\u00e9b\u00e9! <span class=\"a-list-item\">Dans la m\u00eame cat\u00e9gorie le <a href=\"https:\/\/www.tipirate-store.tn\/produit\/thermometre-sans-contact-reer\/\">thermom\u00e8tre sans contact<\/a> de REER et le <a href=\"https:\/\/www.tipirate-store.tn\/produit\/thermometre-classique-digital-reer\/\">thermom\u00e8tre classique<\/a>!<\/span><\/span><\/p>\n<p><span style=\"font-size: 16px; font-style: normal; font-weight: 400;\">Achetez et commandez en ligne ou d\u00e9couvrez cet article de b\u00e9b\u00e9 dans notre magasin de jouets et articles b\u00e9b\u00e9 \u00e0 Tunis, Tunisie.<\/span><span style=\"font-size: 16px; font-style: normal; font-weight: 400;\">\u00a0<\/span><\/p>\n<p>Pour plus d&rsquo;informations visiter le site officiel <a href=\"https:\/\/www.reer.de\/en\">REER<\/a><\/p>\n","protected":false},"excerpt":{"rendered":"<p>Sucette thermom\u00e8tre de la marque Allemande REER. Permet une mesure de la temp\u00e9rature du b\u00e9b\u00e9 simple et en 30sec. Notre Mission \u00ab\u00a0Plus de s\u00e9curit\u00e9 pour les enfants\u00a0\u00bb. Le fabriquant REER est sp\u00e9cialiste des articles pour le confort et la s\u00e9curit\u00e9 de b\u00e9b\u00e9 et maman. En outre, REER est une marque dans le domaine de la s\u00e9curit\u00e9 des enfants avec plus de 90 ans d&rsquo;exp\u00e9rience. \u00a0Il est particuli\u00e8rement recommand\u00e9 pour la peau de b\u00e9b\u00e9. Tous les produits sont test\u00e9s et r\u00e9pondent aux normes de qualit\u00e9 les plus \u00e9lev\u00e9es. Nos produits de s\u00e9curit\u00e9 vous aident \u00e0 prot\u00e9ger votre enfant d\u00e8s le premier jour contre les accidents dangereux!<\/p>\n<p>La Sucette thermom\u00e8tre de la marque Allemande REER est id\u00e9ale pour prendre la temp\u00e9rature chez les enfants agit\u00e9s et qui ne se pr\u00eatent pas facilement \u00e0 cette \u00e9tape! Elle est d&rsquo;ailleurs fournie avec des piles \u00e0 usage de longue dur\u00e9e.<\/p>\n","protected":false},"featured_media":1579,"comment_status":"open","ping_status":"closed","template":"","meta":{"site-sidebar-layout":"default","site-content-layout":"default","ast-site-content-layout":"","site-content-style":"","site-sidebar-style":"","ast-global-header-display":"","ast-banner-title-visibility":"","ast-main-header-display":"","ast-hfb-above-header-display":"","ast-hfb-below-header-display":"","ast-hfb-mobile-header-display":"","site-post-title":"","ast-breadcrumbs-content":"","ast-featured-img":"","footer-sml-layout":"","theme-transparent-header-meta":"default","adv-header-id-meta":"","stick-header-meta":"default","header-above-stick-meta":"","header-main-stick-meta":"","header-below-stick-meta":"","astra-migrate-meta-layouts":"","ast-page-background-enabled":"default","ast-page-background-meta":{"desktop":{"background-color":"","background-image":"","background-repeat":"repeat","background-position":"center center","background-size":"auto","background-attachment":"scroll","background-type":"","background-media":"","overlay-type":"","overlay-color":"","overlay-gradient":""},"tablet":{"background-color":"","background-image":"","background-repeat":"repeat","background-position":"center center","background-size":"auto","background-attachment":"scroll","background-type":"","background-media":"","overlay-type":"","overlay-color":"","overlay-gradient":""},"mobile":{"background-color":"","background-image":"","background-repeat":"repeat","background-position":"center center","background-size":"auto","background-attachment":"scroll","background-type":"","background-media":"","overlay-type":"","overlay-color":"","overlay-gradient":""}},"ast-content-background-meta":{"desktop":{"background-color":"var(--ast-global-color-5)","background-image":"","background-repeat":"repeat","background-position":"center center","background-size":"auto","background-attachment":"scroll","background-type":"","background-media":"","overlay-type":"","overlay-color":"","overlay-gradient":""},"tablet":{"background-color":"var(--ast-global-color-5)","background-image":"","background-repeat":"repeat","background-position":"center center","background-size":"auto","background-attachment":"scroll","background-type":"","background-media":"","overlay-type":"","overlay-color":"","overlay-gradient":""},"mobile":{"background-color":"var(--ast-global-color-5)","background-image":"","background-repeat":"repeat","background-position":"center center","background-size":"auto","background-attachment":"scroll","background-type":"","background-media":"","overlay-type":"","overlay-color":"","overlay-gradient":""}}},"product_cat":[44,45],"product_tag":[47,48],"class_list":["post-1546","product","type-product","status-publish","has-post-thumbnail","hentry","product_cat-reer","product_cat-thermometres","product_tag-reer","product_tag-thermometre","desktop-align-left","tablet-align-left","mobile-align-left"],"_links":{"self":[{"href":"https:\/\/jouetentunisie.tn\/index.php\/wp-json\/wp\/v2\/product\/1546","targetHints":{"allow":["GET"]}}],"collection":[{"href":"https:\/\/jouetentunisie.tn\/index.php\/wp-json\/wp\/v2\/product"}],"about":[{"href":"https:\/\/jouetentunisie.tn\/index.php\/wp-json\/wp\/v2\/types\/product"}],"replies":[{"embeddable":true,"href":"https:\/\/jouetentunisie.tn\/index.php\/wp-json\/wp\/v2\/comments?post=1546"}],"wp:featuredmedia":[{"embeddable":true,"href":"https:\/\/jouetentunisie.tn\/index.php\/wp-json\/wp\/v2\/media\/1579"}],"wp:attachment":[{"href":"https:\/\/jouetentunisie.tn\/index.php\/wp-json\/wp\/v2\/media?parent=1546"}],"wp:term":[{"taxonomy":"product_cat","embeddable":true,"href":"https:\/\/jouetentunisie.tn\/index.php\/wp-json\/wp\/v2\/product_cat?post=1546"},{"taxonomy":"product_tag","embeddable":true,"href":"https:\/\/jouetentunisie.tn\/index.php\/wp-json\/wp\/v2\/product_tag?post=1546"}],"curies":[{"name":"wp","href":"https:\/\/api.w.org\/{rel}","templated":true}]}}