{"id":1547,"date":"2023-11-23T15:22:47","date_gmt":"2023-11-23T14:22:47","guid":{"rendered":"https:\/\/jouetentunisie.tn\/?post_type=product&#038;p=1547"},"modified":"2023-11-23T15:22:57","modified_gmt":"2023-11-23T14:22:57","slug":"thermometre-flexible-grenouille-reer","status":"publish","type":"product","link":"https:\/\/jouetentunisie.tn\/index.php\/produit\/thermometre-flexible-grenouille-reer\/","title":{"rendered":"Thermom\u00e8tre flexible grenouille REER"},"content":{"rendered":"<h2>Thermom\u00e8tre flexible grenouille REER<\/h2>\n<p>Thermom\u00e8tre\u00a0<span style=\"font-size: 16px; font-style: normal; font-weight: 400;\">Hypoallerg\u00e9nique et <\/span><span style=\"font-size: 16px;\">flexible en forme de grenouille de la marque Allemande REER. Pratique pour les enfants agit\u00e9s. Le fabriquant REER est sp\u00e9cialiste des articles pour le confort et la <\/span><a style=\"font-size: 16px; background-color: #ffffff;\" href=\"https:\/\/www.tipirate-store.tn\/categorie-produit\/securite-et-confort-bebe\/\">s\u00e9curit\u00e9 de b\u00e9b\u00e9 et maman<\/a><span style=\"font-size: 16px;\">. En outre, <\/span><span class=\"a-list-item\" style=\"font-size: 16px;\">REER est une marque dans le domaine de la s\u00e9curit\u00e9 des enfants avec plus de 90 ans d&rsquo;exp\u00e9rience. <\/span><span style=\"font-size: 16px; font-style: normal; font-weight: 400;\">\u00a0Il est particuli\u00e8rement recommand\u00e9 pour la peau de b\u00e9b\u00e9.<\/span><\/p>\n<p><span class=\"a-list-item\">En outre, <\/span><span class=\"a-list-item\">Tous les produits sont test\u00e9s et r\u00e9pondent aux normes de qualit\u00e9 les plus \u00e9lev\u00e9es. Ces<\/span><span class=\"a-list-item\"> produits de s\u00e9curit\u00e9 vous aident \u00e0 prot\u00e9ger votre enfant d\u00e8s le premier jour contre les accidents dangereux! En outre, il pr\u00e9sente une <\/span><span class=\"a-list-item\">Courte dur\u00e9e de mesure de moins de 20 secondes. De plus, Il est test\u00e9 <\/span><span class=\"a-list-item\">dermatologiquement et p<\/span><span style=\"font-size: 16px;\">articuli\u00e8rement doux pour la peau, convient aux personnes souffrant d&rsquo;allergies. <\/span><\/p>\n<p><span style=\"font-size: 16px;\">En outre, il poss\u00e8de une <\/span><span class=\"a-list-item\">Alarme d&rsquo;avertissement sonore lorsque la temp\u00e9rature est &gt;37, 6 \u00b0c<\/span><span style=\"font-size: 16px; font-style: normal; font-weight: 400;\">. <\/span><span class=\"a-list-item\">La derni\u00e8re valeur mesur\u00e9e est stock\u00e9e en m\u00e9moire! En outre, le thermom\u00e8tre flexible grenouille de la marque Allemande REER est un outil indispensable pour toutes les nouvelles maman et leur b\u00e9b\u00e9! En outre, il est fournit avec une boite protectrice en plastique transparent et des piles pr\u00eats \u00e0 l&#8217;emploi! Dans la m\u00eame cat\u00e9gorie la <a href=\"https:\/\/www.tipirate-store.tn\/produit\/sucette-thermometre-reer\/\">sucette thermom\u00e8tre<\/a> et le <a href=\"https:\/\/www.tipirate-store.tn\/produit\/thermometre-classique-digital-reer\/\">thermom\u00e8tre classique<\/a>!<\/span><\/p>\n<p><span style=\"font-size: 16px; font-style: normal; font-weight: 400;\">Achetez et commandez en ligne ou d\u00e9couvrez cet article de b\u00e9b\u00e9 dans notre magasin de jouets et articles b\u00e9b\u00e9 \u00e0 Tunis, Tunisie.<\/span><span style=\"font-size: 16px; font-style: normal; font-weight: 400;\">\u00a0<\/span><\/p>\n<p>Pour plus d&rsquo;informations visiter le site officiel <a href=\"https:\/\/www.reer.de\/en\">REER<\/a><\/p>\n<p>&nbsp;<\/p>\n","protected":false},"excerpt":{"rendered":"<p>Thermom\u00e8tre Hypoallerg\u00e9nique et flexible en forme de grenouille de la marque Allemande REER. Pratique pour les enfants agit\u00e9s. Le fabriquant REER est sp\u00e9cialiste des articles pour le confort et la s\u00e9curit\u00e9 de b\u00e9b\u00e9 et maman. En outre, REER est une marque dans le domaine de la s\u00e9curit\u00e9 des enfants avec plus de 90 ans d&rsquo;exp\u00e9rience. Tous les produits sont test\u00e9s et r\u00e9pondent aux normes de qualit\u00e9 les plus \u00e9lev\u00e9es. Ces produits de s\u00e9curit\u00e9 vous aident \u00e0 prot\u00e9ger votre enfant d\u00e8s le premier jour contre les accidents dangereux! En outre, il pr\u00e9sente une Courte dur\u00e9e de mesure de moins de20 secondes.\u00a0Il poss\u00e8de une Alarme d&rsquo;avertissement sonore lorsque la temp\u00e9rature est &gt;37, 6 \u00b0c. La derni\u00e8re valeur mesur\u00e9e est stock\u00e9e en m\u00e9moire! En outre, le thermom\u00e8tre flexible grenouille de la marque Allemande REER est un outil indispensable pour toutes les nouvelles maman et leur b\u00e9b\u00e9! En outre, il est fournit avec une boite protectrice en plastique transparent et des piles pr\u00eats \u00e0 l&#8217;emploi!<\/p>\n","protected":false},"featured_media":1581,"comment_status":"open","ping_status":"closed","template":"","meta":{"site-sidebar-layout":"default","site-content-layout":"default","ast-site-content-layout":"","site-content-style":"","site-sidebar-style":"","ast-global-header-display":"","ast-banner-title-visibility":"","ast-main-header-display":"","ast-hfb-above-header-display":"","ast-hfb-below-header-display":"","ast-hfb-mobile-header-display":"","site-post-title":"","ast-breadcrumbs-content":"","ast-featured-img":"","footer-sml-layout":"","theme-transparent-header-meta":"default","adv-header-id-meta":"","stick-header-meta":"default","header-above-stick-meta":"","header-main-stick-meta":"","header-below-stick-meta":"","astra-migrate-meta-layouts":"","ast-page-background-enabled":"default","ast-page-background-meta":{"desktop":{"background-color":"","background-image":"","background-repeat":"repeat","background-position":"center center","background-size":"auto","background-attachment":"scroll","background-type":"","background-media":"","overlay-type":"","overlay-color":"","overlay-gradient":""},"tablet":{"background-color":"","background-image":"","background-repeat":"repeat","background-position":"center center","background-size":"auto","background-attachment":"scroll","background-type":"","background-media":"","overlay-type":"","overlay-color":"","overlay-gradient":""},"mobile":{"background-color":"","background-image":"","background-repeat":"repeat","background-position":"center center","background-size":"auto","background-attachment":"scroll","background-type":"","background-media":"","overlay-type":"","overlay-color":"","overlay-gradient":""}},"ast-content-background-meta":{"desktop":{"background-color":"var(--ast-global-color-5)","background-image":"","background-repeat":"repeat","background-position":"center center","background-size":"auto","background-attachment":"scroll","background-type":"","background-media":"","overlay-type":"","overlay-color":"","overlay-gradient":""},"tablet":{"background-color":"var(--ast-global-color-5)","background-image":"","background-repeat":"repeat","background-position":"center center","background-size":"auto","background-attachment":"scroll","background-type":"","background-media":"","overlay-type":"","overlay-color":"","overlay-gradient":""},"mobile":{"background-color":"var(--ast-global-color-5)","background-image":"","background-repeat":"repeat","background-position":"center center","background-size":"auto","background-attachment":"scroll","background-type":"","background-media":"","overlay-type":"","overlay-color":"","overlay-gradient":""}}},"product_cat":[44,45],"product_tag":[46,47,48],"class_list":["post-1547","product","type-product","status-publish","has-post-thumbnail","hentry","product_cat-reer","product_cat-thermometres","product_tag-digital","product_tag-reer","product_tag-thermometre","desktop-align-left","tablet-align-left","mobile-align-left"],"_links":{"self":[{"href":"https:\/\/jouetentunisie.tn\/index.php\/wp-json\/wp\/v2\/product\/1547","targetHints":{"allow":["GET"]}}],"collection":[{"href":"https:\/\/jouetentunisie.tn\/index.php\/wp-json\/wp\/v2\/product"}],"about":[{"href":"https:\/\/jouetentunisie.tn\/index.php\/wp-json\/wp\/v2\/types\/product"}],"replies":[{"embeddable":true,"href":"https:\/\/jouetentunisie.tn\/index.php\/wp-json\/wp\/v2\/comments?post=1547"}],"wp:featuredmedia":[{"embeddable":true,"href":"https:\/\/jouetentunisie.tn\/index.php\/wp-json\/wp\/v2\/media\/1581"}],"wp:attachment":[{"href":"https:\/\/jouetentunisie.tn\/index.php\/wp-json\/wp\/v2\/media?parent=1547"}],"wp:term":[{"taxonomy":"product_cat","embeddable":true,"href":"https:\/\/jouetentunisie.tn\/index.php\/wp-json\/wp\/v2\/product_cat?post=1547"},{"taxonomy":"product_tag","embeddable":true,"href":"https:\/\/jouetentunisie.tn\/index.php\/wp-json\/wp\/v2\/product_tag?post=1547"}],"curies":[{"name":"wp","href":"https:\/\/api.w.org\/{rel}","templated":true}]}}