{"id":1553,"date":"2023-11-23T15:22:49","date_gmt":"2023-11-23T14:22:49","guid":{"rendered":"https:\/\/jouetentunisie.tn\/?post_type=product&#038;p=1553"},"modified":"2023-11-23T15:23:01","modified_gmt":"2023-11-23T14:23:01","slug":"rehausseur-toilette-rose-dolu","status":"publish","type":"product","link":"https:\/\/jouetentunisie.tn\/index.php\/produit\/rehausseur-toilette-rose-dolu\/","title":{"rendered":"Rehausseur toilette rose Dolu"},"content":{"rendered":"<p>Rehausseur de toilette Rose avec \u00e9chelle de la marque DOLU. Assemblage facile et montage standard. Permet \u00e0 l&rsquo;enfant de s&rsquo;assoir tout seul sur les toilettes. Le r\u00e9ducteur de toilettes permet d&rsquo;adapter et de r\u00e9duire le diam\u00e8tre de la lunette des WC afin que b\u00e9b\u00e9 puisse s&rsquo;y asseoir confortablement. Il peut ainsi faire ses besoins sur les \u00ab vraies \u00bb toilettes des adultes en toute s\u00e9curit\u00e9. Mat\u00e9riau de haute qualit\u00e9: Si\u00e8ge de toilette pour b\u00e9b\u00e9 standard \u00e9galement. Mod\u00e8le avec plaque antid\u00e9rapantes au sol pour un maximum de s\u00e9curit\u00e9!<\/p>\n<p>La marque Dolu produit aussi d&rsquo;autres articles pour la <a href=\"https:\/\/www.tipirate-store.tn\/categorie-produit\/securite-et-confort-bebe\/\">s\u00e9curit\u00e9 et le confort du b\u00e9b\u00e9<\/a>. Ce Si\u00e8ge de toilette est \u00e9quip\u00e9e avec un escalier, de ce fait l&rsquo;enfant peut aller aux toilettes soi-m\u00eame sans besoin d\u2019aide de ses parents et il peut cultiver la conscience d\u2019ind\u00e9pendance pour enfants ou b\u00e9b\u00e9s. Le r\u00e9ducteur de toilette amovible est utile en cas de toilettes uniques pour toute la famille, ou en cas de d\u00e9placement et de voyage, afin que b\u00e9b\u00e9 puisse conserver ses rep\u00e8res. Le Rehausseur toilette Rose de Dolu poss\u00e8de un marchepied int\u00e9gr\u00e9 et est id\u00e9al pour aider b\u00e9b\u00e9 \u00e0 atteindre la cuvette des WC.<\/p>\n<p><span style=\"font-size: 16px; font-style: normal; font-weight: 400;\">Achetez et commandez en ligne ou d\u00e9couvrez ce jouet dans notre magasin \u00e0 Tunis, Tunisie.<\/span><span style=\"font-size: 16px; font-style: normal; font-weight: 400;\">\u00a0<\/span><\/p>\n<p>Pour plus d&rsquo;informations visiter le site officiel <a href=\"https:\/\/www.dolu.com.tr\/en\/\">Dolu<\/a><\/p>\n","protected":false},"excerpt":{"rendered":"<p>Rehausseur de toilette Rose avec \u00e9chelle de la marque DOLU. Assemblage facile et montage standard. Permet \u00e0 l&rsquo;enfant de s&rsquo;assoir tout seul sur les toilettes. Le r\u00e9ducteur de toilettes permet d&rsquo;adapter et de r\u00e9duire le diam\u00e8tre de la lunette des WC afin que b\u00e9b\u00e9 puisse s&rsquo;y asseoir confortablement. Il peut ainsi faire ses besoins sur les \u00ab vraies \u00bb toilettes des adultes en toute s\u00e9curit\u00e9. Mat\u00e9riau de haute qualit\u00e9: Si\u00e8ge de toilette pour b\u00e9b\u00e9 standard \u00e9galement. Mod\u00e8le avec plaque antid\u00e9rapantes au sol pour un maximum de s\u00e9curit\u00e9!<\/p>\n<p>La marque Dolu produit aussi d&rsquo;autres articles pour la s\u00e9curit\u00e9 et le confort du b\u00e9b\u00e9. Ce Si\u00e8ge de toilette est \u00e9quip\u00e9e avec un escalier, de ce fait l&rsquo;enfant peut aller aux toilettes soi-m\u00eame sans besoin d\u2019aide de ses parents et il peut cultiver la conscience d\u2019ind\u00e9pendance pour enfants ou b\u00e9b\u00e9s.<\/p>\n","protected":false},"featured_media":1594,"comment_status":"open","ping_status":"closed","template":"","meta":{"site-sidebar-layout":"default","site-content-layout":"default","ast-site-content-layout":"","site-content-style":"","site-sidebar-style":"","ast-global-header-display":"","ast-banner-title-visibility":"","ast-main-header-display":"","ast-hfb-above-header-display":"","ast-hfb-below-header-display":"","ast-hfb-mobile-header-display":"","site-post-title":"","ast-breadcrumbs-content":"","ast-featured-img":"","footer-sml-layout":"","theme-transparent-header-meta":"default","adv-header-id-meta":"","stick-header-meta":"default","header-above-stick-meta":"","header-main-stick-meta":"","header-below-stick-meta":"","astra-migrate-meta-layouts":"","ast-page-background-enabled":"default","ast-page-background-meta":{"desktop":{"background-color":"","background-image":"","background-repeat":"repeat","background-position":"center center","background-size":"auto","background-attachment":"scroll","background-type":"","background-media":"","overlay-type":"","overlay-color":"","overlay-gradient":""},"tablet":{"background-color":"","background-image":"","background-repeat":"repeat","background-position":"center center","background-size":"auto","background-attachment":"scroll","background-type":"","background-media":"","overlay-type":"","overlay-color":"","overlay-gradient":""},"mobile":{"background-color":"","background-image":"","background-repeat":"repeat","background-position":"center center","background-size":"auto","background-attachment":"scroll","background-type":"","background-media":"","overlay-type":"","overlay-color":"","overlay-gradient":""}},"ast-content-background-meta":{"desktop":{"background-color":"var(--ast-global-color-5)","background-image":"","background-repeat":"repeat","background-position":"center center","background-size":"auto","background-attachment":"scroll","background-type":"","background-media":"","overlay-type":"","overlay-color":"","overlay-gradient":""},"tablet":{"background-color":"var(--ast-global-color-5)","background-image":"","background-repeat":"repeat","background-position":"center center","background-size":"auto","background-attachment":"scroll","background-type":"","background-media":"","overlay-type":"","overlay-color":"","overlay-gradient":""},"mobile":{"background-color":"var(--ast-global-color-5)","background-image":"","background-repeat":"repeat","background-position":"center center","background-size":"auto","background-attachment":"scroll","background-type":"","background-media":"","overlay-type":"","overlay-color":"","overlay-gradient":""}}},"product_cat":[27,40,51],"product_tag":[29,53],"class_list":["post-1553","product","type-product","status-publish","has-post-thumbnail","hentry","product_cat-dolu","product_cat-promo","product_cat-securite-et-confort-bebe","product_tag-dolu","product_tag-securite-bebe","product_shipping_class-articles-volumineux","desktop-align-left","tablet-align-left","mobile-align-left"],"_links":{"self":[{"href":"https:\/\/jouetentunisie.tn\/index.php\/wp-json\/wp\/v2\/product\/1553","targetHints":{"allow":["GET"]}}],"collection":[{"href":"https:\/\/jouetentunisie.tn\/index.php\/wp-json\/wp\/v2\/product"}],"about":[{"href":"https:\/\/jouetentunisie.tn\/index.php\/wp-json\/wp\/v2\/types\/product"}],"replies":[{"embeddable":true,"href":"https:\/\/jouetentunisie.tn\/index.php\/wp-json\/wp\/v2\/comments?post=1553"}],"wp:featuredmedia":[{"embeddable":true,"href":"https:\/\/jouetentunisie.tn\/index.php\/wp-json\/wp\/v2\/media\/1594"}],"wp:attachment":[{"href":"https:\/\/jouetentunisie.tn\/index.php\/wp-json\/wp\/v2\/media?parent=1553"}],"wp:term":[{"taxonomy":"product_cat","embeddable":true,"href":"https:\/\/jouetentunisie.tn\/index.php\/wp-json\/wp\/v2\/product_cat?post=1553"},{"taxonomy":"product_tag","embeddable":true,"href":"https:\/\/jouetentunisie.tn\/index.php\/wp-json\/wp\/v2\/product_tag?post=1553"}],"curies":[{"name":"wp","href":"https:\/\/api.w.org\/{rel}","templated":true}]}}